{"id":18373,"date":"2021-07-06T21:17:27","date_gmt":"2021-07-06T21:17:27","guid":{"rendered":"https:\/\/h2otek.com\/tienda\/producto\/deshumidificador-para-alta-temperatura-35-2-pintas-20-lts-1177-cfm-220v-1-fase-12-kw-marca-mod-dht20l-h-1177\/"},"modified":"2022-10-04T21:11:37","modified_gmt":"2022-10-04T21:11:37","slug":"deshumidificador-para-alta-temperatura-35-2-pintas-20-lts-1177-cfm-220v-1-fase-12-kw-marca-mod-dht20l-h-1177","status":"publish","type":"product","link":"https:\/\/h2otek.com\/tienda\/producto\/deshumidificador-para-alta-temperatura-35-2-pintas-20-lts-1177-cfm-220v-1-fase-12-kw-marca-mod-dht20l-h-1177\/","title":{"rendered":"DESHUMIDIFICADOR PARA ALTA TEMPERATURA 35.2 PINTAS (20 LTS) 1177 CFM 220V 1 FASE 12 KW MARCA MOD. DHT20L\/H-1177"},"content":{"rendered":"<p align=\"center\"><img fetchpriority=\"high\" decoding=\"async\" src=\"https:\/\/h2otek.com\/tienda\/img\/cms\/controlhumedad\/h2otek\/deshumidificadores\/2017\/header-deshumidificador-para-alta-temperatura-20L.jpg\" alt=\"header-deshumidificador-para-alta-temper\" width=\"650\" height=\"300\" \/><\/p>\n<div style=\"text-align: justify;\">Con el desarrollo de la econom\u00eda social moderna, la solicitud de las personas para el medio ambiente de vida y la producci\u00f3n se vuelven m\u00e1s y m\u00e1s alto, el \u00e1rea de aplicaci\u00f3n de equipos de tratamiento de aire se vuelven m\u00e1s amplias y m\u00e1s amplias, tambi\u00e9n la solicitud de dispositivo es cada vez m\u00e1s alto.<\/p>\n<p><strong>\u00c1REA DE APLICACI\u00d3N:<\/strong><\/div>\n<div style=\"text-align: justify;\">Ampliamente utilizado en proyectos de defensa a\u00e9rea, archivos, biblioteca, talleres de producci\u00f3n en f\u00e1brica, salas de inform\u00e1tica, almacenes y otros lugares relativos que tiene alta demanda de humedad y temperatura.<\/p>\n<p><strong>PRINCIPIO DE FUNCIONAMIENTO:<\/strong><\/div>\n<div style=\"text-align: justify;\">El deshumidificador ajustable de la temperatura se puede dividir en dos tipos: deshumidificador del tipo convencional y deshumidificador del termostato de la pipa, unidad al aire libre tambi\u00e9n se puede dividir en dos maneras diferentes enfriado por el viento y refrigerado por agua. Deshumidificador de temperatura ajustable principalmente incluyen compresor, v\u00e1lvula de cuatro v\u00edas, el intercambiador de calor de interior, una v\u00e1lvula de expansi\u00f3n, transductores de ventilador, controladores y refrigerantes que se conectan a trav\u00e9s de tuber\u00eda en un sistema de ciclos de refrigeraci\u00f3n.<\/p>\n<\/div>\n<div style=\"text-align: justify;\">El modo de funcionamiento para este deshumidificador ajustable de temperatura incluye:<\/div>\n<div style=\"text-align: justify;\">\n<ul>\n<li>Deshumidificaci\u00f3n de Calentamiento<\/li>\n<li>Deshumidificaci\u00f3n de enfriamiento<\/li>\n<li>Deshumidificaci\u00f3n de temperatura constante<\/li>\n<li>Calefacci\u00f3n<\/li>\n<li>Descongelaci\u00f3n autom\u00e1tica.<\/li>\n<\/ul>\n<\/div>\n<div style=\"text-align: justify;\"><strong><br \/>CARACTER\u00cdSTICA DEL SISTEMA:<br \/><\/strong> <br \/>Los repuestos utilizados en esta unidad como compresores de refrigeraci\u00f3n, v\u00e1lvulas de expansi\u00f3n, filtros, v\u00e1lvulas de solenoide, dep\u00f3sito y otros componentes son productos de calidad, que hacen que el funcionamiento del sistema con unidades de ruido de funcionamiento bajo, alta eficiencia, larga vida \u00fatil. <\/p>\n<p>La unidad est\u00e1 equipada con un microcontrolador con protecci\u00f3n de alta y baja presi\u00f3n, protecci\u00f3n contra sobrecarga, p\u00e9rdida de fase, protecci\u00f3n de secuencia de fase, dispositivos de protecci\u00f3n contra sobretensiones y tambi\u00e9n junto con un n\u00famero de la exhibici\u00f3n de la falta de la operaci\u00f3n y de la funci\u00f3n de la alarma, que hace la unidad m\u00e1s estable.<\/p>\n<\/div>\n<p align=\"center\">\u00a0<\/p>\n<p align=\"center\"><strong>TABLA DE ESPECIFICACIONES<\/strong><\/p>\n<p align=\"center\"><img decoding=\"async\" src=\"https:\/\/h2otek.com\/tienda\/img\/cms\/controlhumedad\/h2otek\/deshumidificadores\/2017\/especificaciones-deshumidificador-para-alta-temperatura-20L.gif\" alt=\"especificaciones-deshumidificador-para-a\" width=\"492\" height=\"887\" \/><\/p>\n<p align=\"center\"><strong><em>GARANT\u00cdA: 12 MESES DE GARANT\u00cdA SOBRE CUALQUIER DEFECTO DE FABRICACI\u00d3N<\/em><\/strong><\/p>\n<p>\u00a0<\/p>\n<p style=\"text-align: center;\"><strong>FOTOS<\/strong><\/p>\n<p align=\"center\">(Pr\u00f3ximamente)<\/p>\n<p>\u00a0<\/p>\n<p align=\"center\"><strong>VIDEOS:<\/strong><\/p>\n<p align=\"center\">(Pr\u00f3ximamente)<\/p>\n<p>\u00a0<\/p>\n<p>\u00a0<\/p>\n<p><strong>DESCARGAR MANUALES:<\/strong><\/p>\n<ul>\n<li>Pr\u00f3ximamente<\/li>\n<\/ul>\n","protected":false},"excerpt":{"rendered":"<p><span style=\"font-size: 12pt; color: #ff0000;\"><strong>PRECIO EN D\u00d3LARES US.<br \/><\/strong><strong>PRECIO INCLUYE 16 % DE I.V.A.<br \/><\/strong><strong>PRECIO INCLUYE ENVIO (ZONA CENTRO).<\/strong><\/span><\/p>\n<p style=\"text-align: left;\"><span style=\"font-style: italic; font-weight: bold; font-size: small;\">APLICACIONES COMUNES<\/span><span style=\"font-size: small; font-style: italic; font-weight: bold;\"> PARA:<\/span><\/p>\n<ul>\n<li><span style=\"font-style: italic; font-weight: bold; font-size: small;\">DEPARTAMENTOS<\/span><\/li>\n<li><span style=\"font-style: italic; font-weight: bold; font-size: small;\">VILLAS<\/span><\/li>\n<li><span style=\"font-style: italic; font-weight: bold; font-size: small;\">SALA DE CONFERENCIAS<\/span><\/li>\n<li><span style=\"font-style: italic; font-weight: bold; font-size: small;\">LABORATORIOS<\/span><\/li>\n<li><span style=\"font-style: italic; font-weight: bold; font-size: small;\">PROCESOS INDUSTRIALES<\/span><\/li>\n<li><span style=\"font-size: x-small;\"><strong><em><span style=\"font-size: small;\">HOTELES<\/span><\/em><\/strong><\/span><\/li>\n<li><span style=\"font-size: x-small;\"><strong><em><span style=\"font-size: small;\">AULAS DE INFORM\u00c1TICA<\/span><\/em><\/strong><\/span><\/li>\n<li><span style=\"font-style: italic; font-weight: bold; font-size: small;\">GRANAS DE HONGOS<\/span><\/li>\n<li><span style=\"font-style: italic; font-weight: bold; font-size: small;\">ALBERCAS<br \/><\/span><\/li>\n<li><span style=\"font-style: italic; font-weight: bold; font-size: small;\">\u00c1REAS DE ENTRETENIMIENTO<\/span><\/li>\n<li><span style=\"font-style: italic; font-weight: bold; font-size: small;\">GIMNASIOS<\/span><span style=\"font-style: italic; font-weight: bold; font-size: small;\">,<\/span><span style=\"font-size: small; font-style: italic; font-weight: bold;\">\u00a0ETC.<\/span><\/li>\n<\/ul>\n","protected":false},"featured_media":6826,"comment_status":"closed","ping_status":"closed","template":"","meta":[],"pwb-brand":[],"product_brand":[],"product_cat":[378,755],"product_tag":[],"class_list":{"0":"post-18373","1":"product","2":"type-product","3":"status-publish","4":"has-post-thumbnail","6":"product_cat-deshumidificadores-condensacion-desecantes","7":"product_cat-alta-temperatura","9":"first","10":"onbackorder","11":"purchasable","12":"product-type-simple"},"brands":[],"_links":{"self":[{"href":"https:\/\/h2otek.com\/tienda\/wp-json\/wp\/v2\/product\/18373","targetHints":{"allow":["GET"]}}],"collection":[{"href":"https:\/\/h2otek.com\/tienda\/wp-json\/wp\/v2\/product"}],"about":[{"href":"https:\/\/h2otek.com\/tienda\/wp-json\/wp\/v2\/types\/product"}],"replies":[{"embeddable":true,"href":"https:\/\/h2otek.com\/tienda\/wp-json\/wp\/v2\/comments?post=18373"}],"wp:featuredmedia":[{"embeddable":true,"href":"https:\/\/h2otek.com\/tienda\/wp-json\/wp\/v2\/media\/6826"}],"wp:attachment":[{"href":"https:\/\/h2otek.com\/tienda\/wp-json\/wp\/v2\/media?parent=18373"}],"wp:term":[{"taxonomy":"pwb-brand","embeddable":true,"href":"https:\/\/h2otek.com\/tienda\/wp-json\/wp\/v2\/pwb-brand?post=18373"},{"taxonomy":"product_brand","embeddable":true,"href":"https:\/\/h2otek.com\/tienda\/wp-json\/wp\/v2\/product_brand?post=18373"},{"taxonomy":"product_cat","embeddable":true,"href":"https:\/\/h2otek.com\/tienda\/wp-json\/wp\/v2\/product_cat?post=18373"},{"taxonomy":"product_tag","embeddable":true,"href":"https:\/\/h2otek.com\/tienda\/wp-json\/wp\/v2\/product_tag?post=18373"}],"curies":[{"name":"wp","href":"https:\/\/api.w.org\/{rel}","templated":true}]}}