{"id":18346,"date":"2021-07-06T21:17:17","date_gmt":"2021-07-06T21:17:17","guid":{"rendered":"https:\/\/h2otek.com\/tienda\/producto\/accesorios-control-de-2-etapas-115v-60-hz-marca-jaybird-mod-2sc-120\/"},"modified":"2022-10-11T19:56:05","modified_gmt":"2022-10-11T19:56:05","slug":"accesorios-control-de-2-etapas-115v-60-hz-marca-jaybird-mod-2sc-120","status":"publish","type":"product","link":"https:\/\/h2otek.com\/tienda\/producto\/accesorios-control-de-2-etapas-115v-60-hz-marca-jaybird-mod-2sc-120\/","title":{"rendered":"ACCESORIOS &#8211; CONTROL DE 2 ETAPAS 115V 60 HZ MARCA JAYBIRD MOD. 2SC-120"},"content":{"rendered":"<p style=\"text-align: center;\" align=\"center\"><img fetchpriority=\"high\" decoding=\"async\" src=\"https:\/\/h2otek.com\/tienda\/img\/cms\/controlhumedad\/jaybird\/accesorios\/header-accesorios-contro2etapas-2CS-120.jpg\" alt=\"header-accesorios-contro2etapas-2CS-120.\" width=\"700\" height=\"300\" \/><\/p>\n<p style=\"text-align: justify;\"><strong>Control ambiental para aplicaciones de alta humedad y condiciones cambiantes de temperatura<\/strong><\/p>\n<div style=\"text-align: justify;\">Dise\u00f1ados para el propagador de invernaderos, estos sistemas se pueden configurar para aumentar autom\u00e1ticamente la producci\u00f3n de niebla cuando ocurre la ventilaci\u00f3n. La salida de nebulizaci\u00f3n de la etapa uno est\u00e1 controlada por el temporizador y la etapa dos (aumento de la salida de nebulizaci\u00f3n) est\u00e1 controlada por el termostato.<\/div>\n<p>&nbsp;<\/p>\n<ul>\n<li>Reloj de tiempo herm\u00e9tico a la lluvia de 24 horas con ciclos ajustables de tan solo 1 hora y dos juegos de disparos de encendido\/apagado<\/li>\n<li>Controla hasta dos Turbo XEs<\/li>\n<\/ul>\n<p style=\"text-align: justify;\">\n<div style=\"text-align: center;\">\n<p style=\"text-align: center;\">\n<\/div>\n<p>&nbsp;<\/p>\n<p><strong>PRECIO INCLUYE GASTOS DE ENVIO (GRATIS) E IMPUESTO\u00a016% DE IVA<\/strong><\/p>\n","protected":false},"excerpt":{"rendered":"<p><span style=\"color: #ff0000;\"><strong>PRECIO EN D\u00d3LARES US.<\/strong><\/span><\/p>\n<p><span style=\"color: #ff0000;\"><strong>ACCESORIO &#8211; CONTROL\u00a0DE\u00a02 ETAPAS\u00a0115V 60 HZ<\/strong><\/span><\/p>\n<p><strong><em>APLICACIONES M\u00c1S COMUNES:<\/em><\/strong><\/p>\n<ul>\n<li><strong><em>INVERNADEROS<\/em><\/strong><\/li>\n<li><strong><em>PROCESOS INDUSTRIALES<\/em><\/strong><\/li>\n<li><strong><em>ALMACENES<\/em><\/strong><\/li>\n<li><strong><em>CAPTACION DE POLVO<\/em><\/strong><\/li>\n<li><strong><em>CUARTOS DE PRUEBA<\/em><\/strong><\/li>\n<li><strong><em>CUARTOS DE MADURACION<\/em><\/strong><\/li>\n<li><strong><em>CAMARAS<\/em><\/strong><\/li>\n<li><strong><em>CAMARAS FRIGORIFICAS<\/em><\/strong><\/li>\n<li><strong><em>USO EN EXTERIORES<\/em><\/strong><\/li>\n<li><strong><em>USO PARA REFRESCAR EL AMBIENTE<\/em><\/strong><\/li>\n<li><strong><em>CUARTO LIMPIOS<\/em><\/strong><\/li>\n<li><strong><em>LABORATORIOS<\/em><\/strong><\/li>\n<li><strong><em>ETC.<\/em><\/strong><\/li>\n<\/ul>\n","protected":false},"featured_media":2030,"comment_status":"closed","ping_status":"closed","template":"","meta":[],"pwb-brand":[],"product_brand":[],"product_cat":[406],"product_tag":[],"class_list":{"0":"post-18346","1":"product","2":"type-product","3":"status-publish","4":"has-post-thumbnail","6":"product_cat-paquetes-de-control-humidificadores-nebulizadores","8":"first","9":"onbackorder","10":"purchasable","11":"product-type-simple"},"brands":[],"_links":{"self":[{"href":"https:\/\/h2otek.com\/tienda\/wp-json\/wp\/v2\/product\/18346","targetHints":{"allow":["GET"]}}],"collection":[{"href":"https:\/\/h2otek.com\/tienda\/wp-json\/wp\/v2\/product"}],"about":[{"href":"https:\/\/h2otek.com\/tienda\/wp-json\/wp\/v2\/types\/product"}],"replies":[{"embeddable":true,"href":"https:\/\/h2otek.com\/tienda\/wp-json\/wp\/v2\/comments?post=18346"}],"wp:featuredmedia":[{"embeddable":true,"href":"https:\/\/h2otek.com\/tienda\/wp-json\/wp\/v2\/media\/2030"}],"wp:attachment":[{"href":"https:\/\/h2otek.com\/tienda\/wp-json\/wp\/v2\/media?parent=18346"}],"wp:term":[{"taxonomy":"pwb-brand","embeddable":true,"href":"https:\/\/h2otek.com\/tienda\/wp-json\/wp\/v2\/pwb-brand?post=18346"},{"taxonomy":"product_brand","embeddable":true,"href":"https:\/\/h2otek.com\/tienda\/wp-json\/wp\/v2\/product_brand?post=18346"},{"taxonomy":"product_cat","embeddable":true,"href":"https:\/\/h2otek.com\/tienda\/wp-json\/wp\/v2\/product_cat?post=18346"},{"taxonomy":"product_tag","embeddable":true,"href":"https:\/\/h2otek.com\/tienda\/wp-json\/wp\/v2\/product_tag?post=18346"}],"curies":[{"name":"wp","href":"https:\/\/api.w.org\/{rel}","templated":true}]}}