{"id":18344,"date":"2021-07-06T21:17:17","date_gmt":"2021-07-06T21:17:17","guid":{"rendered":"https:\/\/h2otek.com\/tienda\/producto\/calentador-de-agua-a-gas-para-piscina-o-spa-3000000-btu-condensacion-comercial-raypak-xtherm-mod-p-3005\/"},"modified":"2022-10-10T19:03:05","modified_gmt":"2022-10-10T19:03:05","slug":"calentador-de-agua-a-gas-para-piscina-o-spa-3000000-btu-condensacion-comercial-raypak-xtherm-mod-p-3005","status":"publish","type":"product","link":"https:\/\/h2otek.com\/tienda\/producto\/calentador-de-agua-a-gas-para-piscina-o-spa-3000000-btu-condensacion-comercial-raypak-xtherm-mod-p-3005\/","title":{"rendered":"CALENTADOR DE AGUA A GAS PARA PISCINA O SPA 3,000,000 BTU CONDENSACI\u00d3N COMERCIAL RAYPAK XTHERM MOD. P-3005"},"content":{"rendered":"<p style=\"text-align: center;\"><img fetchpriority=\"high\" decoding=\"async\" src=\"https:\/\/h2otek.com\/tienda\/img\/cms\/aguacaliente\/raypak\/xtherm\/header-calentador-xtherm-P-3005.jpg\" alt=\"header-calentador-xtherm\" width=\"650\" height=\"300\" \/><\/p>\n<p style=\"text-align: left;\"><span style=\"text-decoration: underline;\"><strong><br \/>CALENTADORES DE AGUA A GAS PARA\u00a0 SPA O PISCINAS DE CONDENSACI\u00d3N XTHERM<br \/><\/strong><\/span><\/p>\n<div style=\"text-align: justify;\"><span lang=\"es\" xml:lang=\"es\"><br \/><\/span><span id=\"source-is\" class=\"goog-textarea short_text\" dir=\"ltr\" lang=\"es\" style=\"padding-bottom: 32px; height: 69px; padding-right: 20px;\" xml:lang=\"es\"><span title=\"Raypak's XTherm product packs everything you need into one cabinet \u2013 a vertical heat exchanger, ultra-high efficiency (up to 97%), a heater pumping package, easy-to-understand diagnostics, low emissions, even a built-in multi-unit\">El producto<strong> XTherm de Raypak<\/strong> contiene todo lo que necesita en un armario: un intercambiador de calor vertical, una eficiencia ultra alta (hasta un 97%), un paquete de bombeo de calentador, diagn\u00f3sticos de f\u00e1cil comprensi\u00f3n, bajas emisiones e incluso una unidad integrada de m\u00faltiples unidades <\/span><span title=\"controller.\">controlador. <\/span><span title=\"The result is a pool heater that is practically plug-and-play.\">El resultado es un calentador de piscina que es pr\u00e1cticamente plug-and-play.<\/span><\/span><\/div>\n<p>\u00a0<\/p>\n<div id=\"tab-description\" class=\"panel wc-tab entry-content active\" style=\"text-align: justify;\"><span lang=\"es\" xml:lang=\"es\"><span title=\"Vent versatility is further enhanced by the self-tuning combustion system which compensates for unusual chimney and vent configurations.\"><span lang=\"es\" xml:lang=\"es\"><span title=\"Key Features\"><strong>Caracter\u00edsticas principales<\/strong>:<br \/><\/span><\/span><\/span><\/span><\/p>\n<ul>\n<li><span lang=\"es\" xml:lang=\"es\"><span title=\"Vent versatility is further enhanced by the self-tuning combustion system which compensates for unusual chimney and vent configurations.\"><span id=\"result_box\" lang=\"es\" xml:lang=\"es\">Cabezales de bronce con intercambiador de calor de tubo con aletas cupro-n\u00edquel est\u00e1ndar.<\/span><\/span><\/span><\/li>\n<li><span lang=\"es\" xml:lang=\"es\"><span title=\"Vent versatility is further enhanced by the self-tuning combustion system which compensates for unusual chimney and vent configurations.\"><span lang=\"es\" xml:lang=\"es\">Intercambiador de calor de condensaci\u00f3n de acero inoxidable 316L.<\/span><\/span><\/span><\/li>\n<li><span lang=\"es\" xml:lang=\"es\"><span title=\"Vent versatility is further enhanced by the self-tuning combustion system which compensates for unusual chimney and vent configurations.\"><span lang=\"es\" xml:lang=\"es\">ASME Secci\u00f3n IV construida y sellada, la Junta Nacional registrada.<\/span><\/span><\/span><\/li>\n<li><span lang=\"es\" xml:lang=\"es\"><span title=\"Vent versatility is further enhanced by the self-tuning combustion system which compensates for unusual chimney and vent configurations.\"><span lang=\"es\" xml:lang=\"es\">Operaci\u00f3n de encendido y apagado con arranque suave; Control de 120\/24 voltios totalmente cerrado.<\/span><\/span><\/span><\/li>\n<li><span lang=\"es\" xml:lang=\"es\"><span title=\"Vent versatility is further enhanced by the self-tuning combustion system which compensates for unusual chimney and vent configurations.\"><span lang=\"es\" xml:lang=\"es\">Paquete de control VERSA IC con pantalla LCD.<\/span><\/span><\/span><\/li>\n<li><span lang=\"es\" xml:lang=\"es\"><span title=\"Vent versatility is further enhanced by the self-tuning combustion system which compensates for unusual chimney and vent configurations.\"><span lang=\"es\" xml:lang=\"es\">Todos los modelos de construcci\u00f3n interior\/exterior.<\/span><\/span><\/span><\/li>\n<li><span lang=\"es\" xml:lang=\"es\"><span title=\"Vent versatility is further enhanced by the self-tuning combustion system which compensates for unusual chimney and vent configurations.\"><span lang=\"es\" xml:lang=\"es\">El dise\u00f1o de la huella instalada m\u00e1s peque\u00f1a (menos de 11 pies cuadrados) se adapta a espacios reducidos y reemplaza f\u00e1cilmente a las calderas m\u00e1s grandes.<\/span><\/span><\/span><\/li>\n<li><span lang=\"es\" xml:lang=\"es\"><span title=\"Vent versatility is further enhanced by the self-tuning combustion system which compensates for unusual chimney and vent configurations.\"><span lang=\"es\" xml:lang=\"es\">Cumple con todas las regulaciones de bajo NOx.<\/span><\/span><\/span><\/li>\n<li><span lang=\"es\" xml:lang=\"es\"><span title=\"Vent versatility is further enhanced by the self-tuning combustion system which compensates for unusual chimney and vent configurations.\"><span lang=\"es\" xml:lang=\"es\">Certificado seg\u00fan el est\u00e1ndar de calentador de piscina ANSI Z21.56.<\/span><\/span><\/span><\/li>\n<li><span lang=\"es\" xml:lang=\"es\"><span title=\"Vent versatility is further enhanced by the self-tuning combustion system which compensates for unusual chimney and vent configurations.\"><span lang=\"es\" xml:lang=\"es\">Gas natural o propano: adecuado hasta 10.000 pies (derate por encima de 5.000).<\/span><\/span><\/span><\/li>\n<\/ul>\n<p><span lang=\"es\" xml:lang=\"es\"><span title=\"Raypak\u2019s Next Generation Condensing Heater\"><strong>Calentador de condensaci\u00f3n de nueva generaci\u00f3n de Raypak<\/strong><\/p>\n<p><\/span><span title=\"Time-honored technologies unite with cutting-edge advancements in Raypak\u2019s new XTherm vertical heater.\">Las tecnolog\u00edas tradicionales se unen con los avances de vanguardia en el nuevo <strong>calentador vertical XTherm de Raypak<\/strong>. <\/span><span title=\"Never before has a vertical heater provided both the installer and pool builder such installation flexibility, ease-of-commissioning, reliability and long-term performance.\">Nunca antes un calentador vertical proporcion\u00f3 tanto al instalador como al constructor de la piscina, flexibilidad de instalaci\u00f3n, facilidad de puesta en marcha, fiabilidad y rendimiento a largo plazo. <\/span><span title=\"Small space, not a problem.\">Peque\u00f1o espacio, no es un problema. <\/span><span title=\"The XTherm has one of the smallest installed footprints of any vertical condensing heater.\">El XTherm tiene una de las huellas instaladas m\u00e1s peque\u00f1as de cualquier calentador de condensaci\u00f3n vertical. <\/span><span title=\"Our compact design makes it the perfect choice for those hard to reach retrofit projects.\">Nuestro dise\u00f1o compacto lo convierte en la opci\u00f3n perfecta para aquellos proyectos de modernizaci\u00f3n dif\u00edciles de alcanzar. <\/span><span title=\"Raypak\u2019s XTherm is built with commercial-grade components and materials.\">El XTherm de Raypak est\u00e1 construido con componentes y materiales de grado comercial. <\/span><span title=\"From our steel channel base to our stainless steel flue wrapper, and condensing heat exchanger, you can\">Desde nuestra base de canal de acero hasta nuestra envoltura de chimenea de acero inoxidable y el intercambiador de calor de condensaci\u00f3n, <\/span><span title=\"tell the XTherm is built to last.\">decir que el XTherm est\u00e1 construido para durar. <\/span><span title=\"It\u2019s easy to handle and install, but still user friendly to service.\">Es f\u00e1cil de manejar e instalar, pero sigue siendo f\u00e1cil de usar. <\/span><span title=\"Now is the perfect time to take a closer look at Raypak.\">Ahora es el momento perfecto para echar un vistazo m\u00e1s de cerca a Raypak.<\/p>\n<p><\/span><span title=\"Flexibility\"><strong>Flexibilidad<\/strong><\/p>\n<p><\/span><span title=\"Industry-leading vent length allowances afford greater vent location options, thus reducing wasted space.\">Las concesiones de longitud de ventilaci\u00f3n l\u00edderes en la industria ofrecen mayores opciones de ubicaci\u00f3n de ventilaci\u00f3n, reduciendo as\u00ed el espacio perdido. <\/span><span title=\"Vent versatility is further enhanced by the self-tuning combustion system which compensates for unusual chimney and vent configurations.\">La versatilidad del respiradero se ve reforzada por el sistema de combusti\u00f3n autoajustable que compensa las configuraciones de chimenea y de ventilaci\u00f3n inusuales.<\/p>\n<p><span lang=\"es\" xml:lang=\"es\">Categor\u00eda IV &#8211; Certificado CSA 97% de eficiencia a fuego completo para aplicaciones en piscinas. Cuando el trabajo requiere alta eficiencia, XTherm satisface sus necesidades. El XTherm puede utilizar ya sea AL29-4C de acero inoxidable, PVC, CPVC o polipropileno para la ventilaci\u00f3n. Simplemente especifique la opci\u00f3n de ventilaci\u00f3n D-32 cuando use la ventilaci\u00f3n de PVC o la opci\u00f3n de ventilaci\u00f3n D33 para la ventilaci\u00f3n de polipropileno. En el coraz\u00f3n de cada Raypak XTherm es un exclusivo sistema de evaporador integral &#8211; la primera defensa contra la condensaci\u00f3n en el intercambiador de calor primario. El sistema del evaporador de Raypak recoge y vuelve a evaporar el condensado que puede formarse durante la puesta en marcha inicial.<\/span><\/p>\n<p><span lang=\"es\" xml:lang=\"es\">Utilizamos tuber\u00eda con aletas Cupro-N\u00edquel comercial en el intercambiador de calor primario. Los intercambiadores de calor est\u00e1ndar basados en cobre no pueden soportar el duro ambiente de la calefacci\u00f3n comercial de la piscina. Sus clientes esperan lo mejor y Raypak ofrece calentadores comerciales para piscinas de grado profesional.<\/span><\/p>\n<p><span lang=\"es\" xml:lang=\"es\"><span title=\"Simplicity\"><strong>Sencillez<\/strong><\/p>\n<p><\/span><span title=\"The Raypak XTherm will precisely heat your pool.\">El Raypak XTherm calentar\u00e1 con precisi\u00f3n su piscina. <\/span><span title=\"Utilizing the latest technology for the combustion-components, the optimum fuel-air ratio is maintained throughout the entire range of the load-tracking operation.\">Utilizando la \u00faltima tecnolog\u00eda para los componentes de combusti\u00f3n, la proporci\u00f3n \u00f3ptima de combustible-aire se mantiene a lo largo de todo el rango de la operaci\u00f3n de seguimiento de carga. <\/span><span title=\"The XTherm automatically self-tunes to accommodate the widest range of gas supply pressures.\">El XTherm se autoajusta autom\u00e1ticamente para acomodar la m\u00e1s amplia gama de presiones de suministro de gas. <\/span><span title=\"The high quality integrated blower-gas valve is self-correcting and allows smooth operation with fluctuating gas supply pressures.\">La v\u00e1lvula de gas de ventilaci\u00f3n integrada de alta calidad es autocorregible y permite un funcionamiento suave con presiones fluctuantes de suministro de gas. <\/span><span title=\"The Raypak XTherm is cutting edge technology with atmospheric simplicity.\">El Raypak XTherm es una tecnolog\u00eda de punta con una simplicidad atmosf\u00e9rica.<\/p>\n<p><\/span><\/span><\/span><\/span><span lang=\"es\" xml:lang=\"es\"><span title=\"Vent versatility is further enhanced by the self-tuning combustion system which compensates for unusual chimney and vent configurations.\"><\/p>\n<p><strong>PARTES<\/strong><\/p>\n<p><span lang=\"es\" xml:lang=\"es\"><span title=\"1. Low Voltage Wiring Terminal\"><strong>1. Terminal de cableado de baja tensi\u00f3n<\/strong><br \/><\/span><span title=\"Up front and easy to get to.\">En la parte delantera y f\u00e1cil de llegar. <\/span><span title=\"Makes sensor wiring and BMS wiring simple and clean.\">Hace que el cableado del sensor y el cableado BMS sean simples y limpios.<\/p>\n<p><\/span><span title=\"2. Versa IC\u00ae\"><strong>2. Versa IC\u00ae<\/strong><br \/><\/span><span title=\"The Versa IC, Integrated Control system is CSA listed and certified as a combined temperature, safety, and ignition control device.\">El sistema de Control Integrado Versa IC est\u00e1 certificado y certificado como un dispositivo combinado de control de temperatura, seguridad e ignici\u00f3n. <\/span><span title=\"Easy front access to all field wiring.\">F\u00e1cil acceso frontal a todo el cableado de campo. <\/span><span title=\"This includes outdoor sensor, DHW sensor, system alarm, Modbus BMS port and 0-10V DC input connections.\">Esto incluye sensor exterior, sensor ACS, alarma del sistema, puerto Modbus BMS y conexiones de entrada 0-10V DC. <\/span><span title=\"Each unit comes factory-equipped with cascade control capability.\">Cada unidad viene equipada en f\u00e1brica con capacidad de control en cascada. <\/span><span title=\"Simple, quick access daisy chain of up to 4 heaters.\">Cadena de conexi\u00f3n sencilla y r\u00e1pida de hasta 4 calefactores.<\/p>\n<p><\/span><span title=\"3. Control Interface\"><strong>3. Interfaz de control<\/strong><br \/><\/span><span title=\"Large easy to read (3.5O) LCD display.\">Pantalla grande f\u00e1cil de leer (3.5O) LCD. <\/span><span title=\"Will continuously monitor flame strength (\u201da), sensor temps, BMS signal (0-10V) set points, delta-T, all safety signals, full diagnostics and fault history for last 15 events.\">Controlar\u00e1 continuamente la intensidad de la llama (&#8220;a), tiempo del sensor, puntos de ajuste de la se\u00f1al BMS (0-10V), delta-T, todas las se\u00f1ales de seguridad, diagn\u00f3stico completo e historial de fallas de los \u00faltimos 15 eventos.<\/p>\n<p><\/span><span title=\"Simple touch pad settings.\">Configuraci\u00f3n sencilla del panel t\u00e1ctil. <\/span><span title=\"Everything you need from set-up to service is at your fingertips, all in one location.\">Todo lo que necesitas desde la configuraci\u00f3n hasta el servicio est\u00e1 al alcance de tu mano, todo en un solo lugar.<\/p>\n<p><\/span><span title=\"4. Combustion Air Fan\"><strong>4. Ventilador de aire de combusti\u00f3n<\/strong><br \/><\/span><span title=\"Cast aluminum, non-sparking construction.\">Estructura de aluminio fundido, sin chispas. <\/span><span title=\"The state of the art variable-speed fan works in smooth harmony with the main gas valve.\">El estado de la t\u00e9cnica de velocidad variable de ventilador funciona en armon\u00eda con la v\u00e1lvula de gas principal.<\/p>\n<p><\/span><span title=\"5. Dungs Gas Valve\"><strong>5. V\u00e1lvula de gas<br \/><\/strong><\/span><span title=\"The XTherm uses a state-of-the-art main gas valve manufactured in Germany.\">El XTherm utiliza una v\u00e1lvula de gas principal de \u00faltima generaci\u00f3n fabricada en Alemania. <\/span><span title=\"This precision gas valve works in perfect unison with the combustion air fan.\">Esta v\u00e1lvula de gas de precisi\u00f3n funciona perfectamente con el ventilador de aire de combusti\u00f3n. <\/span><span title=\"The result is silky smooth light-offs.\">El resultado son los apagones suaves y sedosos.<\/p>\n<p><\/span><span title=\"6. Flow Switch\"><strong>6. Interruptor de flujo<\/strong><br \/><\/span><span title=\"Monitors water flow and provides safe shut down if water flow drops below the minimum required.\">Monitorea el flujo de agua y proporciona un cierre seguro si el caudal de agua cae por debajo del m\u00ednimo requerido.<\/p>\n<p><\/span><span title=\"7. Vent Pressure Switch\"><strong>7. Interruptor de presi\u00f3n de ventilaci\u00f3n<\/strong><br \/><\/span><span title=\"Monitors vent pressure and provides safe shut down if back pressure is excessive.\">Monitorea la presi\u00f3n de ventilaci\u00f3n y proporciona una parada segura si la contrapresi\u00f3n es excesiva.<\/p>\n<p><\/span><span title=\"8. Gas Inlet\"><strong>8. Entrada de gas<\/strong><br \/><\/span><span title=\"The XTherm will operate at 100% full rate with gas pressures as low as 4.0Ow.c.\">El XTherm funcionar\u00e1 a 100% de tasa completa con presiones de gas tan bajas como 4.0Ow.c.<\/p>\n<p><\/span><strong><span title=\"9. Water Outlet\">9. Salida de agua<\/p>\n<p><\/span><\/strong><span title=\"10. Heater Pump\"><strong>10. Bomba del calentador<\/strong><br \/><\/span><span title=\"Sometimes referred to as the primary pump.\">A veces se conoce como la bomba primaria. <\/span><span title=\"This fixed speed pump keeps flow constant through the primary heat exchanger.\">Esta bomba de velocidad fija mantiene constante el flujo a trav\u00e9s del intercambiador de calor primario.<\/p>\n<p><\/span><span title=\"11. Water Inlet\"><strong>11. Entrada de agua<\/strong><br \/><\/span><span title=\"The XTherm can accept 50RF continuous inlet water temperature.\">El XTherm puede aceptar la temperatura de entrada de agua continua de 50RF.<\/p>\n<p><\/span><span title=\"12. Cold Water Run Pump\"><strong>12. Bomba de agua fr\u00eda<\/strong><br \/><\/span><span title=\"The XTherm comes factory equipped with a built-in Cold Water Run system.\">El XTherm viene equipado de f\u00e1brica con un sistema incorporado de Cold Water Run. <\/span><span title=\"This advanced water control system keeps the inlet water temperature to the primary heat exchanger above 120RF, regardless of the incoming water temperature.\">Este avanzado sistema de control de agua mantiene la temperatura del agua de entrada en el intercambiador de calor primario por encima de 120RF, independientemente de la temperatura del agua entrante. <\/span><span title=\"It constantly self adjusts and regulates the incoming water flow while still maintaining a constant\">Se autoajusta y regula constantemente el flujo de agua entrante mientras mantiene una constante<br \/><\/span><span title=\"\u0394T in the heat exchanger.\">\u0394T en el intercambiador de calor.<\/p>\n<p><\/span><span title=\"13. Flue Outlet\"><strong>13. Salida de la chimenea<\/strong><br \/><\/span><span title=\"The stainless steel flue outlet is compatible with CAT IV stainless steel.\">La salida de humos de acero inoxidable es compatible con acero inoxidable CAT IV. <\/span><span title=\"PVC or CPVC vent material may be used in conjunction with the D-32 vent option on the\">PVC o CPVC se puede usar junto con la opci\u00f3n de ventilaci\u00f3n D-32 en la<br \/><\/span><span title=\"XTherm.\">XTherm. <\/span><span title=\"Also available with option D-33 Polypropylene vent material.\">Tambi\u00e9n disponible con opci\u00f3n D-33 Material de ventilaci\u00f3n de polipropileno. <\/span><span title=\"Dramatically cut your installation costs by using these non-metallic vent materials.\">Reduzca dr\u00e1sticamente los costos de instalaci\u00f3n utilizando estos materiales de ventilaci\u00f3n no met\u00e1licos.<\/p>\n<p><\/span><span title=\"14. Stainless Steel Condensing Heat Exchanger\"><strong>14. Intercambiador de calor de condensaci\u00f3n de acero inoxidable<\/strong><br \/><\/span><span title=\"Recovers waste heat to boost efficiency up to 97%.\">Recupera el calor residual para aumentar la eficiencia hasta un 97%.<br \/><\/span><span title=\"The XTherm utilizes a separate high-grade stainless steel condensing heat exchanger.\">El XTherm utiliza un intercambiador de calor de condensaci\u00f3n de acero inoxidable de alta calidad. <\/span><span title=\"This allows the corrosive combustion condensate to be collected safely without damaging the heater.\">Esto permite que el condensado corrosivo de la combusti\u00f3n se recoja con seguridad sin da\u00f1ar el calentador. <\/span><span title=\"There is a condensate disposal connection on the rear of the heater.\">Hay una conexi\u00f3n de eliminaci\u00f3n de condensado en la parte trasera del calentador. <\/span><span title=\"The XTherm is also equipped with a condensate switch that will sense a blocked condensate drain, which protects the heater.\">El XTherm tambi\u00e9n est\u00e1 equipado con un interruptor de condensado que detectar\u00e1 un drenaje de condensado bloqueado, que protege el calentador.<\/span><\/span><br \/><\/span><\/span><\/div>\n<p style=\"text-align: center;\"><strong><img decoding=\"async\" src=\"https:\/\/h2otek.com\/tienda\/img\/cms\/aguacaliente\/raypak\/xtherm\/partes-calentador-raypak-xtherm.jpg\" alt=\"\" width=\"500\" height=\"726\" \/><\/strong><\/p>\n<p>\u00a0<\/p>\n<p>\u00a0<\/p>\n<p style=\"text-align: center;\"><strong>TABLA DE ESPECIFICACIONES Y DIMENSIONES:<\/strong><\/p>\n<p style=\"text-align: center;\"><img decoding=\"async\" src=\"https:\/\/h2otek.com\/tienda\/img\/cms\/aguacaliente\/raypak\/xtherm\/dimensiones-calentador-xtherm-P-3005.jpg\" alt=\"dimensiones-calentador-xtherm-P-3005.jpg\" width=\"700\" height=\"272\" \/><strong><br \/><\/strong><\/p>\n<p>\u00a0<\/p>\n<p style=\"text-align: center;\"><img loading=\"lazy\" decoding=\"async\" src=\"https:\/\/h2otek.com\/tienda\/img\/cms\/aguacaliente\/raypak\/xtherm\/partes01-calentador-xtherm-2505-4005.jpg\" alt=\"\" width=\"680\" height=\"613\" \/><\/p>\n<p>\u00a0<\/p>\n<p style=\"text-align: center;\"><img loading=\"lazy\" decoding=\"async\" src=\"https:\/\/h2otek.com\/tienda\/img\/cms\/aguacaliente\/raypak\/xtherm\/partes02-calentador-xtherm-2505-4005.jpg\" alt=\"\" width=\"680\" height=\"577\" \/><\/p>\n<p>\u00a0<\/p>\n<p style=\"text-align: center;\">\u00a0\u00a0<\/p>\n<p><strong>DESCARGAR MANUALES<\/strong><\/p>\n<ul>\n<li><strong><a href=\"http:\/\/www.h2otek.com\/tienda\/pdf\/aguacaliente\/FOLLETO%20CALENTADORES%20CONDENSACION%20XTHERM%202505-4005.pdf\" target=\"_blank\" rel=\"noopener\">FOLLETO<\/a><\/strong><\/li>\n<li><strong><a href=\"http:\/\/www.h2otek.com\/tienda\/pdf\/aguacaliente\/MANUAL%20INSTALACION%20Y%20OPERACION%20CALENTADORES%20CONDENSACION%20XTHERM%202505-4005.pdf\" target=\"_blank\" rel=\"noopener\">MANUAL DE INSTALACI\u00d3N Y OPERACI\u00d3N<\/a><\/strong><\/li>\n<li><strong><a href=\"http:\/\/www.h2otek.com\/tienda\/pdf\/aguacaliente\/LISTA%20DE%20PARTES%20CALENTADORES%20CONDENSACION%20XTHERM%202505-4005.pdf\" target=\"_blank\" rel=\"noopener\">LISTA DE PARTES<\/a><\/strong><\/li>\n<li><strong><a href=\"http:\/\/www.h2otek.com\/tienda\/pdf\/aguacaliente\/USO%20LISTA%20DE%20PARTES%20CALENTADORES%20CONDENSACION%20XTHERM%202505-4005.pdf\" target=\"_blank\" rel=\"noopener\">USO LISTA DE PARTES<\/a><\/strong><\/li>\n<\/ul>\n<p>\u00a0<\/p>\n<div>\n<p style=\"text-align: left;\"><strong>PRECIO INCLUYE GASTOS DE ENVIO (GRATIS) E IMPUESTO 16% DE IVA.<\/strong><\/p>\n<\/div>\n<p>\u00a0<\/p>\n","protected":false},"excerpt":{"rendered":"<p><span style=\"color: #ff0000;\"><strong>PARA PRECIO DE ESTE PRODUCTO FAVOR DE COMUNICARSE EN ATENCION A CLIENTES: info@h2otek.com O AL TEL: 01 800 94 26 835<\/strong><\/span><\/p>\n<p><span style=\"color: #ff0000;\"><strong>CALENTADOR DE AGUA A GAS PARA SPA O ALBERCAS 3,000,000 BTU CONDENSACI\u00d3N L\u00cdNEA COMERCIAL XTHERM MARCA RAYPAK<\/strong><\/span><\/p>\n<p><strong>CALEFACCI\u00d3N EN PISCINAS POR DEMANDA O RECIRCULACION DE AGUA CALIENTE. OPERACI\u00d3N SILENCIOSA.<em><br \/><\/em><\/strong><\/p>\n<p><em><strong>IDEALES EN:<\/strong><\/em><\/p>\n<ul>\n<li><em><strong>ALBERCA \u00d3 PISCINA<br \/><\/strong><\/em><\/li>\n<li><em><strong>SPA<\/strong><\/em><\/li>\n<li><em><strong>JACUZZI<\/strong><\/em><\/li>\n<li><em><strong>HIDROMASAJE, ETC.<\/strong><\/em><\/li>\n<\/ul>\n","protected":false},"featured_media":3568,"comment_status":"closed","ping_status":"open","template":"","meta":[],"pwb-brand":[],"product_brand":[],"product_cat":[538],"product_tag":[],"class_list":{"0":"post-18344","1":"product","2":"type-product","3":"status-publish","4":"has-post-thumbnail","6":"product_cat-calentadores-para-albercas-piscinas-de-condensacion-xtherm-2505-4005","8":"first","9":"outofstock","10":"purchasable","11":"product-type-simple"},"brands":[],"_links":{"self":[{"href":"https:\/\/h2otek.com\/tienda\/wp-json\/wp\/v2\/product\/18344","targetHints":{"allow":["GET"]}}],"collection":[{"href":"https:\/\/h2otek.com\/tienda\/wp-json\/wp\/v2\/product"}],"about":[{"href":"https:\/\/h2otek.com\/tienda\/wp-json\/wp\/v2\/types\/product"}],"replies":[{"embeddable":true,"href":"https:\/\/h2otek.com\/tienda\/wp-json\/wp\/v2\/comments?post=18344"}],"wp:featuredmedia":[{"embeddable":true,"href":"https:\/\/h2otek.com\/tienda\/wp-json\/wp\/v2\/media\/3568"}],"wp:attachment":[{"href":"https:\/\/h2otek.com\/tienda\/wp-json\/wp\/v2\/media?parent=18344"}],"wp:term":[{"taxonomy":"pwb-brand","embeddable":true,"href":"https:\/\/h2otek.com\/tienda\/wp-json\/wp\/v2\/pwb-brand?post=18344"},{"taxonomy":"product_brand","embeddable":true,"href":"https:\/\/h2otek.com\/tienda\/wp-json\/wp\/v2\/product_brand?post=18344"},{"taxonomy":"product_cat","embeddable":true,"href":"https:\/\/h2otek.com\/tienda\/wp-json\/wp\/v2\/product_cat?post=18344"},{"taxonomy":"product_tag","embeddable":true,"href":"https:\/\/h2otek.com\/tienda\/wp-json\/wp\/v2\/product_tag?post=18344"}],"curies":[{"name":"wp","href":"https:\/\/api.w.org\/{rel}","templated":true}]}}