{"id":18326,"date":"2021-07-06T21:17:12","date_gmt":"2021-07-06T21:17:12","guid":{"rendered":"https:\/\/h2otek.com\/tienda\/producto\/calentador-de-agua-electrico-para-spa-o-piscina-cap-37534-btu-11-kw-240-v-1-fase-marca-rheem-mod-m0011-1-ti\/"},"modified":"2022-10-17T17:14:42","modified_gmt":"2022-10-17T17:14:42","slug":"calentador-de-agua-electrico-para-spa-o-piscina-cap-37534-btu-11-kw-240-v-1-fase-marca-rheem-mod-m0011-1-ti","status":"publish","type":"product","link":"https:\/\/h2otek.com\/tienda\/producto\/calentador-de-agua-electrico-para-spa-o-piscina-cap-37534-btu-11-kw-240-v-1-fase-marca-rheem-mod-m0011-1-ti\/","title":{"rendered":"CALENTADOR DE AGUA EL\u00c9CTRICO PARA SPA O PISCINA CAP. 37,534 BTU 11 KW 240 V 1 FASE MARCA RHEEM MOD. M0011-1-TI"},"content":{"rendered":"<p style=\"text-align: center;\"><img fetchpriority=\"high\" decoding=\"async\" src=\"https:\/\/h2otek.com\/tienda\/img\/cms\/aguacaliente\/rheem\/albercas\/electricos\/header-calelntador-electrico-spa-rheem-M0011-1-TI.jpg\" alt=\"header-calelntador-electrico-spa-rheem-M\" width=\"650\" height=\"300\" \/><\/p>\n<p style=\"text-align: justify;\"><span style=\"text-decoration: underline;\"><strong><br \/>\nCALENTADORES ELECTRICOS RHEEM PARA SPA O PISCINAS<\/strong><\/span><\/p>\n<div style=\"text-align: justify;\"><span style=\"text-align: justify;\">El calentador el\u00e9ctrico de titanio es la \u00faltima tecnolog\u00eda en calefacci\u00f3n de piscinas y spas. Est\u00e1 construido con\u00a0<\/span><span style=\"text-align: justify;\">Elementos de calentamiento de titanio y acero inoxidable 316L para soportar las condiciones extremas del agua de la piscina, incluida la sal en\u00a0<\/span><span style=\"text-align: justify;\">Piscinas de agua clorada. El calentador funciona utilizando el \u00faltimo dise\u00f1o de estado s\u00f3lido y el sensor de flujo\u00a0<\/span><span style=\"text-align: justify;\">tecnolog\u00eda. Tiene controles digitales f\u00e1ciles de usar con diagn\u00f3stico. El tama\u00f1o compacto hace que sea f\u00e1cil de instalar en<\/span>\u00a0nuevas construcciones o sustituci\u00f3n.<\/div>\n<p style=\"text-align: justify;\"><strong>ESPECIFICACIONES:<\/strong><\/p>\n<ul>\n<li>Control digital de temperatura<\/li>\n<li>Display digital<\/li>\n<li>Sistema de Autodiagn\u00f3stico<\/li>\n<li>Resistencias de Titanio<\/li>\n<\/ul>\n<p><strong>INTELIGENCIA INCORPORADA<\/strong><br \/>\nEl calentador est\u00e1 equipado con controles y diagn\u00f3sticos digitales f\u00e1ciles de usar. Nuestro centro de control digital muestra el punto de ajuste deseado y le permite configurar la temperatura exactamente donde lo desee. La pantalla f\u00e1cil de leer le permite ver la temperatura, el flujo de GPM y los diagn\u00f3sticos. El sistema de alerta intuitivo te mantiene informado.<\/p>\n<p><strong>ELEMENTO DE TITANIO<\/strong><br \/>\nTiene un robusto elemento de calentamiento de titanio que no solo prolonga la vida \u00fatil del calentador, sino que tambi\u00e9n le permite trabajar en entornos extremos de agua de piscinas, como las piscinas cloradas de agua salada.<\/p>\n<p><strong>TECNOLOG\u00cdA DE SENSOR DE FLUJO<\/strong><br \/>\nFunciona utilizando la \u00faltima tecnolog\u00eda de sensor de flujo en lugar de la activaci\u00f3n tradicional del interruptor de presi\u00f3n. Nuestro calentador est\u00e1 programado para tener una velocidad de activaci\u00f3n de flujo m\u00ednima de 15 galones por minuto, lo que ayuda a proteger los elementos y prolongar su vida \u00fatil.<\/p>\n<p><strong>LISTO PARA INSTALAR<\/strong><br \/>\nLos calentadores de piscina y spa son compactos, vienen de serie con conexiones de uni\u00f3n y son f\u00e1ciles de instalar. Son la soluci\u00f3n perfecta para una nueva piscina o spa, as\u00ed como para reemplazar cualquier calentador de piscina o spa existente. Disponible en 5, 11, 18 y 27 kW.<\/p>\n<p><strong>ACERO INOXIDABLE 316L<\/strong><br \/>\nEl acero inoxidable 316L se utiliza en la construcci\u00f3n de nuestros calentadores. Este acero de alto grado y resistente a la corrosi\u00f3n es especialmente adecuado para aplicaciones de calentamiento de agua salada.<\/p>\n<p><strong>DISE\u00d1O DE ESTADO S\u00d3LIDO<\/strong><br \/>\nEl calentador usa controles de estado s\u00f3lido para eliminar contactores ruidosos y molestos que brindan un funcionamiento silencioso y confiable. El dise\u00f1o avanzado permite que el calefactor module la potencia, solo utilizando la energ\u00eda necesaria para mantener la temperatura deseada.<\/p>\n<p>&nbsp;<\/p>\n<table style=\"width: 90%; margin-left: auto; margin-right: auto;\" border=\"0\" cellspacing=\"1\" cellpadding=\"1\">\n<tbody>\n<tr>\n<td><img decoding=\"async\" class=\"img-responsive\" src=\"https:\/\/h2otek.com\/tienda\/img\/cms\/aguacaliente\/rheem\/albercas\/electricos\/47_diseno.png\" alt=\"47_diseno.png\" width=\"70\" height=\"70\" \/><\/td>\n<td>\n<h3>Dise\u00f1o<\/h3>\n<\/td>\n<\/tr>\n<tr>\n<td>\n<h3><\/h3>\n<\/td>\n<td>\n<ul>\n<li>Display digital que indica la temperatura<\/li>\n<li>Dise\u00f1o compacto y silencioso<\/li>\n<li>Conexiones de acero inoxidable<\/li>\n<\/ul>\n<p>Tiene una resistencia de titanio que no solo prolonga la vida \u00fatil del calentador sino permite que trabaje en condiciones externas de la alberca como cantidades altas de agua salina y cloro.<\/td>\n<\/tr>\n<tr>\n<td><img decoding=\"async\" class=\"img-responsive\" src=\"https:\/\/h2otek.com\/tienda\/img\/cms\/aguacaliente\/rheem\/albercas\/electricos\/47_encendido.png\" alt=\"47_encendido.png\" width=\"70\" height=\"70\" \/><\/td>\n<td>\n<h3>Encendido<\/h3>\n<\/td>\n<\/tr>\n<tr>\n<td><\/td>\n<td>\n<ul>\n<li>Bot\u00f3n on\/off. Calienta el agua\u00a0bajo demanda.<\/li>\n<\/ul>\n<\/td>\n<\/tr>\n<tr>\n<td><img loading=\"lazy\" decoding=\"async\" class=\"img-responsive\" src=\"https:\/\/h2otek.com\/tienda\/img\/cms\/aguacaliente\/rheem\/albercas\/electricos\/47_instalacion.png\" alt=\"47_instalacion.png\" width=\"70\" height=\"70\" \/><\/td>\n<td>\n<h3>Instalaci\u00f3n y mantenimiento<\/h3>\n<\/td>\n<\/tr>\n<tr>\n<td><\/td>\n<td>\n<ul>\n<li>F\u00e1cil\u00a0de instalar en un nuevo sistema o como reemplazo de cualquier calentador de spa o piscina.<\/li>\n<li>Resistencia intercambiable<\/li>\n<li>F\u00e1cil mantenimiento.<\/li>\n<\/ul>\n<\/td>\n<\/tr>\n<tr>\n<td><img loading=\"lazy\" decoding=\"async\" class=\"img-responsive\" src=\"https:\/\/h2otek.com\/tienda\/img\/cms\/aguacaliente\/rheem\/albercas\/electricos\/47_temperatura.png\" alt=\"47_temperatura.png\" width=\"70\" height=\"70\" \/><\/td>\n<td>\n<h3>Temperatura<\/h3>\n<\/td>\n<\/tr>\n<tr>\n<td><\/td>\n<td>Perilla de control para ajuste de temperatura. F\u00e1ci selecci\u00f3n de unidades de temperatura (\u00b0F a \u00b0C)<\/td>\n<\/tr>\n<tr>\n<td><img loading=\"lazy\" decoding=\"async\" class=\"img-responsive\" src=\"https:\/\/h2otek.com\/tienda\/img\/cms\/aguacaliente\/rheem\/albercas\/electricos\/47_eficiencia.png\" alt=\"47_eficiencia.png\" width=\"70\" height=\"70\" \/><\/td>\n<td>\n<h3>Eficiencia<\/h3>\n<\/td>\n<\/tr>\n<tr>\n<td><\/td>\n<td>Hasta 99.8% de eficiencia energ\u00e9tica.<\/td>\n<\/tr>\n<tr>\n<td><img loading=\"lazy\" decoding=\"async\" class=\"img-responsive\" src=\"https:\/\/h2otek.com\/tienda\/img\/cms\/aguacaliente\/rheem\/albercas\/electricos\/47_seguridad.png\" alt=\"47_seguridad.png\" width=\"70\" height=\"70\" \/><\/td>\n<td>\n<h3>Seguridad y confort<\/h3>\n<\/td>\n<\/tr>\n<tr>\n<td><\/td>\n<td>Funciona con la \u00faltima tecnolog\u00eda de sensor de flujo que no cuenta con relevadores, activ\u00e1ndose mediante un microprocesador, para reducir el riesgo de componentes quemados.<\/td>\n<\/tr>\n<\/tbody>\n<\/table>\n<p>&nbsp;<\/p>\n<p>&nbsp;<\/p>\n<p style=\"text-align: center;\"><strong>COMPONENTES DEL CALENTADOR<\/strong><\/p>\n<p><img loading=\"lazy\" decoding=\"async\" src=\"https:\/\/h2otek.com\/tienda\/img\/cms\/aguacaliente\/rheem\/albercas\/electricos\/partes-calelntador-electrico-spa-rheem.jpg\" alt=\"\" width=\"700\" height=\"497\" \/><\/p>\n<p>&nbsp;<\/p>\n<p>&nbsp;<\/p>\n<p style=\"text-align: center;\"><strong>DIMENSIONES:<\/strong><\/p>\n<p style=\"text-align: center;\"><img loading=\"lazy\" decoding=\"async\" src=\"https:\/\/h2otek.com\/tienda\/img\/cms\/aguacaliente\/rheem\/albercas\/electricos\/dimensiones-calelntador-electrico-spa-rheem.gif\" alt=\"\" width=\"700\" height=\"418\" \/><\/p>\n<p><img loading=\"lazy\" decoding=\"async\" src=\"https:\/\/h2otek.com\/tienda\/img\/cms\/aguacaliente\/rheem\/albercas\/electricos\/especificaciones-calelntador-electrico-spa-rheem-M0011-1-TI.gif\" alt=\"\" width=\"700\" height=\"199\" \/><\/p>\n<p>&nbsp;<\/p>\n<p>&nbsp;<\/p>\n<p><strong>DESCARGAR MANUALES<\/strong><\/p>\n<ul>\n<li><strong><a href=\"https:\/\/h2otek.com\/tienda\/img\/cms\/aguacaliente\/rheem\/albercas\/electricos\/FOLLETO%20CALENTADOR%20ELECTRICO%20PARA%20SPA%20MODELO%20DE%20RAYPAK.pdf\" target=\"_blank\" rel=\"noopener\">FOLLETO MODELO RAYPAK<\/a><\/strong><\/li>\n<\/ul>\n<p>&nbsp;<\/p>\n<div>\n<p style=\"text-align: left;\"><strong>PRECIO INCLUYE GASTOS DE ENVIO (GRATIS) E IMPUESTO 16% DE IVA.<\/strong><\/p>\n<\/div>\n","protected":false},"excerpt":{"rendered":"<p><span style=\"color: #ff0000;\"><strong>PRECIO EN D\u00d3LARES US.\u00a0<\/strong><\/span><\/p>\n<p><span style=\"color: #ff0000;\"><strong>CALENTADOR DE AGUA PARA ALBERCAS 11 KW 240V. MARCA RHEEM<\/strong><\/span><\/p>\n<p><strong>CALEFACCI\u00d3N EN PISCINAS POR DEMANDA O RECIRCULACION DE AGUA CALIENTE. OPERACI\u00d3N SILENCIOSA.<em><br \/>\n<\/em><\/strong><\/p>\n<p><em><strong>IDEALES EN:<\/strong><\/em><\/p>\n<ul>\n<li><em><strong>ALBERCA \u00d3 PISCINA<br \/>\n<\/strong><\/em><\/li>\n<li><em><strong>SPA<\/strong><\/em><\/li>\n<li><em><strong>JACUZZI<\/strong><\/em><\/li>\n<li><em><strong>HIDROMASAJE, ETC.<\/strong><\/em><\/li>\n<\/ul>\n<p><span style=\"font-size: small; color: #000000;\"><strong>\u00a0<\/strong><\/span><\/p>\n<p>&nbsp;<\/p>\n<p><a href=\"https:\/\/h2otek.com\/tienda\/producto\/boiler-calentador-de-agua-para-spa-y-jacuzzis-hasta-1200-gals-13-5-kw-230-volts-1-fase-marca-h2otek-mod-bera24-13-5-11t01\/\"><img loading=\"lazy\" decoding=\"async\" src=\"https:\/\/h2otek.com\/tienda\/img\/cms\/similares\/modelo-similar-rheem-bera24.jpg\" alt=\"\" width=\"350\" height=\"105\" \/><\/a><\/p>\n<p>&nbsp;<\/p>\n","protected":false},"featured_media":2196,"comment_status":"closed","ping_status":"closed","template":"","meta":[],"pwb-brand":[],"product_brand":[],"product_cat":[781,537,1078],"product_tag":[],"class_list":{"0":"post-18326","1":"product","2":"type-product","3":"status-publish","4":"has-post-thumbnail","6":"product_cat-spa-o-jacuzzi-calentadores-de-agua-electricos-240-volts-1-fase-boilers-calentadores-de-agua","7":"product_cat-calentadores-de-agua-electricos-residencial-para-albercas-piscinas-spa-agua-caliente-raypak","8":"product_cat-spa-o-jacuzzi-calentadores-de-agua-electricos-240-volts-1-fase-boiler-calentadores-de-agua-para-albercas-piscinas","10":"first","11":"onbackorder","12":"product-type-simple"},"brands":[],"_links":{"self":[{"href":"https:\/\/h2otek.com\/tienda\/wp-json\/wp\/v2\/product\/18326","targetHints":{"allow":["GET"]}}],"collection":[{"href":"https:\/\/h2otek.com\/tienda\/wp-json\/wp\/v2\/product"}],"about":[{"href":"https:\/\/h2otek.com\/tienda\/wp-json\/wp\/v2\/types\/product"}],"replies":[{"embeddable":true,"href":"https:\/\/h2otek.com\/tienda\/wp-json\/wp\/v2\/comments?post=18326"}],"wp:featuredmedia":[{"embeddable":true,"href":"https:\/\/h2otek.com\/tienda\/wp-json\/wp\/v2\/media\/2196"}],"wp:attachment":[{"href":"https:\/\/h2otek.com\/tienda\/wp-json\/wp\/v2\/media?parent=18326"}],"wp:term":[{"taxonomy":"pwb-brand","embeddable":true,"href":"https:\/\/h2otek.com\/tienda\/wp-json\/wp\/v2\/pwb-brand?post=18326"},{"taxonomy":"product_brand","embeddable":true,"href":"https:\/\/h2otek.com\/tienda\/wp-json\/wp\/v2\/product_brand?post=18326"},{"taxonomy":"product_cat","embeddable":true,"href":"https:\/\/h2otek.com\/tienda\/wp-json\/wp\/v2\/product_cat?post=18326"},{"taxonomy":"product_tag","embeddable":true,"href":"https:\/\/h2otek.com\/tienda\/wp-json\/wp\/v2\/product_tag?post=18326"}],"curies":[{"name":"wp","href":"https:\/\/api.w.org\/{rel}","templated":true}]}}