{"id":18318,"date":"2021-07-06T21:17:12","date_gmt":"2021-07-06T21:17:12","guid":{"rendered":"https:\/\/h2otek.com\/tienda\/producto\/humidificador-ventilador-nebulizador-centrifugo-colgante-240v-50-hz-1-fase-marca-jaybird-mod-xe-2000-50hz\/"},"modified":"2022-10-14T23:13:55","modified_gmt":"2022-10-14T23:13:55","slug":"humidificador-ventilador-nebulizador-centrifugo-colgante-240v-50-hz-1-fase-marca-jaybird-mod-xe-2000-50hz","status":"publish","type":"product","link":"https:\/\/h2otek.com\/tienda\/producto\/humidificador-ventilador-nebulizador-centrifugo-colgante-240v-50-hz-1-fase-marca-jaybird-mod-xe-2000-50hz\/","title":{"rendered":"HUMIDIFICADOR-VENTILADOR NEBULIZADOR CENTR\u00cdFUGO COLGANTE 240V 50 HZ 1 FASE MARCA JAYBIRD MOD. XE-2000-50Hz"},"content":{"rendered":"<p style=\"text-align: center;\" align=\"center\"><img fetchpriority=\"high\" decoding=\"async\" src=\"https:\/\/h2otek.com\/tienda\/img\/cms\/controlhumedad\/jaybird\/header-ventiladores-turboXE-2000-50Hz.jpg\" alt=\"\" width=\"700\" height=\"300\" \/><\/p>\n<p style=\"text-align: justify;\">Las unidades Aquafog est\u00e1n dise\u00f1adas para acondicionar grandes vol\u00famenes de aire usando agua u otros l\u00edquidos no peligrosos a temperaturas del aire entre 31\u00baF y 160\u00baF.\u00a0<\/p>\n<p><strong>Ventilador de niebla de alimentaci\u00f3n directa<\/strong><\/p>\n<p>Los <strong>ventiladores de nebulizaci\u00f3n Turbo XE<\/strong> son atomizadores superiores dise\u00f1ados para una variedad de aplicaciones comerciales e industriales. Los Turbo XE producen niebla combinada con un flujo de aire potente, lo que los hace ideales para la humidificaci\u00f3n interior, la refrigeraci\u00f3n por evaporaci\u00f3n y el empa\u00f1amiento qu\u00edmico. Los componentes son estabilizados a los rayos UV y adecuados para uso en exteriores.<\/p>\n<p>Este atomizador centr\u00edfugo produce miles de millones de peque\u00f1as part\u00edculas similares a la niebla que se evaporan r\u00e1pidamente. El <strong>Turbo XE funciona sin el uso de boquillas, bombas de alta presi\u00f3n, aire comprimido o filtraci\u00f3n, lo que elimina la necesidad de reparaciones y mantenimiento constantes.<\/strong> La salida de nebulizaci\u00f3n es ajustable y controlada por un medidor de flujo. Esta unidad se puede controlar de forma manual o autom\u00e1tica agregando un control con una v\u00e1lvula de solenoide. Las unidades tambi\u00e9n pueden alimentarse usando una bomba dosificadora o un sistema de alimentaci\u00f3n por gravedad.<\/p>\n<p>Las unidades Turbo XE vienen de serie con 20&#8242; de l\u00ednea de agua, un cable de alimentaci\u00f3n de 12&#8242; y conector herm\u00e9tico, y 16&#8242; de l\u00ednea de drenaje. Las longitudes de las l\u00edneas de utilidad pueden personalizarse durante el proceso de pedido. Las unidades se cuelgan mediante un perno de montaje universal o dos pernos en U.<\/p>\n<p><\/p>\n<p style=\"text-align: justify;\"><strong>CARACTERISTICAS:<\/strong>\u00a0<\/p>\n<ul>\n<li>ATOMIZACI\u00d3N SIN BOQUILLAS<\/li>\n<li>HASTA 34 GPH<\/li>\n<li>CABEZA DE NEBULIZACI\u00d3N PIVOTANTE<\/li>\n<li>POTENTE Y EFICIENTE<\/li>\n<li>CAPACIDAD DE COBERTURA DE DISTANCIA PROMEDIO\u00a050-85\u00a0PIES<\/li>\n<li>CFM:<br \/>1\/2 HP &#8211; 3,000<br \/>1\/3 HP &#8211; 2,800<\/li>\n<li>9.4 AMPERES<\/li>\n<li>1 FASE<\/li>\n<li>GARANTIA DE 1 A\u00d1O SOBRE CUALQUIER DEFECTO DE FABRICACION<\/li>\n<\/ul>\n<p style=\"text-align: justify;\">\u00a0<\/p>\n<p style=\"text-align: justify;\"><strong>APLICACIONES MAS COMUNES:<\/strong><\/p>\n<ul>\n<li>Invernaderos<\/li>\n<li>Impresi\u00f3n<\/li>\n<li>Fabricaci\u00f3n de cuero<\/li>\n<li>Industria del tabaco<\/li>\n<li>Fabricaci\u00f3n de productos de madera<\/li>\n<li>Fabricaci\u00f3n de maquinaria<\/li>\n<li>Procesamiento de alimentos<\/li>\n<li>Industria minera<\/li>\n<li>Cuartos de almacenamiento<\/li>\n<li>Casa de m\u00e1quinas<\/li>\n<li>Fabricaci\u00f3n de cer\u00e1mica<\/li>\n<li>Laboratorios<\/li>\n<li>Industria Textil<\/li>\n<li>Procesos industriales<\/li>\n<li>Tuneles t\u00e9rmicos<\/li>\n<li>Almacenes<\/li>\n<li>Cuartos frios<\/li>\n<li>Etc.<\/li>\n<\/ul>\n<p>\u00a0<\/p>\n<h3>Flowmeter Control Panel de control del caudal\u00edmetro<\/h3>\n<p style=\"text-align: justify;\">Las unidades de alimentaci\u00f3n directa Turbo XE vienen con un panel de caudal\u00edmetro de su elecci\u00f3n. Estos paneles controlan el caudal de agua y la salida de nebulizaci\u00f3n. Cuentan con una construcci\u00f3n de acero inoxidable y una escala de flujo de policarbonato transparente para el monitoreo. Los caudal\u00edmetros requieren un suministro de agua de 10 a 100 PSI.<\/p>\n<p>Los paneles de menor caudal se usan generalmente en aplicaciones que requieren niebla seca.<\/p>\n<p>Tama\u00f1os del medidor de flujo con aplicaciones relacionadas:<\/p>\n<table class=\"xe-example\" border=\"0\">\n<tbody>\n<tr>\n<th style=\"width: 10%;\" rowspan=\"2\" width=\"26%\">\n<p><img decoding=\"async\" src=\"https:\/\/h2otek.com\/tienda\/img\/cms\/controlhumedad\/jaybird\/gph_guage_2-24.jpg\" alt=\"\" width=\"75\" height=\"221\" \/><\/p>\n<p>\u00a0<\/p>\n<\/th>\n<th style=\"width: 23%;\" width=\"26%\">\n<p>4-34 GPH<br \/>2-24 GPH<\/p>\n<\/th>\n<th style=\"width: 23%;\" width=\"28%\">\n<p>1-15 GPH<br \/>1-11 GPH<\/p>\n<\/th>\n<th style=\"width: 23%;\" width=\"26%\">\n<p>.3-5 GPH<br \/>(20-300 cc\/min)<\/p>\n<\/th>\n<th style=\"width: 23%;\" width=\"16%\">\n<p>.1-2 GPH<br \/>(10-110 cc\/min)<\/p>\n<\/th>\n<\/tr>\n<tr>\n<td>\n<p>Ag \/ Horticultura<\/p>\n<p>Enfriamento evaporativo<\/p>\n<p>Curado de concreto<\/p>\n<p>Hongos<\/p>\n<\/td>\n<td>\n<p>Planta manufacturera<\/p>\n<p>Madera\/Madera\/Papel<\/p>\n<p>Almacenamiento de<br \/>vino\/barril<\/p>\n<\/td>\n<td>\n<p>Planta manufacturera<\/p>\n<p>Planta Textil<\/p>\n<p>Polvo\/Control est\u00e1tico<\/p>\n<\/td>\n<td>\n<p>Olor<\/p>\n<\/td>\n<\/tr>\n<\/tbody>\n<\/table>\n<h3>\u00a0<\/h3>\n<table style=\"width: 100%;\" border=\"0\">\n<tbody>\n<tr>\n<td style=\"text-align: center;\"><img decoding=\"async\" src=\"https:\/\/h2otek.com\/tienda\/img\/cms\/controlhumedad\/jaybird\/xe_rear_feed.jpg\" alt=\"\" width=\"160\" height=\"147\" \/><\/td>\n<td>\n<h3>Hoja de Alimentaci\u00f3n trasera Jaybird<\/h3>\n<p>Nuestro dise\u00f1o exclusivo de cuchillas es un importante desarrollo de productos, que mejora la confiabilidad y el rendimiento.<\/p>\n<h3>Motor de lavado de ABB<\/h3>\n<ul>\n<li>Grado industrial<\/li>\n<li>Para usar cerca del agua<\/li>\n<\/ul>\n<\/td>\n<\/tr>\n<tr>\n<td style=\"text-align: center;\"><img loading=\"lazy\" decoding=\"async\" src=\"https:\/\/h2otek.com\/tienda\/img\/cms\/controlhumedad\/jaybird\/sst_frame.jpg\" alt=\"\" width=\"71\" height=\"180\" \/><\/td>\n<td>\n<h3>Resistente a la corrosi\u00f3n<\/h3>\n<ul>\n<li>Materiales de acero inoxidable 18-8 y 304<\/li>\n<li>Polipropileno y pl\u00e1sticos de polietileno<\/li>\n<\/ul>\n<\/td>\n<\/tr>\n<\/tbody>\n<\/table>\n<h3>\u00a0<\/h3>\n<p>\u00a0<\/p>\n<p><\/p>\n<p style=\"text-align: center;\"><strong>TABLA DE ESPECIFICACIONES<\/strong><\/p>\n<table style=\"margin-left: auto; margin-right: auto;\" border=\"0\">\n<tbody>\n<tr>\n<td rowspan=\"11\"><img loading=\"lazy\" decoding=\"async\" src=\"https:\/\/h2otek.com\/tienda\/img\/cms\/controlhumedad\/jaybird\/turbo_xe_spec.png\" alt=\"\" width=\"277\" height=\"565\" \/><\/p>\n<p>\u00a0<\/p>\n<\/td>\n<td>Dimensiones:<\/td>\n<td>\n<p>Di\u00e1metro 21 pulg. \/ 53.5 cm<\/p>\n<p>Profundidad\u00a017.5 pulg. \/ 44.5 cm<\/p>\n<p>Altura 25 pulg. \/ 63.5 cm<\/p>\n<\/td>\n<\/tr>\n<tr>\n<td>\n<p>Distancia de propulsi\u00f3n:<\/p>\n<\/td>\n<td>\n<p>30-35 pies\/ 10-11 m<\/p>\n<\/td>\n<\/tr>\n<tr>\n<td>Ruido\u00a0@ 10 pies:<\/td>\n<td>\n<p>72 dB(A)<\/p>\n<\/td>\n<\/tr>\n<tr>\n<td>Tama\u00f1o medio de part\u00edcula:<\/td>\n<td>\n<p>5-10 micrones @ bajo volumen<\/p>\n<p>25 micrones @ medio volumen<\/p>\n<p>35 microns @ alto volumen<\/p>\n<\/td>\n<\/tr>\n<tr>\n<td>CFM:<\/td>\n<td>\n<p>1\/2 HP &#8211; 3,000<\/p>\n<p>1\/3 HP &#8211; 2,800<\/p>\n<\/td>\n<\/tr>\n<tr>\n<td>Operaci\u00f3n:<\/td>\n<td>\n<p>Capacidad de servicio continuo<\/p>\n<\/td>\n<\/tr>\n<tr>\n<td>Consumo de energ\u00eda:<\/td>\n<td>\n<p>1\/2 HP &#8211; 7.4\/3.7A @ 115\/230V<br \/>1\/2 HP &#8211; 1\/2A @ 230\/460V 3Ph<br \/>1\/3 HP &#8211; 4.4 amps @ 240V 50Hz<\/p>\n<\/td>\n<\/tr>\n<tr>\n<td>Peso de env\u00edo:<\/td>\n<td>\n<p>Paq. 1, 19 lbs\/8.6 kgs<br \/>Paq. 2 (1\/2 HP), 32 lbs\/14.5 Kg<br \/>Paq.\u00a02 (1\/3 HP), 32 lbs\/14.5 Kg<\/p>\n<\/td>\n<\/tr>\n<tr>\n<td>Dimensiones del paquete:<\/td>\n<td>\n<p>Paq. 1, 21\u201d x 21\u201d x 15\u201d \/\u00a053x53x38 cm<br \/>Paq. 2, 16\u201d x 12\u201d x 12\u201d \/\u00a041x30x30 cm<\/p>\n<\/td>\n<\/tr>\n<tr>\n<td>Equipo:<\/td>\n<td>\n<p>Acero inoxidable serie 300<\/p>\n<\/td>\n<\/tr>\n<tr>\n<td>Entorno:<\/td>\n<td>\n<p>Soporta temperaturas desde<br \/>31\u00b0\u00a0a 160\u00b0 F<\/p>\n<p>Interior\/Exterior<\/p>\n<p>Humedad hasta\u00a0100% RH<\/p>\n<p>Estabilizado a UV y resistente a los impactos<\/p>\n<\/td>\n<\/tr>\n<\/tbody>\n<\/table>\n<div style=\"text-align: center;\">\n<p style=\"text-align: center;\">\n<p>\u00a0<\/p>\n<p><strong>VIDEOS<\/p>\n<p>Series Turbo XE Parte 1<\/strong><\/p>\n<p><iframe src=\"https:\/\/www.youtube.com\/embed\/ihGLbGT6ilY\" width=\"560\" height=\"315\" frameborder=\"0\"><\/iframe><\/p>\n<p><strong>Series Turbo XE Parte 1<\/strong><\/p>\n<p><iframe src=\"https:\/\/www.youtube.com\/embed\/L5-n6kg5oJQ\" width=\"560\" height=\"315\" frameborder=\"0\"><\/iframe><\/p>\n<p><strong>Comparaci\u00f3n nivel de ruido<\/strong><\/p>\n<p><iframe src=\"https:\/\/www.youtube.com\/embed\/XJQAKCp-xFk\" width=\"560\" height=\"315\" frameborder=\"0\"><\/iframe><\/p>\n<p><strong>Incre\u00edble acci\u00f3n de niebla<\/strong><\/p>\n<p><iframe src=\"https:\/\/www.youtube.com\/embed\/PeamfvXi8x4\" width=\"560\" height=\"315\" frameborder=\"0\"><\/iframe><\/p>\n<p style=\"text-align: center;\">\u00a0<strong><br \/><\/strong><\/p>\n<\/div>\n<p style=\"text-align: center;\">\u00a0<\/p>\n<p style=\"text-align: center;\">\u00a0<\/p>\n<p><strong><span style=\"color: #000000;\"><strong><strong><strong><strong>DESCARGAR MANUALES:<br \/><\/strong><\/strong><\/strong><\/strong><\/span><\/strong><\/p>\n<ul>\n<li><strong><a href=\"https:\/\/h2otek.com\/tienda\/img\/cms\/controlhumedad\/jaybird\/MANUAL%20INSTALACION%20VENTILADORES%20HUMIDIFICACION%20TURBO%20XE-2000.pdf\" target=\"_blank\" rel=\"noopener\">MANUAL DE INSTALACI\u00d3N<\/a><\/strong><\/li>\n<\/ul>\n<p><strong><span style=\"color: #000000;\"><strong><strong><strong><strong><\/p>\n<p>PRECIO INCLUYE GASTOS DE ENVIO (GRATIS) E IMPUESTO\u00a0<\/strong>16% DE IVA<\/strong><\/strong><\/strong><\/span><\/strong><\/p>\n","protected":false},"excerpt":{"rendered":"<p><strong><span style=\"color: #ff0000;\">PRECIO EN D\u00d3LARES US.<\/span><\/p>\n<p>HUMIDIFICADOR-NEBULIZADOR TIPO COLGANTE<\/strong><\/p>\n<p><strong>APLICACIONES M\u00c1S COMUNES:<\/strong><\/p>\n<ul>\n<li><em><strong>INVERNADEROS<\/strong><\/em><\/li>\n<li><em><strong>PROCESOS INDUSTRIALES<\/strong><\/em><\/li>\n<li><em><strong>ALMACENES<\/strong><\/em><\/li>\n<li><em><strong>CAPTACION DE POLVO<\/strong><\/em><\/li>\n<li><em><strong>CUARTOS DE PRUEBA<\/strong><\/em><\/li>\n<li><em><strong>CUARTOS DE MADURACION<\/strong><\/em><\/li>\n<li><em><strong>CAMARAS<\/strong><\/em><\/li>\n<li><em><strong>CAMARAS FRIGORIFICAS<\/strong><\/em><\/li>\n<li><em><strong>USO EN EXTERIORES<\/strong><\/em><\/li>\n<li><em><strong>USO PARA REFRESCAR EL AMBIENTE<\/strong><\/em><\/li>\n<li><em><strong>CUARTO LIMPIOS<\/strong><\/em><\/li>\n<li><em><strong>LABORATORIOS<\/strong><\/em><\/li>\n<li><em><strong>ETC.<\/strong><\/em><\/li>\n<\/ul>\n","protected":false},"featured_media":4720,"comment_status":"closed","ping_status":"closed","template":"","meta":[],"pwb-brand":[],"product_brand":[],"product_cat":[560],"product_tag":[],"class_list":{"0":"post-18318","1":"product","2":"type-product","3":"status-publish","4":"has-post-thumbnail","6":"product_cat-en-voltaje-240-v-50-hz-humidificadores-nebulizadores","8":"first","9":"onbackorder","10":"purchasable","11":"product-type-simple"},"brands":[],"_links":{"self":[{"href":"https:\/\/h2otek.com\/tienda\/wp-json\/wp\/v2\/product\/18318","targetHints":{"allow":["GET"]}}],"collection":[{"href":"https:\/\/h2otek.com\/tienda\/wp-json\/wp\/v2\/product"}],"about":[{"href":"https:\/\/h2otek.com\/tienda\/wp-json\/wp\/v2\/types\/product"}],"replies":[{"embeddable":true,"href":"https:\/\/h2otek.com\/tienda\/wp-json\/wp\/v2\/comments?post=18318"}],"wp:featuredmedia":[{"embeddable":true,"href":"https:\/\/h2otek.com\/tienda\/wp-json\/wp\/v2\/media\/4720"}],"wp:attachment":[{"href":"https:\/\/h2otek.com\/tienda\/wp-json\/wp\/v2\/media?parent=18318"}],"wp:term":[{"taxonomy":"pwb-brand","embeddable":true,"href":"https:\/\/h2otek.com\/tienda\/wp-json\/wp\/v2\/pwb-brand?post=18318"},{"taxonomy":"product_brand","embeddable":true,"href":"https:\/\/h2otek.com\/tienda\/wp-json\/wp\/v2\/product_brand?post=18318"},{"taxonomy":"product_cat","embeddable":true,"href":"https:\/\/h2otek.com\/tienda\/wp-json\/wp\/v2\/product_cat?post=18318"},{"taxonomy":"product_tag","embeddable":true,"href":"https:\/\/h2otek.com\/tienda\/wp-json\/wp\/v2\/product_tag?post=18318"}],"curies":[{"name":"wp","href":"https:\/\/api.w.org\/{rel}","templated":true}]}}