{"id":18294,"date":"2021-07-06T21:17:07","date_gmt":"2021-07-06T21:17:07","guid":{"rendered":"https:\/\/h2otek.com\/tienda\/producto\/calentador-de-agua-750000-btuh-linea-delta-limited-mod-wh3-749b\/"},"modified":"2023-03-24T07:20:58","modified_gmt":"2023-03-24T07:20:58","slug":"calentador-de-agua-750000-btuh-linea-delta-limited-mod-wh3-749b","status":"publish","type":"product","link":"https:\/\/h2otek.com\/tienda\/producto\/calentador-de-agua-750000-btuh-linea-delta-limited-mod-wh3-749b\/","title":{"rendered":"CALENTADOR DE AGUA 750,000 BTUH LINEA DELTA LIMITED MOD. WH3-749B"},"content":{"rendered":"<p style=\"text-align: center;\"><img fetchpriority=\"high\" decoding=\"async\" src=\"https:\/\/www.h2otek.com\/tienda\/img\/cms\/aguacaliente\/raypak\/header-calentadores-agua-comercial-DELTALIMITED_749B.jpg\" alt=\"header-calentadores-agua-comercial-rayth\" width=\"650\" height=\"300\" \/><\/p>\n<p style=\"text-align: left;\"><span style=\"text-decoration: underline;\"><strong><br \/>\nCALENTADOR DE AGUA LINEA DELTA LIMITED<br \/>\n<\/strong><\/span><\/p>\n<div style=\"text-align: justify;\">La serie Delta Limited\u00ae se basa en el mismo dise\u00f1o b\u00e1sico que la l\u00ednea de productos Hi Delta\u00ae. Un conjunto reducido de caracter\u00edsticas y opciones proporciona un s\u00f3lido calentamiento a un costo reducido.<\/div>\n<div id=\"tab-description\" class=\"panel wc-tab entry-content active\" style=\"text-align: justify;\">\n<p>&nbsp;<\/p>\n<p style=\"text-align: justify;\"><strong>CARACTER\u00cdSTICAS:<br \/>\n<\/strong><\/p>\n<ul>\n<li>85% de eficiencia t\u00e9rmica.<\/li>\n<li>Tercer certificado bajo ANSI Z21.10.3.<\/li>\n<li>Cabeceras revestidas de vidrio y hierro fundido con tubos con aletas de cobre.<\/li>\n<li>Todos los tama\u00f1os ofrecidos para gas natural o propano.<\/li>\n<li>Retardo de la bomba, fijado en 300 segundos.<\/li>\n<li>Medidor T &amp; P<\/li>\n<li>Interruptor de flujo.<\/li>\n<li>L\u00edmite alto de restablecimiento manual, 200F m\u00e1x.<\/li>\n<li>Encendido de superficie caliente con bloqueo de 3 intentos.<\/li>\n<li>Corte al aire libre.<\/li>\n<li>125 # PRV.<\/li>\n<\/ul>\n<\/div>\n<p style=\"text-align: center;\">\n<p style=\"text-align: center;\"><strong>ESPECIFICACIONES Y DIMENSIONES<\/strong><\/p>\n<p style=\"text-align: center;\"><img decoding=\"async\" src=\"https:\/\/www.h2otek.com\/tienda\/img\/cms\/aguacaliente\/raypak\/especificaciones399_899_1.jpg\" alt=\"especificaciones399_899_1.jpg\" width=\"493\" height=\"203\" \/><\/p>\n<p style=\"text-align: center;\">\n<p>&nbsp;<\/p>\n<p><strong>DESCARGAR MANUALES<br \/>\n<\/strong><\/p>\n<ul>\n<li><strong><a href=\"http:\/\/www.h2otek.com\/tienda\/pdf\/aguacaliente\/FOLLETO_DELTALIMITED.pdf\" target=\"_blank\" rel=\"noopener\">ESPECIFICACIONES<\/a><\/strong><\/li>\n<li><strong><a href=\"http:\/\/www.h2otek.com\/tienda\/pdf\/aguacaliente\/DeltaLimited_InstallationInstructions_399B-899B_1000.60A_TypeH-WH.pdf\" target=\"_blank\" rel=\"noopener\">INSTALACI\u00d3N Y OPERACI\u00d3N<\/a><\/strong><\/li>\n<li><strong><a href=\"http:\/\/www.h2otek.com\/tienda\/pdf\/aguacaliente\/ILP%20DELTALIMITED.pdf\" target=\"_blank\" rel=\"noopener\">LISTA DE PARTES<\/a><\/strong><\/li>\n<\/ul>\n<div>\n<p style=\"text-align: left;\"><strong>PRECIO INCLUYE GASTOS DE ENVIO (GRATIS) E IMPUESTO 16% DE IVA.<\/strong><\/p>\n<\/div>\n","protected":false},"excerpt":{"rendered":"<p><span style=\"color: #ff0000;\"><strong>PARA PRECIO DE ESTE PRODUCTO FAVOR DE COMUNICARSE EN ATENCION A CLIENTES: info@h2otek.com O AL TEL: 01 800 94 26 835<\/strong><\/span><\/p>\n<p><span style=\"color: #ff0000;\"><strong>CALENTADOR DE AGUA 750,000 BTU L\u00cdNEA COMERCIAL DELTA LIMITED MARCA RAYPAK<\/strong><\/span><\/p>\n<p><strong>CALEFACCI\u00d3N EN PISCINAS POR DEMANDA O RECIRCULACION DE AGUA CALIENTE. OPERACI\u00d3N SILENCIOSA.<em><br \/>\n<\/em><\/strong><\/p>\n<p><em><strong>IDEALES EN:<\/strong><\/em><\/p>\n<ul>\n<li><em><strong>ALBERCA \u00d3 PISCINA<br \/>\n<\/strong><\/em><\/li>\n<li><em><strong>SPA<\/strong><\/em><\/li>\n<li><em><strong>JACUZZI<\/strong><\/em><\/li>\n<li><em><strong>HIDROMASAJE, ETC.<\/strong><\/em><\/li>\n<\/ul>\n","protected":false},"featured_media":5498,"comment_status":"closed","ping_status":"closed","template":"","meta":[],"pwb-brand":[],"product_brand":[],"product_cat":[494],"product_tag":[],"class_list":{"0":"post-18294","1":"product","2":"type-product","3":"status-publish","4":"has-post-thumbnail","6":"product_cat-calentadores-de-agua-delta-limited-399b-899b","8":"first","9":"outofstock","10":"purchasable","11":"product-type-simple"},"brands":[],"_links":{"self":[{"href":"https:\/\/h2otek.com\/tienda\/wp-json\/wp\/v2\/product\/18294","targetHints":{"allow":["GET"]}}],"collection":[{"href":"https:\/\/h2otek.com\/tienda\/wp-json\/wp\/v2\/product"}],"about":[{"href":"https:\/\/h2otek.com\/tienda\/wp-json\/wp\/v2\/types\/product"}],"replies":[{"embeddable":true,"href":"https:\/\/h2otek.com\/tienda\/wp-json\/wp\/v2\/comments?post=18294"}],"wp:featuredmedia":[{"embeddable":true,"href":"https:\/\/h2otek.com\/tienda\/wp-json\/wp\/v2\/media\/5498"}],"wp:attachment":[{"href":"https:\/\/h2otek.com\/tienda\/wp-json\/wp\/v2\/media?parent=18294"}],"wp:term":[{"taxonomy":"pwb-brand","embeddable":true,"href":"https:\/\/h2otek.com\/tienda\/wp-json\/wp\/v2\/pwb-brand?post=18294"},{"taxonomy":"product_brand","embeddable":true,"href":"https:\/\/h2otek.com\/tienda\/wp-json\/wp\/v2\/product_brand?post=18294"},{"taxonomy":"product_cat","embeddable":true,"href":"https:\/\/h2otek.com\/tienda\/wp-json\/wp\/v2\/product_cat?post=18294"},{"taxonomy":"product_tag","embeddable":true,"href":"https:\/\/h2otek.com\/tienda\/wp-json\/wp\/v2\/product_tag?post=18294"}],"curies":[{"name":"wp","href":"https:\/\/api.w.org\/{rel}","templated":true}]}}