{"id":18291,"date":"2021-07-06T21:17:07","date_gmt":"2021-07-06T21:17:07","guid":{"rendered":"https:\/\/h2otek.com\/tienda\/producto\/deshumidificador-hvac-110v-1-fase-170-cfm-344w-marca-ebac-mod-rm40-sh\/"},"modified":"2026-01-24T17:12:07","modified_gmt":"2026-01-24T17:12:07","slug":"deshumidificador-hvac-110v-1-fase-170-cfm-344w-marca-ebac-mod-rm40-sh","status":"publish","type":"product","link":"https:\/\/h2otek.com\/tienda\/producto\/deshumidificador-hvac-110v-1-fase-170-cfm-344w-marca-ebac-mod-rm40-sh\/","title":{"rendered":"DESHUMIDIFICADOR HVAC 110V 1 FASE 170 CFM 344W MARCA EBAC MOD. RM40-SH"},"content":{"rendered":"<p align=\"center\"><img fetchpriority=\"high\" decoding=\"async\" src=\"https:\/\/h2otek.com\/tienda\/img\/cms\/controlhumedad\/ebac\/hvac\/header-deshumidificador-hvac-ebac-RM40-SH.jpg\" alt=\"\" width=\"650\" height=\"300\" \/><\/p>\n<div style=\"text-align: justify;\"><\/div>\n<div style=\"text-align: justify;\">\n<p><strong>APLICACI\u00d3N<\/strong><\/p>\n<p>La unidad compacta <strong>EIP RM40-SH<\/strong> es sorprendentemente tranquila, pero tiene las caracter\u00edsticas de muchos modelos m\u00e1s grandes. Son lo suficientemente resistentes para tiendas industriales y almacenes. Su apariencia atractiva los hace adecuados para aplicaciones en s\u00f3tanos o garajes.<\/p>\n<p><strong>CARACTER\u00cdSTICAS DE DISE\u00d1O CLAVE<\/strong><\/p>\n<p>Humidistato de control ajustable para mantener el nivel de sequedad, la caracter\u00edstica de descongelaci\u00f3n de &#8220;gas caliente&#8221; \u00fanica de EIP que derrite autom\u00e1ticamente la acumulaci\u00f3n de escarcha y proporciona un funcionamiento eficaz a bajas temperaturas ambiente.<\/p>\n<p><strong>RENDIMIENTO PROBADO<\/strong><\/p>\n<p>El deshumidificador <strong>EIP RM40-SH<\/strong> es una unidad compacta e independiente que brinda un servicio silencioso y libre de mantenimiento en ambientes extremos, sin el costo y la irritaci\u00f3n de la congelaci\u00f3n del serpent\u00edn. Esta soluci\u00f3n simple pero efectiva es ideal para un s\u00f3tano h\u00famedo o vestuarios h\u00famedos; se transporta f\u00e1cilmente al \u00e1rea problem\u00e1tica y se pone en funcionamiento silenciosamente. El drenaje por gravedad hace que la unidad sea ideal para instalaciones sin personal.<\/p>\n<p><strong>EL PROBLEMA<\/strong><\/p>\n<p>El exceso de humedad en su espacio de acceso, almac\u00e9n, f\u00e1brica de oficinas o taller provoca corrosi\u00f3n, crecimiento de moho y pudrici\u00f3n. Cada a\u00f1o se incurre en enormes costos por da\u00f1os al inventario y por costos inflados de mantenimiento de edificios como resultado de la humedad. Incluso si su edificio parece seco durante el d\u00eda, por la noche cuando baja la temperatura, la humedad aumenta y comienza el proceso de condensaci\u00f3n. El tama\u00f1o f\u00edsico compacto y el alto rendimiento hacen que el <strong>RM40-SH<\/strong> sea la opci\u00f3n ideal para muchas aplicaciones.<\/p>\n<p><strong>EL DESHUMIDIFICADOR<\/strong><\/p>\n<p>Los deshumidificadores EIPL son soluciones efectivas a los problemas de control ambiental. La unidad<strong> RM40-SH es un deshumidificador de alta capacidad\/eficiencia<\/strong>, dise\u00f1ado para operar con altas eficiencias al eliminar la humedad del aire a trav\u00e9s del proceso de refrigeraci\u00f3n. El ventilador extrae el aire h\u00famedo a trav\u00e9s de la bobina del evaporador fr\u00edo, que enfr\u00eda el aire por debajo de su punto de roc\u00edo. La humedad se forma en el serpent\u00edn del evaporador y se recoge en la bandeja de condensado y se drena. El aire enfriado luego pasa a trav\u00e9s del serpent\u00edn del condensador caliente donde se recalienta utilizando la misma energ\u00eda extra\u00edda durante la fase de enfriamiento, m\u00e1s el calor adicional generado por el compresor. Por tanto, el aire se descarga del deshumidificador a una temperatura ligeramente superior con una humedad absoluta inferior a la que entr\u00f3. La circulaci\u00f3n continua de aire a trav\u00e9s del deshumidificador reduce gradualmente la humedad relativa dentro del \u00e1rea. Debido a que el RM40-SH est\u00e1 equipado con un humidistato interno, se encienden y apagan autom\u00e1ticamente para ahorrar energ\u00eda y gastos al mantener el nivel deseado de humedad con funcionamiento intermitente. El soporte de montaje en pared adicional permite montar el RM40-SH en la pared, lo que elimina la necesidad de ocupar un espacio valioso en el piso o en el banco.<\/p>\n<\/div>\n<p><strong>C\u00d3MO TRABAJA EL DESHUMIDIFICADOR<\/strong><\/p>\n<ol>\n<li>El aire es atra\u00eddo a la unidad por un ventilador<\/li>\n<li>El aire pasa sobre una superficie fr\u00eda<\/li>\n<li>A medida que el aire se enfr\u00eda, se condensa la humedad<\/li>\n<li>El agua cae en el contenedor<\/li>\n<li>El aire es recalentado por el sistema de recuperaci\u00f3n de calor<\/li>\n<li>El aire vuelve a entrar en la habitaci\u00f3n a 2\u00b0C m\u00e1s c\u00e1lido y considerablemente m\u00e1s seco<\/li>\n<li>El sistema de descongelamiento descongela autom\u00e1ticamente la unidad seg\u00fan sea necesario<\/li>\n<li>La unidad se apaga autom\u00e1ticamente cuando el contenedor est\u00e1 lleno<\/li>\n<li>Cuando la unidad alcanza el nivel de sequedad seleccionado, se apaga autom\u00e1ticamente<\/li>\n<\/ol>\n<p>&nbsp;<\/p>\n<p style=\"text-align: center;\"><strong><img decoding=\"async\" src=\"https:\/\/h2otek.com\/tienda\/img\/cms\/controlhumedad\/deshumidificadores\/ebac\/funcion-deshumidificador-hvac-ebac-RM40.gif\" alt=\"\" width=\"599\" height=\"523\" \/><\/strong><\/p>\n<p>&nbsp;<\/p>\n<p>&nbsp;<\/p>\n<p style=\"text-align: center;\"><strong>TABLA DE ESPECIFICACIONES:<\/strong><\/p>\n<p align=\"center\"><img decoding=\"async\" src=\"https:\/\/h2otek.com\/tienda\/img\/cms\/controlhumedad\/ebac\/hvac\/especificaciones-deshumidificador-hvac-ebac-RM40-SH.gif\" alt=\"\" width=\"565\" height=\"587\" \/><\/p>\n<p><span style=\"color: #4a4a4a;\"><strong>DESCARGAR MANUALES:<\/strong><\/span><\/p>\n<ul>\n<li><strong><a href=\"https:\/\/h2otek.com\/tienda\/img\/cms\/controlhumedad\/ebac\/hvac\/FOLLETO%20DESHUMIDIFICADOR%20HVAC%20EBAC%20RM40-SH.pdf\" target=\"_blank\" rel=\"noopener\">FOLLETO<\/a><\/strong><\/li>\n<li><strong><a href=\"https:\/\/h2otek.com\/tienda\/img\/cms\/controlhumedad\/ebac\/hvac\/MANUAL%20DEL%20USUARIO%20DESHUMIDIFICADOR%20HVAC%20EBAC%20RM40-SH.pdf\" target=\"_blank\" rel=\"noopener\">MANUAL DEL USUARIO<\/a><\/strong><\/li>\n<li><strong><a href=\"https:\/\/h2otek.com\/tienda\/img\/cms\/controlhumedad\/ebac\/hvac\/DIAGRAMA%20CABLEADO%20DESHUMIDIFICADOR%20HVAC%20EBAC%20RM40-SH.pdf\" target=\"_blank\" rel=\"noopener\">DIAGRAMA DE CABLEADO<\/a><\/strong><\/li>\n<\/ul>\n<p>&nbsp;<\/p>\n<div>\n<p><strong>PRECIO INCLUYE GASTOS DE ENVIO (GRATIS) E IMPUESTO\u00a016% DE IVA<\/strong><\/p>\n<\/div>\n","protected":false},"excerpt":{"rendered":"<p><span style=\"color: #ff0000;\"><strong>PRECIO EN D\u00d3LARES US.<\/strong><\/span><\/p>\n<p><em><strong>EFICIENTE Y PRACTICO DESHUMIDIFICADOR\u00a0IDEAL PARA:<\/strong><\/em><\/p>\n<ul>\n<li><em><strong>APLICACION CON DUCTOS O EN DESCARGA LIBRE<\/strong><\/em><\/li>\n<li><em><strong>CASAS<\/strong><\/em><\/li>\n<li><em><strong>CUARTOS<\/strong><\/em><\/li>\n<li><em><strong>S\u00d3TANOS<\/strong><\/em><\/li>\n<li><em><strong>PASILLOS<\/strong><\/em><\/li>\n<li><em><strong>ESCUELAS<\/strong><\/em><\/li>\n<li><em><strong>LABORATORIOS<\/strong><\/em><\/li>\n<li><em><strong>CUARTOS DE PRUEBA<\/strong><\/em><\/li>\n<li><em><strong>CUARTOS LIMPIOS,<\/strong><\/em><em><strong>\u00a0ETC.<\/strong><\/em><\/li>\n<\/ul>\n","protected":false},"featured_media":146,"comment_status":"closed","ping_status":"closed","template":"","meta":[],"pwb-brand":[],"product_brand":[],"product_cat":[404],"product_tag":[],"class_list":{"0":"post-18291","1":"product","2":"type-product","3":"status-publish","4":"has-post-thumbnail","6":"product_cat-para-ducto-hvac","8":"first","9":"onbackorder","10":"purchasable","11":"product-type-simple"},"brands":[],"_links":{"self":[{"href":"https:\/\/h2otek.com\/tienda\/wp-json\/wp\/v2\/product\/18291","targetHints":{"allow":["GET"]}}],"collection":[{"href":"https:\/\/h2otek.com\/tienda\/wp-json\/wp\/v2\/product"}],"about":[{"href":"https:\/\/h2otek.com\/tienda\/wp-json\/wp\/v2\/types\/product"}],"replies":[{"embeddable":true,"href":"https:\/\/h2otek.com\/tienda\/wp-json\/wp\/v2\/comments?post=18291"}],"wp:featuredmedia":[{"embeddable":true,"href":"https:\/\/h2otek.com\/tienda\/wp-json\/wp\/v2\/media\/146"}],"wp:attachment":[{"href":"https:\/\/h2otek.com\/tienda\/wp-json\/wp\/v2\/media?parent=18291"}],"wp:term":[{"taxonomy":"pwb-brand","embeddable":true,"href":"https:\/\/h2otek.com\/tienda\/wp-json\/wp\/v2\/pwb-brand?post=18291"},{"taxonomy":"product_brand","embeddable":true,"href":"https:\/\/h2otek.com\/tienda\/wp-json\/wp\/v2\/product_brand?post=18291"},{"taxonomy":"product_cat","embeddable":true,"href":"https:\/\/h2otek.com\/tienda\/wp-json\/wp\/v2\/product_cat?post=18291"},{"taxonomy":"product_tag","embeddable":true,"href":"https:\/\/h2otek.com\/tienda\/wp-json\/wp\/v2\/product_tag?post=18291"}],"curies":[{"name":"wp","href":"https:\/\/api.w.org\/{rel}","templated":true}]}}