{"id":18278,"date":"2021-07-06T21:17:01","date_gmt":"2021-07-06T21:17:01","guid":{"rendered":"https:\/\/h2otek.com\/tienda\/producto\/bomba-de-accionamiento-de-polea-cerrada-4-0-gpm-230-volts-3-fases-marca-aeromist-modelo-50400-3ph-230v\/"},"modified":"2024-03-25T19:14:04","modified_gmt":"2024-03-25T19:14:04","slug":"bomba-de-accionamiento-de-polea-cerrada-4-0-gpm-230-volts-3-fases-marca-aeromist-modelo-50400-3ph-230v","status":"publish","type":"product","link":"https:\/\/h2otek.com\/tienda\/producto\/bomba-de-accionamiento-de-polea-cerrada-4-0-gpm-230-volts-3-fases-marca-aeromist-modelo-50400-3ph-230v\/","title":{"rendered":"BOMBA DE ACCIONAMIENTO DE POLEA CERRADA 4.0 GPM 230 VOLTS 3 FASES MARCA AEROMIST\u00ae MODELO 50400-3PH-230V"},"content":{"rendered":"<p style=\"text-align: center;\"><img fetchpriority=\"high\" decoding=\"async\" src=\"https:\/\/h2otek.com\/tienda\/img\/cms\/controlhumedad\/aeromist\/greenhouse-misting\/header-aeromist-bomba-cerrda-polea-50400-3PH-230V.jpg\" alt=\"\" width=\"650\" height=\"300\" \/><\/p>\n<p style=\"text-align: justify;\"><strong>BENEFICIOS:<\/strong><\/p>\n<ul>\n<li>Ahorro de energ\u00eda Servicio continuo Arranque suave Bajo nivel de ruido<\/li>\n<\/ul>\n<p>&nbsp;<\/p>\n<p style=\"text-align: justify;\"><span style=\"font-weight: bold;\">CARACTER\u00cdSTICAS:<\/span><\/p>\n<ul>\n<li><strong>Capacidad de la bomba de 1000 PSI:<\/strong><br \/>\nHasta 100 .008 boquillas de nebulizaci\u00f3n<br \/>\nHasta 60 .012 Boquillas de nebulizaci\u00f3n<br \/>\nHasta 55 .014 Boquillas de nebulizaci\u00f3n<\/li>\n<li>230 voltios\/monof\u00e1sico, 9 amperios<\/li>\n<li>Peso y dimensiones: 125 lbs; L 18&#8243; W 16&#8243; H 13&#8243;<\/li>\n<li>Caracter\u00edsticas: Motor el\u00e9ctrico TEFC de 2 HP, filtro doble, man\u00f3metro, v\u00e1lvula de drenaje, regulador ajustable, ahorro de energ\u00eda, servicio continuo, protecci\u00f3n contra sobrecarga del motor, corte por bajo nivel de agua<br \/>\n(Colector de acero inoxidable opcional de 2-4 zonas instalado de f\u00e1brica)<br \/>\n(V\u00e1lvulas solenoides opcionales para m\u00faltiples zonas de 24 VCA, 120 VCA)<\/li>\n<\/ul>\n<p><strong><br \/>\nESPECIFICACIONES:<\/strong><\/p>\n<table border=\"0\" cellspacing=\"2\" cellpadding=\"4\">\n<tbody>\n<tr>\n<td>Tipo<\/td>\n<td>Bomba de nebulizaci\u00f3n impulsada por polea<\/td>\n<\/tr>\n<tr>\n<td>HP<\/td>\n<td>5.0 HP<\/td>\n<\/tr>\n<tr>\n<td>Voltaje<\/td>\n<td>230 voltios entrada trif\u00e1sica<\/td>\n<\/tr>\n<tr>\n<td>Bomba<\/td>\n<td>Bomba GP 57064<\/td>\n<\/tr>\n<tr>\n<td>Motor el\u00e9ctrico<\/td>\n<td>Trif\u00e1sico 230 voltios ODP 1750 RPM<\/td>\n<\/tr>\n<tr>\n<td>Amperios AC<\/td>\n<td>23<\/td>\n<\/tr>\n<tr>\n<td>Hertz<\/td>\n<td>60<\/td>\n<\/tr>\n<tr>\n<td>Cable de alimentaci\u00f3n<\/td>\n<td>N\/A<\/td>\n<\/tr>\n<tr>\n<td>Flujo<\/td>\n<td>4.0 GPM<\/td>\n<\/tr>\n<tr>\n<td>Presi\u00f3n de funcionamiento<\/td>\n<td>1000 PSI\/70 Bar<\/td>\n<\/tr>\n<tr>\n<td>Capacidad de la boquilla<\/td>\n<td>N\u00famero de boquillas x Velocidad de flujo de la boquilla = GPM\/LPM<\/td>\n<\/tr>\n<tr>\n<td>Conexi\u00f3n de entrada<\/td>\n<td>3\/4&#8243; FGHT<\/td>\n<\/tr>\n<tr>\n<td>Conexi\u00f3n de salida<\/td>\n<td>3\/8&#8243; MNPT<\/td>\n<\/tr>\n<tr>\n<td>Largo<\/td>\n<td>30 pulgadas<\/td>\n<\/tr>\n<tr>\n<td>Altura<\/td>\n<td>15 pulgadas<\/td>\n<\/tr>\n<tr>\n<td>Ancho<\/td>\n<td>24 pulgadas<\/td>\n<\/tr>\n<tr>\n<td>Peso<\/td>\n<td>175 libras (79.3 kilos)<\/td>\n<\/tr>\n<tr>\n<td>Servicio<\/td>\n<td>Continuo<\/td>\n<\/tr>\n<tr>\n<td>Base de bomba<\/td>\n<td>Acabado en polvo gris<\/td>\n<\/tr>\n<tr>\n<td>Filtro<\/td>\n<td>5 micrones 10&#8242; Big Blue<\/td>\n<\/tr>\n<tr>\n<td>Capacidad del dep\u00f3sito de aceite<\/td>\n<td>31 onzas prellenado<\/td>\n<\/tr>\n<tr>\n<td>Dise\u00f1o<\/td>\n<td>Impulsado por polea, totalmente cerrado, refrigerado por ventilador<\/td>\n<\/tr>\n<tr>\n<td>Aplicaci\u00f3n<\/td>\n<td>Niebla, niebla, humidificaci\u00f3n, invernadero, supresi\u00f3n de polvo<\/td>\n<\/tr>\n<tr>\n<td>Caracter\u00edsticas<\/td>\n<td>Las bajas revoluciones por minuto de la bomba reducen el desgaste interno, reducen la temperatura de funcionamiento y reducen los requisitos de mantenimiento<\/td>\n<\/tr>\n<\/tbody>\n<\/table>\n<p style=\"text-align: left;\"><em>\u00a0<\/em><\/p>\n<p style=\"text-align: left;\"><em>12 MESES DE GARANT\u00cdA BAJO CUALQUIER DEFECTO DE FABRICACI\u00d3N<\/em><\/p>\n<p>&nbsp;<\/p>\n<p><strong><span style=\"color: #0000ff;\">DESCARGAR MANUALES:<\/span><\/strong><\/p>\n<ul>\n<li><a href=\"https:\/\/h2otek.com\/tienda\/pdf\/controlhumedad\/CATALOGO%20PRODUCTOS%20AEROMIST.pdf\" target=\"_blank\" rel=\"noopener\"><strong>CAT\u00c1LOGO PRODUCTOS AEROMIST\u00ae<\/strong><\/a><\/li>\n<li><strong><span style=\"color: #0000ff;\"><a href=\"https:\/\/h2otek.com\/tienda\/pdf\/controlhumedad\/MANUAL%20DEL%20USUARIO%20PRODUCTOS%20AEROMIST.pdf\" target=\"_blank\" rel=\"noopener\">MANUAL DEL USUARIO PRODUCTOS AEROMIST\u00ae<\/a><\/span><\/strong><\/li>\n<\/ul>\n<p>&nbsp;<\/p>\n","protected":false},"excerpt":{"rendered":"<p><span style=\"color: #ff0000;\"><strong>PRECIO\u00a0EN\u00a0D\u00d3LARES US.<br \/>\nPRECIO INCLUYE 16 % DE I.V.A.<br \/>\nPRECIO INCLUYE ENVIO (ZONA CENTRO).<\/strong><\/span><\/p>\n<p><strong><em>HUMIDIFICADORES IDEALES PARA:<\/em><\/strong><\/p>\n<ul>\n<li><em><strong>PATIOS<\/strong><\/em><\/li>\n<li><em><strong>JARDINES<\/strong><\/em><\/li>\n<li><em><strong>ESPACIOS SOCIALES<\/strong><\/em><\/li>\n<li><em><strong>ALMACENES<\/strong><\/em><\/li>\n<li><em><strong>PROCESOS<\/strong><\/em><\/li>\n<li><em><strong>LABORATORIOS<\/strong><\/em><\/li>\n<li><em><strong>CUARTOS DE PRUEBA<\/strong><\/em><\/li>\n<li><em><strong>COMERCIOS<\/strong><\/em><\/li>\n<li><em><strong>RESTAURANTES<\/strong><\/em><\/li>\n<li><em><strong>TERRAZAS<\/strong><\/em><\/li>\n<li><em><strong>INDUSTRIA EN GENERAL,\u00a0ETC.<\/strong><\/em><\/li>\n<\/ul>\n","protected":false},"featured_media":4412,"comment_status":"closed","ping_status":"closed","template":"","meta":[],"pwb-brand":[],"product_brand":[],"product_cat":[566,556],"product_tag":[],"class_list":{"0":"post-18278","1":"product","2":"type-product","3":"status-publish","4":"has-post-thumbnail","6":"product_cat-bomba-cerrada-velocidad-variable","7":"product_cat-cerrada-manejo-de-polea-1000-psi","9":"first","10":"onbackorder","11":"purchasable","12":"product-type-simple"},"brands":[],"_links":{"self":[{"href":"https:\/\/h2otek.com\/tienda\/wp-json\/wp\/v2\/product\/18278","targetHints":{"allow":["GET"]}}],"collection":[{"href":"https:\/\/h2otek.com\/tienda\/wp-json\/wp\/v2\/product"}],"about":[{"href":"https:\/\/h2otek.com\/tienda\/wp-json\/wp\/v2\/types\/product"}],"replies":[{"embeddable":true,"href":"https:\/\/h2otek.com\/tienda\/wp-json\/wp\/v2\/comments?post=18278"}],"wp:featuredmedia":[{"embeddable":true,"href":"https:\/\/h2otek.com\/tienda\/wp-json\/wp\/v2\/media\/4412"}],"wp:attachment":[{"href":"https:\/\/h2otek.com\/tienda\/wp-json\/wp\/v2\/media?parent=18278"}],"wp:term":[{"taxonomy":"pwb-brand","embeddable":true,"href":"https:\/\/h2otek.com\/tienda\/wp-json\/wp\/v2\/pwb-brand?post=18278"},{"taxonomy":"product_brand","embeddable":true,"href":"https:\/\/h2otek.com\/tienda\/wp-json\/wp\/v2\/product_brand?post=18278"},{"taxonomy":"product_cat","embeddable":true,"href":"https:\/\/h2otek.com\/tienda\/wp-json\/wp\/v2\/product_cat?post=18278"},{"taxonomy":"product_tag","embeddable":true,"href":"https:\/\/h2otek.com\/tienda\/wp-json\/wp\/v2\/product_tag?post=18278"}],"curies":[{"name":"wp","href":"https:\/\/api.w.org\/{rel}","templated":true}]}}