{"id":18255,"date":"2021-07-06T21:16:56","date_gmt":"2021-07-06T21:16:56","guid":{"rendered":"https:\/\/h2otek.com\/tienda\/producto\/deshumidificador-cap-1-3-hp-115v-marca-ebac-mod-cd-30s\/"},"modified":"2026-01-24T17:03:51","modified_gmt":"2026-01-24T17:03:51","slug":"deshumidificador-cap-1-3-hp-115v-marca-ebac-mod-cd-30s","status":"publish","type":"product","link":"https:\/\/h2otek.com\/tienda\/producto\/deshumidificador-cap-1-3-hp-115v-marca-ebac-mod-cd-30s\/","title":{"rendered":"DESHUMIDIFICADOR CAP.1\/3 HP 115V. MARCA EBAC MOD. CD30-S"},"content":{"rendered":"<p style=\"text-align: center;\"><img decoding=\"async\" src=\"https:\/\/www.h2otek.com\/tienda\/Images\/deshumidificadores\/deshumidificador-ebac-cd30.jpg\" alt=\"deshumidificador-ebac-cd30.jpg\" border=\"0\" \/><\/p>\n<p style=\"text-align: justify;\">El deshumidificador CD30 es ideal tanto para una instalaci\u00f3n permanente en la bomba de control remoto. Para uso en estaciones, galer\u00edas de tuber\u00eda, \u00e1reas de equipos electr\u00f3nicos y mec\u00e1nicos, o para el transporte r\u00e1pido entre los lugares de trabajo y las \u00e1reas problem\u00e1ticas. Usted puede confiar en esta unidad duradera para llevar a cabo fielmente, sin mantenimiento complicado o costoso tiempo de inactividad.<\/p>\n<p style=\"text-align: justify;\">\u00danico con funci\u00f3n de descongelaci\u00f3n de gas caliente que se derrite de forma autom\u00e1tica con la acumulaci\u00f3n de escarcha que ofrece un funcionamiento eficaz a bajas temperaturas.<\/p>\n<p style=\"text-align: justify;\"><strong>RENDIMIENTO COMPROBADO.<\/strong> En las condiciones de funcionamiento de 80\u00b0 F y 60% de humedad relativa (AHAM est\u00e1ndar de referencia para comparar el rendimiento de los deshumidificadores industriales), el CD30\u00a0 eliminar\u00e1 m\u00e1s de 17 pintas de vapor de agua da\u00f1ino por d\u00eda y cerca de 6 galones en ambientes severos.<\/p>\n<p style=\"text-align: justify;\">El deshumidificador Ebac CD30 tiene un desarrollo autosuficiente.<\/p>\n<p style=\"text-align: justify;\"><strong><br \/>\nAPLICACIONES:<\/strong><\/p>\n<ul style=\"text-align: justify;\">\n<li>Espacios de arrastre<\/li>\n<li>Almac\u00e9n<\/li>\n<li>S\u00f3tanos<\/li>\n<li>F\u00e1bricas<\/li>\n<li>Restauraci\u00f3n de da\u00f1os por agua<\/li>\n<li>Eventos deportivos<\/li>\n<li>\u00c1reas de almacenamiento<\/li>\n<li>Laboratorios<\/li>\n<li>Plataformas pertol\u00edferas<\/li>\n<li>Agricultura<\/li>\n<li>Cocinas<\/li>\n<li>Estaciones de bombeo<\/li>\n<li>Hotel\/Motel<\/li>\n<li>Barcos\/Barcazas<\/li>\n<\/ul>\n<p style=\"text-align: justify;\"><strong>CARACTER\u00cdSTICAS:<\/strong><\/p>\n<ul>\n<li>Encendido\/apagado (a trav\u00e9s de humidistato)<\/li>\n<li>Control electr\u00f3nico de descongelaci\u00f3n<\/li>\n<li>Descongelamiento sensible a la temperatura<\/li>\n<li>Compresor tipo alternativo<\/li>\n<li>Enchufe instalado<\/li>\n<li>Pies de goma<\/li>\n<li>Control de humidistato ajustable<\/li>\n<li>Sistema &#8220;Gas Caliente&#8221;<\/li>\n<li>Asas de transporte<\/li>\n<li>Polvo epoxy<\/li>\n<li>Gravedad de drenaje 1\/2&#8243; O\/D<\/li>\n<li>1 a\u00f1o de garantia sobre cualquier defecto de fabricaci\u00f3n<\/li>\n<\/ul>\n<p>&nbsp;<\/p>\n<p style=\"text-align: center;\"><strong>TABLA DE ESPECIFICACIONES:<\/strong><\/p>\n<div class=\"WordSection1\" style=\"text-align: center;\">\n<table class=\"MsoTableLightShadingAccent1\" style=\"margin-left: 42.55pt; border-collapse: collapse; height: 397px;\" border=\"1\" width=\"80%\" cellspacing=\"0\" cellpadding=\"0\" align=\"center\">\n<tbody>\n<tr style=\"height: 16.65pt;\">\n<td style=\"width: 50.6pt; padding: 0cm 5.4pt; height: 16.65pt;\" valign=\"top\" width=\"67\">\n<p class=\"MsoNormal\" style=\"margin-bottom: .0001pt; text-align: center; line-height: normal;\" align=\"center\"><strong><span style=\"font-size: 10pt; color: #000000;\">DESHUMIDIFICADOR \u00a0<\/span><\/strong><\/p>\n<\/td>\n<td style=\"width: 93.15pt; padding: 0cm 5.4pt; height: 16.65pt;\" valign=\"top\" width=\"124\">\n<p class=\"MsoNormal\" style=\"margin-bottom: .0001pt; line-height: normal; text-align: center;\"><strong><span style=\"color: #000000;\">\u00a0 <\/span><\/strong><strong><span style=\"font-size: 10pt; color: #000000;\">MODELO CD-30<\/span><\/strong><\/p>\n<\/td>\n<\/tr>\n<tr style=\"height: 16.65pt;\">\n<td style=\"width: 50.6pt; background: #d3dfee none repeat scroll 0% 0%; padding: 0cm 5.4pt; height: 16.65pt;\" valign=\"top\" width=\"67\">\n<p class=\"MsoNormal\" style=\"margin-bottom: .0001pt; line-height: normal;\"><strong><span style=\"font-size: 8pt;\">Altura<\/span><\/strong><\/p>\n<\/td>\n<td style=\"width: 93.15pt; background: #d3dfee none repeat scroll 0% 0%; padding: 0cm 5.4pt; height: 16.65pt;\" valign=\"top\" width=\"124\">\n<p class=\"MsoNormal\" style=\"margin-bottom: .0001pt; line-height: normal;\"><span style=\"color: #000000;\">12 pulgadas<br \/>\n<\/span><\/p>\n<\/td>\n<\/tr>\n<tr style=\"height: 16.65pt;\">\n<td style=\"width: 50.6pt; padding: 0cm 5.4pt; height: 16.65pt;\" valign=\"top\" width=\"67\">\n<p class=\"MsoNormal\" style=\"margin-bottom: .0001pt; line-height: normal;\"><strong><span style=\"font-size: 8pt;\">Ancho<\/span><\/strong><\/p>\n<\/td>\n<td style=\"width: 93.15pt; padding: 0cm 5.4pt; height: 16.65pt;\" valign=\"top\" width=\"124\">\n<p class=\"MsoNormal\" style=\"margin-bottom: .0001pt; line-height: normal;\"><span style=\"color: #000000;\">12 pulgadas<br \/>\n<\/span><\/p>\n<\/td>\n<\/tr>\n<tr style=\"height: 16.65pt;\">\n<td style=\"width: 50.6pt; background: #d3dfee none repeat scroll 0% 0%; padding: 0cm 5.4pt; height: 16.65pt;\" valign=\"top\" width=\"67\">\n<p class=\"MsoNormal\" style=\"margin-bottom: .0001pt; line-height: normal;\"><strong><span style=\"font-size: 8pt;\">Profundidad<\/span><\/strong><\/p>\n<\/td>\n<td style=\"width: 93.15pt; background: #d3dfee none repeat scroll 0% 0%; padding: 0cm 5.4pt; height: 16.65pt;\" valign=\"top\" width=\"124\">\n<p class=\"MsoNormal\" style=\"margin-bottom: .0001pt; line-height: normal;\"><span style=\"color: #000000;\">22 pulgadas<br \/>\n<\/span><\/p>\n<\/td>\n<\/tr>\n<tr style=\"height: 16.65pt;\">\n<td style=\"width: 50.6pt; padding: 0cm 5.4pt; height: 16.65pt;\" valign=\"top\" width=\"67\">\n<p class=\"MsoNormal\" style=\"margin-bottom: .0001pt; line-height: normal;\"><strong><span style=\"font-size: 8pt;\">Peso<\/span><\/strong><\/p>\n<\/td>\n<td style=\"width: 93.15pt; padding: 0cm 5.4pt; height: 16.65pt;\" valign=\"top\" width=\"124\">\n<p class=\"MsoNormal\" style=\"margin-bottom: .0001pt; line-height: normal;\"><span style=\"color: #000000;\">23 kg<\/span><\/p>\n<\/td>\n<\/tr>\n<tr style=\"height: 15.95pt;\">\n<td style=\"width: 50.6pt; background: #d3dfee none repeat scroll 0% 0%; padding: 0cm 5.4pt; height: 15.95pt;\" valign=\"top\" width=\"67\">\n<p class=\"MsoNormal\" style=\"margin-bottom: .0001pt; line-height: normal;\"><strong><span style=\"font-size: 8pt;\">Voltaje<\/span><\/strong><\/p>\n<\/td>\n<td style=\"width: 93.15pt; background: #d3dfee none repeat scroll 0% 0%; padding: 0cm 5.4pt; height: 15.95pt;\" valign=\"top\" width=\"124\">\n<p class=\"MsoNormal\" style=\"margin-bottom: .0001pt; line-height: normal;\"><span style=\"color: #000000;\">110 V<\/span><\/p>\n<\/td>\n<\/tr>\n<tr style=\"height: 16.65pt;\">\n<td style=\"width: 50.6pt; padding: 0cm 5.4pt; height: 16.65pt;\" valign=\"top\" width=\"67\">\n<p class=\"MsoNormal\" style=\"margin-bottom: .0001pt; line-height: normal;\"><strong><span style=\"font-size: 8pt;\">Fase<\/span><\/strong><\/p>\n<\/td>\n<td style=\"width: 93.15pt; padding: 0cm 5.4pt; height: 16.65pt;\" valign=\"top\" width=\"124\">\n<p class=\"MsoNormal\" style=\"margin-bottom: .0001pt; line-height: normal;\"><span style=\"color: #000000;\">1<\/span><\/p>\n<\/td>\n<\/tr>\n<tr style=\"height: 16.65pt;\">\n<td style=\"width: 50.6pt; background: #d3dfee none repeat scroll 0% 0%; padding: 0cm 5.4pt; height: 16.65pt;\" valign=\"top\" width=\"67\">\n<p class=\"MsoNormal\" style=\"margin-bottom: .0001pt; line-height: normal;\"><strong><span style=\"font-size: 8pt;\">Frecuencia<\/span><\/strong><\/p>\n<\/td>\n<td style=\"width: 93.15pt; background: #d3dfee none repeat scroll 0% 0%; padding: 0cm 5.4pt; height: 16.65pt;\" valign=\"top\" width=\"124\">\n<p class=\"MsoNormal\" style=\"margin-bottom: .0001pt; line-height: normal;\"><span style=\"color: #000000;\">60 Hz<\/span><\/p>\n<\/td>\n<\/tr>\n<tr style=\"height: 16.65pt;\">\n<td style=\"width: 50.6pt; padding: 0cm 5.4pt; height: 16.65pt;\" valign=\"top\" width=\"67\">\n<p class=\"MsoNormal\" style=\"margin-bottom: .0001pt; line-height: normal;\"><strong><span style=\"font-size: 8pt;\">Corriente<\/span><\/strong><\/p>\n<\/td>\n<td style=\"width: 93.15pt; padding: 0cm 5.4pt; height: 16.65pt;\" valign=\"top\" width=\"124\">\n<p class=\"MsoNormal\" style=\"margin-bottom: .0001pt; line-height: normal;\"><span style=\"color: #000000;\">4 A<\/span><\/p>\n<\/td>\n<\/tr>\n<tr style=\"height: 16.65pt;\">\n<td style=\"width: 50.6pt; background: #d3dfee none repeat scroll 0% 0%; padding: 0cm 5.4pt; height: 16.65pt;\" valign=\"top\" width=\"67\">\n<p class=\"MsoNormal\" style=\"margin-bottom: .0001pt; line-height: normal;\"><strong><span style=\"font-size: 8pt;\">Potencia<\/span><\/strong><\/p>\n<\/td>\n<td style=\"width: 93.15pt; background: #d3dfee none repeat scroll 0% 0%; padding: 0cm 5.4pt; height: 16.65pt;\" valign=\"top\" width=\"124\">\n<p class=\"MsoNormal\" style=\"margin-bottom: .0001pt; line-height: normal;\"><span style=\"color: #000000;\">480 W<\/span><\/p>\n<\/td>\n<\/tr>\n<tr style=\"height: 16.65pt;\">\n<td style=\"width: 50.6pt; padding: 0cm 5.4pt; height: 16.65pt;\" valign=\"top\" width=\"67\">\n<p class=\"MsoNormal\" style=\"margin-bottom: .0001pt; line-height: normal;\"><strong><span style=\"font-size: 8pt;\">Flujo de aire<\/span><\/strong><\/p>\n<\/td>\n<td style=\"width: 93.15pt; padding: 0cm 5.4pt; height: 16.65pt;\" valign=\"top\" width=\"124\">\n<p class=\"MsoNormal\" style=\"margin-bottom: .0001pt; line-height: normal;\"><span style=\"color: #000000;\">287m3\/<span class=\"SpellE\">hr<\/span><\/span><\/p>\n<\/td>\n<\/tr>\n<tr style=\"height: 16.65pt;\">\n<td style=\"width: 50.6pt; background: #d3dfee none repeat scroll 0% 0%; padding: 0cm 5.4pt; height: 16.65pt;\" valign=\"top\" width=\"67\">\n<p class=\"MsoNormal\" style=\"margin-bottom: .0001pt; line-height: normal;\"><strong><span style=\"font-size: 8pt;\">Nivel de ruido<\/span><\/strong><\/p>\n<\/td>\n<td style=\"width: 93.15pt; background: #d3dfee none repeat scroll 0% 0%; padding: 0cm 5.4pt; height: 16.65pt;\" valign=\"top\" width=\"124\">\n<p class=\"MsoNormal\" style=\"margin-bottom: .0001pt; line-height: normal;\"><span style=\"color: #000000;\">47 <span class=\"SpellE\">dba<\/span><\/span><\/p>\n<\/td>\n<\/tr>\n<tr style=\"height: 16.65pt;\">\n<td style=\"width: 50.6pt; padding: 0cm 5.4pt; height: 16.65pt;\" valign=\"top\" width=\"67\">\n<p class=\"MsoNormal\" style=\"margin-bottom: .0001pt; line-height: normal;\"><strong><span style=\"font-size: 8pt;\">Refrigerante<\/span><\/strong><\/p>\n<\/td>\n<td style=\"width: 93.15pt; padding: 0cm 5.4pt; height: 16.65pt;\" valign=\"top\" width=\"124\">\n<p class=\"MsoNormal\" style=\"margin-bottom: .0001pt; line-height: normal;\"><span style=\"color: #000000;\">R134a<\/span><\/p>\n<\/td>\n<\/tr>\n<tr style=\"height: 16.65pt;\">\n<td style=\"width: 50.6pt; background: #d3dfee none repeat scroll 0% 0%; padding: 0cm 5.4pt; height: 16.65pt;\" valign=\"top\" width=\"67\">\n<p class=\"MsoNormal\" style=\"margin-bottom: .0001pt; line-height: normal;\"><span class=\"SpellE\"><strong><span style=\"font-size: 8pt;\">Vol\u00famen efectivo<\/span><\/strong><\/span><strong><span style=\"font-size: 8pt; color: #000000;\"><br \/>\n<\/span><\/strong><\/p>\n<\/td>\n<td style=\"width: 93.15pt; background: #d3dfee none repeat scroll 0% 0%; padding: 0cm 5.4pt; height: 16.65pt;\" valign=\"top\" width=\"124\">\n<p class=\"MsoNormal\" style=\"margin-bottom: .0001pt; line-height: normal;\"><span style=\"color: #000000;\">3000 cu.ft (85 m3)<\/span><\/p>\n<\/td>\n<\/tr>\n<tr style=\"height: 16.65pt;\">\n<td style=\"width: 50.6pt; padding: 0cm 5.4pt; height: 16.65pt;\" valign=\"top\" width=\"67\">\n<p class=\"MsoNormal\" style=\"margin-bottom: .0001pt; line-height: normal;\"><strong><span style=\"font-size: 8pt;\">T\u00edpico de extracci\u00f3n<\/span><\/strong><\/p>\n<\/td>\n<td style=\"width: 93.15pt; padding: 0cm 5.4pt; height: 16.65pt;\" valign=\"top\" width=\"124\">\n<p class=\"MsoNormal\" style=\"margin-bottom: .0001pt; line-height: normal;\"><span style=\"color: #000000;\">17 <span class=\"SpellE\">ppd<\/span><\/span><\/p>\n<\/td>\n<\/tr>\n<tr style=\"height: 16.65pt;\">\n<td style=\"width: 50.6pt; background: #d3dfee none repeat scroll 0% 0%; padding: 0cm 5.4pt; height: 16.65pt;\" valign=\"top\" width=\"67\">\n<p class=\"MsoNormal\" style=\"margin-bottom: .0001pt; line-height: normal;\"><strong><span style=\"font-size: 8pt;\">Temperatura m\u00ednima de <span class=\"SpellE\">funcionamento<\/span><\/span><\/strong><\/p>\n<\/td>\n<td style=\"width: 93.15pt; background: #d3dfee none repeat scroll 0% 0%; padding: 0cm 5.4pt; height: 16.65pt;\" valign=\"top\" width=\"124\">\n<p class=\"MsoNormal\" style=\"margin-bottom: .0001pt; line-height: normal;\"><span style=\"color: #000000;\">1\u00ba C<\/span><\/p>\n<\/td>\n<\/tr>\n<tr style=\"height: 16.65pt;\">\n<td style=\"width: 50.6pt; padding: 0cm 5.4pt; height: 16.65pt;\" valign=\"top\" width=\"67\">\n<p class=\"MsoNormal\" style=\"margin-bottom: .0001pt; line-height: normal;\"><strong><span style=\"font-size: 8pt;\">Temperatura m\u00e1xima de funcionamiento<\/span><\/strong><\/p>\n<\/td>\n<td style=\"width: 93.15pt; padding: 0cm 5.4pt; height: 16.65pt;\" valign=\"top\" width=\"124\">\n<p class=\"MsoNormal\" style=\"margin-bottom: .0001pt; line-height: normal;\"><span style=\"color: #000000;\">35\u00ba C<\/span><\/p>\n<\/td>\n<\/tr>\n<\/tbody>\n<\/table>\n<p>&nbsp;<\/p>\n<p class=\"MsoNormal\" style=\"text-align: justify;\">Los deshumidificadores EIPL son soluciones eficaces a problemas de control ambiental. Los rangos de las unidades de CD son de alta deshumidificadores capacidad, hechos para funcionar a una alta eficiencia mediante la eliminaci\u00f3n de la humedad del aire a trav\u00e9s de la proceso de refrigeraci\u00f3n. El ventilador aspira el aire h\u00famedo a trav\u00e9s del evaporador fr\u00edo, que enfr\u00eda el aire por debajo de su punto de roc\u00edo. Se acumula humedad en el evaporador y se recoge en la bandeja de condensados, que est\u00e1 equipado con una bomba interna de condensaci\u00f3n para una f\u00e1cil extracci\u00f3n de la humedad recogida. El aire fr\u00edo pasa por el serpent\u00edn del condensador caliente donde se recalienta con la misma energ\u00eda que elimina durante la fase de enfriamiento, as\u00ed como el calor adicional generado por el compresor. El aire es, por lo tanto, dado de alta del deshumidificador en un nivel ligeramente una temperatura m\u00e1s alta, con una humedad absoluta m\u00e1s baja que la que entr\u00f3. Continua circulando el aire a trav\u00e9s del deshumidificador que reduce gradualmente la humedad relativa dentro del \u00e1rea.<\/p>\n<p class=\"MsoNormal\" style=\"text-align: justify;\">Debido a que los rangos de CD de las unidades est\u00e1n equipadas con un higrostato interno, autom\u00e1ticamente se encienden y se apagan para ahorrar energ\u00eda y dinero por parte mantener el nivel deseado de humedad con funcionamiento intermitente. Las caracter\u00edsticas adicionales de la CD30E que la unidad de la elecci\u00f3n ideal para instalaciones donde se requiere la monitorizaci\u00f3n remota. El higrostato de alarma se puede ajustar y preestablecidos durante el proceso de instalaci\u00f3n y proporcionar los medios de identificaci\u00f3n de una condici\u00f3n de alta humedad. Este unidad tambi\u00e9n se suministra con un soporte de pared soporte y el kit de instalaci\u00f3n.<\/p>\n<\/div>\n<p>&nbsp;<\/p>\n<p style=\"text-align: center;\"><strong>FUNCIONAMIENTO:<\/strong><\/p>\n<p style=\"text-align: center;\"><img fetchpriority=\"high\" decoding=\"async\" src=\"https:\/\/www.h2otek.com\/tienda\/Images\/deshumidificadores\/funcionamientodc30.jpg\" alt=\"funcionamientodc30.jpg\" width=\"312\" height=\"287\" border=\"0\" \/><\/p>\n<ol>\n<li>El aire es extra\u00eddo en la unidad por un ventilador<\/li>\n<li>El aire pasa sobre una superficie fr\u00eda<\/li>\n<li>A medida que el aire se enfr\u00eda, se condensa la humedad<\/li>\n<li>El agua cae en el recipiente<\/li>\n<li>El aire es de nuevo calentado por\u00a0 la recuperaci\u00f3n del sistema<\/li>\n<li>El aire pasa a la habitaci\u00f3n de 2\u00b0 C mucho m\u00e1s c\u00e1lido y seco<\/li>\n<li>Descongelamiento: el sistema autom\u00e1ticamente descongela la unidad si es necesario<\/li>\n<li>Unidad: se apaga autom\u00e1ticamente cuando el contenedor est\u00e1 lleno<\/li>\n<li>Cuando la unidad alcanza determinado nivel de sequedad se apaga autom\u00e1ticamente<\/li>\n<\/ol>\n<p>&nbsp;<\/p>\n<p>&nbsp;<\/p>\n<p><strong>DESCARGAR MANUALES:<\/strong><\/p>\n<ul>\n<li><strong><a href=\"https:\/\/h2otek.com\/tienda\/pdf\/controlhumedad\/ebac\/ESPECIFICACIONES%20DESHUMIDIFICADOR%20EBAC%20CD30-S.pdf\" target=\"_blank\" rel=\"noopener\">ESPECIFICACIONES<\/a><br \/>\n<\/strong><\/li>\n<li><strong><a href=\"https:\/\/h2otek.com\/tienda\/pdf\/controlhumedad\/ebac\/MANUAL%20DEL%20USUARIO%20DESHUMIDIFICADOR%20EBAC%20CD30-S.pdf\" target=\"_blank\" rel=\"noopener\">MANUAL DEL USUARIO<\/a><br \/>\n<\/strong><\/li>\n<li><strong><a href=\"http:\/\/www.h2otek.com\/tienda\/pdf\/controlhumedad\/ESQUEMA_DE_CABLEADO_DESHUMIDIFICADOR_DESECANTE_EBAC.pdf\" target=\"_blank\" rel=\"noopener\">ESQUEMA DE CABLEADO<\/a><\/strong><\/li>\n<\/ul>\n<div><\/div>\n<div><\/div>\n<p><strong>PRECIOS INCLUYE GASTOS DE ENVIO (GRATIS) E IMPUESTO 16% DE IVA<\/strong><\/p>\n","protected":false},"excerpt":{"rendered":"<p><span style=\"color: #ff0000;\"><strong>PRECIO EN D\u00d3LARES US.<\/strong><\/span><\/p>\n<p style=\"text-align: left;\"><span style=\"color: #000000;\"><em><span style=\"font-size: small;\"><strong>IDEALES PARA LOS ESPACIOS DE:<\/strong><\/span><\/em><\/span><\/p>\n<ul>\n<li><span style=\"color: #000000;\"><em><span style=\"font-size: small;\"><strong> ALMACEN<\/strong><\/span><\/em><\/span><\/li>\n<li><span style=\"color: #000000;\"><em><span style=\"font-size: small;\"><strong>S\u00d3TANOS<\/strong><\/span><\/em><\/span><\/li>\n<li><span style=\"color: #000000;\"><em><span style=\"font-size: small;\"><strong>F\u00c1BRICAS<\/strong><\/span><\/em><\/span><\/li>\n<li><span style=\"color: #000000;\"><em><span style=\"font-size: small;\"><strong>RESTAURACI\u00d3N DE DA\u00d1OS<\/strong><\/span><\/em><\/span><\/li>\n<li><span style=\"color: #000000;\"><em><span style=\"font-size: small;\"><strong>PABELLONES DEPORTIV<\/strong><\/span><span style=\"font-size: small;\"><strong>OS<\/strong><\/span><\/em><\/span><\/li>\n<li><span style=\"color: #000000;\"><em><span style=\"font-size: small;\"><strong>\u00c1REAS DE ALMACENAMIENTO<\/strong><\/span><\/em><\/span><\/li>\n<li><span style=\"color: #000000;\"><em><span style=\"font-size: small;\"><strong>LABORATORIOS<\/strong><\/span><\/em><\/span><\/li>\n<li><span style=\"color: #000000;\"><em><span style=\"font-size: small;\"><strong>ETC.<\/strong><\/span><\/em><\/span><\/li>\n<\/ul>\n<p style=\"text-align: left;\"><span style=\"font-size: small; color: #000000;\"><em><strong>\u00a0<\/strong><\/em><\/span><\/p>\n","protected":false},"featured_media":3678,"comment_status":"closed","ping_status":"closed","template":"","meta":[],"pwb-brand":[],"product_brand":[],"product_cat":[447],"product_tag":[],"class_list":{"0":"post-18255","1":"product","2":"type-product","3":"status-publish","4":"has-post-thumbnail","6":"product_cat-estacionarios","8":"first","9":"onbackorder","10":"purchasable","11":"product-type-simple"},"brands":[],"_links":{"self":[{"href":"https:\/\/h2otek.com\/tienda\/wp-json\/wp\/v2\/product\/18255","targetHints":{"allow":["GET"]}}],"collection":[{"href":"https:\/\/h2otek.com\/tienda\/wp-json\/wp\/v2\/product"}],"about":[{"href":"https:\/\/h2otek.com\/tienda\/wp-json\/wp\/v2\/types\/product"}],"replies":[{"embeddable":true,"href":"https:\/\/h2otek.com\/tienda\/wp-json\/wp\/v2\/comments?post=18255"}],"wp:featuredmedia":[{"embeddable":true,"href":"https:\/\/h2otek.com\/tienda\/wp-json\/wp\/v2\/media\/3678"}],"wp:attachment":[{"href":"https:\/\/h2otek.com\/tienda\/wp-json\/wp\/v2\/media?parent=18255"}],"wp:term":[{"taxonomy":"pwb-brand","embeddable":true,"href":"https:\/\/h2otek.com\/tienda\/wp-json\/wp\/v2\/pwb-brand?post=18255"},{"taxonomy":"product_brand","embeddable":true,"href":"https:\/\/h2otek.com\/tienda\/wp-json\/wp\/v2\/product_brand?post=18255"},{"taxonomy":"product_cat","embeddable":true,"href":"https:\/\/h2otek.com\/tienda\/wp-json\/wp\/v2\/product_cat?post=18255"},{"taxonomy":"product_tag","embeddable":true,"href":"https:\/\/h2otek.com\/tienda\/wp-json\/wp\/v2\/product_tag?post=18255"}],"curies":[{"name":"wp","href":"https:\/\/api.w.org\/{rel}","templated":true}]}}