{"id":18223,"date":"2021-07-06T21:16:45","date_gmt":"2021-07-06T21:16:45","guid":{"rendered":"https:\/\/h2otek.com\/tienda\/producto\/boiler-calentador-de-agua-raypak-cap-2500000-btu-a-gas-de-condensacion-linea-domestica-xtherm-raypak-mod-wh7-2505\/"},"modified":"2023-03-08T01:09:51","modified_gmt":"2023-03-08T01:09:51","slug":"boiler-calentador-de-agua-raypak-cap-2500000-btu-a-gas-de-condensacion-linea-domestica-xtherm-raypak-mod-wh7-2505","status":"publish","type":"product","link":"https:\/\/h2otek.com\/tienda\/producto\/boiler-calentador-de-agua-raypak-cap-2500000-btu-a-gas-de-condensacion-linea-domestica-xtherm-raypak-mod-wh7-2505\/","title":{"rendered":"BOILER-CALENTADOR DE AGUA RAYPAK CAP. 2,500,000 BTU A GAS DE CONDENSACI\u00d3N L\u00cdNEA DOM\u00c9STICA XTHERM RAYPAK MOD. WH7-2505"},"content":{"rendered":"<p style=\"text-align: center;\"><img fetchpriority=\"high\" decoding=\"async\" src=\"https:\/\/h2otek.com\/tienda\/img\/cms\/aguacaliente\/raypak\/xtherm\/header-raypak-xtherm-WH7-2505.jpg\" alt=\"\" width=\"650\" height=\"329\" \/><\/p>\n<p style=\"text-align: justify;\">El nuevo\u00a0<strong>XTherm &#8211; calentador de condensaci\u00f3n de modulaci\u00f3n vertical<\/strong>\u00a0en tama\u00f1os de 4000 MBTU. XTherm combina la tecnolog\u00eda de aletas de cobre de alta recuperaci\u00f3n de larga tradici\u00f3n con control de vanguardia y avances en la combusti\u00f3n. El instalador y el propietario del edificio disfrutan de una amplia flexibilidad de instalaci\u00f3n, f\u00e1cil puesta en marcha y fiabilidad a largo plazo.<\/p>\n<p style=\"text-align: justify;\"><span style=\"font-size: small; color: #003300;\"><strong>La siguiente generaci\u00f3n de Calentadores por Condensaci\u00f3n de Raypak<\/strong><\/span><\/p>\n<p style=\"text-align: justify;\">Tecnolog\u00edas consagradas por el tiempo se unen con avances de primera l\u00ednea en el nuevo calentador vertical XTherm de Raypak. Nunca antes un calentador vertical proporciono a ambos: instalador y constructor de piscinas, tal flexibilidad de instalaci\u00f3n, eficiencia, as\u00ed como confiabilidad y desempe\u00f1o a largo plazo. Un lugar estrecho, no es un problema. El XTherm requiere uno de los m\u00e1s peque\u00f1os espacios de instalaci\u00f3n sobre cualquier calentador vertical por condensaci\u00f3n. Nuestro dise\u00f1o compacto lo hace la elecci\u00f3n perfecta para esos duros proyectos de modernizaci\u00f3n dif\u00edciles de lograr. El XTherm de Raypak est\u00e1 constru\u00eddo con componentes y materiales de grado comercial. Desde nuestra base del canal de acero a nuestra sobrecubierta del tubo de chimenea de acero inoxidable y el intercambiador de calor por condensaci\u00f3n, usted puede decir que el XTherm se construye para durar. Es f\u00e1cil de manejar e instalar, pero a\u00fan as\u00ed amigable con el usuario en el servicio. Ahora es el momento perfecto para echar un vistazo m\u00e1s de cerca a Raypak.<\/p>\n<div style=\"text-align: justify;\">\n<p><strong>El nuevo XTherm<\/strong> &#8211; calentador de condensaci\u00f3n de modulaci\u00f3n vertical en tama\u00f1os de 4000 MBTU. XTherm combina la tecnolog\u00eda de aletas de cobre de alta recuperaci\u00f3n con un control de vanguardia y avances en la combusti\u00f3n. El instalador y el propietario del edificio disfrutan de una amplia flexibilidad de instalaci\u00f3n, f\u00e1cil puesta en marcha, \u00f3ptima estacionalidad y fiabilidad a largo plazo.<\/p>\n<\/div>\n<div style=\"text-align: justify;\">\n<p>Ahorra espacios en proyectos donde las \u00e1reas son reducidas. Construido para durar, con construcci\u00f3n de grado industrial y facilidad de uso. El apagado extremo del quemador produce hasta 99% de eficiencia a fuego bajo cuando es m\u00e1s necesario. Ahora es el momento de echar un vistazo a XTherm de Raypak.<\/p>\n<\/div>\n<div style=\"text-align: justify;\">\n<p>Los productos XTherm toman en serio sus trabajos. En el exterior el gabinete de acero revestido de polvo muscular proporciona proporciones limpias con un dise\u00f1o fuerte, incomparable resistente a las inclemencias del tiempo. Una mirada en el interior revela el dise\u00f1o h\u00edbrido del sistema del intercambiador de calor de XTherm. Nuestro intercambiador de calor principal de cobre apilado verticalmente y robusto ofrece una eficiencia m\u00e1xima sin condensaci\u00f3n que funciona perfectamente con nuestro intercambiador de calor secundario comercial de grado comercial de \u00faltima generaci\u00f3n. La m\u00e1xima sinergia se mantiene a trav\u00e9s de todo el sistema de intercambio de calor XTherm con el probado sistema de protecci\u00f3n de agua fr\u00eda Raypak, un enfoque de dise\u00f1o probado que asegura que el XTherm est\u00e1 construido para los d\u00edas m\u00e1s largos de trabajo, ahorrando la m\u00e1xima cantidad de energ\u00eda cada vez que es usado.<\/p>\n<\/div>\n<div style=\"text-align: justify;\">Las unidades de paquete de control VERSA-IC Pantalla t\u00e1ctil de 7&#8243; proporciona una interfaz f\u00e1cil para la programaci\u00f3n y supervisi\u00f3n de control mientras monitorea continuamente la unidad para aver\u00edas y par\u00e1metros de operaci\u00f3n apropiados.<\/div>\n<p>&nbsp;<\/p>\n<p style=\"text-align: center;\"><strong>PARTES<\/strong><\/p>\n<p style=\"text-align: center;\"><img decoding=\"async\" src=\"https:\/\/www.h2otek.com\/tienda\/Images\/boilers\/raypak\/partes-raypak-xtherm.jpg\" alt=\"\" border=\"0\" \/><\/p>\n<ol>\n<li style=\"text-align: justify;\"><strong>Terminal de cableado de baja tensi\u00f3n<\/strong> En la parte delantera y de f\u00e1cil acceso. Hace sencillo y limpio el cableado del sensor y el cableado del BMS.<\/li>\n<li style=\"text-align: justify;\"><strong>Centro de diagn\u00f3stico en el tablero <\/strong>Equipo est\u00e1ndar montado de f\u00e1brica. Ofrece servicio de informaci\u00f3n pertinente, as\u00ed como las posibles soluciones para solucionar el fallo. Todos en ingl\u00e9s sencillo, ning\u00fan c\u00f3digo secreto a descifrar. El control tambi\u00e9n almacena hasta 16 c\u00f3digos de falla en su archivo de historia para que el t\u00e9cnico de servicio pueda revisarlo.<\/li>\n<li style=\"text-align: justify;\"><strong>Modo controlador con rastreador de temperatura.<\/strong> Equipo est\u00e1ndar en el XTherm. Este control de multifunci\u00f3n instalado de f\u00e1brica da control preciso de la temperatura con modo de display seleccionables que son f\u00e1ciles de acceder y de leer.<\/li>\n<li style=\"text-align: justify;\"><strong>Ventilador de aire de combusti\u00f3n<\/strong> Construcci\u00f3n en aluminio fundido que no produce chispas. El ventilador de tecnolog\u00eda avanzada y de velocidad de variable es controlado por el Modo Rastreo de Temperatura y funciona en suave armon\u00eda con la v\u00e1lvula principal del gas.<\/li>\n<li style=\"text-align: justify;\"><strong>V\u00e1lvula de gas Dungs<\/strong> El XTherm usa una v\u00e1lvula principal de gas de avanzada tecnolog\u00eda confeccionada en Alemania. Esta v\u00e1lvula de gas de precisi\u00f3n funciona al un\u00edsono con el abanico de aire de combusti\u00f3n. El resultado es ligero y suave como la seda.<\/li>\n<li style=\"text-align: justify;\"><strong>Interruptor de flujo<\/strong> Monitorea el flujo de agua y provee un apagado seguro si la corriente de agua desciende por debajo del m\u00ednimo requerido.<\/li>\n<li style=\"text-align: justify;\"><strong>Interruptor de presi\u00f3n de la ventilaci\u00f3n<\/strong> Monitorea la presi\u00f3n de la ventilaci\u00f3n y provee un apagado seguro si la contrapresi\u00f3n es excesiva.<\/li>\n<li style=\"text-align: justify;\"><strong>Conexi\u00f3n de entrada del gas<\/strong> El XTherm operar\u00e1 en un rango de 100 % completo con presiones del gas tan bajas como de 4.0\u201d w.c<\/li>\n<li style=\"text-align: justify;\"><strong>Salida de agua\u00a0<\/strong><\/li>\n<li style=\"text-align: justify;\"><strong>Bomba del calentador<\/strong> A veces denominada la bomba primaria. Esta bomba de una velocidad mantiene flujo constante a trav\u00e9s del intercambiador de calor primario.<\/li>\n<li style=\"text-align: justify;\"><strong>Toma de agua<\/strong> El XTherm puede aceptar en la toma de agua una temperatura continua de 10 \u00b0C<\/li>\n<li style=\"text-align: justify;\"><strong>Bomba para correr agua fr\u00eda<\/strong> El XTherm viene de f\u00e1brica equipado con un sistema para correr agua fr\u00eda. Este sistema avanzado de control de agua mantiene la temperatura del agua de la conexi\u00f3n de entrada al intercambiador de calor primario por encima de 50 \u00b0C, sin tener en cuenta la temperatura del agua entrante. Constantemente auto ajusta y regula el flujo del agua de entrada, manteniendo un constante \u2206 T en el intercambiador de calor.<\/li>\n<li style=\"text-align: justify;\"><strong>Salida de la chimenea <\/strong>La conexi\u00f3n de salida del tubo de chimenea de acero inoxidable es compatible con el conducto de ventilaci\u00f3n AL29-4C, de PVC o CPVC y puede ser usado en conjunci\u00f3n con la opci\u00f3n del respiradero D-32 en el XTherm. Dram\u00e1ticamente reduzca sus costos de instalaci\u00f3n usando estos materiales no met\u00e1licos en el conducto de ventilaci\u00f3n.<\/li>\n<li style=\"text-align: justify;\"><strong>Intercambiador de calor secundario de acero inoxidable<\/strong> Recobra el calor desperdiciado para fomentar la eficiencia a 97 %. El XTherm utiliza un intercambiador de calor de condensaci\u00f3n de acero inoxidable de alta calidad. Esto le permite que la condensaci\u00f3n corrosiva de la combusti\u00f3n sea recolectada con seguridad sin da\u00f1ar al calentador. Hay una conexi\u00f3n de eliminaci\u00f3n para la condensaci\u00f3n en la parte de atr\u00e1s del calentador. El XTherm es tambi\u00e9n equipado con un interruptor que detectar\u00e1 el bloqueo de un dren por condensaci\u00f3n, lo cual protege el calentador.<\/li>\n<li style=\"text-align: justify;\"><strong>Intercambiador de calor primario vertical<\/strong> Intercambiador de calor cil\u00edndrico multi paso, capta toda la energ\u00eda radiante, eliminando la necesidad de material refractario pesado.<\/li>\n<li style=\"text-align: justify;\"><strong>V\u00e1lvula de dren <\/strong>Una de dos v\u00e1lvulas de purga localizadas al pie del intercambiador de calor. Una tercera v\u00e1lvula de purga est\u00e1 ubicada en el intercambiador de calor de condensaci\u00f3n. Esto permite una completo preparaci\u00f3n para el invierno y el desag\u00fce del calentador.<\/li>\n<li style=\"text-align: justify;\"><strong>Puerto de inspecci\u00f3n <\/strong>Permite una f\u00e1cil inspecci\u00f3n del quemador.<\/li>\n<li style=\"text-align: justify;\"><strong>Cubierta resistente a la intemperie<\/strong> Acero galvanizado de calibre grueso con un recubrimiento de polvo Polytuf resistente a rayos UV impermeable al clima y la corrosi\u00f3n. El revestimiento Polytuf pasa las 1000 horas de ensayo de niebla salina (ASTM B117).<\/li>\n<\/ol>\n<p>&nbsp;<\/p>\n<p><strong>CARACTER\u00cdSTICAS:<\/strong><\/p>\n<ul>\n<li>97% de eficiencia. Condensaci\u00f3n, requiere ventilaci\u00f3n Cat IV.<\/li>\n<li>Cabezales de lat\u00f3n con intercambiador de calor primario de tubos de aletas de cobre.<\/li>\n<li>Tubos Cupro-n\u00edquel disponibles como opciones. Certificado de plomo bajo CSA 5.25% de plomo<\/li>\n<li>Temperatura de entrada de agua m\u00ednima continua (50\u00b0 F)<\/li>\n<li>V\u00e1lvula de gas modulante electr\u00f3nica y quemador, hasta 12.5: 1<\/li>\n<li>Centro de diagn\u00f3stico a bordo, ingl\u00e9s real, sin c\u00f3digos<\/li>\n<li>Todos los modelos de construcci\u00f3n para uso interior\/exterior<\/li>\n<li>El gabinete completo protege todos los controles y el cableado<\/li>\n<li>Certificado bajo BAA!MD regla 7 \u2013 LowNOx<\/li>\n<li>Adecuado para altitudes de hasta 10,000 pies (rango sobre 5.000 pies)<\/li>\n<li>Se requiere tuber\u00eda primaria-secundaria.<\/li>\n<li>0-10 VDC Intervalo de consigna remoto BMS<\/li>\n<li>0-10 VDC de impulsi\u00f3n directa<\/li>\n<li>Disponible para gas natural o propano.<\/li>\n<li>Paquete de control VERSA IC\u00ae con funci\u00f3n exterior incorporado. Pantalla t\u00e1ctil de 7&#8243;, incluyendo sensor del sistema, sensor indirecto y sensor de suministro indirecto.<\/li>\n<li>Funci\u00f3n incorporada de la cascada para hasta 4 calentadores.<\/li>\n<li>Puerto Modbus\u00ae RTU (RS485).<\/li>\n<\/ul>\n<p><strong>OPCIONES:<\/strong><\/p>\n<ul>\n<li>BACNet IP, BACnet MS \/ TP, Modbus TCP, N2 Metasys (B-85)<\/li>\n<li>Lonworks (B-86)<\/li>\n<li>Alarma con campana de 4&#8243; (E-5)<\/li>\n<li>Corte de agua baja (F-10)<\/li>\n<li>Neutralizador de Condensado (Z-12)<\/li>\n<\/ul>\n<p>&nbsp;<\/p>\n<div style=\"text-align: center;\">\n<p><strong>DIMENSIONES Y TABLA DE ESPECIFICACIONES:<\/strong><\/p>\n<p><img decoding=\"async\" src=\"https:\/\/h2otek.com\/tienda\/img\/cms\/aguacaliente\/raypak\/xtherm\/especificaciones-raypak-xtherm-WH7-2505.gif\" alt=\"\" width=\"650\" height=\"550\" \/><\/p>\n<\/div>\n<div style=\"text-align: center;\">\n<p><img decoding=\"async\" src=\"https:\/\/h2otek.com\/tienda\/img\/cms\/aguacaliente\/raypak\/xtherm\/dimensiones-raypak-xtherm.jpg\" alt=\"\" width=\"650\" height=\"297\" \/><\/p>\n<p><strong>TABLA DE RECUPERACI\u00d3N<\/strong><\/p>\n<p><img loading=\"lazy\" decoding=\"async\" src=\"https:\/\/h2otek.com\/tienda\/img\/cms\/aguacaliente\/raypak\/xtherm\/recuperacion-raypak-xtherm-WH7-2505.gif\" alt=\"\" width=\"650\" height=\"181\" \/><\/p>\n<\/div>\n<p style=\"text-align: justify;\"><strong>F\u00f3rmula de Dimensionamiento <\/strong><\/p>\n<p style=\"text-align: justify;\">BTUH DE SALIDA REQUERIDOS =<\/p>\n<p style=\"text-align: center;\"><img decoding=\"async\" src=\"https:\/\/www.h2otek.com\/tienda\/Images\/boilers\/raypak\/formula-raypak-xtherm.jpg\" alt=\"\" border=\"0\" \/><\/p>\n<p style=\"text-align: justify;\">Donde existen condiciones de vientos fuertes, seleccione un tama\u00f1o m\u00e1s grande que el determinado por la f\u00f3rmula.<\/p>\n<p style=\"text-align: center;\"><strong>PORCENTAJE DE DISPARO<\/strong><\/p>\n<p><img loading=\"lazy\" decoding=\"async\" src=\"https:\/\/h2otek.com\/tienda\/img\/cms\/aguacaliente\/raypak\/xtherm\/disparo-raypak-xtherm-WH7-2505.jpg\" alt=\"\" width=\"600\" height=\"347\" \/><\/p>\n<p style=\"text-align: justify;\"><strong>Cascada hasta 4 calderas<\/strong><br \/>\n<strong> \u00a1Entregue hasta 14 millones de BTU a una tarifa de 50: 1! <\/strong><strong>O 16MMBTU a las 28: 1<\/strong><\/p>\n<p>El XTherm viene de serie con un Control de caldera en cascada incorporado. No hay otros controles para comprar, s\u00f3lo encadenar las unidades junto con cable blindado de 2 hilos (no suministrado) que se conectan a la placa de cableado de baja tensi\u00f3n montada en la parte delantera. Dise\u00f1e una caldera maestra en cascada y fije todas las otras calderas como seguidores. \u00a1Es as\u00ed de simple! El XTherm incorpora una igualdad de rotaci\u00f3n en tiempo de ejecuci\u00f3n. Esto permite la rotaci\u00f3n de la caldera de arranque para que todas las calderas del sistema permanezcan activas y los tiempos de funcionamiento permanezcan iguales en cada unidad.<\/p>\n<p>Extremadamente f\u00e1cil de enchufar los conectores de Control Frontal Para Conexiones de Sistema XTherm, tiene un centro de cableado frontal con conexiones de enchufe para todos los sistemas de control de bajo voltaje y conexiones de sensores. \u00bfEl VERSA IC? Permitir\u00e1 la conexi\u00f3n en cascada de hasta cuatro calderas, o sistema directo de ACS o, si es necesario, un sistema de ACS indirecto basado en prioridades. Si se necesitan calderas adicionales, se puede enlazar a trav\u00e9s de su puerto Modbus al Temp Tracker Mod + Hybrid Master Control de Raypak, para secuenciar hasta 10 calderas. Tambi\u00e9n acepta 0-10VDC de BMS.<\/p>\n<p>Centro de cableado de alta tensi\u00f3n. El centro de cableado de alta tensi\u00f3n XTherm se encuentra en la parte posterior de la caldera. Toda la tensi\u00f3n de l\u00ednea entrante y el cableado de la bomba est\u00e1n contenidos lejos del cableado de control 24v. El cableado de la caldera es simple y directo. Centro de cableado de alta tensi\u00f3n (Parte trasera de la caldera).<\/p>\n<p style=\"text-align: center;\">\n<p style=\"text-align: center;\"><strong>VIDEO:<\/strong><\/p>\n<p><iframe title=\"Raypak\u00ae Boiler Bite-Sized Bits MVB\/XTherm Versa Dip Switch Settings -Training Video\" width=\"500\" height=\"281\" src=\"https:\/\/www.youtube.com\/embed\/QOy8AxmX4WQ?feature=oembed\" frameborder=\"0\" allow=\"accelerometer; autoplay; clipboard-write; encrypted-media; gyroscope; picture-in-picture; web-share\" referrerpolicy=\"strict-origin-when-cross-origin\" allowfullscreen><\/iframe><\/p>\n<p style=\"text-align: center;\"><span style=\"color: #4a4a4a;\">\u00a0<\/span><\/p>\n<div>\n<p><strong>DESCARGAR MANUALES<\/strong><em><strong><br \/>\n<\/strong><\/em><\/p>\n<ul>\n<li><a href=\"http:\/\/www.h2otek.com\/tienda\/pdf\/aguacaliente\/FOLLETO%20BOILER%20CONDENSASION%20RAYPAK%20LINEA%20XTHERM.pdf\" target=\"_blank\" rel=\"noopener\">FOLLETO<\/a><\/li>\n<li><a href=\"http:\/\/www.h2otek.com\/tienda\/pdf\/aguacaliente\/HOJA%20DE%20DATOS%20BOILER%20CONDENSASION%20RAYPAK%20LINEA%20XTHERM.pdf\" target=\"_blank\" rel=\"noopener\">HOJA DE DATOS<\/a><\/li>\n<li><a href=\"http:\/\/www.h2otek.com\/tienda\/pdf\/aguacaliente\/LISTA%20DE%20PARTES%20BOILER%20CONDENSASION%20RAYPAK%20LINEA%20XTHERM.pdf\" target=\"_blank\" rel=\"noopener\">LISTAS DE PARTES ILUSTRADAS<\/a><\/li>\n<li><a href=\"http:\/\/www.h2otek.com\/tienda\/pdf\/aguacaliente\/MANUAL%20DE%20INSTALACION%20Y%20OPERACION%20BOILER%20CONDENSASION%20RAYPAK%20LINEA%20XTHERM.pdf\" target=\"_blank\" rel=\"noopener\">MANUAL DE INSTALACI\u00d3N Y OPERACI\u00d3N<\/a><\/li>\n<\/ul>\n<\/div>\n<p style=\"text-align: center;\">\n<div><strong><span style=\"color: #000000;\">PRECIO INCLUYE GASTOS DE ENVIO (GRATIS) E IMPUESTO 16% DE IVA<\/span><\/strong><\/div>\n","protected":false},"excerpt":{"rendered":"<h1 style=\"text-align: left;\"><em><strong><span style=\"font-size: small; color: #000000;\"><strong><strong><span style=\"font-size: small; color: #000000;\"><strong><span style=\"color: #d0121a; font-size: 10pt;\">PARA PRECIO DE ESTE PRODUCTO FAVOR DE COMUNICARSE EN ATENCION A CLIENTES: info@h2otek.com O AL TEL: 01 800 94 26 835<br \/>\n<\/span><\/strong><\/span><\/strong><br \/>\nCALENTADOR DE AGUA POR CONDENSACI\u00d3N PARA INTERIOR\/EXTERIOR.\u00a0<\/strong><\/span><\/strong><\/em><span style=\"font-weight: bold; font-size: small; font-style: italic;\">97% EFICIENCIA T\u00c9RMICA.\u00a0L\u00cdNEA DOM\u00c9STICA XTHERM<\/span><\/h1>\n<p style=\"text-align: left;\"><em><span style=\"font-size: small;\"><strong>IDEALES PARA CUALQUIER NECESIDAD DE AGUA CALIENTE, COMO PUEDE SER EN:<\/strong><\/span><\/em><\/p>\n<ul>\n<li><em><span style=\"font-size: small;\"><strong>CASAS<\/strong><\/span><\/em><\/li>\n<li><em><span style=\"font-size: small;\"><strong>RESIDENCIAS<\/strong><\/span><\/em><\/li>\n<li><em><span style=\"font-size: small;\"><strong>DEPARTAMENTOS<\/strong><\/span><\/em><\/li>\n<li><em><span style=\"font-size: small;\"><strong>CONDOMINIOS<\/strong><\/span><\/em><\/li>\n<li><em><span style=\"font-size: small;\"><strong>RESTAURANTES<\/strong><\/span><\/em><\/li>\n<li><em><span style=\"font-size: small;\"><strong>HOTELES\/MOTELES<\/strong><\/span><\/em><\/li>\n<li><em><span style=\"font-size: small;\"><strong>LAVANDER\u00cdAS COMERCIALES<\/strong><\/span><\/em><\/li>\n<li><em><span style=\"font-size: small;\"><strong>CL\u00cdNICAS DE REPOSO<\/strong><\/span><\/em><\/li>\n<li><em><span style=\"font-size: small;\"><strong>ETC.<\/strong><\/span><\/em><\/li>\n<\/ul>\n","protected":false},"featured_media":2004,"comment_status":"closed","ping_status":"closed","template":"","meta":[],"pwb-brand":[],"product_brand":[],"product_cat":[382,1066,833],"product_tag":[],"class_list":{"0":"post-18223","1":"product","2":"type-product","3":"status-publish","4":"has-post-thumbnail","6":"product_cat-agua-caliente-boilers-calentadores-de-agua","7":"product_cat-calentadores-de-agua-de-condensacion-xtherm-2505-4005","8":"product_cat-linea-xtherm-raypak","10":"first","11":"outofstock","12":"purchasable","13":"product-type-simple"},"brands":[],"_links":{"self":[{"href":"https:\/\/h2otek.com\/tienda\/wp-json\/wp\/v2\/product\/18223","targetHints":{"allow":["GET"]}}],"collection":[{"href":"https:\/\/h2otek.com\/tienda\/wp-json\/wp\/v2\/product"}],"about":[{"href":"https:\/\/h2otek.com\/tienda\/wp-json\/wp\/v2\/types\/product"}],"replies":[{"embeddable":true,"href":"https:\/\/h2otek.com\/tienda\/wp-json\/wp\/v2\/comments?post=18223"}],"wp:featuredmedia":[{"embeddable":true,"href":"https:\/\/h2otek.com\/tienda\/wp-json\/wp\/v2\/media\/2004"}],"wp:attachment":[{"href":"https:\/\/h2otek.com\/tienda\/wp-json\/wp\/v2\/media?parent=18223"}],"wp:term":[{"taxonomy":"pwb-brand","embeddable":true,"href":"https:\/\/h2otek.com\/tienda\/wp-json\/wp\/v2\/pwb-brand?post=18223"},{"taxonomy":"product_brand","embeddable":true,"href":"https:\/\/h2otek.com\/tienda\/wp-json\/wp\/v2\/product_brand?post=18223"},{"taxonomy":"product_cat","embeddable":true,"href":"https:\/\/h2otek.com\/tienda\/wp-json\/wp\/v2\/product_cat?post=18223"},{"taxonomy":"product_tag","embeddable":true,"href":"https:\/\/h2otek.com\/tienda\/wp-json\/wp\/v2\/product_tag?post=18223"}],"curies":[{"name":"wp","href":"https:\/\/api.w.org\/{rel}","templated":true}]}}