{"id":18216,"date":"2021-07-06T21:16:45","date_gmt":"2021-07-06T21:16:45","guid":{"rendered":"https:\/\/h2otek.com\/tienda\/producto\/kit-de-nebulizacion-alta-presion-30-boquillas-marca-aeromist-modelo-52458\/"},"modified":"2024-03-25T19:12:43","modified_gmt":"2024-03-25T19:12:43","slug":"kit-de-nebulizacion-alta-presion-30-boquillas-marca-aeromist-modelo-52458","status":"publish","type":"product","link":"https:\/\/h2otek.com\/tienda\/producto\/kit-de-nebulizacion-alta-presion-30-boquillas-marca-aeromist-modelo-52458\/","title":{"rendered":"KIT DE NEBULIZACI\u00d3N ALTA PRESI\u00d3N 30 BOQUILLAS MARCA AEROMIST\u00ae MODELO 52458"},"content":{"rendered":"<p style=\"text-align: center;\"><img decoding=\"async\" src=\"https:\/\/www.h2otek.com\/tienda\/Images\/nebulizacion\/aeromist\/header-aeromist-sistneb-altapresion-30boquillas.jpg\" alt=\"\" border=\"0\" \/><\/p>\n<p style=\"text-align: justify;\"><strong>DESCRIPCI\u00d3N GENERAL DEL PRODUCTO:<\/strong><\/p>\n<p style=\"text-align: justify;\">Sistemas de nebulizaci\u00f3n dise\u00f1ados para acentuar su fuente de agua mediante la adici\u00f3n de una est\u00e9tica \u00fanica y refrigeraci\u00f3n para las \u00e1reas que desea humedecer. AeroMist ha desarrollado bandas antiniebla de dise\u00f1o especial y kits de nebulizaci\u00f3n que hacen m\u00e1s f\u00e1cil la transformaci\u00f3n de su patio trasero en su propio oasis tropical.<\/p>\n<p style=\"text-align: justify;\"><span style=\"font-weight: bold;\">EL KIT SE COMPONE DE:<\/span><\/p>\n<ul>\n<li>1 bomba de accionamiento directo<\/li>\n<li>10 3-Boquilla de Niebla tubo de subida<\/li>\n<li>50 pies de tubo flexible de nylon<\/li>\n<li>todos los accesorios necesarios para crear un sistema de nebulizaci\u00f3n<\/li>\n<\/ul>\n<p>&nbsp;<\/p>\n<p><span style=\"font-weight: bold; text-align: justify;\">KIT INCLUYE:<\/span><\/p>\n<p style=\"text-align: center;\"><img decoding=\"async\" src=\"https:\/\/www.h2otek.com\/tienda\/Images\/nebulizacion\/aeromist\/especificaciones-aeromist-sistneb-altapresion-30boquillas.gif\" alt=\"\" border=\"0\" \/><\/p>\n<p>&nbsp;<\/p>\n<p><strong><span style=\"color: #0000ff;\">DESCARGAR MANUALES:<\/span><\/strong><\/p>\n<ul>\n<li><strong><span style=\"color: #0000ff;\"><a href=\"http:\/\/www.h2otek.com\/tienda\/pdf\/controlhumedad\/CATALOGO%20PRODUCTOS%20AEROMIST.pdf\" target=\"_blank\" rel=\"noopener\">CAT\u00c1LOGO PRODUCTOS AEROMIST\u00ae<\/a><\/span><\/strong><\/li>\n<li><strong><span style=\"color: #0000ff;\"><a href=\"http:\/\/www.h2otek.com\/tienda\/pdf\/controlhumedad\/MANUAL%20DEL%20USUARIO%20PRODUCTOS%20AEROMIST.pdf\" target=\"_blank\" rel=\"noopener\">MANUAL DEL USUARIO PRODUCTOS AEROMIST\u00ae<\/a><\/span><\/strong><\/li>\n<\/ul>\n<p>&nbsp;<\/p>\n<p><span style=\"color: #000000;\"><strong><br \/>\nPRECIO INCLUYE GASTOS DE ENVIO (GRATIS) E IMPUESTO 16% DE IVA<\/strong><\/span><\/p>\n","protected":false},"excerpt":{"rendered":"<p><span style=\"color: #ff0000;\"><strong>PRECIO\u00a0EN\u00a0D\u00d3LARES US.<br \/>\nPRECIO INCLUYE 16 % DE I.V.A.<br \/>\nPRECIO INCLUYE ENVIO (ZONA CENTRO).<\/strong><\/span><\/p>\n<p style=\"text-align: left;\"><strong><em><span style=\"font-size: small;\">HUMIDIFICADORES IDEALES PARA:<\/span><\/em><\/strong><\/p>\n<ul>\n<li><span style=\"font-size: small; font-style: italic; font-weight: bold;\">PATIOS<\/span><\/li>\n<li><span style=\"font-size: small; font-style: italic; font-weight: bold;\">JARDINES<\/span><\/li>\n<li><span style=\"font-size: small; font-style: italic; font-weight: bold;\">ESPACIOS SOCIALES<\/span><\/li>\n<li><span style=\"font-size: small; font-style: italic; font-weight: bold;\">ALMACENES<\/span><\/li>\n<li><span style=\"font-size: small; font-style: italic; font-weight: bold;\">PROCESOS<\/span><\/li>\n<li><span style=\"font-size: small; font-style: italic; font-weight: bold;\">LABORATORIOS<\/span><\/li>\n<li><span style=\"font-size: small; font-style: italic; font-weight: bold;\">CUARTOS DE PRUEBA<\/span><\/li>\n<li><span style=\"font-size: small; font-style: italic; font-weight: bold;\">COMERCIOS<\/span><\/li>\n<li><span style=\"font-size: small; font-style: italic; font-weight: bold;\">RESTAURANTES<\/span><\/li>\n<li><span style=\"font-size: small; font-style: italic; font-weight: bold;\">TERRAZAS<\/span><\/li>\n<li><span style=\"font-size: small; font-style: italic; font-weight: bold;\">INDUSTRIA EN GENERAL<\/span><em><strong><span style=\"font-size: small;\">,\u00a0<\/span><\/strong><\/em><span style=\"font-size: small; font-weight: bold; font-style: italic;\">ETC.<\/span><\/li>\n<\/ul>\n","protected":false},"featured_media":896,"comment_status":"closed","ping_status":"closed","template":"","meta":[],"pwb-brand":[],"product_brand":[],"product_cat":[362,923,1004,922],"product_tag":[],"class_list":{"0":"post-18216","1":"product","2":"type-product","3":"status-publish","4":"has-post-thumbnail","6":"product_cat-control-de-humedad-humidificadores-deshumidificadores","7":"product_cat-kit-de-nebulizacion","8":"product_cat-kit-de-nebulizacion-kits-bomba-y-boquillas-domestico-industrial","9":"product_cat-kits-bomba-y-boquillas","11":"first","12":"instock","13":"purchasable","14":"product-type-simple"},"brands":[],"_links":{"self":[{"href":"https:\/\/h2otek.com\/tienda\/wp-json\/wp\/v2\/product\/18216","targetHints":{"allow":["GET"]}}],"collection":[{"href":"https:\/\/h2otek.com\/tienda\/wp-json\/wp\/v2\/product"}],"about":[{"href":"https:\/\/h2otek.com\/tienda\/wp-json\/wp\/v2\/types\/product"}],"replies":[{"embeddable":true,"href":"https:\/\/h2otek.com\/tienda\/wp-json\/wp\/v2\/comments?post=18216"}],"wp:featuredmedia":[{"embeddable":true,"href":"https:\/\/h2otek.com\/tienda\/wp-json\/wp\/v2\/media\/896"}],"wp:attachment":[{"href":"https:\/\/h2otek.com\/tienda\/wp-json\/wp\/v2\/media?parent=18216"}],"wp:term":[{"taxonomy":"pwb-brand","embeddable":true,"href":"https:\/\/h2otek.com\/tienda\/wp-json\/wp\/v2\/pwb-brand?post=18216"},{"taxonomy":"product_brand","embeddable":true,"href":"https:\/\/h2otek.com\/tienda\/wp-json\/wp\/v2\/product_brand?post=18216"},{"taxonomy":"product_cat","embeddable":true,"href":"https:\/\/h2otek.com\/tienda\/wp-json\/wp\/v2\/product_cat?post=18216"},{"taxonomy":"product_tag","embeddable":true,"href":"https:\/\/h2otek.com\/tienda\/wp-json\/wp\/v2\/product_tag?post=18216"}],"curies":[{"name":"wp","href":"https:\/\/api.w.org\/{rel}","templated":true}]}}