{"id":18191,"date":"2021-07-06T21:16:40","date_gmt":"2021-07-06T21:16:40","guid":{"rendered":"https:\/\/h2otek.com\/tienda\/producto\/calentador-de-agua-boiler-para-servicios-generales-gasto-min-lt-min-120-kilocal-hr-entrada-75600-sistema-integrado-con-inductor-de-tiro-marca-masstercal-mod-llc-300-1200-lts\/"},"modified":"2025-11-11T17:57:39","modified_gmt":"2025-11-11T17:57:39","slug":"calentador-de-agua-boiler-para-servicios-generales-gasto-min-lt-min-120-kilocal-hr-entrada-75600-sistema-integrado-con-inductor-de-tiro-marca-masstercal-mod-llc-300-1200-lts","status":"publish","type":"product","link":"https:\/\/h2otek.com\/tienda\/producto\/calentador-de-agua-boiler-para-servicios-generales-gasto-min-lt-min-120-kilocal-hr-entrada-75600-sistema-integrado-con-inductor-de-tiro-marca-masstercal-mod-llc-300-1200-lts\/","title":{"rendered":"CALENTADOR DE AGUA &#8211; BOILER PARA SERVICIOS GENERALES GASTO MIN. LT\/MIN 120 KILOCAL\/HR ENTRADA 75,600 SISTEMA INTEGRADO CON INDUCTOR DE TIRO MARCA MASSTERCAL MOD. LLC-300\/1200 LTS"},"content":{"rendered":"<p align=\"center\"><strong><img fetchpriority=\"high\" decoding=\"async\" src=\"https:\/\/h2otek.com\/tienda\/img\/cms\/aguacaliente\/masstercal\/acuacal-altarecuperacion\/header-calentadores-masstercal-acuacal-LLC-300-1200.jpg\" alt=\"header-calentadores-masstercal-acuacal-L\" width=\"650\" height=\"336\" \/><br \/>\n<\/strong><\/p>\n<p><strong>Calentadores MINIMASSTER para Servicios Generales LINEA ACUACAL<\/strong><\/p>\n<h3><\/h3>\n<p><strong>CARACTER\u00cdSTICAS GENERALES:<\/strong><\/p>\n<ul>\n<li>Seguro de alto l\u00edmite<\/li>\n<li>Totalmente autom\u00e1tico<\/li>\n<li>Sistema de encendido electr\u00f3nico<\/li>\n<\/ul>\n<p><strong>ESPECIFICACIONES:<\/strong><\/p>\n<ul>\n<li>Instrumentaci\u00f3n para tanque incluida<\/li>\n<li>Circulaci\u00f3n de agua incluido<\/li>\n<li>Tanque de almacenamiento con aislamiento armaflex<\/li>\n<li>Paro de bomba a los 20 minutos de apagar el calentador<\/li>\n<li>Quemadores Cil\u00edndricos de acero inoxidable de alta eficiencia<\/li>\n<li>Intercambiador de calor con tubos de cobre aletado de alta transferencia<\/li>\n<\/ul>\n<div><\/div>\n<div><\/div>\n<p style=\"text-align: center;\"><strong>TABLA DE ESPECIFICACIONES Y DIMENSIONES:<\/strong><\/p>\n<p align=\"center\"><img decoding=\"async\" src=\"https:\/\/h2otek.com\/tienda\/img\/cms\/aguacaliente\/masstercal\/acuacal-altarecuperacion\/especificaciones-calentadores-masstercal-acuacal-LLC-300-1200.gif\" alt=\"especificaciones-calentadores-masstercal\" width=\"469\" height=\"345\" \/><\/p>\n<p>Nota: Las kilocalor\u00edas por hora disminuyen un 4% por cada 300 metros de altura sobre el nivel del mar.<\/p>\n<p align=\"center\"><img decoding=\"async\" src=\"https:\/\/h2otek.com\/tienda\/img\/cms\/aguacaliente\/masstercal\/acuacal-altarecuperacion\/dimensiones-calentadores-acuacal.jpg\" alt=\"\" width=\"600\" height=\"303\" \/><\/p>\n<p><strong>FOTOS<\/strong><\/p>\n<p><img loading=\"lazy\" decoding=\"async\" src=\"https:\/\/h2otek.com\/tienda\/img\/cms\/aguacaliente\/masstercal\/acuacal-altarecuperacion\/fotos-calentadores-masstercal-acuacal.jpg\" alt=\"\" width=\"650\" height=\"718\" \/><\/p>\n<p align=\"center\">\n<p>&nbsp;<\/p>\n<p>Nota : Estos equipos se entregan totalmente ensamblados en una base met\u00e1lica que incluye<\/p>\n<ul>\n<li>Calentador MASSTERCAL Y\/O MINIMASSTERCAL<\/li>\n<li>Tanque Vertical Galvanizado con Recubrimiento externo armaflex<\/li>\n<li>Circulador entre el circuito Tanque &#8211; Calentador<\/li>\n<li>Accesorios en el tanque como , V\u00e1lvula eliminadora de aire, term\u00f3metro, V\u00e1lvula de alivio , man\u00f3metro.<\/li>\n<\/ul>\n<p align=\"center\">\n<p>&nbsp;<\/p>\n<p><span style=\"color: #4a4a4a;\"><strong><br \/>\nDESCARGAR MANUALES:<\/strong><\/span><\/p>\n<ul>\n<li><a href=\"https:\/\/h2otek.com\/tienda\/img\/cms\/aguacaliente\/masstercal\/FICHA%20TECNICA%20CALENTADOR%20MASSTERCAL%20ACUACAL%20LLC.PDF\" target=\"_blank\" rel=\"noopener\"><strong>FICHA T\u00c9CNICA<\/strong><\/a><\/li>\n<\/ul>\n","protected":false},"excerpt":{"rendered":"<p><span style=\"color: #ff0000;\"><strong>PRECIO\u00a0EN\u00a0D\u00d3LARES US.<br \/>\nPRECIO INCLUYE 16 % DE I.V.A.<br \/>\nPRECIO INCLUYE ENVIO (ZONA CENTRO).<\/strong><\/span><\/p>\n<p><em><strong>APLICACIONES M\u00c1S\u00a0 COMUNES:<\/strong><\/em><\/p>\n<ul>\n<li><strong><em>CASAS<\/em><\/strong><\/li>\n<li><strong><em>RESIDENCIAS<\/em><\/strong><\/li>\n<li><strong><em>SPA<\/em><\/strong><\/li>\n<li><strong><em>GIMNASIOS<\/em><\/strong><\/li>\n<li><strong><em>CONDOMINIOS<\/em><\/strong><\/li>\n<li><strong><em>APLICACIONES INDUSTRIALES (CONSUMO MEDIO)<\/em><\/strong><\/li>\n<li><strong><em>MOTELES<\/em><\/strong><strong><em>, ETC.<\/em><\/strong><\/li>\n<\/ul>\n","protected":false},"featured_media":5142,"comment_status":"closed","ping_status":"closed","template":"","meta":[],"pwb-brand":[],"product_brand":[],"product_cat":[465],"product_tag":[],"class_list":{"0":"post-18191","1":"product","2":"type-product","3":"status-publish","4":"has-post-thumbnail","6":"product_cat-sistema-integrado-con-inductor-de-tiro","8":"first","9":"onbackorder","10":"purchasable","11":"product-type-simple"},"brands":[],"_links":{"self":[{"href":"https:\/\/h2otek.com\/tienda\/wp-json\/wp\/v2\/product\/18191","targetHints":{"allow":["GET"]}}],"collection":[{"href":"https:\/\/h2otek.com\/tienda\/wp-json\/wp\/v2\/product"}],"about":[{"href":"https:\/\/h2otek.com\/tienda\/wp-json\/wp\/v2\/types\/product"}],"replies":[{"embeddable":true,"href":"https:\/\/h2otek.com\/tienda\/wp-json\/wp\/v2\/comments?post=18191"}],"wp:featuredmedia":[{"embeddable":true,"href":"https:\/\/h2otek.com\/tienda\/wp-json\/wp\/v2\/media\/5142"}],"wp:attachment":[{"href":"https:\/\/h2otek.com\/tienda\/wp-json\/wp\/v2\/media?parent=18191"}],"wp:term":[{"taxonomy":"pwb-brand","embeddable":true,"href":"https:\/\/h2otek.com\/tienda\/wp-json\/wp\/v2\/pwb-brand?post=18191"},{"taxonomy":"product_brand","embeddable":true,"href":"https:\/\/h2otek.com\/tienda\/wp-json\/wp\/v2\/product_brand?post=18191"},{"taxonomy":"product_cat","embeddable":true,"href":"https:\/\/h2otek.com\/tienda\/wp-json\/wp\/v2\/product_cat?post=18191"},{"taxonomy":"product_tag","embeddable":true,"href":"https:\/\/h2otek.com\/tienda\/wp-json\/wp\/v2\/product_tag?post=18191"}],"curies":[{"name":"wp","href":"https:\/\/api.w.org\/{rel}","templated":true}]}}