{"id":18179,"date":"2021-07-06T21:16:34","date_gmt":"2021-07-06T21:16:34","guid":{"rendered":"https:\/\/h2otek.com\/tienda\/producto\/bomba-cerrada-pulley-drive-1000-psi-0-5-gpm-120-volts-marca-aeromist-modelo-50099-hde\/"},"modified":"2024-03-25T19:13:49","modified_gmt":"2024-03-25T19:13:49","slug":"bomba-cerrada-pulley-drive-1000-psi-0-5-gpm-120-volts-marca-aeromist-modelo-50099-hde","status":"publish","type":"product","link":"https:\/\/h2otek.com\/tienda\/producto\/bomba-cerrada-pulley-drive-1000-psi-0-5-gpm-120-volts-marca-aeromist-modelo-50099-hde\/","title":{"rendered":"BOMBA CERRADA &#8220;PULLEY DRIVE&#8221; 1000 PSI 0.5 GPM 120 VOLTS MARCA AEROMIST\u00ae MODELO 50099-HDE"},"content":{"rendered":"<p><img fetchpriority=\"high\" decoding=\"async\" class=\"aligncenter size-full wp-image-22798\" src=\"https:\/\/h2otek.com\/tienda\/wp-content\/uploads\/2021\/07\/header-aeromist-bomba-sola-enclosed-pulley-drive-1000PSI-50099-HDE.jpg\" alt=\"\" width=\"650\" height=\"300\" srcset=\"https:\/\/h2otek.com\/tienda\/wp-content\/uploads\/2021\/07\/header-aeromist-bomba-sola-enclosed-pulley-drive-1000PSI-50099-HDE.jpg 650w, https:\/\/h2otek.com\/tienda\/wp-content\/uploads\/2021\/07\/header-aeromist-bomba-sola-enclosed-pulley-drive-1000PSI-50099-HDE-300x138.jpg 300w, https:\/\/h2otek.com\/tienda\/wp-content\/uploads\/2021\/07\/header-aeromist-bomba-sola-enclosed-pulley-drive-1000PSI-50099-HDE-600x277.jpg 600w\" sizes=\"(max-width: 650px) 100vw, 650px\" \/><\/p>\n<p>&nbsp;<\/p>\n<p><strong>DESCRIPCI\u00d3N GENERAL DEL PRODUCTO:<\/strong><\/p>\n<p>Nuestras bombas de nebulizaci\u00f3n est\u00e1n dise\u00f1adas para funcionar a 1000 psi. Las bombas de 110V tienen un enchufe est\u00e1ndar para el tomacorriente de su hogar y el adaptador de manguera de jard\u00edn para adaptarse a su espiga exterior para el suministro de agua. Utilizamos un accesorio de compresi\u00f3n de 3\/8&#8243; en la salida de la bomba para unirlo a la tuber\u00eda de nylon de alta presi\u00f3n. (Bombas de 220V disponibles; llame para obtener m\u00e1s detalles)<\/p>\n<p>Nuestras bombas de polea son nuestras unidades de bomba m\u00e1s silenciosas de 1000 psi. Como su nombre lo indica, la polea de la bomba de agua cerrada produce la presi\u00f3n usando una correa de polea unida desde la bomba al motor que funciona a 1450 rpm. Todas nuestras bombas de polea est\u00e1n equipadas con un sistema de filtro doble para ayudar a eliminar las boquillas obstruidas del sedimento.<\/p>\n<p>&nbsp;<\/p>\n<p><strong>GAMA DE BOQUILLAS:<\/strong><\/p>\n<ul>\n<li>10-25 .008 Boquillas de nebulizaci\u00f3n<\/li>\n<li>7-18 .012 Boquillas de nebulizaci\u00f3n<\/li>\n<\/ul>\n<p><strong>ESPECIFICACIONES:<\/strong><\/p>\n<ul>\n<li>Peso y dimensiones: 100 lbs; L 31&#8243; An. 16 Al. 13&#8243;<\/li>\n<li>Caracter\u00edsticas: totalmente cerrado, refrigerado por ventilador, man\u00f3metro, regulador ajustable, servicio pesado, funcionamiento silencioso<\/li>\n<li>Elemento filtrante de 10 &#8216;de 1 micr\u00f3n (sku: 57006)<\/li>\n<li>Elemento filtrante de 10 &#8216;de 5 micras (sku: 57011)<\/li>\n<li>Aceite de repuesto para bomba GP (sku: 57030)<\/li>\n<li>Utiliza el cintur\u00f3n A-31<\/li>\n<\/ul>\n<p>&nbsp;<\/p>\n<p>ESPECIFICACIONES DE LA CABEZA DE LA BOMBA:<\/p>\n<ul>\n<li>Presi\u00f3n m\u00e1xima: 1000 PSI<\/li>\n<li>Caballos de fuerza: 1.5 HP<\/li>\n<li>Volumen M\u00e1ximo .5 GPM<\/li>\n<li>Capacidad de aceite: 14 oz.<\/li>\n<li>Temperatura m\u00e1xima del fluido: 145 F<\/li>\n<li>Rosca del puerto de entrada: 3\/4 FGHT<\/li>\n<li>Rosca del puerto de descarga: tipo de compresi\u00f3n del tubo de 3\/8&#8243; de di\u00e1metro externo<\/li>\n<\/ul>\n<p>&nbsp;<\/p>\n<p style=\"text-align: center;\"><strong>PARTES<\/strong><img decoding=\"async\" class=\"aligncenter size-full wp-image-22801\" src=\"https:\/\/h2otek.com\/tienda\/wp-content\/uploads\/2021\/07\/partes-bomba-pulley-drive.jpg\" alt=\"\" width=\"700\" height=\"550\" srcset=\"https:\/\/h2otek.com\/tienda\/wp-content\/uploads\/2021\/07\/partes-bomba-pulley-drive.jpg 700w, https:\/\/h2otek.com\/tienda\/wp-content\/uploads\/2021\/07\/partes-bomba-pulley-drive-300x236.jpg 300w, https:\/\/h2otek.com\/tienda\/wp-content\/uploads\/2021\/07\/partes-bomba-pulley-drive-600x471.jpg 600w\" sizes=\"(max-width: 700px) 100vw, 700px\" \/><\/p>\n<p><em>12 MESES DE GARANT\u00cdA BAJO CUALQUIER DEFECTO DE FABRICACI\u00d3N<\/em><\/p>\n<p>&nbsp;<\/p>\n<p>&nbsp;<\/p>\n<p><strong>DESCARGAR MANUALES:<\/strong><\/p>\n<ul>\n<li><strong><a href=\"https:\/\/h2otek.com\/tienda\/img\/cms\/controlhumedad\/aeromist\/misting-pumps\/ESPECIFICACIONES%20ENCLOSED%20PULLEY%20DRIVE%201000%20PSI.pdf\" target=\"_blank\" rel=\"noopener\">ESPECIFICACIONES<\/a><\/strong><\/li>\n<li><strong><a href=\"https:\/\/h2otek.com\/tienda\/img\/cms\/controlhumedad\/aeromist\/misting-pumps\/INSTRUCCIONES%20ENCLOSED%20PULLEY%20DRIVE%201000%20PSI.pdf\" target=\"_blank\" rel=\"noopener\">MANUAL DE INSTRUCCIONES<\/a><\/strong><\/li>\n<li><strong><a href=\"https:\/\/h2otek.com\/tienda\/img\/cms\/controlhumedad\/aeromist\/misting-pumps\/HOJA%20ESPECIFICACIONES%20ENCLOSED%20PULLEY%20DRIVE%201000%20PSI.pdf\" target=\"_blank\" rel=\"noopener\">HOJA ESPECIFICACIONES<\/a><\/strong><\/li>\n<li><strong><a href=\"http:\/\/www.h2otek.com\/tienda\/pdf\/controlhumedad\/CATALOGO%20PRODUCTOS%20AEROMIST.pdf\" target=\"_blank\" rel=\"noopener\">CAT\u00c1LOGO PRODUCTOS AEROMIST\u00ae<\/a><\/strong><\/li>\n<li><strong><a href=\"http:\/\/www.h2otek.com\/tienda\/pdf\/controlhumedad\/MANUAL%20DEL%20USUARIO%20PRODUCTOS%20AEROMIST.pdf\" target=\"_blank\" rel=\"noopener\">MANUAL DEL USUARIO PRODUCTOS AEROMIST\u00ae<\/a><\/strong><\/li>\n<\/ul>\n","protected":false},"excerpt":{"rendered":"<p><span style=\"color: #ff0000;\"><strong>PRECIO\u00a0EN\u00a0D\u00d3LARES US.<br \/>\nPRECIO INCLUYE 16 % DE I.V.A.<br \/>\nPRECIO INCLUYE ENVIO (ZONA CENTRO).<\/strong><\/span><\/p>\n<p><strong><em>HUMIDIFICADORES IDEALES PARA:<\/em><\/strong><\/p>\n<ul>\n<li><em><strong>PATIOS<\/strong><\/em><\/li>\n<li><em><strong>JARDINES<\/strong><\/em><\/li>\n<li><em><strong>ESPACIOS SOCIALES<\/strong><\/em><\/li>\n<li><em><strong>ALMACENES<\/strong><\/em><\/li>\n<li><em><strong>PROCESOS<\/strong><\/em><\/li>\n<li><em><strong>LABORATORIOS<\/strong><\/em><\/li>\n<li><em><strong>CUARTOS DE PRUEBA<\/strong><\/em><\/li>\n<li><em><strong>COMERCIOS<\/strong><\/em><\/li>\n<li><em><strong>RESTAURANTES<\/strong><\/em><\/li>\n<li><em><strong>TERRAZAS<\/strong><\/em><\/li>\n<li><em><strong>INDUSTRIA EN GENERAL,\u00a0ETC.<\/strong><\/em><\/li>\n<\/ul>\n","protected":false},"featured_media":2608,"comment_status":"closed","ping_status":"closed","template":"","meta":[],"pwb-brand":[],"product_brand":[],"product_cat":[986,936,362],"product_tag":[],"class_list":{"0":"post-18179","1":"product","2":"type-product","3":"status-publish","4":"has-post-thumbnail","6":"product_cat-bomba-cerrada-pulley-drive-1000-psi","7":"product_cat-cerrada-pulley-drive-1000-psi","8":"product_cat-control-de-humedad-humidificadores-deshumidificadores","10":"first","11":"instock","12":"purchasable","13":"product-type-simple"},"brands":[],"_links":{"self":[{"href":"https:\/\/h2otek.com\/tienda\/wp-json\/wp\/v2\/product\/18179","targetHints":{"allow":["GET"]}}],"collection":[{"href":"https:\/\/h2otek.com\/tienda\/wp-json\/wp\/v2\/product"}],"about":[{"href":"https:\/\/h2otek.com\/tienda\/wp-json\/wp\/v2\/types\/product"}],"replies":[{"embeddable":true,"href":"https:\/\/h2otek.com\/tienda\/wp-json\/wp\/v2\/comments?post=18179"}],"wp:featuredmedia":[{"embeddable":true,"href":"https:\/\/h2otek.com\/tienda\/wp-json\/wp\/v2\/media\/2608"}],"wp:attachment":[{"href":"https:\/\/h2otek.com\/tienda\/wp-json\/wp\/v2\/media?parent=18179"}],"wp:term":[{"taxonomy":"pwb-brand","embeddable":true,"href":"https:\/\/h2otek.com\/tienda\/wp-json\/wp\/v2\/pwb-brand?post=18179"},{"taxonomy":"product_brand","embeddable":true,"href":"https:\/\/h2otek.com\/tienda\/wp-json\/wp\/v2\/product_brand?post=18179"},{"taxonomy":"product_cat","embeddable":true,"href":"https:\/\/h2otek.com\/tienda\/wp-json\/wp\/v2\/product_cat?post=18179"},{"taxonomy":"product_tag","embeddable":true,"href":"https:\/\/h2otek.com\/tienda\/wp-json\/wp\/v2\/product_tag?post=18179"}],"curies":[{"name":"wp","href":"https:\/\/api.w.org\/{rel}","templated":true}]}}