{"id":18178,"date":"2021-07-06T21:16:34","date_gmt":"2021-07-06T21:16:34","guid":{"rendered":"https:\/\/h2otek.com\/tienda\/producto\/bomba-de-calor-para-piscina-7-kw-240-v-1-fase-60-hz-raypak-linea-specialty-series-mod-r8353ti-e-he\/"},"modified":"2022-10-07T00:14:11","modified_gmt":"2022-10-07T00:14:11","slug":"bomba-de-calor-para-piscina-7-kw-240-v-1-fase-60-hz-raypak-linea-specialty-series-mod-r8353ti-e-he","status":"publish","type":"product","link":"https:\/\/h2otek.com\/tienda\/producto\/bomba-de-calor-para-piscina-7-kw-240-v-1-fase-60-hz-raypak-linea-specialty-series-mod-r8353ti-e-he\/","title":{"rendered":"BOMBA DE CALOR PARA PISCINA 7 KW 240 V 1 FASE 60 HZ RAYPAK LINEA SPECIALTY SERIES MOD. R8353ti-E-HE"},"content":{"rendered":"<p style=\"text-align: center;\"><img fetchpriority=\"high\" decoding=\"async\" src=\"https:\/\/h2otek.com\/tienda\/img\/cms\/aguacaliente\/raypak\/bombascalor-specialtyseries\/header-bombadecalor-raypak-specialty-R8353ti-E-HE.jpg\" alt=\"header-bombadecalor-raypak-specialty\" width=\"650\" height=\"300\" \/><\/p>\n<p style=\"text-align: justify;\"><span style=\"text-decoration: underline;\"><strong><br \/>\nBOMBAS DE CALOR RAYPAK CLASSIC SERIES PARA SPA O PISCINAS<\/strong><\/span><\/p>\n<p>&nbsp;<\/p>\n<div id=\"tab-description\" class=\"panel wc-tab entry-content active\" style=\"text-align: justify;\">\n<p><span lang=\"es\" xml:lang=\"es\"><strong>Raypak<\/strong> se enorgullece de presentar nuestra nueva l\u00ednea de productos de <strong>bombas de calor.<\/strong> Cada bomba de calor Raypak viene de serie con un intercambiador de calor de titanio. Basado en nuestra serie Classic, las bombas de calor de la <strong>serie Specialty<\/strong> han sido dise\u00f1adas para satisfacer las exigentes necesidades de los profesionales de la piscina y del spa, al tiempo que ofrecen caracter\u00edsticas no tan com\u00fanmente requeridas.<\/span><\/p>\n<p><strong>CARACTER\u00cdSTICAS:<\/strong><\/p>\n<p><strong>Gabinete<\/strong><\/p>\n<ul>\n<li><span lang=\"es\" xml:lang=\"es\"><span title=\"Exclusive DuraSteel\u2122 Powder-Coated Cabinet\"><strong>Gabinete DuraSteel\u2122 en polvo con acabado exclusivo<br \/>\n<\/strong><\/span><\/span><span lang=\"es\" xml:lang=\"es\"><span title=\"Polyester powder-coated, non-corrosive cabinet is more durable than plastic heat pump cabinets.\">Poli\u00e9ster recubierto de polvo, gabinete no corrosivo es m\u00e1s duradero que los gabinetes de bomba de calor de pl\u00e1stico. Tiene l<\/span><span title=\"Same rugged steel construction used by all the major air conditioner manufacturers.\">a misma construcci\u00f3n de acero robusta utilizada por todos los principales fabricantes de aire acondicionado.<\/span><\/span><\/li>\n<\/ul>\n<p style=\"text-align: justify;\"><span lang=\"es\" xml:lang=\"es\"><span title=\"Evaporator Coil\"><strong>Bobina evaporadora<\/strong><br \/>\n<\/span><\/span><\/p>\n<ul>\n<li><span lang=\"es\" xml:lang=\"es\"><span title=\"Large Air Coils\"><strong>Grandes bobinas de aire<br \/>\n<\/strong><\/span><\/span><span lang=\"es\" xml:lang=\"es\"><span title=\"Raised lanced-fin design maximizes heating at lower temperatures.\">El dise\u00f1o de aletas elevadas elevadas maximiza el calentamiento a temperaturas m\u00e1s bajas. <\/span><span title=\"Raypak engineered coils are highly optimized to meet our specific design requirements, from the proper fins per inch to advanced distribution circuiting.\">Las bobinas dise\u00f1adas por Raypak est\u00e1n altamente optimizadas para cumplir con nuestros requisitos espec\u00edficos de dise\u00f1o, desde las aletas adecuadas por pulgada hasta las circuitos de distribuci\u00f3n avanzados. <\/span><span title=\"We are the only heat pump pool heater company to actually manufacture our own coils.\">Somos la \u00fanica compa\u00f1\u00eda de calentador de piscina de bomba de calor para fabricar nuestras propias bobinas.<\/span><\/span><\/li>\n<\/ul>\n<p style=\"text-align: justify;\"><span lang=\"es\" xml:lang=\"es\"><span title=\"Venturi Fan Cowling\"><strong>Ventilador Venturi<\/strong><br \/>\n<\/span><\/span><\/p>\n<ul>\n<li><span lang=\"es\" xml:lang=\"es\"><span title=\"High-capacity 3000-cfm fan provides unrestricted air flow for better heating.\">El ventilador de 3000 pies c\u00fabicos de alta capacidad proporciona flujo de aire sin restricciones para una mejor calefacci\u00f3n. <\/span><span title=\"Precision engineered and manufactured cabinet design eliminates unwanted air gaps.\">Gabinete dise\u00f1ado y fabricado con precisi\u00f3n elimina las aberturas de aire no deseadas. <\/span><span title=\"This means more air over the coil which translates to greater efficiency.\">Esto significa m\u00e1s aire sobre la bobina que se traduce en una mayor eficiencia.<\/span><\/span><\/li>\n<\/ul>\n<p style=\"text-align: justify;\"><span lang=\"es\" xml:lang=\"es\"><span title=\"Compressor\"><strong>Compresor<\/strong><br \/>\n<\/span><\/span><\/p>\n<ul>\n<li><strong><span lang=\"es\" xml:lang=\"es\"><span title=\"Scroll Compressor\">Compresor de desplazamiento<br \/>\n<\/span><\/span><\/strong><span lang=\"es\" xml:lang=\"es\"><span title=\"Scroll compressors are quiet and efficient compared to piston type compressors.\">Los compresores Scroll son silenciosos y eficientes en comparaci\u00f3n con los compresores tipo pist\u00f3n. <\/span><span title=\"They provide higher efficiency, lower sound levels, superior durability and unsurpassed reliability.\">Proporcionan una mayor eficiencia, menores niveles de sonido, durabilidad superior e insuperable fiabilidad. <\/span><span title=\"The unique design of a scroll compressor actually wears in over time, not out!\">El dise\u00f1o \u00fanico de un compresor de desplazamiento en realidad lleva en el tiempo, no fuera!<\/span><\/span><\/li>\n<\/ul>\n<p style=\"text-align: justify;\"><span lang=\"es\" xml:lang=\"es\"><span title=\"Sound Isolation Pads\"><strong>Almohadillas de aislamiento de sonido<\/strong><\/span><span title=\"Prevents sound transfer to equipment pad and elevates the base pan to improve water drainage.\"><br \/>\n<\/span><\/span><\/p>\n<ul>\n<li><span lang=\"es\" xml:lang=\"es\"><span title=\"Prevents sound transfer to equipment pad and elevates the base pan to improve water drainage.\">Evita la transferencia de sonido a la almohadilla del equipo y eleva la bandeja base para mejorar el drenaje del agua. <\/span><span title=\"It's the little details like this that make Raypak products stand out from the crowd.\">Son los peque\u00f1os detalles como este que hacen que los productos Raypak se destacan entre la multitud.<\/span><\/span><\/li>\n<\/ul>\n<p style=\"text-align: justify;\"><span lang=\"es\" xml:lang=\"es\"><span title=\"It's the little details like this that make Raypak products stand out from the crowd.\"><br \/>\n<\/span><strong><span title=\"Heat Exchanger\">Intercambiador de calor<br \/>\n<\/span><\/strong><\/span><\/p>\n<ul>\n<li><span lang=\"es\" xml:lang=\"es\"><span title=\"Spiral Titanium Tube\"><strong>Tubo de titanio en espiral<br \/>\n<\/strong><\/span><\/span><span lang=\"es\" xml:lang=\"es\"><span title=\"Our spiral titanium-tube heat exchanger provides a corrosion-free waterway that can withstand the abuses of harsh pool chemistry.\">Nuestro intercambiador de calor espiral de tubo de titanio proporciona un canal de agua libre de corrosi\u00f3n que puede soportar los abusos de la qu\u00edmica de la piscina \u00e1spera. <\/span><span title=\"The spiral tube helps reduce deposit build-up and increases efficiency by performing a \u201cscoop-and-lift\u201d action.\">El tubo espiral ayuda a reducir la acumulaci\u00f3n de dep\u00f3sitos e incrementa la eficiencia al realizar una acci\u00f3n de &#8220;cucharada y levantar&#8221;.<\/span><\/span><\/li>\n<\/ul>\n<ul>\n<li><span lang=\"es\" xml:lang=\"es\"><span title=\"Internal Bypass Valving\"><strong>V\u00e1lvula de derivaci\u00f3n interna<br \/>\n<\/strong><\/span><\/span><span lang=\"es\" xml:lang=\"es\"><span title=\"Automatically compensates for normal day-to-day changes in your pool\u2019s hydraulics, maximizing heat transfer efficiency.\">Autom\u00e1ticamente compensa los cambios normales del d\u00eda a d\u00eda en el sistema hidr\u00e1ulico de su piscina, maximizando la eficiencia de transferencia de calor.<\/span><\/span><\/li>\n<\/ul>\n<ul>\n<li><strong><span lang=\"es\" xml:lang=\"es\"><span title=\"Plumbing Connections\">Conexiones de Plomer\u00eda<br \/>\n<\/span><\/span><\/strong><span lang=\"es\" xml:lang=\"es\"><span title=\"Offset 2\u201d PVC union connections are included for ease of installation.\"> Las conexiones de uni\u00f3n de PVC de 2&#8243; est\u00e1n incluidas para facilitar la instalaci\u00f3n.<\/span><\/span><\/li>\n<\/ul>\n<p style=\"text-align: justify;\"><span lang=\"es\" xml:lang=\"es\"><span title=\"Offset 2\u201d PVC union connections are included for ease of installation.\"><br \/>\n<\/span><span title=\"Analog Control Option\"><strong>Opci\u00f3n de control anal\u00f3gico<\/strong><br \/>\n<\/span><\/span><\/p>\n<ul>\n<li><strong><span lang=\"es\" xml:lang=\"es\"><span title=\"Dual Thermostats\">Termostatos duales<br \/>\n<\/span><\/span><\/strong><span lang=\"es\" xml:lang=\"es\"><span title=\"Allows separate pool and spa temperature settings\">Permite ajustes separados de la temperatura de la piscina y el spa<\/span><\/span><\/li>\n<\/ul>\n<ul>\n<li><span lang=\"es\" xml:lang=\"es\"><span title=\"Exclusive Direct-Set Thermostat\"><strong>Termostato exclusivo de ajuste directo<br \/>\n<\/strong><\/span><\/span><span lang=\"es\" xml:lang=\"es\"><span title=\"Our direct-set thermostat is easy to use;\">Nuestro termostato de ajuste directo es f\u00e1cil de usar; <\/span><span title=\"the temperature settings are right on the dial.\">los ajustes de temperatura est\u00e1n en el dial. <\/span><span title=\"This eliminates the guesswork involved compared with some dials that use a gradient or blue-to-red \u201cswoosh\u201d\">Esto elimina las conjeturas involucradas en comparaci\u00f3n con algunos diales que utilizan un degradado o azul a rojo &#8220;swoosh&#8221;<\/span><\/span><\/li>\n<\/ul>\n<ul>\n<li><span lang=\"es\" xml:lang=\"es\"><span title=\"Remote\/Local Switch\"><strong>Interruptor remoto\/local<br \/>\n<\/strong><\/span><\/span><span lang=\"es\" xml:lang=\"es\"><span title=\"Compatible with the latest automated pool control systems.\">Compatible con los \u00faltimos sistemas automatizados de control de piscinas. <\/span><span title=\"Exclusive remote\/local switch ends the conflict between outside control systems and the heat pump control system.\">El interruptor remoto\/local exclusivo acaba el conflicto entre los sistemas de control exteriores y el sistema de control de la bomba de calor. <\/span><span title=\"Great for troubleshooting.\">Ideal para solucionar problemas.<\/span><\/span><\/li>\n<\/ul>\n<ul>\n<li><span lang=\"es\" xml:lang=\"es\"><span title=\"Diagnostic Lights\"><strong>Luces de diagn\u00f3stico<br \/>\n<\/strong><\/span><\/span><span lang=\"es\" xml:lang=\"es\"><span title=\"Six LED diagnostic lights keep you informed about the heat pump pool heater operation Power on, water flow, heat demand, compressor delay, defrost active, low refrigerant pressure.\">Seis luces de diagn\u00f3stico del LED le mantienen informado sobre la bomba de calor del calentador de la piscina de la bomba de funcionamiento, el flujo de agua, la demanda de calor, el retardo del compresor, descongelar activo, baja presi\u00f3n de refrigerante.<\/span><\/span><\/li>\n<\/ul>\n<p style=\"text-align: justify;\"><span lang=\"es\" xml:lang=\"es\"><span title=\"Six LED diagnostic lights keep you informed about the heat pump pool heater operation Power on, water flow, heat demand, compressor delay, defrost active, low refrigerant pressure.\"><br \/>\n<\/span><strong><span title=\"Digital Control Option\">Opci\u00f3n de control digital<br \/>\n<\/span><\/strong><\/span><\/p>\n<ul>\n<li><span lang=\"es\" xml:lang=\"es\"><span title=\"Remote Compatible\"><strong>Compatible con control remoto<br \/>\n<\/strong><\/span><\/span><span lang=\"es\" xml:lang=\"es\"><span title=\"Your digital heat pump pool heater can be set to have a differenttarget temperature for your pool and your spa.\">Su calentador digital de la piscina de la bomba de calor se puede fijar para tener una temperatura diferente para su piscina y su balneario. <\/span><span title=\"This allows you to dial injust the right spa temperature and never have to adjust it again.\">Esto le permite marcar la temperatura del spa derecho y nunca tener que ajustar de nuevo. <\/span><span title=\"Thepool can be set to a lower, more energy saving temperature.\">La bater\u00eda se puede ajustar a una temperatura m\u00e1s baja, m\u00e1s ahorro de energ\u00eda.<\/span><\/span><\/li>\n<\/ul>\n<ul>\n<li><span lang=\"es\" xml:lang=\"es\"><span title=\"Pool\/Spa Control\"><strong>Control de piscina y spa<br \/>\n<\/strong><\/span><\/span><span lang=\"es\" xml:lang=\"es\"><span title=\"Your digital heat pump pool heater can be set to have a different target temperatures for your pool and spa.\">Su calentador digital de la piscina de la bomba de calor se puede fijar para tener temperaturas de blanco diferentes para su piscina y balneario. <\/span><span title=\"This allows you to dial in just the right spa temperature and never have to adjust it again.\">Esto le permite marcar en la temperatura correcta del spa y nunca tiene que ajustarlo de nuevo. <\/span><span title=\"The pool can be set to a lower, more energy saving temperature.\">La piscina se puede establecer a una temperatura m\u00e1s baja, m\u00e1s ahorro de energ\u00eda.<\/span><\/span><\/li>\n<\/ul>\n<ul>\n<li><span lang=\"es\" xml:lang=\"es\"><span title=\"Remote Compatible\"><strong>Compatible con control remoto<br \/>\n<\/strong><\/span><\/span><span lang=\"es\" xml:lang=\"es\"><span title=\"The digital heat pump pool heater can be easily controlled by most two-wire and three-wire remote systems.\">El calentador digital de la piscina de la bomba de calor puede ser controlado f\u00e1cilmente por la mayor\u00eda de los sistemas remotos de dos y tres hilos.<\/span><\/span><\/li>\n<\/ul>\n<ul>\n<li><span lang=\"es\" xml:lang=\"es\"><span title=\"On Board Diagnostics\"><strong>Diagn\u00f3stico a bordo<br \/>\n<\/strong><\/span><\/span><span lang=\"es\" xml:lang=\"es\"><span title=\"Tells the homeowner if there is a problem.\">Dice al due\u00f1o de casa si hay un problema. <\/span><span title=\"Provides the service technician with detailed diagnostic information.\">Proporciona al t\u00e9cnico de servicio informaci\u00f3n detallada sobre el diagn\u00f3stico.<\/span><\/span><\/li>\n<\/ul>\n<ul>\n<li><span lang=\"es\" xml:lang=\"es\"><span title=\"Heat\/Cool Option\"><strong>Opci\u00f3n de calor\/fr\u00edo<br \/>\n<\/strong><\/span><\/span><span lang=\"es\" xml:lang=\"es\"><span title=\"Allows the heat pump to operate in reverse in hot weather, pulling heat out of the water.\">Permite que la bomba de calor funcione a la inversa en tiempo caluroso, sacando el calor del agua. <\/span><span title=\"Cooling capacity is somewhat less than the heating capacity.\">La capacidad de enfriamiento es algo menor que la capacidad de calefacci\u00f3n.<\/span><\/span><\/li>\n<\/ul>\n<ul>\n<li><span lang=\"es\" xml:lang=\"es\"><span title=\"Power frost\"><strong>Escarcha de energ\u00eda<br \/>\n<\/strong><\/span><\/span><span lang=\"es\" xml:lang=\"es\"><span title=\"Allows the heat pump to operate in colder weather by keeping the heat exchanger tubes from developing frost.\">Permite que la bomba de calor funcione en climas m\u00e1s fr\u00edos, evitando que los tubos del intercambiador de calor desarrollen heladas. <\/span><span title=\"When the air temp drops below about 45F, the unit will shut down because there isn't enough heat in the air to allow for productive operation.\">Cuando la temperatura del aire cae por debajo de 45\u00b0F, la unidad se apagar\u00e1 porque no hay suficiente calor en el aire para permitir una operaci\u00f3n productiva.<\/span><\/span><\/li>\n<\/ul>\n<p>&nbsp;<\/p>\n<p><strong>ESPECIFICACIONES:<\/strong><\/p>\n<ul>\n<li>Control digital con sistema de auto diagn\u00f3stico<\/li>\n<li>Intercambiador de calor de tinanio con tubo en espiral<\/li>\n<li>Compresor Copeland Scroll<\/li>\n<li>Ventilador con dise\u00f1o especial ultra eficiente y con el m\u00ednimo de sonido<\/li>\n<li>Motor para ventilador Emerson con baleros sellados<\/li>\n<\/ul>\n<\/div>\n<p>&nbsp;<\/p>\n<p style=\"text-align: center;\"><strong>TABLA DE ESPECIFICACIONES:<\/strong><\/p>\n<p style=\"text-align: center;\"><img decoding=\"async\" src=\"https:\/\/h2otek.com\/tienda\/img\/cms\/aguacaliente\/raypak\/bombascalor-specialtyseries\/especificaciones-bombadecalor-raypak-specialty-R8353ti-E-HE.gif\" alt=\"especificaciones-bombadecalor-raypak\" width=\"593\" height=\"457\" \/><\/p>\n<p>&nbsp;<\/p>\n<p>&nbsp;<\/p>\n<p style=\"text-align: center;\"><strong>DIMENSIONES:<\/strong><\/p>\n<p style=\"text-align: center;\"><img decoding=\"async\" src=\"https:\/\/h2otek.com\/tienda\/img\/cms\/aguacaliente\/raypak\/bombascalor-specialtyseries\/dimensiones-bombadecalor-raypak-specialty.gif\" alt=\"\" width=\"680\" height=\"325\" \/><\/p>\n<p style=\"text-align: center;\">\n<p>&nbsp;<\/p>\n<p><strong>DESCARGAR MANUALES<\/strong><\/p>\n<ul>\n<li><strong><a href=\"http:\/\/www.h2otek.com\/tienda\/pdf\/aguacaliente\/FOLLETO%20BOMBA%20DE%20CALOR%20PARA%20ALBERCAS%20RAYPAK%20SPECIALTY%20SERIES.pdf\" target=\"_blank\" rel=\"noopener\">FOLLETO<\/a><\/strong><\/li>\n<li><strong><a href=\"http:\/\/www.h2otek.com\/tienda\/pdf\/aguacaliente\/MANUAL%20INSTALACION%20Y%20OPERACION%20BOMBA%20DE%20CALOR%20PARA%20ALBERCAS%20RAYPAK%20SPECIALTY%20SERIES.pdf\" target=\"_blank\" rel=\"noopener\">INSTALACI\u00d3N Y OPERACI\u00d3N<\/a><\/strong><\/li>\n<li><strong><a href=\"http:\/\/www.h2otek.com\/tienda\/pdf\/aguacaliente\/HOJA%20DE%20DATOS%20BOMBA%20DE%20CALOR%20PARA%20ALBERCAS%20RAYPAK%20SPECIALTY%20SERIES.pdf\" target=\"_blank\" rel=\"noopener\">HOJA DE DATOS<\/a><\/strong><\/li>\n<\/ul>\n<p>&nbsp;<\/p>\n<div>\n<p style=\"text-align: left;\"><strong>PRECIO INCLUYE GASTOS DE ENVIO (GRATIS) E IMPUESTO 16% DE IVA.<\/strong><\/p>\n<\/div>\n","protected":false},"excerpt":{"rendered":"<p><span style=\"color: #ff0000;\"><strong>PARA PRECIO DE ESTE PRODUCTO FAVOR DE COMUNICARSE EN ATENCION A CLIENTES: info@h2otek.com O AL TEL: 01 800 94 26 835<\/strong><\/span><\/p>\n<p><span style=\"color: #ff0000;\"><strong>BOMBA DE CALOR PARA SPA O ALBERCAS 7 KW 240V. MARCA RAYPAK<\/strong><\/span><\/p>\n<p><strong>CALEFACCI\u00d3N EN PISCINAS POR DEMANDA O RECIRCULACION DE AGUA CALIENTE. OPERACI\u00d3N SILENCIOSA.<em><br \/>\n<\/em><\/strong><\/p>\n<p><em><strong>IDEALES EN:<\/strong><\/em><\/p>\n<ul>\n<li><em><strong>ALBERCA \u00d3 PISCINA<br \/>\n<\/strong><\/em><\/li>\n<li><em><strong>SPA<\/strong><\/em><\/li>\n<li><em><strong>JACUZZI<\/strong><\/em><\/li>\n<li><em><strong>HIDROMASAJE, ETC.<\/strong><\/em><\/li>\n<\/ul>\n<p><span style=\"font-size: small; color: #000000;\"><strong>\u00a0<\/strong><\/span><\/p>\n","protected":false},"featured_media":3962,"comment_status":"closed","ping_status":"closed","template":"","meta":[],"pwb-brand":[],"product_brand":[],"product_cat":[463],"product_tag":[],"class_list":{"0":"post-18178","1":"product","2":"type-product","3":"status-publish","4":"has-post-thumbnail","6":"product_cat-bombas-de-calor-para-albercas-piscinas-serie-specialty-r6350-r8358","8":"first","9":"outofstock","10":"purchasable","11":"product-type-simple"},"brands":[],"_links":{"self":[{"href":"https:\/\/h2otek.com\/tienda\/wp-json\/wp\/v2\/product\/18178","targetHints":{"allow":["GET"]}}],"collection":[{"href":"https:\/\/h2otek.com\/tienda\/wp-json\/wp\/v2\/product"}],"about":[{"href":"https:\/\/h2otek.com\/tienda\/wp-json\/wp\/v2\/types\/product"}],"replies":[{"embeddable":true,"href":"https:\/\/h2otek.com\/tienda\/wp-json\/wp\/v2\/comments?post=18178"}],"wp:featuredmedia":[{"embeddable":true,"href":"https:\/\/h2otek.com\/tienda\/wp-json\/wp\/v2\/media\/3962"}],"wp:attachment":[{"href":"https:\/\/h2otek.com\/tienda\/wp-json\/wp\/v2\/media?parent=18178"}],"wp:term":[{"taxonomy":"pwb-brand","embeddable":true,"href":"https:\/\/h2otek.com\/tienda\/wp-json\/wp\/v2\/pwb-brand?post=18178"},{"taxonomy":"product_brand","embeddable":true,"href":"https:\/\/h2otek.com\/tienda\/wp-json\/wp\/v2\/product_brand?post=18178"},{"taxonomy":"product_cat","embeddable":true,"href":"https:\/\/h2otek.com\/tienda\/wp-json\/wp\/v2\/product_cat?post=18178"},{"taxonomy":"product_tag","embeddable":true,"href":"https:\/\/h2otek.com\/tienda\/wp-json\/wp\/v2\/product_tag?post=18178"}],"curies":[{"name":"wp","href":"https:\/\/api.w.org\/{rel}","templated":true}]}}