{"id":18139,"date":"2021-07-06T21:16:24","date_gmt":"2021-07-06T21:16:24","guid":{"rendered":"https:\/\/h2otek.com\/tienda\/producto\/deshumidificador-cap-6625-btu-hr-115v-marca-ebac-mod-kompact\/"},"modified":"2026-01-26T20:54:00","modified_gmt":"2026-01-26T20:54:00","slug":"deshumidificador-cap-6625-btu-hr-115v-marca-ebac-mod-kompact","status":"publish","type":"product","link":"https:\/\/h2otek.com\/tienda\/producto\/deshumidificador-cap-6625-btu-hr-115v-marca-ebac-mod-kompact\/","title":{"rendered":"DESHUMIDIFICADOR CAP. 6,625 BTU\/HR 115V. MARCA EBAC MOD. KOMPACT"},"content":{"rendered":"<p style=\"text-align: center;\"><img decoding=\"async\" src=\"https:\/\/www.h2otek.com\/tienda\/Images\/deshumidificadores\/deshumidificadorebac-kompact.jpg\" border=\"0\" \/><\/p>\n<p style=\"text-align: justify;\">El deshumidificador Ebac Kompact es la unidad ideal para el trabajo comercial y residencial. Su tama\u00f1o compacto permite la operaci\u00f3n de un solo hombre, sin embargo, tiene la capacidad de manejar varias \u00e1reas de tama\u00f1o de la habitaci\u00f3n a la vez. Lo mejor de todo es que es un precio asequible dentro del presupuesto de la mayor\u00eda de los especialistas en restauraci\u00f3n.<\/p>\n<p style=\"text-align: justify;\"><strong>RENDIMIENTO<\/strong>:El deshumidificador Kompact Ebac es una pieza resistente, sin embargo, m\u00f3viles de los equipos que trabajan en condiciones extremas y tirar grandes cantidades de humedad del aire.<\/p>\n<p style=\"text-align: justify;\">El Deshumidificador KOMPACT EIPL profesional es una pieza resistente, sin embargo, los equipos m\u00f3viles\u00a0 trabajan en condiciones extremas y sacan grandes cantidades de humedad del aire.<\/p>\n<p style=\"text-align: left;\"><strong>APLICACIONES:<\/strong><\/p>\n<ul style=\"text-align: left;\">\n<li>S\u00f3tanos<\/li>\n<li>Bodegas<\/li>\n<li>Lavander\u00edas<\/li>\n<li>Veh\u00edculos<\/li>\n<li>Hoteles<\/li>\n<li>Casas de hu\u00e9spedes<\/li>\n<li>Casas residenciales<\/li>\n<li>Laboratorios<\/li>\n<li>Oficinas<\/li>\n<\/ul>\n<p style=\"text-align: left;\"><strong>CARACTER\u00cdSTICAS:<\/strong><\/p>\n<ul>\n<li>F\u00e1cil operaci\u00f3n<\/li>\n<li>115V<\/li>\n<li>Se conecta en cualquier lugar<\/li>\n<li>Ruedas resistentes<\/li>\n<li>Asas de f\u00e1cil manejo<\/li>\n<li>Cable de alimentaci\u00f3n extra largoDE 16.4&#8243;<\/li>\n<li>Chasis de acero<\/li>\n<li>Recubrimiento epoxy para larga duraci\u00f3n<\/li>\n<li>Sistema Gas Caliente<\/li>\n<li>Elimina acumulaci\u00f3n de escarcha autom\u00e1ticamente<\/li>\n<li>Funcionamiento eficaz a bajas temperaturas<\/li>\n<li>Bomba de condensado<\/li>\n<li>1a\u00f1o de garant\u00eda sobre cualquier defecto de fabricaci\u00f3n<\/li>\n<\/ul>\n<p><strong>OPCIONES:<\/strong><\/p>\n<ul>\n<li>GFI Plug<\/li>\n<\/ul>\n<p style=\"text-align: left;\"><strong>ESPECIFICACIONES:<\/strong><\/p>\n<ul style=\"text-align: left;\">\n<li>Encendido\/Apagado<\/li>\n<li>Control de descongelamiento<\/li>\n<li>Tipo de compresor rotativo<\/li>\n<li>Enchufe instalado<\/li>\n<li>Semi-amortiguaci\u00f3n en neum\u00e1ticos<\/li>\n<li>Bomba de condensado integral<\/li>\n<li>Horas de operaci\u00f3n<\/li>\n<li>Sistema de gas caliente<\/li>\n<li>Filtro de aire lavable<\/li>\n<li>R\u00e1pido acoplamiento de manguera<\/li>\n<li>Asas plegables<\/li>\n<li>Manguera de desague de PVC de 25&#8243; de longuitud<\/li>\n<li>Polvo de epoxy<\/li>\n<li>Cable f\u00e1cil de envolver<\/li>\n<li>Operaci\u00f3n silenciosa<\/li>\n<\/ul>\n<p style=\"text-align: center;\"><strong><span style=\"color: #000000;\">TABLA DE ESPECIFICACIONES:<\/span><\/strong><\/p>\n<div class=\"WordSection1\" style=\"text-align: left;\">\n<table class=\"MsoTableLightShadingAccent1\" style=\"margin-left: 42.55pt; border-collapse: collapse; height: 397px;\" border=\"1\" width=\"80% align=\" cellspacing=\"0\" cellpadding=\"0\">\n<tbody>\n<tr style=\"height: 16.65pt;\">\n<td style=\"width: 50.6pt; padding: 0cm 5.4pt; height: 16.65pt;\" valign=\"top\" width=\"67\">\n<p class=\"MsoNormal\" style=\"margin-bottom: .0001pt; text-align: center; line-height: normal; mso-yfti-cnfc: 5;\" align=\"center\"><strong><span style=\"font-size: 10pt; color: black;\">DESHUMIDIFICADOR \u00a0<\/span><\/strong><\/p>\n<\/td>\n<td style=\"width: 93.15pt; padding: 0cm 5.4pt; height: 16.65pt;\" valign=\"top\" width=\"124\">\n<p class=\"MsoNormal\" style=\"margin-bottom: 0.0001pt; line-height: normal; text-align: center;\"><strong><span style=\"color: black;\"><span style=\"mso-spacerun: yes;\">\u00a0 <\/span><\/span><\/strong><strong><span style=\"font-size: 10pt; color: black;\">MODELO KOMPACT<br \/>\n<\/span><\/strong><\/p>\n<\/td>\n<\/tr>\n<tr style=\"height: 16.65pt;\">\n<td style=\"width: 50.6pt; background: none repeat scroll 0% 0% #d3dfee; padding: 0cm 5.4pt; height: 16.65pt;\" valign=\"top\" width=\"67\">\n<p class=\"MsoNormal\" style=\"margin-bottom: .0001pt; line-height: normal; mso-yfti-cnfc: 68;\"><strong><span style=\"font-size: 8.0pt;\">Altura<\/span><\/strong><\/p>\n<\/td>\n<td style=\"width: 93.15pt; background: none repeat scroll 0% 0% #d3dfee; padding: 0cm 5.4pt; height: 16.65pt;\" valign=\"top\" width=\"124\">\n<p class=\"MsoNormal\" style=\"margin-bottom: .0001pt; line-height: normal; mso-yfti-cnfc: 64;\"><span style=\"color: black;\">24 pulgadas<br \/>\n<\/span><\/p>\n<\/td>\n<\/tr>\n<tr style=\"height: 16.65pt;\">\n<td style=\"width: 50.6pt; padding: 0cm 5.4pt; height: 16.65pt;\" valign=\"top\" width=\"67\">\n<p class=\"MsoNormal\" style=\"margin-bottom: .0001pt; line-height: normal; mso-yfti-cnfc: 4;\"><strong><span style=\"font-size: 8.0pt;\">Ancho<\/span><\/strong><\/p>\n<\/td>\n<td style=\"width: 93.15pt; padding: 0cm 5.4pt; height: 16.65pt;\" valign=\"top\" width=\"124\">\n<p class=\"MsoNormal\" style=\"margin-bottom: .0001pt; line-height: normal;\"><span style=\"color: black;\">20 pulgadas<br \/>\n<\/span><\/p>\n<\/td>\n<\/tr>\n<tr style=\"height: 16.65pt;\">\n<td style=\"width: 50.6pt; background: none repeat scroll 0% 0% #d3dfee; padding: 0cm 5.4pt; height: 16.65pt;\" valign=\"top\" width=\"67\">\n<p class=\"MsoNormal\" style=\"margin-bottom: .0001pt; line-height: normal; mso-yfti-cnfc: 68;\"><strong><span style=\"font-size: 8.0pt;\">Profundidad<\/span><\/strong><\/p>\n<\/td>\n<td style=\"width: 93.15pt; background: none repeat scroll 0% 0% #d3dfee; padding: 0cm 5.4pt; height: 16.65pt;\" valign=\"top\" width=\"124\">\n<p class=\"MsoNormal\" style=\"margin-bottom: .0001pt; line-height: normal; mso-yfti-cnfc: 64;\"><span style=\"color: black;\">19 pulgadas<br \/>\n<\/span><\/p>\n<\/td>\n<\/tr>\n<tr style=\"height: 16.65pt;\">\n<td style=\"width: 50.6pt; padding: 0cm 5.4pt; height: 16.65pt;\" valign=\"top\" width=\"67\">\n<p class=\"MsoNormal\" style=\"margin-bottom: .0001pt; line-height: normal; mso-yfti-cnfc: 4;\"><strong><span style=\"font-size: 8.0pt;\">Peso<\/span><\/strong><\/p>\n<\/td>\n<td style=\"width: 93.15pt; padding: 0cm 5.4pt; height: 16.65pt;\" valign=\"top\" width=\"124\">\n<p class=\"MsoNormal\" style=\"margin-bottom: .0001pt; line-height: normal;\"><span style=\"color: black;\">35 kg<\/span><\/p>\n<\/td>\n<\/tr>\n<tr style=\"height: 15.95pt;\">\n<td style=\"width: 50.6pt; background: none repeat scroll 0% 0% #d3dfee; padding: 0cm 5.4pt; height: 15.95pt;\" valign=\"top\" width=\"67\">\n<p class=\"MsoNormal\" style=\"margin-bottom: .0001pt; line-height: normal; mso-yfti-cnfc: 68;\"><strong><span style=\"font-size: 8.0pt;\">Voltaje<\/span><\/strong><\/p>\n<\/td>\n<td style=\"width: 93.15pt; background: none repeat scroll 0% 0% #d3dfee; padding: 0cm 5.4pt; height: 15.95pt;\" valign=\"top\" width=\"124\">\n<p class=\"MsoNormal\" style=\"margin-bottom: .0001pt; line-height: normal; mso-yfti-cnfc: 64;\"><span style=\"color: black;\">110 V<\/span><\/p>\n<\/td>\n<\/tr>\n<tr style=\"height: 16.65pt;\">\n<td style=\"width: 50.6pt; padding: 0cm 5.4pt; height: 16.65pt;\" valign=\"top\" width=\"67\">\n<p class=\"MsoNormal\" style=\"margin-bottom: .0001pt; line-height: normal; mso-yfti-cnfc: 4;\"><strong><span style=\"font-size: 8.0pt;\">Fase<\/span><\/strong><\/p>\n<\/td>\n<td style=\"width: 93.15pt; padding: 0cm 5.4pt; height: 16.65pt;\" valign=\"top\" width=\"124\">\n<p class=\"MsoNormal\" style=\"margin-bottom: .0001pt; line-height: normal;\"><span style=\"color: black;\">1<\/span><\/p>\n<\/td>\n<\/tr>\n<tr style=\"height: 16.65pt;\">\n<td style=\"width: 50.6pt; background: none repeat scroll 0% 0% #d3dfee; padding: 0cm 5.4pt; height: 16.65pt;\" valign=\"top\" width=\"67\">\n<p class=\"MsoNormal\" style=\"margin-bottom: .0001pt; line-height: normal; mso-yfti-cnfc: 68;\"><strong><span style=\"font-size: 8.0pt;\">Frecuencia<\/span><\/strong><\/p>\n<\/td>\n<td style=\"width: 93.15pt; background: none repeat scroll 0% 0% #d3dfee; padding: 0cm 5.4pt; height: 16.65pt;\" valign=\"top\" width=\"124\">\n<p class=\"MsoNormal\" style=\"margin-bottom: .0001pt; line-height: normal; mso-yfti-cnfc: 64;\"><span style=\"color: black;\">60 Hz<\/span><\/p>\n<\/td>\n<\/tr>\n<tr style=\"height: 16.65pt;\">\n<td style=\"width: 50.6pt; padding: 0cm 5.4pt; height: 16.65pt;\" valign=\"top\" width=\"67\">\n<p class=\"MsoNormal\" style=\"margin-bottom: .0001pt; line-height: normal; mso-yfti-cnfc: 4;\"><strong><span style=\"font-size: 8.0pt;\">Corriente<\/span><\/strong><\/p>\n<\/td>\n<td style=\"width: 93.15pt; padding: 0cm 5.4pt; height: 16.65pt;\" valign=\"top\" width=\"124\">\n<p class=\"MsoNormal\" style=\"margin-bottom: .0001pt; line-height: normal;\"><span style=\"color: black;\">7 A<\/span><\/p>\n<\/td>\n<\/tr>\n<tr style=\"height: 16.65pt;\">\n<td style=\"width: 50.6pt; background: none repeat scroll 0% 0% #d3dfee; padding: 0cm 5.4pt; height: 16.65pt;\" valign=\"top\" width=\"67\">\n<p class=\"MsoNormal\" style=\"margin-bottom: .0001pt; line-height: normal; mso-yfti-cnfc: 68;\"><strong><span style=\"font-size: 8.0pt;\">Potencia<\/span><\/strong><\/p>\n<\/td>\n<td style=\"width: 93.15pt; background: none repeat scroll 0% 0% #d3dfee; padding: 0cm 5.4pt; height: 16.65pt;\" valign=\"top\" width=\"124\">\n<p class=\"MsoNormal\" style=\"margin-bottom: .0001pt; line-height: normal; mso-yfti-cnfc: 64;\"><span style=\"color: black;\">880 W<\/span><\/p>\n<\/td>\n<\/tr>\n<tr style=\"height: 16.65pt;\">\n<td style=\"width: 50.6pt; padding: 0cm 5.4pt; height: 16.65pt;\" valign=\"top\" width=\"67\">\n<p class=\"MsoNormal\" style=\"margin-bottom: .0001pt; line-height: normal; mso-yfti-cnfc: 4;\"><strong><span style=\"font-size: 8.0pt;\">Flujo de aire<\/span><\/strong><\/p>\n<\/td>\n<td style=\"width: 93.15pt; padding: 0cm 5.4pt; height: 16.65pt;\" valign=\"top\" width=\"124\">\n<p class=\"MsoNormal\" style=\"margin-bottom: .0001pt; line-height: normal;\"><span style=\"color: black;\">360 cfm 608m3\/hr<\/span><\/p>\n<\/td>\n<\/tr>\n<tr style=\"height: 16.65pt;\">\n<td style=\"width: 50.6pt; background: none repeat scroll 0% 0% #d3dfee; padding: 0cm 5.4pt; height: 16.65pt;\" valign=\"top\" width=\"67\">\n<p class=\"MsoNormal\" style=\"margin-bottom: .0001pt; line-height: normal; mso-yfti-cnfc: 68;\"><strong><span style=\"font-size: 8.0pt;\">Nivel de ruido<\/span><\/strong><\/p>\n<\/td>\n<td style=\"width: 93.15pt; background: none repeat scroll 0% 0% #d3dfee; padding: 0cm 5.4pt; height: 16.65pt;\" valign=\"top\" width=\"124\">\n<p class=\"MsoNormal\" style=\"margin-bottom: .0001pt; line-height: normal; mso-yfti-cnfc: 64;\"><span style=\"color: black;\">57 <span class=\"SpellE\">dba<\/span><\/span><\/p>\n<\/td>\n<\/tr>\n<tr style=\"height: 16.65pt;\">\n<td style=\"width: 50.6pt; padding: 0cm 5.4pt; height: 16.65pt;\" valign=\"top\" width=\"67\">\n<p class=\"MsoNormal\" style=\"margin-bottom: .0001pt; line-height: normal; mso-yfti-cnfc: 4;\"><strong><span style=\"font-size: 8.0pt;\">Refrigerante<\/span><\/strong><\/p>\n<\/td>\n<td style=\"width: 93.15pt; padding: 0cm 5.4pt; height: 16.65pt;\" valign=\"top\" width=\"124\">\n<p class=\"MsoNormal\" style=\"margin-bottom: .0001pt; line-height: normal;\"><span style=\"color: black;\">R22<\/span><\/p>\n<\/td>\n<\/tr>\n<tr style=\"height: 16.65pt;\">\n<td style=\"width: 50.6pt; background: none repeat scroll 0% 0% #d3dfee; padding: 0cm 5.4pt; height: 16.65pt;\" valign=\"top\" width=\"67\">\n<p class=\"MsoNormal\" style=\"margin-bottom: .0001pt; line-height: normal; mso-yfti-cnfc: 68;\"><span class=\"SpellE\"><strong><span style=\"font-size: 8.0pt;\">Vol\u00famen efectivo<\/span><\/strong><\/span><strong><span style=\"font-size: 8pt; color: black;\"><br \/>\n<\/span><\/strong><\/p>\n<\/td>\n<td style=\"width: 93.15pt; background: none repeat scroll 0% 0% #d3dfee; padding: 0cm 5.4pt; height: 16.65pt;\" valign=\"top\" width=\"124\">\n<p class=\"MsoNormal\" style=\"margin-bottom: .0001pt; line-height: normal; mso-yfti-cnfc: 64;\"><span style=\"color: black;\">8,369 cu.ft<br \/>\n<\/span><\/p>\n<\/td>\n<\/tr>\n<tr style=\"height: 16.65pt;\">\n<td style=\"width: 50.6pt; padding: 0cm 5.4pt; height: 16.65pt;\" valign=\"top\" width=\"67\">\n<p class=\"MsoNormal\" style=\"margin-bottom: .0001pt; line-height: normal; mso-yfti-cnfc: 4;\"><strong><span style=\"font-size: 8.0pt;\">T\u00edpico de extracci\u00f3n<\/span><\/strong><\/p>\n<\/td>\n<td style=\"width: 93.15pt; padding: 0cm 5.4pt; height: 16.65pt;\" valign=\"top\" width=\"124\">\n<p class=\"MsoNormal\" style=\"margin-bottom: .0001pt; line-height: normal;\"><span style=\"color: black;\">56 <span class=\"SpellE\">ppd<\/span><\/span><\/p>\n<\/td>\n<\/tr>\n<tr style=\"height: 16.65pt;\">\n<td style=\"width: 50.6pt; background: none repeat scroll 0% 0% #d3dfee; padding: 0cm 5.4pt; height: 16.65pt;\" valign=\"top\" width=\"67\">\n<p class=\"MsoNormal\" style=\"margin-bottom: .0001pt; line-height: normal; mso-yfti-cnfc: 68;\"><strong><span style=\"font-size: 8.0pt;\">Temperatura m\u00ednima de <span class=\"SpellE\">funcionamento<\/span><\/span><\/strong><\/p>\n<\/td>\n<td style=\"width: 93.15pt; background: none repeat scroll 0% 0% #d3dfee; padding: 0cm 5.4pt; height: 16.65pt;\" valign=\"top\" width=\"124\">\n<p class=\"MsoNormal\" style=\"margin-bottom: .0001pt; line-height: normal; mso-yfti-cnfc: 64;\"><span style=\"color: black;\">1\u00ba C<\/span><\/p>\n<\/td>\n<\/tr>\n<tr style=\"height: 16.65pt;\">\n<td style=\"width: 50.6pt; padding: 0cm 5.4pt; height: 16.65pt;\" valign=\"top\" width=\"67\">\n<p class=\"MsoNormal\" style=\"margin-bottom: .0001pt; line-height: normal; mso-yfti-cnfc: 4;\"><strong><span style=\"font-size: 8.0pt;\">Temperatura m\u00e1xima de funcionamiento<\/span><\/strong><\/p>\n<\/td>\n<td style=\"width: 93.15pt; padding: 0cm 5.4pt; height: 16.65pt;\" valign=\"top\" width=\"124\">\n<p class=\"MsoNormal\" style=\"margin-bottom: .0001pt; line-height: normal;\"><span style=\"color: black;\">35\u00ba C<\/span><\/p>\n<\/td>\n<\/tr>\n<\/tbody>\n<\/table>\n<p class=\"MsoNormal\" style=\"text-align: center;\"><span style=\"mso-ansi-language: ES-TRAD;\">\u00a0<\/span><\/p>\n<\/div>\n<p style=\"text-align: center;\"><strong>FUNCIONAMIENTO:<\/strong><\/p>\n<p style=\"text-align: center;\"><img fetchpriority=\"high\" decoding=\"async\" src=\"https:\/\/www.h2otek.com\/tienda\/Images\/deshumidificadores\/funcionamientodc30.jpg\" width=\"312\" height=\"287\" border=\"0\" \/><\/p>\n<ol>\n<li>El aire es extra\u00eddo en la unidad por un ventilador<\/li>\n<li>El aire pasa sobre una superficie fr\u00eda<\/li>\n<li>A medida que el aire se enfr\u00eda, se condensa la humedad<\/li>\n<li>El agua cae en el recipiente<\/li>\n<li>El aire es de nuevo calentado por\u00a0 la recuperaci\u00f3n del sistema<\/li>\n<li>El aire pasa a la habitaci\u00f3n de 2\u00b0 C mucho m\u00e1s c\u00e1lido y seco<\/li>\n<li>Descongelamiento: el sistema autom\u00e1ticamente descongela la unidad si es necesario<\/li>\n<li>Unidad: se apaga autom\u00e1ticamente cuando el contenedor est\u00e1 lleno<\/li>\n<li>Cuando la unidad alcanza determinado nivel de sequedad se apaga autom\u00e1ticamente<\/li>\n<\/ol>\n<p>&nbsp;<\/p>\n<p>&nbsp;<\/p>\n<p style=\"text-align: center;\"><strong>CERTIFICACIONES:<\/strong><\/p>\n<p style=\"text-align: center;\"><img decoding=\"async\" src=\"https:\/\/www.h2otek.com\/tienda\/Images\/deshumidificadores\/certificacion-CSA.jpg\" border=\"0\" \/><\/p>\n<p>&nbsp;<\/p>\n<p>&nbsp;<\/p>\n<p>&nbsp;<\/p>\n<p><strong>DESCARGAR MANUALES:<\/strong><\/p>\n<ul>\n<li><a href=\"https:\/\/h2otek.com\/tienda\/pdf\/controlhumedad\/ebac\/FOLLETO DESHUMIDIFICADOR EBAC KOMPACT.pdf\" target=\"_blank\" rel=\"noopener\"><strong>FOLLETO<\/strong><\/a><\/li>\n<li><a href=\"https:\/\/h2otek.com\/tienda\/pdf\/controlhumedad\/ebac\/MANUAL DEL USUARIO DESHUMIDIFICADOR EBAC KOMPACT.pdf\" target=\"_blank\" rel=\"noopener\"><strong>MANUAL DEL USUARIO<\/strong><\/a><\/li>\n<li><a href=\"https:\/\/h2otek.com\/tienda\/pdf\/controlhumedad\/ebac\/ESQUEMA DE CABLEADO DESHUMIDIFICADOR EBAC KOMPACT.pdf\" target=\"_blank\" rel=\"noopener\"><strong>ESQUEMA DE CABLEADO<\/strong><\/a><\/li>\n<li><a href=\"https:\/\/h2otek.com\/tienda\/pdf\/controlhumedad\/ebac\/DIAGRAMA DE CABLEADO DESHUMIDIFICADOR EBAC KOMPACT.pdf\" target=\"_blank\" rel=\"noopener\"><strong>DIAGRAMA DE CABLEADO<\/strong><\/a><\/li>\n<li><a href=\"https:\/\/h2otek.com\/tienda\/pdf\/controlhumedad\/ebac\/LISTA DE PARTES DESHUMIDIFICADOR EBAC KOMPACT.pdf\" target=\"_blank\" rel=\"noopener\"><strong>LISTA DE PARTES<\/strong><\/a><\/li>\n<\/ul>\n<p>&nbsp;<\/p>\n<p><strong style=\"color: #000000;\">PRECIOS INCLUYE GASTOS DE ENVIO (GRATIS) E IMPUESTO 16% DE IVA<\/strong><\/p>\n","protected":false},"excerpt":{"rendered":"<p style=\"text-align: left;\"><span style=\"color: #000000;\"><em><span style=\"font-size: small;\"><strong>IDEALES PARA LOS ESPACIOS DE:<\/strong><\/span><\/em><\/span><\/p>\n<ul>\n<li><span style=\"color: #000000;\"><em><span style=\"font-size: small;\"><strong> ALMACEN<\/strong><\/span><\/em><\/span><\/li>\n<li><span style=\"color: #000000;\"><em><span style=\"font-size: small;\"><strong>S\u00d3TANOS<\/strong><\/span><\/em><\/span><\/li>\n<li><span style=\"color: #000000;\"><em><span style=\"font-size: small;\"><strong>F\u00c1BRICAS<\/strong><\/span><\/em><\/span><\/li>\n<li><span style=\"color: #000000;\"><em><span style=\"font-size: small;\"><strong>RESTAURACI\u00d3N DE DA\u00d1OS<\/strong><\/span><\/em><\/span><\/li>\n<li><span style=\"color: #000000;\"><em><span style=\"font-size: small;\"><strong>PABELLONES DEPORTIV<\/strong><\/span><span style=\"font-size: small;\"><strong>OS<\/strong><\/span><\/em><\/span><\/li>\n<li><span style=\"color: #000000;\"><em><span style=\"font-size: small;\"><strong>\u00c1REAS DE ALMACENAMIENTO<\/strong><\/span><\/em><\/span><\/li>\n<li><span style=\"color: #000000;\"><em><span style=\"font-size: small;\"><strong>LABORATORIOS<\/strong><\/span><\/em><\/span><\/li>\n<li><span style=\"color: #000000;\"><em><span style=\"font-size: small;\"><strong>ETC.<\/strong><\/span><\/em><\/span><\/li>\n<\/ul>\n<p>&nbsp;<\/p>\n<p style=\"text-align: left;\"><span style=\"font-size: small; color: #000000;\"><em><strong>RECOMENDADOS PARA LIMPIEZA Y RESTAURACI\u00d3N.<\/strong><\/em><\/span><\/p>\n","protected":false},"featured_media":3560,"comment_status":"closed","ping_status":"closed","template":"","meta":[],"pwb-brand":[],"product_brand":[],"product_cat":[422,863],"product_tag":[],"class_list":{"0":"post-18139","1":"product","2":"type-product","3":"status-publish","4":"has-post-thumbnail","6":"product_cat-portatiles","7":"product_cat-portatiles-110-volts-deshumidificadores-por-condensacion-refrigeracion","9":"first","10":"onbackorder","11":"purchasable","12":"product-type-simple"},"brands":[],"_links":{"self":[{"href":"https:\/\/h2otek.com\/tienda\/wp-json\/wp\/v2\/product\/18139","targetHints":{"allow":["GET"]}}],"collection":[{"href":"https:\/\/h2otek.com\/tienda\/wp-json\/wp\/v2\/product"}],"about":[{"href":"https:\/\/h2otek.com\/tienda\/wp-json\/wp\/v2\/types\/product"}],"replies":[{"embeddable":true,"href":"https:\/\/h2otek.com\/tienda\/wp-json\/wp\/v2\/comments?post=18139"}],"wp:featuredmedia":[{"embeddable":true,"href":"https:\/\/h2otek.com\/tienda\/wp-json\/wp\/v2\/media\/3560"}],"wp:attachment":[{"href":"https:\/\/h2otek.com\/tienda\/wp-json\/wp\/v2\/media?parent=18139"}],"wp:term":[{"taxonomy":"pwb-brand","embeddable":true,"href":"https:\/\/h2otek.com\/tienda\/wp-json\/wp\/v2\/pwb-brand?post=18139"},{"taxonomy":"product_brand","embeddable":true,"href":"https:\/\/h2otek.com\/tienda\/wp-json\/wp\/v2\/product_brand?post=18139"},{"taxonomy":"product_cat","embeddable":true,"href":"https:\/\/h2otek.com\/tienda\/wp-json\/wp\/v2\/product_cat?post=18139"},{"taxonomy":"product_tag","embeddable":true,"href":"https:\/\/h2otek.com\/tienda\/wp-json\/wp\/v2\/product_tag?post=18139"}],"curies":[{"name":"wp","href":"https:\/\/api.w.org\/{rel}","templated":true}]}}