{"id":18108,"date":"2021-07-06T21:16:13","date_gmt":"2021-07-06T21:16:13","guid":{"rendered":"https:\/\/h2otek.com\/tienda\/producto\/bomba-cerrada-velocidad-variable-1-5-gpm-vfd-230-volts-de-4-zonas-marca-aeromist-modelo-60150-hde-1ph-230vfd-4z\/"},"modified":"2024-03-25T19:13:56","modified_gmt":"2024-03-25T19:13:56","slug":"bomba-cerrada-velocidad-variable-1-5-gpm-vfd-230-volts-de-4-zonas-marca-aeromist-modelo-60150-hde-1ph-230vfd-4z","status":"publish","type":"product","link":"https:\/\/h2otek.com\/tienda\/producto\/bomba-cerrada-velocidad-variable-1-5-gpm-vfd-230-volts-de-4-zonas-marca-aeromist-modelo-60150-hde-1ph-230vfd-4z\/","title":{"rendered":"BOMBA CERRADA VELOCIDAD VARIABLE 1.5 GPM VFD 230 VOLTS DE 4 ZONAS MARCA AEROMIST\u00ae MODELO 60150-HDE-1PH-230VFD-4Z"},"content":{"rendered":"<p style=\"text-align: center;\"><img fetchpriority=\"high\" decoding=\"async\" src=\"https:\/\/h2otek.com\/tienda\/img\/cms\/controlhumedad\/aeromist\/misting-pumps\/velocidad-variable\/header-aeromist-bomba-cerrada-velocidad-variable-60150-HDE-1PH-230VFD-4Z.jpg\" alt=\"header-aeromist-bomba-cerrada-velocidad-\" width=\"650\" height=\"300\" \/><\/p>\n<p style=\"text-align: justify;\"><strong>DESCRIPCI\u00d3N GENERAL DEL PRODUCTO:<\/strong><\/p>\n<p style=\"text-align: justify;\">Las bombas VFD ofrecen una soluci\u00f3n para los sistemas de nebulizaci\u00f3n multizona. El controlador de la bomba cambia autom\u00e1ticamente la velocidad de funcionamiento del motor en funci\u00f3n del caudal de agua de salida de las zonas para mantener 1000 psi; eliminando as\u00ed la necesidad de m\u00faltiples bombas. Las bombas de accionamiento de frecuencia variable son extremadamente silenciosas, est\u00e1n equipadas con un bajo corte de agua y se benefician de un sistema de filtrado dual.<\/p>\n<p style=\"text-align: justify;\"><strong>BENEFICIOS:<\/strong><\/p>\n<ul>\n<li>4 zonas controladas por solenoides de 120V<\/li>\n<li>El ahorro de energ\u00eda<\/li>\n<li>Deber continuo<\/li>\n<li>Arranque suave<\/li>\n<li>Bajo nivel de ruido<\/li>\n<\/ul>\n<p><strong>Capacidad de la bomba de 1000 PSI:<\/strong><\/p>\n<ul>\n<li>Hasta 65 .008 Boquillas de nebulizaci\u00f3n<\/li>\n<li>Hasta 45 .012 Boquillas de nebulizaci\u00f3n<\/li>\n<li>Hasta 35 .014 Boquillas de nebulizaci\u00f3n<\/li>\n<li>230 voltios\/monof\u00e1sico<\/li>\n<li>Peso y dimensiones: 125 lbs; L 18&#8243; W 16&#8243; H 13&#8243;<\/li>\n<\/ul>\n<p><strong>CARACTER\u00cdSTICAS:<\/strong><\/p>\n<ul>\n<li>Motor el\u00e9ctrico TEFC de 2 HP, filtro doble, man\u00f3metro, v\u00e1lvula de drenaje, regulador ajustable, ahorro de energ\u00eda, servicio continuo, protecci\u00f3n contra sobrecarga del motor, corte por bajo nivel de agua<br \/>\n(Colector de acero inoxidable opcional de 2-4 zonas instalado de f\u00e1brica)<br \/>\n(V\u00e1lvulas Soleniod opcionales para m\u00faltiples zonas de 24 VCA, 120 VCA)<\/li>\n<\/ul>\n<p>&nbsp;<\/p>\n<p><em>12 MESES DE GARANT\u00cdA BAJO CUALQUIER DEFECTO DE FABRICACI\u00d3N<\/em><\/p>\n<p>&nbsp;<\/p>\n<p><strong><span style=\"color: #0000ff;\">DESCARGAR MANUALES:<\/span><\/strong><\/p>\n<ul>\n<li><strong><span style=\"color: #0000ff;\"><a href=\"https:\/\/h2otek.com\/tienda\/pdf\/controlhumedad\/CATALOGO%20PRODUCTOS%20AEROMIST.pdf\" target=\"_blank\" rel=\"noopener\">CAT\u00c1LOGO PRODUCTOS AEROMIST\u00ae<\/a><\/span><\/strong><\/li>\n<li><strong><span style=\"color: #0000ff;\"><a href=\"https:\/\/h2otek.com\/tienda\/pdf\/controlhumedad\/MANUAL%20DEL%20USUARIO%20PRODUCTOS%20AEROMIST.pdf\" target=\"_blank\" rel=\"noopener\">MANUAL DEL USUARIO PRODUCTOS AEROMIST\u00ae<\/a><\/span><\/strong><\/li>\n<\/ul>\n<p>&nbsp;<\/p>\n","protected":false},"excerpt":{"rendered":"<p><span style=\"color: #ff0000;\"><strong>PRECIO\u00a0EN\u00a0D\u00d3LARES US.<br \/>\nPRECIO INCLUYE 16 % DE I.V.A.<br \/>\nPRECIO INCLUYE ENVIO (ZONA CENTRO).<\/strong><\/span><\/p>\n<p><strong><em>HUMIDIFICADORES IDEALES PARA:<\/em><\/strong><\/p>\n<ul>\n<li><em><strong>PATIOS<\/strong><\/em><\/li>\n<li><em><strong>JARDINES<\/strong><\/em><\/li>\n<li><em><strong>ESPACIOS SOCIALES<\/strong><\/em><\/li>\n<li><em><strong>ALMACENES<\/strong><\/em><\/li>\n<li><em><strong>PROCESOS<\/strong><\/em><\/li>\n<li><em><strong>LABORATORIOS<\/strong><\/em><\/li>\n<li><em><strong>CUARTOS DE PRUEBA<\/strong><\/em><\/li>\n<li><em><strong>COMERCIOS<\/strong><\/em><\/li>\n<li><em><strong>RESTAURANTES<\/strong><\/em><\/li>\n<li><em><strong>TERRAZAS<\/strong><\/em><\/li>\n<li><em><strong>INDUSTRIA EN GENERAL,\u00a0ETC.<\/strong><\/em><\/li>\n<\/ul>\n","protected":false},"featured_media":1306,"comment_status":"closed","ping_status":"closed","template":"","meta":[],"pwb-brand":[],"product_brand":[],"product_cat":[547],"product_tag":[],"class_list":{"0":"post-18108","1":"product","2":"type-product","3":"status-publish","4":"has-post-thumbnail","6":"product_cat-4-zonas-vdf-bomba-cerrada-velocidad-variable","8":"first","9":"onbackorder","10":"purchasable","11":"product-type-simple"},"brands":[],"_links":{"self":[{"href":"https:\/\/h2otek.com\/tienda\/wp-json\/wp\/v2\/product\/18108","targetHints":{"allow":["GET"]}}],"collection":[{"href":"https:\/\/h2otek.com\/tienda\/wp-json\/wp\/v2\/product"}],"about":[{"href":"https:\/\/h2otek.com\/tienda\/wp-json\/wp\/v2\/types\/product"}],"replies":[{"embeddable":true,"href":"https:\/\/h2otek.com\/tienda\/wp-json\/wp\/v2\/comments?post=18108"}],"wp:featuredmedia":[{"embeddable":true,"href":"https:\/\/h2otek.com\/tienda\/wp-json\/wp\/v2\/media\/1306"}],"wp:attachment":[{"href":"https:\/\/h2otek.com\/tienda\/wp-json\/wp\/v2\/media?parent=18108"}],"wp:term":[{"taxonomy":"pwb-brand","embeddable":true,"href":"https:\/\/h2otek.com\/tienda\/wp-json\/wp\/v2\/pwb-brand?post=18108"},{"taxonomy":"product_brand","embeddable":true,"href":"https:\/\/h2otek.com\/tienda\/wp-json\/wp\/v2\/product_brand?post=18108"},{"taxonomy":"product_cat","embeddable":true,"href":"https:\/\/h2otek.com\/tienda\/wp-json\/wp\/v2\/product_cat?post=18108"},{"taxonomy":"product_tag","embeddable":true,"href":"https:\/\/h2otek.com\/tienda\/wp-json\/wp\/v2\/product_tag?post=18108"}],"curies":[{"name":"wp","href":"https:\/\/api.w.org\/{rel}","templated":true}]}}