{"id":18047,"date":"2021-07-06T21:15:57","date_gmt":"2021-07-06T21:15:57","guid":{"rendered":"https:\/\/h2otek.com\/tienda\/producto\/calentador-de-agua-ss-a-399000-btuh-linea-comercial-hidelta-marca-raypak-mod-wh-hd401\/"},"modified":"2022-10-08T00:31:59","modified_gmt":"2022-10-08T00:31:59","slug":"calentador-de-agua-ss-a-399000-btuh-linea-comercial-hidelta-marca-raypak-mod-wh-hd401","status":"publish","type":"product","link":"https:\/\/h2otek.com\/tienda\/producto\/calentador-de-agua-ss-a-399000-btuh-linea-comercial-hidelta-marca-raypak-mod-wh-hd401\/","title":{"rendered":"CALENTADOR DE AGUA SS A 399,000 BTUH LINEA COMERCIAL HIDELTA MARCA RAYPAK MOD. WH-HD401"},"content":{"rendered":"<p style=\"text-align: center;\"><img fetchpriority=\"high\" decoding=\"async\" src=\"https:\/\/www.h2otek.com\/tienda\/img\/cms\/aguacaliente\/raypak\/header-calentadores-agua-comercial-SS-DELTA-401.jpg\" alt=\"header-calentadores-agua-comercial-SS-DE\" width=\"650\" height=\"300\" \/><\/p>\n<p style=\"text-align: left;\"><span style=\"text-decoration: underline;\"><strong><br \/>\nCALENTADOR DE AGUA HIDELTA\u00a0L\u00cdNEA COMERCIAL<br \/>\n<\/strong><\/span><\/p>\n<p><span style=\"text-align: justify;\">D\u00e9cadas de experiencia e innovaciones tecnol\u00f3gicas crearon el boiler Hi Delta, un producto que incorpora caracter\u00edsticas requeridas por ingenieros, instaladores y usuarios finales por igual.<\/span><\/p>\n<div style=\"text-align: justify;\">\n<p>En 1948, Raypak introdujo el primer boiler de tubo recto con aletas de cobre, dise\u00f1ado con fiabilidad y capacidad de servicio en mente. La\u00a0\u00a0tradici\u00f3n contin\u00faa con el modelo Hi Delta de Raypak. Es un quemador\u00a0&#8220;Manta de seguridad&#8221; patentado, una mejora ingeniosa que brinda\u00a0v\u00eda de aire-gas perfeccionado para una combusti\u00f3n completa, lo que hace de Hi\u00a0Delta, el boiler de combusti\u00f3n sellada m\u00e1s accesible\u00a0del mercado\u00a0actual.<\/p>\n<p>La familia de productos Hi Delta cubre todo el espectro de ambos interiores\u00a0y aplicaciones al aire libre que incluyen calefacci\u00f3n de espacios, calentamiento de procesos, calefacci\u00f3n de la piscina y calefacci\u00f3n de agua caliente sanitaria. Cuando est\u00e1 instalado\u00a0en el interior, la versatilidad del Hi Delta se revela en un respiradero de di\u00e1metro m\u00e1s peque\u00f1o\u00a0, ventilaci\u00f3n directa y la comodidad de apilar sin\u00a0una mayor huella.<br \/>\nEl enfoque de Raypak en la satisfacci\u00f3n del cliente va m\u00e1s all\u00e1 del dise\u00f1o del producto. Al igual que todas las calderas Raypak, cada Hi Delta es probado en f\u00e1brica,\u00a0asegurando una puesta en marcha confiable en la instalaci\u00f3n.<br \/>\nDurante m\u00e1s de 60 a\u00f1os, los profesionales de Raypak se han ganado su reputaci\u00f3n\u00a0como los expertos en gesti\u00f3n de agua caliente.<\/p>\n<\/div>\n<div id=\"tab-description\" class=\"panel wc-tab entry-content active\" style=\"text-align: justify;\">\n<p>&nbsp;<\/p>\n<p style=\"text-align: justify;\"><strong>CARACTER\u00cdSTICAS:<\/strong><\/p>\n<ul>\n<li>Todos los modelos\u00a0para interior \/ exterior est\u00e1n certificados<\/li>\n<li>La &#8220;manta de seguridad&#8221; patentada de los quemadores\u00a0 mejora la combusti\u00f3n por etapas, minimiza los problemas de instalaci\u00f3n \/ puesta en marcha y protege los quemadores de la fatiga del metal.<\/li>\n<li>Temperatura m\u00ednima del agua de entrada de 105\u00baF.<\/li>\n<li>Cabezales de lat\u00f3n con intercambiador de calor de tubo con aletas de cobre. Los cabezales de hierro fundido revestidos de vidrio y los tubos de cupron\u00edquel est\u00e1n disponibles como opciones. Cumple con AB 1953.<\/li>\n<li>Ventilaci\u00f3n de pared lateral capaz. No se necesita extractor para la mayor\u00eda de las aplicaciones.<\/li>\n<li>Conduccion de aire de combustion listo. Ventilaci\u00f3n directa certificada TruSeal\u00ae CSA disponible.<\/li>\n<li>Certificado bajo SCAQMD Regla 1146.2. Cumple con todas las regulaciones NOx.<\/li>\n<li>Disponible para gas natural o propano.<\/li>\n<\/ul>\n<\/div>\n<p>&nbsp;<\/p>\n<p>&nbsp;<\/p>\n<p style=\"text-align: center;\"><strong>DIMENSIONES:<\/strong><\/p>\n<p><img decoding=\"async\" src=\"https:\/\/www.h2otek.com\/tienda\/img\/cms\/HIDELTA\/dimensiones.jpg\" alt=\"especificaciones-calentador-raytherm\" width=\"804\" height=\"215\" \/><\/p>\n<p style=\"text-align: center;\">\n<p style=\"text-align: center;\"><img decoding=\"async\" src=\"https:\/\/www.h2otek.com\/tienda\/img\/cms\/HIDELTA\/MODELO%20HD101-401_1.jpg\" alt=\"DIMENSIONES_GRAF_RAYTHERM_182_400.jpg\" width=\"845\" height=\"374\" \/><\/p>\n<p>&nbsp;<\/p>\n<p>&nbsp;<\/p>\n<p style=\"text-align: center;\"><strong>CAPACIDAD DE FLUJO Y CA\u00cdDA DE PRESI\u00d3N<\/strong><\/p>\n<p style=\"text-align: center;\"><img loading=\"lazy\" decoding=\"async\" style=\"text-align: start;\" src=\"https:\/\/www.h2otek.com\/tienda\/img\/cms\/HIDELTA\/flujos_hidelta_wh101_401.jpg\" alt=\"indice_flujo_calentadores_wh_182_400.jpg\" width=\"869\" height=\"184\" \/><\/p>\n<p>&nbsp;<\/p>\n<p>&nbsp;<\/p>\n<p><strong>DESCARGAR MANUALES<\/strong><\/p>\n<ul>\n<li><strong><a href=\"http:\/\/www.h2otek.com\/tienda\/pdf\/aguacaliente\/FOLLETO_HIDELTA_101_401.pdf\" target=\"_blank\" rel=\"noopener\">FOLLETO<\/a><\/strong><\/li>\n<li><strong><a href=\"http:\/\/www.h2otek.com\/tienda\/pdf\/aguacaliente\/HOJA%20DATOS%20HIDELTA.pdf\" target=\"_blank\" rel=\"noopener\">ESPECIFICACIONES<\/a><\/strong><\/li>\n<li><strong><a href=\"http:\/\/www.h2otek.com\/ftp:\/tienda\/pdf\/aguacaliente\/MANUAL_OPERACION_HIDELTA_101_401.pdf\" target=\"_blank\" rel=\"noopener\">INSTALACI\u00d3N Y OPERACI\u00d3N<\/a><\/strong><\/li>\n<li><strong><a href=\"http:\/\/www.h2otek.com\/tienda\/pdf\/aguacaliente\/LISTA_PARTES_HIDELTA_101_401.pdf\" target=\"_blank\" rel=\"noopener\">LISTA DE PARTES<\/a><\/strong><\/li>\n<\/ul>\n<p>&nbsp;<\/p>\n<div>\n<p style=\"text-align: left;\"><strong>PRECIO INCLUYE GASTOS DE ENVIO (GRATIS) E IMPUESTO 16% DE IVA.<\/strong><\/p>\n<\/div>\n","protected":false},"excerpt":{"rendered":"<p><span style=\"color: #ff0000;\"><strong>PARA PRECIO DE ESTE PRODUCTO FAVOR DE COMUNICARSE EN ATENCION A CLIENTES: info@h2otek.com O AL TEL: 01 800 94 26 835<\/strong><\/span><\/p>\n<p><span style=\"color: #ff0000;\"><strong>CALENTADOR DE AGUA 399,000 BTU L\u00cdNEA COMERCIAL HIDELTA\u00a0MARCA RAYPAK<\/strong><\/span><\/p>\n<p><strong>CALEFACCI\u00d3N EN PISCINAS POR DEMANDA O RECIRCULACION DE AGUA CALIENTE. OPERACI\u00d3N SILENCIOSA.<em><br \/>\n<\/em><\/strong><\/p>\n<p><em><strong>IDEALES EN:<\/strong><\/em><\/p>\n<ul>\n<li><em><strong>ALBERCA \u00d3 PISCINA<br \/>\n<\/strong><\/em><\/li>\n<li><em><strong>SPA<\/strong><\/em><\/li>\n<li><em><strong>JACUZZI<\/strong><\/em><\/li>\n<li><em><strong>HIDROMASAJE, ETC.<\/strong><\/em><\/li>\n<\/ul>\n","protected":false},"featured_media":4694,"comment_status":"closed","ping_status":"closed","template":"","meta":[],"pwb-brand":[],"product_brand":[],"product_cat":[413],"product_tag":[],"class_list":{"0":"post-18047","1":"product","2":"type-product","3":"status-publish","4":"has-post-thumbnail","6":"product_cat-calentadores-de-agua-hidelta-ss-hd101-hd401","8":"first","9":"outofstock","10":"purchasable","11":"product-type-simple"},"brands":[],"_links":{"self":[{"href":"https:\/\/h2otek.com\/tienda\/wp-json\/wp\/v2\/product\/18047","targetHints":{"allow":["GET"]}}],"collection":[{"href":"https:\/\/h2otek.com\/tienda\/wp-json\/wp\/v2\/product"}],"about":[{"href":"https:\/\/h2otek.com\/tienda\/wp-json\/wp\/v2\/types\/product"}],"replies":[{"embeddable":true,"href":"https:\/\/h2otek.com\/tienda\/wp-json\/wp\/v2\/comments?post=18047"}],"wp:featuredmedia":[{"embeddable":true,"href":"https:\/\/h2otek.com\/tienda\/wp-json\/wp\/v2\/media\/4694"}],"wp:attachment":[{"href":"https:\/\/h2otek.com\/tienda\/wp-json\/wp\/v2\/media?parent=18047"}],"wp:term":[{"taxonomy":"pwb-brand","embeddable":true,"href":"https:\/\/h2otek.com\/tienda\/wp-json\/wp\/v2\/pwb-brand?post=18047"},{"taxonomy":"product_brand","embeddable":true,"href":"https:\/\/h2otek.com\/tienda\/wp-json\/wp\/v2\/product_brand?post=18047"},{"taxonomy":"product_cat","embeddable":true,"href":"https:\/\/h2otek.com\/tienda\/wp-json\/wp\/v2\/product_cat?post=18047"},{"taxonomy":"product_tag","embeddable":true,"href":"https:\/\/h2otek.com\/tienda\/wp-json\/wp\/v2\/product_tag?post=18047"}],"curies":[{"name":"wp","href":"https:\/\/api.w.org\/{rel}","templated":true}]}}