{"id":17964,"date":"2021-07-06T21:15:36","date_gmt":"2021-07-06T21:15:36","guid":{"rendered":"https:\/\/h2otek.com\/tienda\/producto\/kit-bomba-recirculadora-bajo-demanda-bajo-fregadero-rheem-mod-ap18537\/"},"modified":"2022-10-17T18:23:18","modified_gmt":"2022-10-17T18:23:18","slug":"kit-bomba-recirculadora-bajo-demanda-bajo-fregadero-rheem-mod-ap18537","status":"publish","type":"product","link":"https:\/\/h2otek.com\/tienda\/producto\/kit-bomba-recirculadora-bajo-demanda-bajo-fregadero-rheem-mod-ap18537\/","title":{"rendered":"KIT BOMBA RECIRCULADORA BAJO DEMANDA &#8211; BAJO FREGADERO RHEEM MOD. AP18537"},"content":{"rendered":"<p style=\"text-align: center;\"><img fetchpriority=\"high\" decoding=\"async\" src=\"https:\/\/h2otek.com\/tienda\/img\/cms\/aguacaliente\/rheem\/accesorios\/header-accesorios-rheem-AP18537.jpg\" alt=\"header-accesorios-rheem-AP18537.jpg\" width=\"650\" height=\"300\" \/><\/p>\n<p style=\"text-align: center;\">\u00a0<\/p>\n<p style=\"text-align: left;\">Kit de bomba de demanda de recirculaci\u00f3n Rheem AP18537 (BAJO FREGADERO)<\/p>\n<p>Esta opci\u00f3n debajo del fregadero es una soluci\u00f3n perfecta para agregar agua caliente instant\u00e1nea a una aplicaci\u00f3n de tuber\u00eda de calentador de agua existente. <\/p>\n<p>APLICACIONES &#8211; Reequipamiento y nueva construcci\u00f3n <br \/>INSTALACI\u00d3N DE UBICACI\u00d3N &#8211; Debajo del gabinete del fregadero del accesorio m\u00e1s alejado de su calentador de agua <br \/>ACTIVACI\u00d3N &#8211; Bot\u00f3n con cable (incluido), sensor de movimiento o transmisor remoto <br \/>REQUISITOS DE FONTANER\u00cdA &#8211; Utiliza la tuber\u00eda de suministro de agua fr\u00eda existente como l\u00ednea de retorno &#8211; no est\u00e1 dedicado requiere l\u00ednea de retorno <br \/>COMPATIBILIDAD &#8211; Calentadores de agua tipo tanque y sin tanque<\/p>\n<p><strong><br \/>EL KIT CONTIENE<\/strong><\/p>\n<ul>\n<li>008-CT Taco Genie<\/li>\n<li>Bot\u00f3n con cable<\/li>\n<li>Diagramas de tuber\u00edas y hojas de instrucciones para facilitar la instalaci\u00f3n<br \/>+ 2 accesorios en T <br \/>+ 2 tubos flexibles corrugados<\/li>\n<\/ul>\n<p>\u00a0<\/p>\n<p>\u00a0<\/p>\n<p style=\"text-align: left;\"><strong>DESCARGAR MANUALES<\/strong><\/p>\n<ul>\n<li><strong><a href=\"https:\/\/h2otek.com\/tienda\/img\/cms\/aguacaliente\/rheem\/accesorios\/ACCESORIOS%20RHEEM.pdf\" target=\"_blank\" rel=\"noopener\">FOLLETO<\/a><\/strong><\/li>\n<li><strong><a href=\"https:\/\/h2otek.com\/tienda\/img\/cms\/aguacaliente\/rheem\/accesorios\/MANUAL%20AP18403%20-%20AP18537.pdf\" target=\"_blank\" rel=\"noopener\">MANUAL<\/a><\/strong><\/li>\n<\/ul>\n<p>\u00a0<\/p>\n<p style=\"text-align: left;\"><span style=\"color: #000000;\"><strong>PRECIO INCLUYE GASTOS DE ENVIO (GRATIS) E IMPUESTO 16% DE IVA.<\/strong><\/span><\/p>\n","protected":false},"excerpt":{"rendered":"<p><span style=\"color: #ff0000;\"><strong>PRECIO\u00a0EN DOLARES US.<\/strong><\/span><\/p>\n<p><strong>KIT BOMBA RECIRCULADORA<\/strong><\/p>\n","protected":false},"featured_media":1258,"comment_status":"closed","ping_status":"closed","template":"","meta":[],"pwb-brand":[],"product_brand":[],"product_cat":[408,773],"product_tag":[],"class_list":{"0":"post-17964","1":"product","2":"type-product","3":"status-publish","4":"has-post-thumbnail","6":"product_cat-accesorios-y-control-agua-caliente","7":"product_cat-rheem-accesorios","9":"first","10":"onbackorder","11":"product-type-simple"},"brands":[],"_links":{"self":[{"href":"https:\/\/h2otek.com\/tienda\/wp-json\/wp\/v2\/product\/17964","targetHints":{"allow":["GET"]}}],"collection":[{"href":"https:\/\/h2otek.com\/tienda\/wp-json\/wp\/v2\/product"}],"about":[{"href":"https:\/\/h2otek.com\/tienda\/wp-json\/wp\/v2\/types\/product"}],"replies":[{"embeddable":true,"href":"https:\/\/h2otek.com\/tienda\/wp-json\/wp\/v2\/comments?post=17964"}],"wp:featuredmedia":[{"embeddable":true,"href":"https:\/\/h2otek.com\/tienda\/wp-json\/wp\/v2\/media\/1258"}],"wp:attachment":[{"href":"https:\/\/h2otek.com\/tienda\/wp-json\/wp\/v2\/media?parent=17964"}],"wp:term":[{"taxonomy":"pwb-brand","embeddable":true,"href":"https:\/\/h2otek.com\/tienda\/wp-json\/wp\/v2\/pwb-brand?post=17964"},{"taxonomy":"product_brand","embeddable":true,"href":"https:\/\/h2otek.com\/tienda\/wp-json\/wp\/v2\/product_brand?post=17964"},{"taxonomy":"product_cat","embeddable":true,"href":"https:\/\/h2otek.com\/tienda\/wp-json\/wp\/v2\/product_cat?post=17964"},{"taxonomy":"product_tag","embeddable":true,"href":"https:\/\/h2otek.com\/tienda\/wp-json\/wp\/v2\/product_tag?post=17964"}],"curies":[{"name":"wp","href":"https:\/\/api.w.org\/{rel}","templated":true}]}}