{"id":17961,"date":"2021-07-06T21:15:36","date_gmt":"2021-07-06T21:15:36","guid":{"rendered":"https:\/\/h2otek.com\/tienda\/producto\/accesorios-control-de-termostato-2-220v-60-hz-3-fases-marca-jaybird-mod-th2-240-3ph\/"},"modified":"2022-10-11T19:54:37","modified_gmt":"2022-10-11T19:54:37","slug":"accesorios-control-de-termostato-2-220v-60-hz-3-fases-marca-jaybird-mod-th2-240-3ph","status":"publish","type":"product","link":"https:\/\/h2otek.com\/tienda\/producto\/accesorios-control-de-termostato-2-220v-60-hz-3-fases-marca-jaybird-mod-th2-240-3ph\/","title":{"rendered":"ACCESORIOS &#8211; CONTROL DE TERMOSTATO 2 220V 60 HZ 3 FASES MARCA JAYBIRD MOD. TH2-240-3PH"},"content":{"rendered":"<p style=\"text-align: center;\" align=\"center\"><img fetchpriority=\"high\" decoding=\"async\" src=\"https:\/\/h2otek.com\/tienda\/img\/cms\/controlhumedad\/jaybird\/accesorios\/header-accesorios-controltermostato1-TH2-240-3PH.jpg\" alt=\"header-accesorios-controltermostato2-TH2\" width=\"700\" height=\"300\" \/><\/p>\n<p style=\"text-align: justify;\"><strong>Si su principal inter\u00e9s es el enfriamiento por evaporaci\u00f3n<\/strong><\/p>\n<p style=\"text-align: justify;\">Estos termostatos impermeables\u00a0proporcionar\u00e1n una medici\u00f3n precisa de la temperatura, controlando autom\u00e1ticamente sus ventiladores Turbo XE a aproximadamente 3\u00b0 F por encima y por debajo de su punto de ajuste deseado.<\/p>\n<ul>\n<li>Rango efectivo: 40 a 100\u00b0 F<\/li>\n<li>Controles 1 Turbo XE<\/li>\n<\/ul>\n<p style=\"text-align: justify;\">\n<div style=\"text-align: center;\">\n<p style=\"text-align: center;\">\n<\/div>\n<p>&nbsp;<\/p>\n<p><strong>PRECIO INCLUYE GASTOS DE ENVIO (GRATIS) E IMPUESTO\u00a016% DE IVA<\/strong><\/p>\n","protected":false},"excerpt":{"rendered":"<p><span style=\"color: #ff0000;\"><strong>PRECIO EN D\u00d3LARES US.<\/strong><\/span><\/p>\n<p><span style=\"color: #ff0000;\"><strong>ACCESORIO &#8211; CONTROL\u00a0DE TERMOSTATO 2 220V 60 HZ 3 FASES<\/strong><\/span><\/p>\n<p><em><strong>APLICACIONES M\u00c1S COMUNES:<\/strong><\/em><\/p>\n<ul>\n<li><em><strong>INVERNADEROS<\/strong><\/em><\/li>\n<li><em><strong>PROCESOS INDUSTRIALES<\/strong><\/em><\/li>\n<li><em><strong>ALMACENES<\/strong><\/em><\/li>\n<li><em><strong>CAPTACION DE POLVO<\/strong><\/em><\/li>\n<li><em><strong>CUARTOS DE PRUEBA<\/strong><\/em><\/li>\n<li><em><strong>CUARTOS DE MADURACION<\/strong><\/em><\/li>\n<li><em><strong>CAMARAS<\/strong><\/em><\/li>\n<li><em><strong>CAMARAS FRIGORIFICAS<\/strong><\/em><\/li>\n<li><em><strong>USO EN EXTERIORES<\/strong><\/em><\/li>\n<li><em><strong>USO PARA REFRESCAR EL AMBIENTE<\/strong><\/em><\/li>\n<li><em><strong>CUARTO LIMPIOS<\/strong><\/em><\/li>\n<li><em><strong>LABORATORIOS<\/strong><\/em><\/li>\n<li><em><strong>ETC.<\/strong><\/em><\/li>\n<\/ul>\n","protected":false},"featured_media":752,"comment_status":"closed","ping_status":"closed","template":"","meta":[],"pwb-brand":[],"product_brand":[],"product_cat":[406],"product_tag":[],"class_list":{"0":"post-17961","1":"product","2":"type-product","3":"status-publish","4":"has-post-thumbnail","6":"product_cat-paquetes-de-control-humidificadores-nebulizadores","8":"first","9":"onbackorder","10":"purchasable","11":"product-type-simple"},"brands":[],"_links":{"self":[{"href":"https:\/\/h2otek.com\/tienda\/wp-json\/wp\/v2\/product\/17961","targetHints":{"allow":["GET"]}}],"collection":[{"href":"https:\/\/h2otek.com\/tienda\/wp-json\/wp\/v2\/product"}],"about":[{"href":"https:\/\/h2otek.com\/tienda\/wp-json\/wp\/v2\/types\/product"}],"replies":[{"embeddable":true,"href":"https:\/\/h2otek.com\/tienda\/wp-json\/wp\/v2\/comments?post=17961"}],"wp:featuredmedia":[{"embeddable":true,"href":"https:\/\/h2otek.com\/tienda\/wp-json\/wp\/v2\/media\/752"}],"wp:attachment":[{"href":"https:\/\/h2otek.com\/tienda\/wp-json\/wp\/v2\/media?parent=17961"}],"wp:term":[{"taxonomy":"pwb-brand","embeddable":true,"href":"https:\/\/h2otek.com\/tienda\/wp-json\/wp\/v2\/pwb-brand?post=17961"},{"taxonomy":"product_brand","embeddable":true,"href":"https:\/\/h2otek.com\/tienda\/wp-json\/wp\/v2\/product_brand?post=17961"},{"taxonomy":"product_cat","embeddable":true,"href":"https:\/\/h2otek.com\/tienda\/wp-json\/wp\/v2\/product_cat?post=17961"},{"taxonomy":"product_tag","embeddable":true,"href":"https:\/\/h2otek.com\/tienda\/wp-json\/wp\/v2\/product_tag?post=17961"}],"curies":[{"name":"wp","href":"https:\/\/api.w.org\/{rel}","templated":true}]}}