{"id":17955,"date":"2021-07-06T21:15:36","date_gmt":"2021-07-06T21:15:36","guid":{"rendered":"https:\/\/h2otek.com\/tienda\/producto\/bomba-de-refuerzo-de-3-8-0-95-cm-110v-160-psi-arizonamist-mod-92100\/"},"modified":"2023-03-03T01:36:13","modified_gmt":"2023-03-03T01:36:13","slug":"bomba-de-refuerzo-de-3-8-0-95-cm-110v-160-psi-arizonamist-mod-92100","status":"publish","type":"product","link":"https:\/\/h2otek.com\/tienda\/producto\/bomba-de-refuerzo-de-3-8-0-95-cm-110v-160-psi-arizonamist-mod-92100\/","title":{"rendered":"BOMBA DE REFUERZO DE 3\/8&#8243; (0.95 CM) 110V 160 PSI ARIZONAMIST MOD. 92100"},"content":{"rendered":"<p style=\"text-align: center;\"><img fetchpriority=\"high\" decoding=\"async\" class=\"alignnone wp-image-28051 size-full\" src=\"https:\/\/h2otek.com\/tienda\/wp-content\/uploads\/2021\/07\/header-arizonamist-bomba.jpg\" alt=\"\" width=\"550\" height=\"180\" srcset=\"https:\/\/h2otek.com\/tienda\/wp-content\/uploads\/2021\/07\/header-arizonamist-bomba.jpg 550w, https:\/\/h2otek.com\/tienda\/wp-content\/uploads\/2021\/07\/header-arizonamist-bomba-300x98.jpg 300w\" sizes=\"(max-width: 550px) 100vw, 550px\" \/><\/p>\n<p>AUMENTE A MAS DE 50% ADICIONAL, LA CAPACIDAD DEL SISTEMA DE NEBULIZACION PARA EXTERIORES A 3\/8&#8243;<\/p>\n<p>&nbsp;<\/p>\n<p>Esta Bomba de Refuerzo ArizonaMist 92100 es energ\u00e9ticamente m\u00e1s eficiente y aumenta la presi\u00f3n de la l\u00ednea de sistema de nebulizaci\u00f3n regular a 160 PSI. Esta bomba del sistema de nebulizaci\u00f3n de Orbit se monta f\u00e1cilmente en una pared y se conecta a la fuente de agua del sistema de la niebla con conexiones Slip-Lok.<\/p>\n<p>La bomba del sistema de niebla permite la eficacia de un sistema de agua nebulizada que aumenta la comodidad de agua fresca y agradable durante los meses de verano. Este bomba de refuerzo tiene un c\u00f3modo interruptor Encendido\/Apagado para controlar f\u00e1cilmente el sistema de rociado de enfriamiento.<\/p>\n<p>&nbsp;<\/p>\n<p><strong>CARACTER\u00cdSTICAS Y VENTAJAS:<\/strong><\/p>\n<ul>\n<li>Se monta f\u00e1cilmente en cualquier pared<\/li>\n<li>Aumenta la presi\u00f3n de la tuber\u00eda de agua a 160 PSI<\/li>\n<li>Tiene conexiones Slip-Lok para unir r\u00e1pidamente a una fuente de agua<\/li>\n<li>Tiene una velocidad de flujo de 0.167 GPM y requiere de 0,35 amperios<\/li>\n<li>Se conecta a la fuente de energ\u00eda el\u00e9ctrica de 110 voltios<\/li>\n<li>Eficiencia energ\u00e9tica y econ\u00f3mica &#8211; utiliza menos energ\u00eda que una bombilla de 40 vatios<\/li>\n<li>Se instala en menos de 15 minutos<\/li>\n<li>GARANTIA DE 1 A\u00d1O CONTRA CUALQUIER DEFECTO DE FABRICACION<\/li>\n<\/ul>\n<p>&nbsp;<\/p>\n<p>&nbsp;<\/p>\n<p style=\"text-align: center;\"><strong>VIDEOS:<\/strong><\/p>\n<p style=\"text-align: center;\"><strong>SISTEMA DE NEBULIZACI\u00d3N PARA EXTERIORES &#8220;SIN BOMBA&#8221;<\/strong><\/p>\n<p><iframe src=\"https:\/\/www.youtube.com\/embed\/7QoB0OPu6DA\" width=\"425\" height=\"350\" frameborder=\"0\" data-mce-fragment=\"1\"><\/iframe><\/p>\n<p>&nbsp;<\/p>\n<p style=\"text-align: center;\"><strong>SISTEMA DE NEBULIZACI\u00d3N PARA EXTERIORES CON BOMBA<\/strong><\/p>\n<p><iframe src=\"https:\/\/www.youtube.com\/embed\/gazZebjHhMw\" width=\"425\" height=\"350\" frameborder=\"0\" data-mce-fragment=\"1\"><\/iframe><\/p>\n<p>&nbsp;<\/p>\n<p style=\"text-align: center;\"><strong>VISTA CERCANA, SISTEMA DE NEBULIZACI\u00d3N EXTERIORES &#8220;SIN BOMBA&#8221;<\/strong><\/p>\n<p><iframe src=\"https:\/\/www.youtube.com\/embed\/W8DJFbpvRTo\" width=\"425\" height=\"350\" frameborder=\"0\" data-mce-fragment=\"1\"><\/iframe><\/p>\n<p>&nbsp;<\/p>\n<p style=\"text-align: center;\">VISTA CERCANA, SISTEMA DE NEBULIZACI\u00d3N EXTERIORES CON BOMBA<\/p>\n<p><iframe src=\"https:\/\/www.youtube.com\/embed\/ocDs2qLnyGU\" width=\"425\" height=\"350\" frameborder=\"0\" data-mce-fragment=\"1\"><\/iframe><\/p>\n<p>&nbsp;<\/p>\n<p style=\"text-align: center;\"><strong>EXTENSI\u00d3N DE SISTEMA DE NEBULIZACI\u00d3N PARA EXTERIORES<\/strong><\/p>\n<p><iframe src=\"https:\/\/www.youtube.com\/embed\/qneDDoL9mvY\" width=\"425\" height=\"350\" frameborder=\"0\" data-mce-fragment=\"1\"><\/iframe><\/p>\n<p>&nbsp;<\/p>\n<p style=\"text-align: center;\"><strong>CONEXIONES EN BOMBA PARA SISTEMA DE NEBULIZACI\u00d3N EXTERIORES<\/strong><\/p>\n<p><iframe src=\"https:\/\/www.youtube.com\/embed\/Q2o1BXYqr8M\" width=\"425\" height=\"350\" frameborder=\"0\" data-mce-fragment=\"1\"><\/iframe><\/p>\n<p>&nbsp;<\/p>\n<p style=\"text-align: center;\"><strong>COMO ARMAR EL SISTEMA DE NEBULIZACI\u00d3N PARA EXTERIORES<\/strong><\/p>\n<p><iframe src=\"https:\/\/www.youtube.com\/embed\/hHkeHA0sqe8\" width=\"425\" height=\"350\" frameborder=\"0\" data-mce-fragment=\"1\"><\/iframe><\/p>\n<p>&nbsp;<\/p>\n<p style=\"text-align: center;\"><strong>INSTALACI\u00d3N DE FILTRO SISTEMA DE NEBULIZACI\u00d3N EXTERIORES<\/strong><\/p>\n<p><iframe src=\"https:\/\/www.youtube.com\/embed\/2fc4EJKpC7E\" width=\"425\" height=\"350\" frameborder=\"0\" data-mce-fragment=\"1\"><\/iframe><\/p>\n<p>&nbsp;<\/p>\n<p style=\"text-align: center;\"><strong>PONER FILTRO DE SEDIMENTOS PARA SISTEMA NEBULIZACI\u00d3N EXTERIORES (OPCIONAL)<\/strong><\/p>\n<p><iframe src=\"https:\/\/www.youtube.com\/embed\/bhll-U-6JJQ\" width=\"425\" height=\"350\" frameborder=\"0\" data-mce-fragment=\"1\"><\/iframe><\/p>\n<p>&nbsp;<\/p>\n<p>&nbsp;<\/p>\n<p><strong>DESCARGAR MANUALES<\/strong><\/p>\n<ul>\n<li><a href=\"http:\/\/www.h2otek.com\/tienda\/pdf\/controlhumedad\/MANUAL_INSTALACION_BOMBA_DE_PRESION_ARIZONA_MOD_92100_24.pdf\" target=\"_blank\" rel=\"noopener\"><strong>MANUAL DE INSTALACI\u00d3N<\/strong><\/a><\/li>\n<\/ul>\n<p><strong><br \/>\nPRECIO INCLUYE GASTOS DE ENVIO (GRATIS) E IMPUESTO 16% DE IVA<\/strong><\/p>\n","protected":false},"excerpt":{"rendered":"<p><span style=\"color: #ff0000;\"><strong>PRECIO EN D\u00d3LARES US.<\/strong><\/span><\/p>\n<p><span style=\"color: #ff0000;\"><strong>AUMENTE A MAS DE UN 50% ADICIONAL, LA CAPACIDAD DEL SISTEMA DE NEBULIZACION PARA EXTERIORES.<\/strong><\/span><\/p>\n<p><em><strong>IDEAL PARA SISTEMAS DE NEBULIZACION PARA EXTERIORES EN:<\/strong><\/em><\/p>\n<ul>\n<li><em><strong>PATIOS<\/strong><\/em><\/li>\n<li><em><strong>\u00c1REAS DE MASCOTAS<\/strong><\/em><\/li>\n<li><em><strong>PEQUE\u00d1OS INVERNADEROS<\/strong><\/em><\/li>\n<li><em><strong>TOLDOS<\/strong><\/em><\/li>\n<li><em><strong>CUBIERTAS DE BARCO, ETC.<\/strong><\/em><\/li>\n<\/ul>\n","protected":false},"featured_media":2338,"comment_status":"closed","ping_status":"closed","template":"","meta":[],"pwb-brand":[],"product_brand":[],"product_cat":[418,362,579,917],"product_tag":[],"class_list":{"0":"post-17955","1":"product","2":"type-product","3":"status-publish","4":"has-post-thumbnail","6":"product_cat-accesorios-y-control","7":"product_cat-control-de-humedad-humidificadores-deshumidificadores","8":"product_cat-uso-domestico","9":"product_cat-uso-domestico-por-boquillas-por-aplicacion","11":"first","12":"onbackorder","13":"purchasable","14":"product-type-simple"},"brands":[],"_links":{"self":[{"href":"https:\/\/h2otek.com\/tienda\/wp-json\/wp\/v2\/product\/17955","targetHints":{"allow":["GET"]}}],"collection":[{"href":"https:\/\/h2otek.com\/tienda\/wp-json\/wp\/v2\/product"}],"about":[{"href":"https:\/\/h2otek.com\/tienda\/wp-json\/wp\/v2\/types\/product"}],"replies":[{"embeddable":true,"href":"https:\/\/h2otek.com\/tienda\/wp-json\/wp\/v2\/comments?post=17955"}],"wp:featuredmedia":[{"embeddable":true,"href":"https:\/\/h2otek.com\/tienda\/wp-json\/wp\/v2\/media\/2338"}],"wp:attachment":[{"href":"https:\/\/h2otek.com\/tienda\/wp-json\/wp\/v2\/media?parent=17955"}],"wp:term":[{"taxonomy":"pwb-brand","embeddable":true,"href":"https:\/\/h2otek.com\/tienda\/wp-json\/wp\/v2\/pwb-brand?post=17955"},{"taxonomy":"product_brand","embeddable":true,"href":"https:\/\/h2otek.com\/tienda\/wp-json\/wp\/v2\/product_brand?post=17955"},{"taxonomy":"product_cat","embeddable":true,"href":"https:\/\/h2otek.com\/tienda\/wp-json\/wp\/v2\/product_cat?post=17955"},{"taxonomy":"product_tag","embeddable":true,"href":"https:\/\/h2otek.com\/tienda\/wp-json\/wp\/v2\/product_tag?post=17955"}],"curies":[{"name":"wp","href":"https:\/\/api.w.org\/{rel}","templated":true}]}}