{"id":17930,"date":"2021-07-06T21:15:26","date_gmt":"2021-07-06T21:15:26","guid":{"rendered":"https:\/\/h2otek.com\/tienda\/producto\/boiler-instantaneo-electrico-3-a-4-banos-36-kw-240v-1-fase-linea-ecosmart-mod-eco-36\/"},"modified":"2026-02-20T15:27:14","modified_gmt":"2026-02-20T15:27:14","slug":"boiler-instantaneo-electrico-3-a-4-banos-36-kw-240v-1-fase-linea-ecosmart-mod-eco-36","status":"publish","type":"product","link":"https:\/\/h2otek.com\/tienda\/producto\/boiler-instantaneo-electrico-3-a-4-banos-36-kw-240v-1-fase-linea-ecosmart-mod-eco-36\/","title":{"rendered":"BOILER INSTANT\u00c1NEO EL\u00c9CTRICO 3 A 4 BA\u00d1OS 36 KW 240V. 1 FASE L\u00cdNEA ECOSMART MOD. ECO 36"},"content":{"rendered":"<p style=\"text-align: center;\"><img fetchpriority=\"high\" decoding=\"async\" src=\"https:\/\/h2otek.com\/tienda\/img\/cms\/aguacaliente\/ecosmart\/ECO36\/header-boiler-instantaneo-ecosmart-ECO36.jpg\" alt=\"\" width=\"650\" height=\"300\" \/><\/p>\n<p style=\"text-align: left;\"><span style=\"color: #ff0000;\"><strong>CAPACIDAD RECOMENDADA BASADA CON CEBOLLETA(S) (REGADERAS) DE CONSUMO STANDARD O DE BAJO CONSUMO (AGUA).<\/strong><\/span><\/p>\n<p><img decoding=\"async\" src=\"https:\/\/www.h2otek.com\/tienda\/Images\/ecosmart\/foto01.jpg\" alt=\"\" align=\"right\" border=\"0\" hspace=\"15\" vspace=\"15\" \/><\/p>\n<ol style=\"text-align: justify;\">\n<li style=\"text-align: left;\"><b>\u00danicos en el mercado con sistema de modulaci\u00f3n de voltaje. SOLAMENTE GASTARAS LA ENERGIA ELECTRICA NECESARIA PARA CALENTAR EL AGUA QUE PASA ATRAVEZ DEL CALENTADOR, TOMANDO EN CUENTA EL FLUJO DE AGUA Y LA TEMPERATURA GRADUADA EN EL TERMOSTATO, NO MAS!!<\/b><\/li>\n<li style=\"text-align: left;\">Ahorra hasta 50% del costo de calentar el agua.<\/li>\n<li style=\"text-align: left;\">Cuesta lo mismo que cualquier calentador.<\/li>\n<li style=\"text-align: left;\">Se paga solo, con el dinero que te ahorras.<\/li>\n<li style=\"text-align: left;\">Te ahorra mucho espacio para usarlo como quieras.<\/li>\n<li style=\"text-align: left;\">Jam\u00e1s te quedar\u00e1s sin agua caliente, y te permite controlar la temperatura desde su control digital.<\/li>\n<li style=\"text-align: left;\">Usted nunca tendr\u00e1 que preocuparse porque su calentador explote o se rompa caus\u00e1ndole alg\u00fan da\u00f1o.<\/li>\n<li style=\"text-align: left;\">Es el \u00fanico calentador de agua el\u00e9ctrico que no se afecta con las altas y bajas de energ\u00eda de la compa\u00f1\u00eda de luz, debido a su tecnolog\u00eda revolucionaria de auto-modulaci\u00f3n.<\/li>\n<\/ol>\n<p>Antes de comprar un ECOSMART, aseg\u00farese de que su casa tiene capacidad el\u00e9ctrica suficiente para el modelo deseado, o que ha tomado nota de las actualizaciones que sean necesarias. Si tiene alguna duda al respecto, cont\u00e1ctenos a <a href=\"mailto:info@h2otek.com\" target=\"_blank\" rel=\"noopener\">info@h2otek.com<\/a><\/p>\n<p style=\"text-align: justify;\"><strong>\u00a0<\/strong><\/p>\n<p>Calentador de agua el\u00e9ctrico sin tanque de 36 kW ideal para una casa unifamiliar grande con una familia numerosa con m\u00faltiples aplicaciones funcionando al mismo tiempo.<\/p>\n<p><strong>Descripci\u00f3n<\/strong><br \/>\nEl <strong>ECO 36 es el modelo de mayor capacidad de toda nuestra l\u00ednea de calentadores sin tanque<\/strong>. Tiene capacidad para una vivienda unifamiliar grande y genera agua caliente desde aplicaciones m\u00faltiples simult\u00e1neamente e incluso en climas fr\u00edos.<\/p>\n<p>El <strong>ECO 36<\/strong> genera agua caliente para cuatro duchas y dos lavamanos en funcionamiento simult\u00e1neo y no se queda sin agua caliente. Use la gu\u00eda de tama\u00f1os interactiva de EcoSmart para averiguar si este es el modelo ideal para usted.<\/p>\n<ul>\n<li>Ahorro de hasta un 50\u00a0% en costos de calentamiento de agua.<\/li>\n<li>La tecnolog\u00eda m\u00e1s avanzada y automodulante disponible, lo que significa que el ECO 36 ajustar\u00e1 el uso de energ\u00eda en funci\u00f3n de la cantidad de agua caliente que necesita.<\/li>\n<li>Dise\u00f1o elegante y avanzado agradable a la vista.<\/li>\n<li>El control digital de temperatura permite regular el agua caliente en incrementos de 1 grado.<\/li>\n<li>Componentes inoxidables y de cobre para su eficiencia, durabilidad y f\u00e1cil reemplazo.<\/li>\n<li>Sus medidas compactas ahorran espacio de almacenamiento.<\/li>\n<li>Limitada de por vida<\/li>\n<\/ul>\n<p><strong>CARACTER\u00cdSTICAS:<\/strong><\/p>\n<ul>\n<li>Agua caliente a pedido, constante y sin fin.<\/li>\n<li>Compacto, duradero y elegante<\/li>\n<li>Pantalla digital con control de temperatura en incrementos de 1\u00b0 F desde 80\u00b0 F hasta 140\u00b0 F<\/li>\n<li>Dimensiones: 17 &#8220;x 21&#8243; x 3.75 &#8221; pulgadas<\/li>\n<li>Instalaci\u00f3n simple<\/li>\n<li>Los elementos calefactores de cobre con tapa de lat\u00f3n aumentan la durabilidad y est\u00e1n roscados para un f\u00e1cil reemplazo<\/li>\n<li>Conectores de agua NPT de 3\/4&#8243; para una f\u00e1cil instalaci\u00f3n de la manguera flexible<\/li>\n<li>Garant\u00eda limitada de por vida para uso residencial cuando est\u00e1 registrado correctamente e instalado dentro de los 30 d\u00edas de la compra por un profesional con licencia<\/li>\n<\/ul>\n<p>&nbsp;<\/p>\n<p style=\"text-align: center;\"><strong>TABLA DE ESPECIFICACIONES<\/strong><\/p>\n<p style=\"text-align: center;\"><img decoding=\"async\" src=\"https:\/\/h2otek.com\/tienda\/img\/cms\/aguacaliente\/ecosmart\/ECO36\/especificaciones-boiler-instantaneo-ecosmart-ECO36.gif\" alt=\"\" width=\"572\" height=\"378\" \/><\/p>\n<p style=\"text-align: center;\"><img decoding=\"async\" src=\"https:\/\/h2otek.com\/tienda\/img\/cms\/aguacaliente\/ecosmart\/ECO36\/Spanish-Sizing%20ECO%2036.jpg\" alt=\"\" width=\"700\" height=\"856\" \/><\/p>\n<p style=\"text-align: center;\"><strong>APLICACIONES<\/strong><\/p>\n<p style=\"text-align: center;\"><img loading=\"lazy\" decoding=\"async\" src=\"https:\/\/h2otek.com\/tienda\/img\/cms\/aguacaliente\/ecosmart\/ECO36\/aplicaciones-boiler-instantaneo-ecosmart-ECO36.gif\" alt=\"\" width=\"399\" height=\"145\" \/><br \/>\n<em>Promedio de galones por minuto (GPM)<\/em><br \/>\n<em>basado en los est\u00e1ndares de plomer\u00eda 2010<\/em><\/p>\n<p style=\"text-align: center;\"><strong>TABLA DE CAPACIDAD DE VELOCIDAD DE FLUJO (GPM)<\/strong><\/p>\n<p style=\"text-align: center;\"><img loading=\"lazy\" decoding=\"async\" src=\"https:\/\/h2otek.com\/tienda\/img\/cms\/aguacaliente\/ecosmart\/ECO36\/capacidad-flujo-boiler-instantaneo-ecosmart-ECO36.gif\" alt=\"\" width=\"553\" height=\"58\" \/><\/p>\n<p style=\"text-align: center;\"><strong>DIMENSIONES<\/strong><\/p>\n<p style=\"text-align: center;\"><img loading=\"lazy\" decoding=\"async\" src=\"https:\/\/h2otek.com\/tienda\/img\/cms\/aguacaliente\/ecosmart\/ECO36\/dimesiones-boiler-instantaneo-ecosmart-ECO36.jpg\" alt=\"\" width=\"500\" height=\"347\" \/><\/p>\n<p style=\"text-align: justify;\">Tama\u00f1o y calibre del cable del interruptor debe cumplir con todas las leyes locales, estatales, los c\u00f3digos el\u00e9ctricos provinciales y nacionales para su \u00e1rea, estos son s\u00f3lo directrices que se aplicar\u00e1n a la mayor\u00eda de instalaciones.<\/p>\n<p style=\"text-align: justify;\">Algunos c\u00f3digos requieren el uso de energ\u00eda el\u00e9ctrica sub-panel para la instalaci\u00f3n, especialmente cuando el calentador no est\u00e1 montado dentro de la l\u00ednea de visi\u00f3n del panel el\u00e9ctrico principal. El cableado debe ser de un tama\u00f1o para mantener una ca\u00edda de tensi\u00f3n inferior al 3% bajo carga.\u00a0Por favor, consulte con su electricista para obtener m\u00e1s detalles.<\/p>\n<p style=\"text-align: justify;\">Las especificaciones anteriores son s\u00f3lo directrices. Si su\u00a0instalaci\u00f3n ya est\u00e1 equipada con un gran n\u00famero de aparatos el\u00e9ctricos, tal vez necesite un servicio el\u00e9ctrico m\u00e1s grande que el que se detalla arriba. <strong>Por favor, consulte a un electricista antes de realizar un pedido<\/strong>. Si su casa no tiene el servicio de electrodom\u00e9sticos m\u00ednimos especificados para el modelo deseado, usted puede comprar un calentador de agua sin tanque ECOSMART, sin embargo, la actualizaci\u00f3n a su servicio el\u00e9ctrico ser\u00e1 probablemente necesaria. Se recomienda que consulte con un electricista certificado antes de realizar su compra.<\/p>\n<p>&nbsp;<\/p>\n<p>&nbsp;<\/p>\n<p style=\"text-align: center;\"><strong>VIDEO:<\/strong><\/p>\n<p><iframe title=\"EcoSmart Tankless Electric Water Heaters: Sharing the Warmth\" width=\"500\" height=\"281\" src=\"https:\/\/www.youtube.com\/embed\/dQHBVHl7GOE?feature=oembed\" frameborder=\"0\" allow=\"accelerometer; autoplay; clipboard-write; encrypted-media; gyroscope; picture-in-picture; web-share\" referrerpolicy=\"strict-origin-when-cross-origin\" allowfullscreen><\/iframe><\/p>\n<p>&nbsp;<\/p>\n<p>&nbsp;<\/p>\n<p style=\"text-align: justify;\"><strong>DESCARGAR MANUALES<\/strong><\/p>\n<ul>\n<li><strong><a href=\"https:\/\/h2otek.com\/tienda\/img\/cms\/aguacaliente\/ecosmart\/ECO36\/ESPECIFICACIONES%20CALENTADOR%20ELECTRICO%20INSTANTANEO%20ECOSMART%2036.pdf\" target=\"_blank\" rel=\"noopener\">ESPECIFICACIONES<\/a><\/strong><\/li>\n<\/ul>\n<p>&nbsp;<\/p>\n<p style=\"text-align: left;\"><strong>PRECIO INCLUYE GASTOS DE ENVIO (GRATIS) E IMPUESTO 16% DE IVA.<\/strong><\/p>\n<p>&nbsp;<\/p>\n<p>&nbsp;<\/p>\n<p style=\"text-align: center;\"><strong><span style=\"font-size: medium; font-family: helvetica; color: #008000;\"><a href=\"http:\/\/www.h2otek.com\/tienda\/cms.php?id_cms=11\" target=\"_self\" rel=\"noopener\">\u00bfQU\u00c9 ES ECOSMART? CONOCE NUESTRA NUEVA L\u00cdNEA AQU\u00cd<\/a><\/span><\/strong><\/p>\n<p>&nbsp;<\/p>\n<p style=\"text-align: center;\"><span style=\"font-size: medium; font-family: helvetica; color: #008000;\"><strong>Certificaciones:<\/strong><\/span><\/p>\n<p style=\"text-align: center;\"><img decoding=\"async\" src=\"https:\/\/www.h2otek.com\/tienda\/Images\/ecosmart\/foto05-certificaciones.gif\" alt=\"\" align=\"middle\" border=\"0\" \/><\/p>\n<p style=\"text-align: center;\"><img decoding=\"async\" src=\"https:\/\/www.h2otek.com\/tienda\/Images\/ecosmart\/foto06-footer.jpg\" alt=\"\" align=\"middle\" border=\"0\" \/><\/p>\n","protected":false},"excerpt":{"rendered":"<p><span style=\"color: #ff0000;\"><strong>PRECIO EN D\u00d3LARES US.<\/strong><\/span><\/p>\n<p><strong>CALENTADOR DE AGUA EL\u00c9CTRICO SIN TANQUE. AHORRA HASTA UN 50% DEL COSTO DE CALENTAR EL AGUA.<\/strong><\/p>\n<p><span style=\"color: #ff0000;\"><strong>APLICACION MAS COMUN 3 A 4 BA\u00d1OS<\/strong><\/span><\/p>\n<p><em><strong>IDEALES EN:<\/strong><\/em><\/p>\n<ul>\n<li><em><strong>CASAS<\/strong><\/em><\/li>\n<li><em><strong>DEPARTAMENTOS<\/strong><\/em><\/li>\n<li><em><strong>CONDOMINIOS<\/strong><\/em><\/li>\n<li><em><strong>BA\u00d1OS PUBLICOS<\/strong><\/em><\/li>\n<li><em><strong>LABORATORIOS<\/strong><\/em><\/li>\n<li><em><strong>PROCESOS INDUSTRIALES<\/strong><\/em><\/li>\n<li><em><strong>REGADERAS EN SERIE<\/strong><\/em><\/li>\n<li><em><strong>HOSPITALES<\/strong><\/em><\/li>\n<li><em><strong>OFICINAS<\/strong><\/em><\/li>\n<li><em><strong>HOTELES<\/strong><\/em><\/li>\n<li><em><strong>ETC.<\/strong><\/em><\/li>\n<\/ul>\n","protected":false},"featured_media":3452,"comment_status":"closed","ping_status":"closed","template":"","meta":[],"pwb-brand":[],"product_brand":[],"product_cat":[359,810,429],"product_tag":[],"class_list":{"0":"post-17930","1":"product","2":"type-product","3":"status-publish","4":"has-post-thumbnail","6":"product_cat-230-volts-1-fase-de-paso-boilers-calentadores-de-agua","7":"product_cat-240-volts-1-fase-boilers-calentadores-de-agua-recirculacion-de-agua-caliente-boilers-calentadores-de-agua","8":"product_cat-recirculacion-de-agua-caliente-boilers-calentadores-de-agua","10":"first","11":"onbackorder","12":"product-type-simple"},"brands":[],"_links":{"self":[{"href":"https:\/\/h2otek.com\/tienda\/wp-json\/wp\/v2\/product\/17930","targetHints":{"allow":["GET"]}}],"collection":[{"href":"https:\/\/h2otek.com\/tienda\/wp-json\/wp\/v2\/product"}],"about":[{"href":"https:\/\/h2otek.com\/tienda\/wp-json\/wp\/v2\/types\/product"}],"replies":[{"embeddable":true,"href":"https:\/\/h2otek.com\/tienda\/wp-json\/wp\/v2\/comments?post=17930"}],"wp:featuredmedia":[{"embeddable":true,"href":"https:\/\/h2otek.com\/tienda\/wp-json\/wp\/v2\/media\/3452"}],"wp:attachment":[{"href":"https:\/\/h2otek.com\/tienda\/wp-json\/wp\/v2\/media?parent=17930"}],"wp:term":[{"taxonomy":"pwb-brand","embeddable":true,"href":"https:\/\/h2otek.com\/tienda\/wp-json\/wp\/v2\/pwb-brand?post=17930"},{"taxonomy":"product_brand","embeddable":true,"href":"https:\/\/h2otek.com\/tienda\/wp-json\/wp\/v2\/product_brand?post=17930"},{"taxonomy":"product_cat","embeddable":true,"href":"https:\/\/h2otek.com\/tienda\/wp-json\/wp\/v2\/product_cat?post=17930"},{"taxonomy":"product_tag","embeddable":true,"href":"https:\/\/h2otek.com\/tienda\/wp-json\/wp\/v2\/product_tag?post=17930"}],"curies":[{"name":"wp","href":"https:\/\/api.w.org\/{rel}","templated":true}]}}