{"id":17904,"date":"2021-07-06T21:15:21","date_gmt":"2021-07-06T21:15:21","guid":{"rendered":"https:\/\/h2otek.com\/tienda\/producto\/secadores-control-de-secador-de-madera-220-volts-1-y-3-fases-marca-ebac-mod-mcu1100\/"},"modified":"2023-03-03T18:46:07","modified_gmt":"2023-03-03T18:46:07","slug":"secadores-control-de-secador-de-madera-220-volts-1-y-3-fases-marca-ebac-mod-mcu1100","status":"publish","type":"product","link":"https:\/\/h2otek.com\/tienda\/producto\/secadores-control-de-secador-de-madera-220-volts-1-y-3-fases-marca-ebac-mod-mcu1100\/","title":{"rendered":"SECADORES &#8211; CONTROL DE SECADOR DE MADERA 220 VOLTS 1 Y 3 FASES MARCA EBAC MOD. MCU1100"},"content":{"rendered":"<p style=\"text-align: center;\"><img fetchpriority=\"high\" decoding=\"async\" src=\"https:\/\/h2otek.com\/tienda\/img\/cms\/controlhumedad\/ebac\/secadores\/control-secadores-madera-ebac-MCU1100.jpg\" alt=\"control-secadores-madera-ebac-MCU1100.jp\" width=\"650\" height=\"250\" \/><\/p>\n<p style=\"text-align: justify;\">\n<p style=\"text-align: justify;\"><strong>VISI\u00d3N GENERAL<\/strong><\/p>\n<p>El sistema de control modular EIPL ofrece una gama de controladores de secado dise\u00f1ados para proporcionar un control estricto sobre el secado de la madera con sistemas de deshumidificaci\u00f3n con bomba de calor. Al adoptar nuestro concepto modular, usted y su representante de EIPL pueden seleccionar un sistema de control adaptado a sus necesidades espec\u00edficas. Un sistema modular significa que su sistema se puede ampliar en una fecha posterior simplemente agregando m\u00e1s m\u00f3dulos. Los m\u00f3dulos de control EIPL MCU son compatibles con enchufes. Esto significa que si se requiere equipo adicional, es muy sencillo conectar controles adicionales al sistema existente. Este enfoque flexible de los sistemas de control le permite ahorrar dinero y garantiza un secado cuidadoso. Las m\u00e1quinas de secado EIPL no contienen aparamenta el\u00e9ctrica, contratistas o sobrecargas porque estar\u00edan sujetas al ambiente hostil dentro de la c\u00e1mara de secado. En cambio, por razones de confiabilidad, EIPL prefiere colocar este equipo dentro de una sala de control. Los controladores modulares EIPL pueden suministrarse como unidades de apilamiento individuales o, alternativamente, para montaje en bastidor en una consola EIPL equipada con una puerta transparente de cierre herm\u00e9tico.<\/p>\n<p><strong>CONTROLADOR MAESTRO MCU 1002<\/strong><\/p>\n<p>En el coraz\u00f3n de cada sistema de secado EIPL hay un controlador que regula las condiciones ambientales (temperatura y humedad). El controlador maestro MCU 1002 regula el calentamiento, el secado y el enfriamiento (ventilaci\u00f3n) dentro del horno. El MCU 1002 est\u00e1 dise\u00f1ado para brindar un secado eficaz, un secado seguro, una vida \u00fatil prolongada, una operaci\u00f3n simple y un control del rendimiento.<\/p>\n<p><strong>SECADO EFECTIVO<\/strong><\/p>\n<p>Se consigue mediante sensores de temperatura y humedad relativa de alta calidad.<\/p>\n<p><strong>SECADO SEGURO<\/strong><\/p>\n<p>Se logra al incluir el control cruzado. La secci\u00f3n deshumidificadora, cuya funci\u00f3n es reducir la humedad relativa, puede, en determinadas condiciones clim\u00e1ticas e internas, hacer que la temperatura suba a un nivel indeseable. Esto se evita con un interruptor de corte adicional que controla el deshumidificador en el termostato, ajustado ligeramente m\u00e1s alto que el interruptor de control del calentador. De manera similar, la secci\u00f3n del calentador puede provocar una ca\u00edda de la humedad relativa. Esto est\u00e1 protegido por un interruptor de corte adicional, que controla el calentador, en el humidistato.<\/p>\n<p><strong>VIDA EXTENDIDA<\/strong><\/p>\n<p>Se logra mediante la inclusi\u00f3n de un temporizador que evita el ciclo r\u00e1pido del compresor. Al apagar los controles del deshumidificador se inicia una secuencia de tiempo de espera durante la cual el compresor del deshumidificador no se puede reiniciar.<\/p>\n<p><strong>OPERACI\u00d3N SIMPLE<\/strong><\/p>\n<p>Se logra al requerir solo dos controles para ajustar.<\/p>\n<p><strong>SUPERVISI\u00d3N DEL RENDIMIENTO<\/strong><\/p>\n<p>Se consigue mediante indicadores luminosos que muestran el estado de la m\u00e1quina bajo control. Estos indicadores muestran encendido \/ apagado, indicadores de fase para los ventiladores, compresor, calentadores y refrigeraci\u00f3n, e indicadores de alta humedad relativa, baja humedad relativa y alta temperatura. Estos indicadores tambi\u00e9n se pueden utilizar para diagnosticar condiciones de falla en caso de que ocurran.<\/p>\n<p><strong>SECADORES ADICIONALES DEL SISTEMA DE CONTROL MODULAR MCU<\/strong><\/p>\n<p>La unidad de control MCU 1002 contiene aparamenta, contratistas, sobrecargas y equipos accesorios necesarios para controlar y operar una unidad de secado EIPL y una unidad de enfriamiento (ventilaci\u00f3n). Se pueden controlar secadoras y ventilaciones adicionales conectando una unidad de control esclava MCU 1100 para cada secadora adicional.<\/p>\n<p><strong>CALENTADORES SUPLEMENTARIOS<\/strong><\/p>\n<p>La unidad de control MCU 1300 puede usarse para regular calentadores suplementarios. Estos pueden incluir calentadores el\u00e9ctricos, de vapor o de gas.<\/p>\n<p><strong>M\u00d3DULO DE INFORMACI\u00d3N<\/strong><\/p>\n<p>El m\u00f3dulo MCU 1401 (indicador de tiempo transcurrido) registra el n\u00famero de horas, en contadores mec\u00e1nicos, de calentamiento, secado y enfriamiento. Secadores de madera EIPL.<\/p>\n<p><strong>CONTROLADOR ESCLAVO MCU 1100<\/strong><\/p>\n<p>El MCU 1100 contiene todos los conmutadores, sobrecargas, contactores, rel\u00e9s y equipos auxiliares necesarios para permitir que un secador EIPL y un respiradero funcionen correctamente. El MCU 1100 interpreta las se\u00f1ales del controlador maestro (MCU 1002) y enciende o apaga las diversas funciones de la unidad de secado EIPL, es decir, a) ventiladores internos dentro de la unidad de secado b) compresores de refrigerante utilizados en la operaci\u00f3n de secado c) calentadores internos dentro de la unidad de secado d) funcionamiento del sistema de ventilaci\u00f3n (enfriamiento). La actividad de cada funci\u00f3n se indica mediante l\u00e1mparas de fase. Las luces indicadoras de fase, junto con los botones de inicio y parada, se pueden utilizar para diagnosticar condiciones anormales en caso de que ocurran.<\/p>\n<p style=\"text-align: justify;\">\n<p style=\"text-align: center;\"><strong>TABLA DE ESPECIFICACIONES:<\/strong><\/p>\n<p style=\"text-align: center;\">\u00a0<img decoding=\"async\" src=\"https:\/\/h2otek.com\/tienda\/img\/cms\/controlhumedad\/ebac\/secadores\/especificaciones-control-secadores-ebac-MCU1100.gif\" alt=\"\" width=\"397\" height=\"268\" \/><\/p>\n<p style=\"text-align: left;\"><strong>DESCARGAR:<br \/>\n<\/strong><\/p>\n<ul>\n<li><strong><a href=\"https:\/\/h2otek.com\/tienda\/img\/cms\/controlhumedad\/ebac\/secadores\/LISTA%20DE%20PARTES%20CONTROLADOR%20SECADORES%20EBAC%20MCU1100.pdf\" target=\"_blank\" rel=\"noopener\">LISTA DE PARTES<\/a><\/strong><\/li>\n<\/ul>\n<div style=\"text-align: left;\">\n<div style=\"width: 420px; text-align: left;\"><\/div>\n<\/div>\n<p style=\"text-align: left;\"><span style=\"color: #000000;\"><strong><strong>PRECIOS INCLUYE GASTOS DE ENVIO (GRATIS) E IMPUESTO 16% DE IVA<\/strong><\/strong><\/span><\/p>\n","protected":false},"excerpt":{"rendered":"<p><span style=\"color: #d0121a;\"><strong>PRECIO EN D\u00d3LARES US.<\/strong><\/span><\/p>\n<p style=\"text-align: left;\"><span style=\"color: #000000;\"><em><span style=\"font-size: small;\"><strong>IDEALES PARA: <\/strong><\/span><\/em><\/span><\/p>\n<ul style=\"text-align: left;\">\n<li><span style=\"color: #000000;\"><em><span style=\"font-size: small;\"><strong>CUARTOS DE SECADO DE MADERA<\/strong><\/span><\/em><\/span><\/li>\n<li><span style=\"color: #000000;\"><em><span style=\"font-size: small;\"><strong>CUARTOS DE SECADO<\/strong><\/span><\/em><\/span><\/li>\n<\/ul>\n<p style=\"text-align: left;\"><span style=\"font-size: small; color: #000000;\"><em><strong>\u00a0<\/strong><\/em><\/span><\/p>\n","protected":false},"featured_media":6986,"comment_status":"closed","ping_status":"closed","template":"","meta":[],"pwb-brand":[],"product_brand":[],"product_cat":[493],"product_tag":[],"class_list":{"0":"post-17904","1":"product","2":"type-product","3":"status-publish","4":"has-post-thumbnail","6":"product_cat-secadores","8":"first","9":"outofstock","10":"purchasable","11":"product-type-simple"},"brands":[],"_links":{"self":[{"href":"https:\/\/h2otek.com\/tienda\/wp-json\/wp\/v2\/product\/17904","targetHints":{"allow":["GET"]}}],"collection":[{"href":"https:\/\/h2otek.com\/tienda\/wp-json\/wp\/v2\/product"}],"about":[{"href":"https:\/\/h2otek.com\/tienda\/wp-json\/wp\/v2\/types\/product"}],"replies":[{"embeddable":true,"href":"https:\/\/h2otek.com\/tienda\/wp-json\/wp\/v2\/comments?post=17904"}],"wp:featuredmedia":[{"embeddable":true,"href":"https:\/\/h2otek.com\/tienda\/wp-json\/wp\/v2\/media\/6986"}],"wp:attachment":[{"href":"https:\/\/h2otek.com\/tienda\/wp-json\/wp\/v2\/media?parent=17904"}],"wp:term":[{"taxonomy":"pwb-brand","embeddable":true,"href":"https:\/\/h2otek.com\/tienda\/wp-json\/wp\/v2\/pwb-brand?post=17904"},{"taxonomy":"product_brand","embeddable":true,"href":"https:\/\/h2otek.com\/tienda\/wp-json\/wp\/v2\/product_brand?post=17904"},{"taxonomy":"product_cat","embeddable":true,"href":"https:\/\/h2otek.com\/tienda\/wp-json\/wp\/v2\/product_cat?post=17904"},{"taxonomy":"product_tag","embeddable":true,"href":"https:\/\/h2otek.com\/tienda\/wp-json\/wp\/v2\/product_tag?post=17904"}],"curies":[{"name":"wp","href":"https:\/\/api.w.org\/{rel}","templated":true}]}}