{"id":17898,"date":"2021-07-06T21:15:21","date_gmt":"2021-07-06T21:15:21","guid":{"rendered":"https:\/\/h2otek.com\/tienda\/producto\/deshumidificador-desecante-acero-inox-19-lts-hr-480v-3-fases-60-hz-port-o-estacionario-marca-h2otek-mod-ddi19l-h-1765-4\/"},"modified":"2025-01-23T02:44:46","modified_gmt":"2025-01-23T02:44:46","slug":"deshumidificador-desecante-acero-inox-19-lts-hr-480v-3-fases-60-hz-port-o-estacionario-marca-h2otek-mod-ddi19l-h-1765-4","status":"publish","type":"product","link":"https:\/\/h2otek.com\/tienda\/producto\/deshumidificador-desecante-acero-inox-19-lts-hr-480v-3-fases-60-hz-port-o-estacionario-marca-h2otek-mod-ddi19l-h-1765-4\/","title":{"rendered":"DESHUMIDIFICADOR DESECANTE INDUSTRIAL ACERO INOX. 19 LTS\/HR 480V, 3 FASES, 60 HZ PORT. O ESTACIONARIO MARCA H2OTEK MOD. DDI19L\/H-1765-4"},"content":{"rendered":"<p style=\"text-align: center;\"><img fetchpriority=\"high\" decoding=\"async\" src=\"https:\/\/h2otek.com\/tienda\/img\/cms\/controlhumedad\/deshumidificadores\/h2otek\/desecantes\/header-desumidificador-desecante-pintura-h2otek-DDI19L_H-1765-4.jpg\" alt=\"\" width=\"650\" height=\"300\" \/><\/p>\n<p>Los equipos deshumidificadores desecantes de la l\u00ednea DDI de H2OTEK esta fabricados en base a los m\u00e1s altos est\u00e1ndares de calidad. Estos proporcionan un equilibrio de flujo de aire preciso para deshumidificaci\u00f3n y de reactivaci\u00f3n al tiempo que permite la colocaci\u00f3n del ventilador alternativo y seccionamiento del rotor. Est\u00e1 dise\u00f1ado para el secado efectivo de \u00e1reas determinadas donde se requiera de humedades bajas o trabajar con temperaturas bajas o altas. <strong>DESCRIPCI\u00d3N DEL PRODUCTO:<\/strong> Deshumidificador desecante que trabaja con una rueda silica a bajas revoluciones para la absorci\u00f3n de humedad, este dise\u00f1o aprovecha el calentamiento del aire para extraer la humedad de la rueda silica y posteriormente se desecha el aire. No requiere ning\u00fan tipo de desag\u00fce para agua, ya que no presenta condensaci\u00f3n. La tecnolog\u00eda del desecante permite operar con bajas y altas temperaturas y puede reducir la humedad a bajos niveles si las condiciones son adecuadas. <strong>CARACTER\u00cdSTICAS PRINCIPALES:<\/strong><\/p>\n<ul>\n<li>19 litros por hora de extracci\u00f3n de agua<\/li>\n<li>Dimensiones (cm)\u00a0125 x 90 x 130 (largo x ancho x alto)<\/li>\n<li>Nivel de ruido de 85 dB<\/li>\n<li>Ideal para aplicaciones donde el secado es necesario continuamente<\/li>\n<li>Se puede utilizar para secar incluso a -20\u00b0 C a + 60\u00b0 C<\/li>\n<li>Potencia Operativa 30000 W<\/li>\n<li>Volumen de ventilaci\u00f3n 2995.27 m\u00b3\/h<\/li>\n<li>Con control digital<\/li>\n<\/ul>\n<p><strong>\u00a0<\/strong> <strong>Deshumidificador desecante exclusivo de baja temperatura DDI19L\/H-1765-4 de H2OTEK:<\/strong> Dise\u00f1ado y construido incluso para su uso comercial profesional. El aire del proceso de entrada se filtra y se seca. El aire de entrada se puede conducir con un conducto. El aire de escape h\u00famedo puede ser conducido a trav\u00e9s de un conducto (di\u00e1metro est\u00e1ndar del tubo de desecho). <strong>CARACTER\u00cdSTICAS DETALLADAS:<\/strong> Ventilador con bajo nivel de ruido Dise\u00f1o compacto Sensor remoto al\u00e1mbrico Filtro de polvo &#8211; El deshumidificador desecante se beneficia de un filtro de polvo reticulado simple en un marco met\u00e1lico que se puede sacudir o reemplazar f\u00e1cilmente para evitar que part\u00edculas de polvo entren en la unidad e impidan el rendimiento. Con humidistato. Fuente de alimentaci\u00f3n &#8211; 480V suministro de 60Hz Equipo con estructura de acero inoxidable. <strong>APLICACIONES:<\/strong> 1. Procesos industriales<\/p>\n<ul>\n<li>Productos electr\u00f3nicos<\/li>\n<li>Industria de alimentos<\/li>\n<li>Industria farmac\u00e9utica<\/li>\n<li>S\u00edntesis de vidrio<\/li>\n<li>Procesamiento de arenado<\/li>\n<li>Fabricaci\u00f3n de caucho<\/li>\n<li>Almacenamiento<\/li>\n<li>Etc.<\/li>\n<\/ul>\n<p>2. Almacenamiento<\/p>\n<ul>\n<li>Corrosividad de metal<\/li>\n<li>Productos electr\u00f3nicos<\/li>\n<li>Secado de carnes<\/li>\n<li>Equipo militar<\/li>\n<li>Instrumento preciso<\/li>\n<li>Semillas<\/li>\n<li>Az\u00facar<\/li>\n<\/ul>\n<p>3. Embalaje<\/p>\n<ul>\n<li>Productos qu\u00edmicos<\/li>\n<li>Fertilizantes, etc.<\/li>\n<\/ul>\n<p><strong>Uso del deshumidificador desecante H2OTEK 19 litros\/hora<\/strong> En aplicaciones de secado el conducto de escape puede ser extendido sin p\u00e9rdida de rendimiento hasta 1.3 metro. A 1.8 metros el rendimiento se reducir\u00e1 por lo general un 30% y a 2.1 metros se reducir\u00e1 en un 70%. No se causar\u00e1 ning\u00fan da\u00f1o cuando la manguera est\u00e9 extendida. El deshumidificador es auto-regulable. \u00a0 <strong>FUNCIONAMIENTO \u00a0<\/strong> En un sistema desecante seco t\u00edpico, el desecante est\u00e1 montado en una rueda giratoria. A medida que la rueda gira, el desecante pasa alternativamente a trav\u00e9s del aire de proceso entrante, donde se adsorbe la humedad y a trav\u00e9s de una zona de &#8220;regenerador&#8221; en el que el desecante se seca y la humedad expulsada. La rueda contin\u00faa girando y el proceso adsorbente se repite. T\u00edpicamente, alrededor de las tres cuartas partes de la rueda desecante est\u00e1 expuesto al aire entrante durante todo el proceso. Durante la regeneraci\u00f3n, el desecante se calienta mediante un quemador de gas de combusti\u00f3n directa o agua o vapor bobina-calentamiento indirecto.<\/p>\n<p style=\"text-align: center;\"><img decoding=\"async\" src=\"https:\/\/www.h2otek.com\/tienda2015\/img\/cms\/funcionamiento-deshum-desecante-h2otek-DD025L-H-47.jpg\" alt=\"\" width=\"550\" height=\"364\" border=\"0\" \/><\/p>\n<ul>\n<li>Proceso de entrada de aire &#8211; a secar. Puede ser aire exterior, el aire dentro o, m\u00e1s com\u00fanmente, una mezcla de aire con alto contenido de humedad.<\/li>\n<li>Proceso de salida de aire &#8211; se seca por la rueda desecante. Se puede enfriar, se filtra o se maneja de otra manera. La humedad relativa es sustancialmente m\u00e1s baja y la temperatura ligeramente elevada.<\/li>\n<li>Reactivaci\u00f3n flujo de entrada &#8211; en el aire, el aire por lo general fuera, que las unidades de la humedad fuera de la rueda. Reactivaci\u00f3n del aire es calentado por el quemador de gas de combusti\u00f3n directa o bater\u00edas de agua o vapor indirecto despedido.<\/li>\n<li>Reactivaci\u00f3n de salida &#8211; caliente, el aire h\u00famedo de la rueda que se agota en el exterior o al pasar a trav\u00e9s de un intercambiador de calor aire-a-aire. El uso de un intercambiador de calor para precalentar el aire de proceso de entrada ofrece un ahorro sustancial en los climas del norte.<\/li>\n<\/ul>\n<p>\u00a0 <strong>ERP (Productos relacionados con la energ\u00eda):<\/strong><\/p>\n<ol>\n<li>Rotor desecante de alto rendimiento con alta tasa de absorci\u00f3n de humedad para confiable rendimiento y operaci\u00f3n continua sin problemas.\u00a0La vida \u00fatil de la rueda del rotor es de 5-8 a\u00f1os bajo condiciones normales (ambiente no corrosivo y regeneraci\u00f3n la temperatura est\u00e1 por debajo de 140\u2103).<\/li>\n<li>Filtro predeterminado G4 (EU4) y tambi\u00e9n puede equipar el filtro F7 (EU7) seg\u00fan sea necesario.<\/li>\n<li>Nuestro dise\u00f1o cumple con la norma internacional EN60204.<\/li>\n<li>Bajo el mismo entorno, nuestra capacidad de deshumidificaci\u00f3n es m\u00e1s grande y la eficiencia es m\u00e1s alta.<\/li>\n<li>Hoja de metal y acero inoxidable puede ser seleccionable.<\/li>\n<li>Construido con un componente el\u00e9ctrico confiable de una marca conocida, como ABB, OMRON, Schneider y dem\u00e1s.<\/li>\n<li>Bajo costo de operaci\u00f3n y energ\u00eda eficiente.\u00a0Nuestro deshumidificador desecante us\u00f3 PTC y SCR construye tecnolog\u00eda de calentamiento con calor de regeneraci\u00f3n controlado por procesador avanzado, que puede ahorrar un 20% &#8211; 30% de consumo de energ\u00eda<\/li>\n<li>La m\u00e1quina est\u00e1 equipada con una interfaz de brida redonda est\u00e1ndar internacional, y la conexi\u00f3n de la tuber\u00eda del conducto cumple con los est\u00e1ndares ISO7807.<\/li>\n<li>La m\u00e1quina cumple con CE GS y RoHS est\u00e1ndar.<\/li>\n<\/ol>\n<p style=\"text-align: center;\"><img decoding=\"async\" src=\"https:\/\/www.h2otek.com\/tienda\/img\/cms\/01.png\" alt=\"01.png\" width=\"400\" height=\"271\" \/><\/p>\n<p>\u00a0<\/p>\n<p style=\"text-align: center;\"><strong>TABLA DE ESPECIFICACIONES<\/strong><\/p>\n<p style=\"text-align: center;\"><img loading=\"lazy\" decoding=\"async\" src=\"https:\/\/h2otek.com\/tienda\/img\/cms\/controlhumedad\/deshumidificadores\/h2otek\/desecantes\/especificaciones-desumidificador-desecante-pintura-h2otek-DDI19L_H-1765-4.gif\" alt=\"\" width=\"604\" height=\"381\" \/><\/p>\n<p>\u00a0 <span style=\"color: #ff0000;\"><strong>NOTAS:<\/strong><\/span> <span style=\"color: #ff0000;\"><strong>Los ductos utilizados en el equipo, es recomendable que no sean largos (m\u00e1ximo 2 a 3 metros).<\/strong><\/span> <span style=\"color: #ff0000;\"><strong>Se recomienda mantener limpio el filtro, no se debe operar el equipo sin el filtro.<\/strong><\/span> <span style=\"color: #ff0000;\"><strong>No se debe bloquear ning\u00fan ducto de descargar o de retorno.<\/strong><\/span> <span style=\"color: #ff0000;\"><strong>El aire seco de inyecci\u00f3n tiene de 3 a 6\u00baC arriba de la temperatura interior del cuarto.<\/strong><\/span> <span style=\"color: #ff0000;\"><strong>La capacidad de deshumidificacion est\u00e1 probado a una temperatura de 20\u00baC y 60% de humedad relativa, puede cambiar con diferentes valores de temperatura y humedad.<\/strong><\/span> \u00a0<\/p>\n<p style=\"text-align: center;\"><img loading=\"lazy\" decoding=\"async\" src=\"https:\/\/h2otek.com\/tienda\/img\/cms\/controlhumedad\/h2otek\/deshumidificadores\/desecantes\/2022\/nota-instalacion-tipica-desecantes.gif\" alt=\"\" width=\"650\" height=\"214\" \/><\/p>\n<p><strong>\u00a0<\/strong><\/p>\n<h5 style=\"text-align: center;\"><img loading=\"lazy\" decoding=\"async\" src=\"https:\/\/h2otek.com\/tienda\/img\/cms\/controlhumedad\/h2otek\/deshumidificadores\/desecantes\/ruedas-desecantes.jpg\" alt=\"\" width=\"680\" height=\"1658\" \/><\/h5>\n<div>\u00a0<\/div>\n<p>INSTALACI\u00d3N Instalado en el interior La entrada y salida de aire de reactivaci\u00f3n debe colocarse en el entorno externo, el aire seco debe estar disperso en la sala de deshumidificaci\u00f3n, la entrada de aire de proceso no necesita conectarse. Instalado al aire libre La salida de aire seco y la entrada de aire de proceso est\u00e1n conectadas a la zona de deshumidificaci\u00f3n.<\/p>\n<div style=\"text-align: center;\"><img loading=\"lazy\" decoding=\"async\" src=\"https:\/\/www.h2otek.com\/tienda\/img\/cms\/INSTALACION%20DESECANTE.png\" alt=\"INSTALACION DESECANTE.png\" width=\"650\" height=\"226\" \/><\/div>\n<p>1. Para la conveniencia del mantenimiento y la inspecci\u00f3n, se debe retener algo de espacio alrededor de la m\u00e1quina 2. El deshumidificador no puede colocarse en \u00e1reas explosivas, tampoco puede tratar con aire que contenga sustancias explosivas. 3. Si el aire de reactivaci\u00f3n se introduce desde el deshumidificador exterior, el terminal del tubo de aire de reactivaci\u00f3n debe estar lo suficientemente alto del suelo para evitar la inhalaci\u00f3n de polvo y residuos, mientras tanto, debe estar lejos de fuentes de contaminaci\u00f3n como emisiones de energ\u00eda, vapor y\u00a0gases.\u00a0Con el fin de evitar que se inhale aire h\u00famedo en la m\u00e1quina, la distancia debe ser de al menos un metro entre la terminal de la tuber\u00eda de aire h\u00famedo y la terminal de la tuber\u00eda de aire de reactivaci\u00f3n.\u00a0Adem\u00e1s, la tuber\u00eda debe dise\u00f1arse para evitar la intrusi\u00f3n de nieve y lluvia. Est\u00e1 muy h\u00famedo en la tuber\u00eda de aire h\u00famedo, es mejor instalar la tuber\u00eda de aire h\u00famedo en una pendiente descendente, por lo que el agua fluir\u00e1 hacia afuera f\u00e1cilmente, mientras que parte del aire h\u00famedo se condensa en agua debido a que la temperatura baja.\u00a0Se debe usar un orificio con un di\u00e1metro de 10 mm en la parte inferior de la tuber\u00eda para drenar el agua condensada.\u00a0Como est\u00e1 muy h\u00famedo en la tuber\u00eda de aire h\u00famedo, es f\u00e1cil tener agua de condensaci\u00f3n en la pared interior de la tuber\u00eda.\u00a0Si existe peligro de congelaci\u00f3n, se deben tomar medidas de aislamiento t\u00e9rmico mientras la temperatura es baja. Para evitar la condensaci\u00f3n de la pared de la tuber\u00eda cuando la temperatura del punto de roc\u00edo del aire en la tuber\u00eda es m\u00e1s alta que la temperatura del aire exterior, lo que lleva a la corrosi\u00f3n de la tuber\u00eda y la acumulaci\u00f3n de agua. 4. Conexi\u00f3n de la tuber\u00eda: La dimensi\u00f3n de las tuber\u00edas para procesar el aire y el aire de reactivaci\u00f3n debe estar en l\u00ednea con los valores recomendados de ISO7807. Las tuber\u00edas deben conectarse con la parte de conexi\u00f3n en la brida, mientras tanto, el tornillo est\u00e1 limitado a 20mm. Mientras conecta las tuber\u00edas de entrada y salida, tome en cuenta algunas notas como las que se mencionan a continuaci\u00f3n: (1) Para reducir la p\u00e9rdida de presi\u00f3n est\u00e1tica, haga lo posible para acortar la longitud de la tuber\u00eda. (2) Para garantizar el rendimiento de la m\u00e1quina, se requiere que todos los accesorios de tuber\u00eda r\u00edgidos (galvanizados) tengan hermeticidad. (3) Los tubos deben tener una buena capacidad de aislamiento t\u00e9rmico, entonces se evitar\u00e1 el fen\u00f3meno de condensaci\u00f3n de humedad dentro de la pared de la tuber\u00eda y la tuber\u00eda no se corroer\u00e1. (4) Para reducir el ruido y la vibraci\u00f3n transmitida a lo largo de las tuber\u00edas, se deben usar piezas adaptables herm\u00e9ticas suaves y resistentes de buena calidad en las piezas de la junta. (5) La v\u00e1lvula de aire debe instalarse en las tuber\u00edas de aire de procesamiento y aire de reactivaci\u00f3n si es necesario. <strong>CONTROL DIGITAL<\/strong> El equipo cuenta con humidostato y sensor, en el siguiente dibujo se muestra el del panel de control. Los pasos para la programaci\u00f3n de la humedad se describen a continuaci\u00f3n:<\/p>\n<p style=\"text-align: left;\">En la pantalla inicial presione \u25b2\u00a0o \u25bc por 3 segundos, en panel cambia a modo de programaci\u00f3n de humedad, cuando el cuadro PV muestre el s\u00edmbolo SP, el cuadro SV mostrara el valor de humedad actual, en este momento presione para ajustar la humedad. Posteriormente presione SET para guardar cambios.<\/p>\n<p style=\"text-align: center;\"><img loading=\"lazy\" decoding=\"async\" class=\"alignnone wp-image-28369 size-medium\" src=\"https:\/\/h2otek.com\/tienda\/wp-content\/uploads\/2021\/07\/control-humidificador-desecante-h2otek-300x209.png\" alt=\"\" width=\"300\" height=\"209\" srcset=\"https:\/\/h2otek.com\/tienda\/wp-content\/uploads\/2021\/07\/control-humidificador-desecante-h2otek-300x209.png 300w, https:\/\/h2otek.com\/tienda\/wp-content\/uploads\/2021\/07\/control-humidificador-desecante-h2otek.png 314w\" sizes=\"(max-width: 300px) 100vw, 300px\" \/><\/p>\n<p>\u00a0 \u00a0 \u00a0<\/p>\n<p style=\"text-align: center;\"><strong>ESTRUCTURA DEL DESHUMIDIFICADOR:<\/strong><\/p>\n<p style=\"text-align: center;\"><img loading=\"lazy\" decoding=\"async\" src=\"https:\/\/www.h2otek.com\/tienda\/img\/cms\/DIMENSIONES%20DESHUMIDIFICADOR%2015L.png\" alt=\"\" width=\"645\" height=\"985\" \/><\/p>\n<p>\u00a0 \u00a0<\/p>\n<p style=\"text-align: center;\"><strong>FOTOS: <\/strong><em>(Pr\u00f3ximamente)<\/em><\/p>\n<p>\u00a0 \u00a0<\/p>\n<p style=\"text-align: center;\"><strong style=\"text-align: start;\">VIDEOS:<\/strong><\/p>\n<p style=\"text-align: center;\"><em>(Pr\u00f3ximamente)<\/em><\/p>\n<p>\u00a0 \u00a0 \u00a0<\/p>\n<p style=\"text-align: center;\"><strong>INSTALACIONES T\u00cdPICAS DE DESHUMIDIFICADORES INDUSTRIALES MARCA H2OTEK L\u00cdNEA DD Y DDI<\/strong><\/p>\n<p>En H2O TEK contamos con departamento de Ingenier\u00eda e instalaci\u00f3n, para el dise\u00f1o, ejecuci\u00f3n, arranque y pruebas de sistemas de deshumidificaci\u00f3n o control de humedad, seg\u00fan las necesidades a cubrir de cada cliente o usuario. Ya sea proyectos llave en mano (todo instalado) o como soporte, para supervisi\u00f3n de instalaciones realizadas por nuestros distribuidores. En nuestra empresa, trabajamos para ofrecer las mejores alternativas o soluciones, en control de humedad. Los modelos mostrados son representativos solamente, no necesariamente corresponde al modelo seleccionado. \u00a0<\/p>\n<p style=\"text-align: center;\"><img loading=\"lazy\" decoding=\"async\" class=\"aligncenter\" src=\"https:\/\/h2otek.com\/tienda\/img\/cms\/controlhumedad\/h2otek\/deshumidificadores\/desecantes\/2022\/instalacion-tipica-desecantes-H2OTEK-DD-DDI.jpg\" alt=\"\" width=\"650\" height=\"2167\" \/><\/p>\n<p>\u00a0 \u00a0 \u00a0<\/p>\n<p style=\"text-align: center;\"><strong>ALGUNOS VIDEOS DE INSTALACIONES T\u00cdPICAS DE DESHUMIDIFICADORES INDUSTRIALES MARCA H2OTEK L\u00cdNEA DD Y DDI<\/strong><\/p>\n<p><iframe title=\"YouTube video player\" src=\"https:\/\/www.youtube.com\/embed\/ZJLwQ8ahbNA\" width=\"560\" height=\"315\" frameborder=\"0\" data-mce-fragment=\"1\"><\/iframe> <iframe title=\"YouTube video player\" src=\"https:\/\/www.youtube.com\/embed\/iOzHO7ryzvs\" width=\"560\" height=\"315\" frameborder=\"0\" data-mce-fragment=\"1\"><\/iframe> \u00a0 \u00a0<\/p>\n<p style=\"text-align: center;\"><img loading=\"lazy\" decoding=\"async\" class=\"aligncenter\" src=\"https:\/\/h2otek.com\/tienda\/img\/cms\/garantia-insignias\/garantia-h2otek-2years-DDyDDI.jpg\" alt=\"garantia-h2otek-2years-DDyDDI.jpg\" width=\"329\" height=\"350\" \/><\/p>\n<p>\u00a0<\/p>\n<p><strong>DESCARGAR MANUALES:<\/strong><\/p>\n<ul>\n<li><a href=\"https:\/\/www.h2otek.com\/tienda\/pdf\/desecantes\/MANUAL%20TECNICO%20DESHUMIDIFICADORES%20DESECANTES%20MODELO%20DDI.pdf\" target=\"_blank\" rel=\"noopener\"><strong>MANUAL DEL USUARIO<\/strong><\/a><\/li>\n<li><strong><a href=\"https:\/\/h2otek.com\/tienda\/wp-content\/uploads\/2024\/10\/MANUAL-DESECANTE-MTTO.pdf\" target=\"_blank\" rel=\"noopener\">MANUAL DE MANTENIMIENTO<\/a><\/strong><\/li>\n<\/ul>\n<p>\u00a0<\/p>\n","protected":false},"excerpt":{"rendered":"<p style=\"text-align: left;\"><span style=\"color: #ff0000;\"><strong>PRECIO\u00a0EN\u00a0D\u00d3LARES US.<\/strong><\/span><br \/>\n<span style=\"color: #ff0000;\"><strong>PRECIO INCLUYE 16 % DE I.V.A.<\/strong><\/span><br \/>\n<span style=\"color: #ff0000;\"><strong>PRECIO INCLUYE ENVIO (ZONA CENTRO).<\/strong><\/span><\/p>\n<p><strong>19 LITROS\/HORA. EQUIPO A 480 VOLTS 3 FASES<\/strong><\/p>\n<p><em><strong>DESHUMIDIFICADORES DESECANTES IDEALES PARA LOS ESPACIOS EN:<\/strong><\/em><\/p>\n<ul>\n<li><em><strong>LABORATORIOS<\/strong><\/em><\/li>\n<li><em><strong>PROCESOS INDUSTRIALES<\/strong><\/em><\/li>\n<li><em><strong>CUARTOS DE PRUEBA<\/strong><\/em><\/li>\n<li><em><strong>ESTANCIA DE MATERIALES<\/strong><\/em><\/li>\n<li><em><strong>CAMARAS<\/strong><\/em><\/li>\n<li><em><strong>CUARTOS DE SECADO<\/strong><\/em><\/li>\n<li><em><strong>CUARTOS FRIOS<\/strong><\/em><\/li>\n<li><em><strong>ETC.<\/strong><\/em><\/li>\n<\/ul>\n<p><strong>PARA BAJOS PORCENTAJES DE HUMEDAD Y\/O BAJA TEMPERATURA<\/strong><\/p>\n<p><strong>CON SENSOR DIGITAL<\/strong><\/p>\n<p><strong>NO NECESITA NINGUN TIPO DE DESAGUE<\/strong><\/p>\n<h3><\/h3>\n","protected":false},"featured_media":714,"comment_status":"closed","ping_status":"closed","template":"","meta":[],"pwb-brand":[],"product_brand":[],"product_cat":[420],"product_tag":[],"class_list":{"0":"post-17898","1":"product","2":"type-product","3":"status-publish","4":"has-post-thumbnail","6":"product_cat-480-volts-3-fases-deshumidificadores-desecantes-en-acero-inoxidable","8":"first","9":"onbackorder","10":"purchasable","11":"product-type-simple"},"brands":[],"_links":{"self":[{"href":"https:\/\/h2otek.com\/tienda\/wp-json\/wp\/v2\/product\/17898","targetHints":{"allow":["GET"]}}],"collection":[{"href":"https:\/\/h2otek.com\/tienda\/wp-json\/wp\/v2\/product"}],"about":[{"href":"https:\/\/h2otek.com\/tienda\/wp-json\/wp\/v2\/types\/product"}],"replies":[{"embeddable":true,"href":"https:\/\/h2otek.com\/tienda\/wp-json\/wp\/v2\/comments?post=17898"}],"wp:featuredmedia":[{"embeddable":true,"href":"https:\/\/h2otek.com\/tienda\/wp-json\/wp\/v2\/media\/714"}],"wp:attachment":[{"href":"https:\/\/h2otek.com\/tienda\/wp-json\/wp\/v2\/media?parent=17898"}],"wp:term":[{"taxonomy":"pwb-brand","embeddable":true,"href":"https:\/\/h2otek.com\/tienda\/wp-json\/wp\/v2\/pwb-brand?post=17898"},{"taxonomy":"product_brand","embeddable":true,"href":"https:\/\/h2otek.com\/tienda\/wp-json\/wp\/v2\/product_brand?post=17898"},{"taxonomy":"product_cat","embeddable":true,"href":"https:\/\/h2otek.com\/tienda\/wp-json\/wp\/v2\/product_cat?post=17898"},{"taxonomy":"product_tag","embeddable":true,"href":"https:\/\/h2otek.com\/tienda\/wp-json\/wp\/v2\/product_tag?post=17898"}],"curies":[{"name":"wp","href":"https:\/\/api.w.org\/{rel}","templated":true}]}}