{"id":17891,"date":"2021-07-06T21:15:21","date_gmt":"2021-07-06T21:15:21","guid":{"rendered":"https:\/\/h2otek.com\/tienda\/producto\/bomba-cerrada-velocidad-variable-2-1-gpm-vfd-230-volts-marca-aeromist-modelo-60200-hde-1ph-230vfd\/"},"modified":"2024-03-25T19:13:57","modified_gmt":"2024-03-25T19:13:57","slug":"bomba-cerrada-velocidad-variable-2-1-gpm-vfd-230-volts-marca-aeromist-modelo-60200-hde-1ph-230vfd","status":"publish","type":"product","link":"https:\/\/h2otek.com\/tienda\/producto\/bomba-cerrada-velocidad-variable-2-1-gpm-vfd-230-volts-marca-aeromist-modelo-60200-hde-1ph-230vfd\/","title":{"rendered":"BOMBA CERRADA VELOCIDAD VARIABLE 2.1 GPM VFD 230 VOLTS MARCA AEROMIST\u00ae MODELO 60200-HDE-1PH-230VFD"},"content":{"rendered":"<p style=\"text-align: center;\"><img fetchpriority=\"high\" decoding=\"async\" src=\"https:\/\/h2otek.com\/tienda\/img\/cms\/controlhumedad\/aeromist\/greenhouse-misting\/header-aeromist-bomba-cerrada-velocidad-variable-60200-HDE-1PH-230VFD.jpg\" alt=\"header-aeromist-bomba-cerrada-velocidad-\" width=\"650\" height=\"300\" \/><\/p>\n<p style=\"text-align: justify;\"><strong>BENEFICIOS:<\/strong><\/p>\n<ul>\n<li>Ahorro de energ\u00eda Servicio continuo Arranque suave Bajo nivel de ruido<\/li>\n<\/ul>\n<p>&nbsp;<\/p>\n<p style=\"text-align: justify;\"><span style=\"font-weight: bold;\">CARACTER\u00cdSTICAS:<\/span><\/p>\n<ul>\n<li><strong>Capacidad de la bomba de 1000 PSI:<\/strong><br \/>\nHasta 100 .008 boquillas de nebulizaci\u00f3n<br \/>\nHasta 60 .012 Boquillas de nebulizaci\u00f3n<br \/>\nHasta 55 .014 Boquillas de nebulizaci\u00f3n<\/li>\n<li>230 voltios \/ monof\u00e1sico, 9 amperios<\/li>\n<li>Peso y dimensiones: 125 lbs; L 18&#8243; W 16&#8243; H 13&#8243;<\/li>\n<li>Caracter\u00edsticas: Motor el\u00e9ctrico TEFC de 2 HP, filtro doble, man\u00f3metro, v\u00e1lvula de drenaje, regulador ajustable, ahorro de energ\u00eda, servicio continuo, protecci\u00f3n contra sobrecarga del motor, corte por bajo nivel de agua<br \/>\n(Colector de acero inoxidable opcional de 2-4 zonas instalado de f\u00e1brica)<br \/>\n(V\u00e1lvulas solenoides opcionales para m\u00faltiples zonas de 24 VCA, 120 VCA)<\/li>\n<\/ul>\n<p style=\"text-align: left;\"><em>\u00a0<\/em><\/p>\n<p style=\"text-align: left;\"><em>12 MESES DE GARANT\u00cdA BAJO CUALQUIER DEFECTO DE FABRICACI\u00d3N<\/em><\/p>\n<p>&nbsp;<\/p>\n<p><strong><span style=\"color: #0000ff;\">DESCARGAR MANUALES:<\/span><\/strong><\/p>\n<ul>\n<li><a href=\"https:\/\/h2otek.com\/tienda\/pdf\/controlhumedad\/CATALOGO%20PRODUCTOS%20AEROMIST.pdf\" target=\"_blank\" rel=\"noopener\"><strong>CAT\u00c1LOGO PRODUCTOS AEROMIST\u00ae<\/strong><\/a><\/li>\n<li><strong><span style=\"color: #0000ff;\"><a href=\"https:\/\/h2otek.com\/tienda\/pdf\/controlhumedad\/MANUAL%20DEL%20USUARIO%20PRODUCTOS%20AEROMIST.pdf\" target=\"_blank\" rel=\"noopener\">MANUAL DEL USUARIO PRODUCTOS AEROMIST\u00ae<\/a><\/span><\/strong><\/li>\n<\/ul>\n<p>&nbsp;<\/p>\n","protected":false},"excerpt":{"rendered":"<p><span style=\"color: #ff0000;\"><strong>PRECIO\u00a0EN\u00a0D\u00d3LARES US.<br \/>\nPRECIO INCLUYE 16 % DE I.V.A.<br \/>\nPRECIO INCLUYE ENVIO (ZONA CENTRO).<\/strong><\/span><\/p>\n<p><strong><em>HUMIDIFICADORES IDEALES PARA:<\/em><\/strong><\/p>\n<ul>\n<li><em><strong>PATIOS<\/strong><\/em><\/li>\n<li><em><strong>JARDINES<\/strong><\/em><\/li>\n<li><em><strong>ESPACIOS SOCIALES<\/strong><\/em><\/li>\n<li><em><strong>ALMACENES<\/strong><\/em><\/li>\n<li><em><strong>PROCESOS<\/strong><\/em><\/li>\n<li><em><strong>LABORATORIOS<\/strong><\/em><\/li>\n<li><em><strong>CUARTOS DE PRUEBA<\/strong><\/em><\/li>\n<li><em><strong>COMERCIOS<\/strong><\/em><\/li>\n<li><em><strong>RESTAURANTES<\/strong><\/em><\/li>\n<li><em><strong>TERRAZAS<\/strong><\/em><\/li>\n<li><em><strong>INDUSTRIA EN GENERAL,\u00a0ETC.<\/strong><\/em><\/li>\n<\/ul>\n","protected":false},"featured_media":3142,"comment_status":"closed","ping_status":"closed","template":"","meta":[],"pwb-brand":[],"product_brand":[],"product_cat":[566,362],"product_tag":[],"class_list":{"0":"post-17891","1":"product","2":"type-product","3":"status-publish","4":"has-post-thumbnail","6":"product_cat-bomba-cerrada-velocidad-variable","7":"product_cat-control-de-humedad-humidificadores-deshumidificadores","9":"first","10":"onbackorder","11":"purchasable","12":"product-type-simple"},"brands":[],"_links":{"self":[{"href":"https:\/\/h2otek.com\/tienda\/wp-json\/wp\/v2\/product\/17891","targetHints":{"allow":["GET"]}}],"collection":[{"href":"https:\/\/h2otek.com\/tienda\/wp-json\/wp\/v2\/product"}],"about":[{"href":"https:\/\/h2otek.com\/tienda\/wp-json\/wp\/v2\/types\/product"}],"replies":[{"embeddable":true,"href":"https:\/\/h2otek.com\/tienda\/wp-json\/wp\/v2\/comments?post=17891"}],"wp:featuredmedia":[{"embeddable":true,"href":"https:\/\/h2otek.com\/tienda\/wp-json\/wp\/v2\/media\/3142"}],"wp:attachment":[{"href":"https:\/\/h2otek.com\/tienda\/wp-json\/wp\/v2\/media?parent=17891"}],"wp:term":[{"taxonomy":"pwb-brand","embeddable":true,"href":"https:\/\/h2otek.com\/tienda\/wp-json\/wp\/v2\/pwb-brand?post=17891"},{"taxonomy":"product_brand","embeddable":true,"href":"https:\/\/h2otek.com\/tienda\/wp-json\/wp\/v2\/product_brand?post=17891"},{"taxonomy":"product_cat","embeddable":true,"href":"https:\/\/h2otek.com\/tienda\/wp-json\/wp\/v2\/product_cat?post=17891"},{"taxonomy":"product_tag","embeddable":true,"href":"https:\/\/h2otek.com\/tienda\/wp-json\/wp\/v2\/product_tag?post=17891"}],"curies":[{"name":"wp","href":"https:\/\/api.w.org\/{rel}","templated":true}]}}