{"id":17866,"date":"2021-07-06T21:15:10","date_gmt":"2021-07-06T21:15:10","guid":{"rendered":"https:\/\/h2otek.com\/tienda\/producto\/humidificador-vertical-cap-19-hr-660-va-ultrasonico-mod-mf-20\/"},"modified":"2023-03-02T20:24:35","modified_gmt":"2023-03-02T20:24:35","slug":"humidificador-vertical-cap-19-hr-660-va-ultrasonico-mod-mf-20","status":"publish","type":"product","link":"https:\/\/h2otek.com\/tienda\/producto\/humidificador-vertical-cap-19-hr-660-va-ultrasonico-mod-mf-20\/","title":{"rendered":"HUMIDIFICADOR VERTICAL CAP. 19\/HR 660 VA ULTRASONICO MOD. MF-20"},"content":{"rendered":"<p style=\"text-align: center;\"><img decoding=\"async\" src=\"https:\/\/www.h2otek.com\/tienda\/Images\/humidificadores\/humidificadorvertical-mf20.jpg\" alt=\"\" border=\"0\" \/><\/p>\n<p style=\"text-align: justify;\">Humidificadores ultras\u00f3nicos Humidifirts serie patentada Mist-Free, \u00fanicos con antivaho!<\/p>\n<p style=\"text-align: justify;\">Perfecto para las necesidades de humidificaci\u00f3n donde la niebla visibles sea objetable, tales como laboratorios, peque\u00f1as salas de equipos hospitalarios, salas de inform\u00e1tica, zonas de oficinas y salas de impresi\u00f3n bajo techo.<\/p>\n<p style=\"text-align: justify;\">La evaporaci\u00f3n de la niebla se producen en el interior del humidificador cuando la humedad relativa del espacio es de 40% o menos.<\/p>\n<p style=\"text-align: left;\"><strong>\u00bfPor qu\u00e9 es el humidificador ultras\u00f3nico econ\u00f3mico?<\/strong><\/p>\n<p style=\"text-align: justify;\">El costo inicial de un humidificador ultras\u00f3nico es m\u00e1s alto que los sistemas de vapor, pero el costo de operaci\u00f3n de ultrasonidos es 1\/13th de los sistemas de vapor. Un sistema econ\u00f3mico de operaci\u00f3n, junto con el control de la humedad m\u00e1s ajustado posible en el mercado, demuestra que Humidifirst \u00ae humidificadores ultras\u00f3nicos es la elecci\u00f3n correcta.<\/p>\n<p style=\"text-align: center;\"><img decoding=\"async\" src=\"https:\/\/www.h2otek.com\/tienda\/Images\/humidificadores\/h-utrasonico-mf-01.JPG\" alt=\"\" border=\"0\" \/><\/p>\n<p style=\"text-align: justify;\"><strong>PRINCIPIOS DE LA HUMIDIFICACI\u00d3N ULTRAS\u00d3NICA<\/strong><\/p>\n<p style=\"text-align: justify;\">El transductor ultras\u00f3nico es un cristal piezo-el\u00e9ctrico sumergido en el agua, donde convierte las se\u00f1ales electr\u00f3nicas de alta frecuencia en una oscilaci\u00f3n mec\u00e1nica de alta frecuencia.<\/p>\n<p style=\"text-align: justify;\">El agua trata de seguir el movimiento de alta frecuencia de oscilaci\u00f3n del cristal (1,65 MHz), pero no puede. Como resultado, un vac\u00edo moment\u00e1neo se crea en la oscilaci\u00f3n negativa del cristal en el que el agua cavita en vapor. A continuaci\u00f3n, en la oscilaci\u00f3n positiva, ondas de alta presi\u00f3n forzar el agua a trav\u00e9s de cavidades de la superficie del agua como una neblina muy fina (aproximadamente 1 micra), que se absorbe f\u00e1cilmente en el flujo de aire.<\/p>\n<p style=\"text-align: justify;\">Los Humidificadores ultras\u00f3nicos <strong>Humidifirst\u00ae<\/strong> aprovechan esta tecnolog\u00eda ultras\u00f3nica para proporcionar un control de humedad ajustado con un ahorro energ\u00e9tico notable.<\/p>\n<p style=\"text-align: justify;\"><strong>\u00bfPor qu\u00e9 son las gotas de vapor de tama\u00f1o importante? <\/strong><\/p>\n<p style=\"text-align: justify;\">Los humidificadores ultras\u00f3nicos crear de forma consistente peque\u00f1as gotas de agua, vapor del tama\u00f1o &#8211; alrededor de 1 micr\u00f3n de di\u00e1metro &#8211; que permiten una r\u00e1pida evaporaci\u00f3n. Pero a diferencia de la tecnolog\u00eda de vapor, la niebla ultras\u00f3nica se produce instant\u00e1neamente, por lo que no hay esperar la ebullici\u00f3n del agua y es un vapor fr\u00edo para que la energ\u00eda de calor no se a\u00f1ada al espacio circundante. Otras tecnolog\u00edas, como los sistemas de boquilla de pulverizaci\u00f3n, producen grandes gotas de agua que hacen que sea dif\u00edcil de conseguir una evaporaci\u00f3n r\u00e1pida y completa.<\/p>\n<p style=\"text-align: justify;\"><strong>F\u00e1cil mantenimiento<\/strong><\/p>\n<p style=\"text-align: justify;\">No hay que fregar ollas, l\u00e1mparas infrarrojas para cambiar, o botes de vapor para reemplazar.<\/p>\n<p style=\"text-align: justify;\">Los Humidificadores Ultras\u00f3nicos Humidifirst\u00ae est\u00e1n hechos de acero inoxidable de alta calidad y aluminio acabado con pintura en polvo. El uso de agua desionizada pura elimina los contaminantes entren el humidificador. Transductores tendr\u00e1 una duraci\u00f3n de aproximadamente 10,000 horas.<\/p>\n<p style=\"text-align: left;\"><strong>CARACTER\u00cdSTICAS:<\/strong><\/p>\n<ul style=\"text-align: left;\">\n<li>F\u00e1cil mantenimiento<\/li>\n<li>Calidad en acero inoxiable y aluminio<\/li>\n<li>Acabado de pintura en polvo<\/li>\n<li>Elimina contaminates al entrar en el humidificador<\/li>\n<li style=\"text-align: left;\">Duraci\u00f3n aproximada de 15.000 horas<\/li>\n<\/ul>\n<p style=\"text-align: left;\"><strong>BENEFICIOS:<\/strong><\/p>\n<ul>\n<li>Reduce costos de mantenimiento<\/li>\n<li>F\u00e1cil y r\u00e1pido servicio<\/li>\n<li>F\u00e1cil instalaci\u00f3n<\/li>\n<li>Proporciona un control mas r\u00e1pido y preciso un control de humedad relativa<\/li>\n<\/ul>\n<p><strong>ESPECIFICACIONES:<\/strong><\/p>\n<p style=\"text-align: justify;\">El humidificador ser\u00e1 empaquetado, aut\u00f3nomo, humidificador ultras\u00f3nico con el principio de la nebulizaci\u00f3n ultras\u00f3nica. Cada humidificador utilizan transductores ultras\u00f3nicos m\u00faltiples que vibran a aproximadamente a 1,6 MHz, que produce un tama\u00f1o de gota de alrededor de 1 micr\u00f3n.<\/p>\n<p style=\"text-align: justify;\">Cada circuito transductor utiliza el &#8220;m\u00e9todo de espesor vibraciones&#8221; de la humidificaci\u00f3n a trav\u00e9s de un convertidor piezoel\u00e9ctrico. Los transductores ultras\u00f3nicos convierten la energ\u00eda el\u00e9ctrica en energ\u00eda mec\u00e1nica, haciendo que el agua cavitaci\u00f3n, lo que resulta en la producci\u00f3n de una micra de tama\u00f1o las part\u00edculas de agua.<\/p>\n<p style=\"text-align: justify;\">El dise\u00f1o de la carcasa del humidificador impedir\u00e1 que las gotas m\u00e1s grandes salgan del ensamblado del humidificador. El humidificador debe consumir no m\u00e1s de 33 vatios por kilo de humidificaci\u00f3n generada. El humidificador ultras\u00f3nico no produce ning\u00fan ruido inaceptable. El nivel sonoro no podr\u00e1 exceder de 64 dB a 10 pies desde el m\u00f3dulo humidificador.<\/p>\n<p style=\"text-align: justify;\">El humidificador ultras\u00f3nico no requiere un ciclo de descarga. La cuenca del humidificador y la estructura ser\u00e1 de acero inoxidable y aluminio con recubrimiento en polvo. La evaporaci\u00f3n de la niebla se producen en el interior del humidificador cuando la humedad relativa del espacio es de 40% o menos. Un tubo de agua de \u00bc&#8221; de desconexi\u00f3n r\u00e1pida se proporciona para la conexi\u00f3n de agua en el humidificador.<\/p>\n<p style=\"text-align: justify;\">Cable de alimentaci\u00f3n 120 voltios con recipiente de 6 pies, deber\u00e1 ser proporcionada para conectar la unidad a una toma de corriente est\u00e1ndar. Cada humidificador tendr\u00e1 los siguientes componentes:<\/p>\n<ul>\n<li>Electrov\u00e1lvula para controlar el flujo de agua en el humidificador<\/li>\n<li>Interruptor de flotador para controlar el nivel de agua<\/li>\n<li>Interruptor de flotador para proporcionar agua para el apagado de baja<\/li>\n<li>Los cristales piezoel\u00e9ctricos (transductores)<\/li>\n<li>Encendido \/ apagado electr\u00f3nico higrostato<\/li>\n<\/ul>\n<p style=\"text-align: center;\"><img decoding=\"async\" src=\"https:\/\/www.h2otek.com\/tienda\/Images\/humidificadores\/ultrasonico-mf-instala1.jpg\" alt=\"\" border=\"0\" \/><\/p>\n<p style=\"text-align: center;\"><img decoding=\"async\" src=\"https:\/\/www.h2otek.com\/tienda\/Images\/humidificadores\/ultrasonico-mf-instala2.jpg\" alt=\"\" border=\"0\" \/><\/p>\n<p>&nbsp;<\/p>\n<p>&nbsp;<\/p>\n<p style=\"text-align: center;\"><strong>TABLA COMPARACI\u00d3N DE CARACTER\u00cdSTICAS\/BENEFICIOS:<\/strong><\/p>\n<div class=\"WordSection1\">\n<table class=\"MsoTableLightShadingAccent1\" style=\"width: 380.25pt; border-collapse: collapse;\" border=\"1\" width=\"100%\" cellspacing=\"0\" cellpadding=\"0\" align=\"center\">\n<tbody>\n<tr>\n<td style=\"padding: 0cm 5.4pt; width: 126.75pt;\" valign=\"top\" width=\"169\">\n<p class=\"MsoNormal\" style=\"margin-bottom: 10pt; line-height: 115%;\"><strong><span style=\"font-size: 8pt; line-height: 115%;\">HUMIDIFIRST<br \/>\n&#8220;MIST-FREE&#8221;<\/span><\/strong><\/p>\n<\/td>\n<td style=\"padding: 0cm 5.4pt; width: 126.75pt;\" valign=\"top\" width=\"169\">\n<p class=\"MsoNormal\" style=\"margin-bottom: 10pt; line-height: 115%;\"><strong><span style=\"font-size: 8pt; line-height: 115%;\">OTROS FABRICANTES<\/span><\/strong><\/p>\n<\/td>\n<td style=\"padding: 0cm 5.4pt; width: 126.75pt;\" valign=\"top\" width=\"169\">\n<p class=\"MsoNormal\" style=\"margin-bottom: 10pt; line-height: 115%;\"><strong><span style=\"font-size: 8pt; line-height: 115%;\">BENEFICIOS HUMIDIFIRST<\/span><\/strong><\/p>\n<\/td>\n<\/tr>\n<tr>\n<td style=\"background: #d3dfee none repeat scroll 0% 0%; padding: 0cm 5.4pt; width: 126.75pt;\" valign=\"top\" width=\"169\">\n<p class=\"MsoNormal\" style=\"margin-bottom: 10pt; line-height: 115%;\"><strong><span style=\"font-size: 8pt; line-height: 115%;\">Humidificador que evapora totalmente la humedad antes de que el aire salga de la unidad.<\/span><\/strong><\/p>\n<\/td>\n<td style=\"background: #d3dfee none repeat scroll 0% 0%; padding: 0cm 5.4pt; width: 126.75pt;\" valign=\"top\" width=\"169\">\n<p class=\"MsoNormal\" style=\"margin-bottom: 10pt; line-height: 115%;\"><span style=\"font-size: 8pt; line-height: 115%;\">Descarga la niebla frente al humidificador.<\/span><\/p>\n<\/td>\n<td style=\"background: #d3dfee none repeat scroll 0% 0%; padding: 0cm 5.4pt; width: 126.75pt;\" valign=\"top\" width=\"169\">\n<p class=\"MsoNormal\" style=\"margin-bottom: 10pt; line-height: 115%;\"><span style=\"font-size: 8pt; line-height: 115%;\">La humedad no se acumula en los equipos o personas.<\/span><\/p>\n<\/td>\n<\/tr>\n<tr>\n<td style=\"padding: 0cm 5.4pt; width: 126.75pt;\" valign=\"top\" width=\"169\">\n<p class=\"MsoNormal\" style=\"margin-bottom: 10pt; line-height: 115%;\"><strong><span style=\"font-size: 8pt; line-height: 115%;\">El humidificador es totalmente port\u00e1til. La unidad llega sobre ruedas y se conecta a un est\u00e1ndar de 120 voltios.<\/span><\/strong><\/p>\n<\/td>\n<td style=\"padding: 0cm 5.4pt; width: 126.75pt;\" valign=\"top\" width=\"169\">\n<p class=\"MsoNormal\" style=\"margin-bottom: 10pt; line-height: 115%;\"><span style=\"line-height: 115%; font-size: 8pt;\">Requiere el cableado de campo de energ\u00eda. Muchos de ellos requieren de tuber\u00edas de drenaje y el cableado de control y de campo.<\/span><\/p>\n<\/td>\n<td style=\"padding: 0cm 5.4pt; width: 126.75pt;\" valign=\"top\" width=\"169\">\n<p class=\"MsoNormal\" style=\"margin-bottom: 10pt; line-height: 115%;\"><span style=\"line-height: 115%; font-size: 8pt;\">Barato y f\u00e1cil de instalar. F\u00e1cil de trasladar.<\/span><\/p>\n<\/td>\n<\/tr>\n<tr>\n<td style=\"background: #d3dfee none repeat scroll 0% 0%; padding: 0cm 5.4pt; width: 126.75pt;\" valign=\"top\" width=\"169\">\n<p class=\"MsoNormal\" style=\"margin-bottom: 10pt; line-height: 115%;\"><strong><span style=\"font-size: 8pt; line-height: 115%;\">Todo en acero inoxidable y recubierto de aluminio en polvo<\/span><\/strong><\/p>\n<\/td>\n<td style=\"background: #d3dfee none repeat scroll 0% 0%; padding: 0cm 5.4pt; width: 126.75pt;\" valign=\"top\" width=\"169\">\n<p class=\"MsoNormal\" style=\"margin-bottom: 10pt; line-height: 115%;\"><span style=\"font-size: 8pt; line-height: 115%;\">Puede usar metales quecon el tiempo crear\u00e1n corrosi\u00f3n.<\/span><\/p>\n<\/td>\n<td style=\"background: #d3dfee none repeat scroll 0% 0%; padding: 0cm 5.4pt; width: 126.75pt;\" valign=\"top\" width=\"169\">\n<p class=\"MsoNormal\" style=\"margin-bottom: 10pt; line-height: 115%;\"><span style=\"font-size: 8pt; line-height: 115%;\">De larga duraci\u00f3n, f\u00e1cil de mantener y est\u00e9ticamente agradable.<\/span><\/p>\n<\/td>\n<\/tr>\n<tr>\n<td style=\"padding: 0cm 5.4pt; width: 126.75pt;\" valign=\"top\" width=\"169\">\n<p class=\"MsoNormal\" style=\"margin-bottom: 10pt; line-height: 115%;\"><strong><span style=\"font-size: 8pt; line-height: 115%;\">Usa energ\u00eda de transductores de ultrasonido, eficientes para producir niebla pura.<\/span><\/strong><\/p>\n<\/td>\n<td style=\"padding: 0cm 5.4pt; width: 126.75pt;\" valign=\"top\" width=\"169\">\n<p class=\"MsoNormal\" style=\"margin-bottom: 10pt; line-height: 115%;\"><span style=\"line-height: 115%; font-size: 8pt;\">Muchas calderas de vapor o el uso de energ\u00eda, que son grandes consumidores de electricidad.<\/span><\/p>\n<\/td>\n<td style=\"padding: 0cm 5.4pt; width: 126.75pt;\" valign=\"top\" width=\"169\">\n<p class=\"MsoNormal\" style=\"margin-bottom: 10pt; line-height: 115%;\"><span style=\"line-height: 115%; font-size: 8pt;\">El usuario puede ahorrar m\u00e1s de 1,200 d\u00f3lares por a\u00f1o en costos de operaci\u00f3n.<\/span><\/p>\n<\/td>\n<\/tr>\n<tr>\n<td style=\"background: #d3dfee none repeat scroll 0% 0%; padding: 0cm 5.4pt; width: 126.75pt;\" valign=\"top\" width=\"169\">\n<p class=\"MsoNormal\" style=\"margin-bottom: 10pt; line-height: 115%;\"><strong><span style=\"font-size: 8pt; line-height: 115%;\">Humidificaci\u00f3n al instante. Los transductores empiezan a <span class=\"SpellE\">humidificarl<\/span> es aire de inmediato cuando sea necesario.<\/span><\/strong><\/p>\n<\/td>\n<td style=\"background: #d3dfee none repeat scroll 0% 0%; padding: 0cm 5.4pt; width: 126.75pt;\" valign=\"top\" width=\"169\">\n<p class=\"MsoNormal\" style=\"margin-bottom: 10pt; line-height: 115%;\"><span style=\"font-size: 8pt; line-height: 115%;\">Muchos de ellos requieren tiempo para que el agua hierva antes de que se produzca la niebla. Se puede requerir un periodo de parada, mientras que la suciedad se limpia.<\/span><\/p>\n<\/td>\n<td style=\"background: #d3dfee none repeat scroll 0% 0%; padding: 0cm 5.4pt; width: 126.75pt;\" valign=\"top\" width=\"169\">\n<p class=\"MsoNormal\" style=\"margin-bottom: 10pt; line-height: 115%;\"><span style=\"font-size: 8pt; line-height: 115%;\">Proporciona un control m\u00e1s preciso de humedad.<\/span><\/p>\n<\/td>\n<\/tr>\n<tr>\n<td style=\"padding: 0cm 5.4pt; width: 126.75pt;\" valign=\"top\" width=\"169\">\n<p class=\"MsoNormal\" style=\"margin-bottom: 10pt; line-height: 115%;\"><strong><span style=\"font-size: 8pt; line-height: 115%;\">Un m\u00ednimo mantenimiento, ya que el agua <span class=\"SpellE\">desionizada<\/span> se utiliza. Toda la suciedad queda en el filtro de botella de <span class=\"SpellE\">desionizaci\u00f3n<\/span>.<\/span><\/strong><\/p>\n<\/td>\n<td style=\"padding: 0cm 5.4pt; width: 126.75pt;\" valign=\"top\" width=\"169\">\n<p class=\"MsoNormal\" style=\"margin-bottom: 10pt; line-height: 115%;\"><span style=\"line-height: 115%; font-size: 8pt;\">Alto costo en los repuestos, mano de obra en limpieza y mantenimiento.<\/span><\/p>\n<\/td>\n<td style=\"padding: 0cm 5.4pt; width: 126.75pt;\" valign=\"top\" width=\"169\">\n<p class=\"MsoNormal\" style=\"margin-bottom: 10pt; line-height: 115%;\"><span style=\"line-height: 115%; font-size: 8pt;\">Reduce los costos de mantenimiento y el tiempo de inactividad del humidificador.<\/span><\/p>\n<\/td>\n<\/tr>\n<\/tbody>\n<\/table>\n<p>&nbsp;<\/p>\n<\/div>\n<p style=\"text-align: center;\"><strong>TABLA DE ESPECIFICACIONES:<\/strong><\/p>\n<p style=\"text-align: center;\"><img decoding=\"async\" src=\"https:\/\/www.h2otek.com\/tienda\/Images\/humidificadores\/tabla-especificacionesmf20.gif\" alt=\"\" border=\"0\" \/><\/p>\n<p>&nbsp;<\/p>\n<p>&nbsp;<\/p>\n<p style=\"text-align: center;\"><strong>TABLA DE DIMENSIONES:<\/strong><\/p>\n<p style=\"text-align: center;\"><a href=\"http:\/\/www.h2otek.com\/tienda\/Images\/humidificadores\/h-utrasonico-dimensiones-mf-large.JPG\" target=\"_blank\" rel=\"noopener\"><img decoding=\"async\" src=\"https:\/\/www.h2otek.com\/tienda\/Images\/humidificadores\/tabla-dimensionesmf20.gif\" alt=\"\" border=\"0\" \/><\/a><\/p>\n<p style=\"text-align: center;\">Clic para agrandar<\/p>\n<p>&nbsp;<\/p>\n<p>&nbsp;<\/p>\n<section class=\"page-product-box\">\n<div class=\"rte\">\n<p><strong>DESCARGAR MANUALES:<\/strong><\/p>\n<ul>\n<li><strong><a href=\"http:\/\/www.h2otek.com\/tienda\/pdf\/controlhumedad\/FOLLETO_HUMIDIFICADORES_MF.pdf\" target=\"_blank\" rel=\"noopener\">FOLLETO<\/a><\/strong><\/li>\n<li>\n<div><strong><a href=\"http:\/\/www.h2otek.com\/tienda\/pdf\/controlhumedad\/MANUA_DE_OPERACION_E_INSTALACION_HUMIDIFICADORES_LINEA_MF.pdf\" target=\"_blank\" rel=\"noopener\">MANUAL DE OPERACI\u00d3N E INSTALACI\u00d3N<\/a><\/strong><\/div>\n<div><\/div>\n<\/li>\n<\/ul>\n<p>&nbsp;<\/p>\n<p><strong>PRECIO INCLUYE GASTOS DE ENVIO (GRATIS) E IMPUESTO (16% DE IVA)<\/strong><\/p>\n<\/div>\n<\/section>\n","protected":false},"excerpt":{"rendered":"<p><span style=\"color: #ff0000;\"><strong>PRECIO EN D\u00d3LARES US.<\/strong><\/span><\/p>\n<p><span style=\"font-size: small;\"><em><strong>HUMIDIFICADORES PORTATILES IDEALES PARA:<\/strong><\/em><\/span><\/p>\n<ul>\n<li><span style=\"font-size: small;\"><em><strong>PASILLOS<\/strong><\/em><\/span><\/li>\n<li><span style=\"font-size: small;\"><em><strong>CENTROS COMERCIALES<\/strong><\/em><\/span><\/li>\n<li><span style=\"font-size: small;\"><em><strong>ALMACENES<\/strong><\/em><\/span><\/li>\n<li><span style=\"font-size: small;\"><em><strong>PROCESOS INDUSTRIALES<\/strong><\/em><\/span><\/li>\n<li><span style=\"font-size: small;\"><em><strong>CABINAS<\/strong><\/em><\/span><\/li>\n<li><span style=\"font-size: small;\"><em><strong>CUARTOS DE PRUEBAS<\/strong><\/em><\/span><\/li>\n<li><span style=\"font-size: small;\"><em><strong>CABINAS<\/strong><\/em><\/span><\/li>\n<li><span style=\"font-size: small;\"><em><strong>ETC.<\/strong><\/em><\/span><\/li>\n<\/ul>\n","protected":false},"featured_media":2404,"comment_status":"closed","ping_status":"closed","template":"","meta":[],"pwb-brand":[],"product_brand":[],"product_cat":[478,885],"product_tag":[],"class_list":{"0":"post-17866","1":"product","2":"type-product","3":"status-publish","4":"has-post-thumbnail","6":"product_cat-humidificadores-nebulizadores-pulverizadores","7":"product_cat-portatiles-por-aplicacion","9":"first","10":"onbackorder","11":"product-type-simple"},"brands":[],"_links":{"self":[{"href":"https:\/\/h2otek.com\/tienda\/wp-json\/wp\/v2\/product\/17866","targetHints":{"allow":["GET"]}}],"collection":[{"href":"https:\/\/h2otek.com\/tienda\/wp-json\/wp\/v2\/product"}],"about":[{"href":"https:\/\/h2otek.com\/tienda\/wp-json\/wp\/v2\/types\/product"}],"replies":[{"embeddable":true,"href":"https:\/\/h2otek.com\/tienda\/wp-json\/wp\/v2\/comments?post=17866"}],"wp:featuredmedia":[{"embeddable":true,"href":"https:\/\/h2otek.com\/tienda\/wp-json\/wp\/v2\/media\/2404"}],"wp:attachment":[{"href":"https:\/\/h2otek.com\/tienda\/wp-json\/wp\/v2\/media?parent=17866"}],"wp:term":[{"taxonomy":"pwb-brand","embeddable":true,"href":"https:\/\/h2otek.com\/tienda\/wp-json\/wp\/v2\/pwb-brand?post=17866"},{"taxonomy":"product_brand","embeddable":true,"href":"https:\/\/h2otek.com\/tienda\/wp-json\/wp\/v2\/product_brand?post=17866"},{"taxonomy":"product_cat","embeddable":true,"href":"https:\/\/h2otek.com\/tienda\/wp-json\/wp\/v2\/product_cat?post=17866"},{"taxonomy":"product_tag","embeddable":true,"href":"https:\/\/h2otek.com\/tienda\/wp-json\/wp\/v2\/product_tag?post=17866"}],"curies":[{"name":"wp","href":"https:\/\/api.w.org\/{rel}","templated":true}]}}