{"id":17862,"date":"2021-07-06T21:15:10","date_gmt":"2021-07-06T21:15:10","guid":{"rendered":"https:\/\/h2otek.com\/tienda\/producto\/boiler-de-paso-calentador-de-agua-rapida-recuperacion-gas-natural-2-regaderas-cap-10-litros-min-marca-rheem-mod-rhhr-mx-10n\/"},"modified":"2025-09-15T22:31:03","modified_gmt":"2025-09-15T22:31:03","slug":"boiler-de-paso-calentador-de-agua-rapida-recuperacion-gas-natural-2-regaderas-cap-10-litros-min-marca-rheem-mod-rhhr-mx-10n","status":"publish","type":"product","link":"https:\/\/h2otek.com\/tienda\/producto\/boiler-de-paso-calentador-de-agua-rapida-recuperacion-gas-natural-2-regaderas-cap-10-litros-min-marca-rheem-mod-rhhr-mx-10n\/","title":{"rendered":"BOILER DE PASO &#8211; CALENTADOR DE AGUA R\u00c1PIDA RECUPERACI\u00d3N GAS NATURAL 2 REGADERAS CAP. 10 LITROS\/MIN. MARCA RHEEM MOD. RHHR-MX-10N"},"content":{"rendered":"<p align=\"center\"><img decoding=\"async\" src=\"https:\/\/www.h2otek.com\/tienda\/Images\/boilers\/rapidarecuperacion\/header-boiler-rapidarecuperacion-10litros-nat.jpg\" alt=\"\" border=\"0\" \/><\/p>\n<p style=\"text-align: justify;\"><strong>\u00bfPor qu\u00e9 RHEEM?<\/strong><\/p>\n<p style=\"text-align: justify;\">Creada en 1925, nuestra misi\u00f3n sigue siendo simple: &#8220;Ayudar a las familias a gozar de un nuevo nivel de confort, con soluciones que mantengan el hogar fresco en verano y c\u00e1lido en invierno, disfrutando de agua caliente todo el a\u00f1o&#8221;. Rheem mantiene en armon\u00eda el confort de tu hogar y tu forma de ser a trav\u00e9s de sistemas conables y ecientes.<\/p>\n<p style=\"text-align: justify;\">Con presencia en m\u00e1s de 75 pa\u00edses y el portafolio m\u00e1s grande en soluciones para calentamiento de agua y acondicionamiento de ambiente, <strong>Rheem es la marca de calentadores m\u00e1s vendida del mundo. <\/strong><\/p>\n<p style=\"text-align: justify;\">Nuestras soluciones de alta eciencia ofrecen el mayor grado de confort en el hogar, gracias a su gran aprovechamiento energ\u00e9tico que reduce notablemente el consumo de energ\u00eda y a su preciso control de temperatura que da m\u00e1ximo confort a cualquier tipo de ambiente.<\/p>\n<p style=\"text-align: justify;\">Calentador de Paso de R\u00e1pida Recuperaci\u00f3n. \u00a1Agua caliente continua! Sin restricciones por presi\u00f3n o flujo de agua. M\u00e1s agua caliente. Para familias modernas y activas.<\/p>\n<p>Ideal para:<\/p>\n<ul>\n<li>Climas templados<\/li>\n<li>Recorridos medianos (de 5 a 10m)**<\/li>\n<li>No requiere presi\u00f3n o flujo m\u00ednimo de agua<\/li>\n<li>Regaderas economizadoras y monomandos<\/li>\n<\/ul>\n<p><strong>CARACTER\u00cdSTICAS Y BENEFICIOS:<\/strong> <strong>SISTEMA DE SEGURIDAD <\/strong>Triple sistema de seguridad, que da tranquilidad a tu familia:<\/p>\n<ul>\n<li>Termostato autom\u00e1tico con doble sistema de seguridad en caso de apagado del piloto y por sobre calentamiento.<\/li>\n<li>Nuevo encendido piezo el\u00e9ctrico, no m\u00e1s cerillos. Operaci\u00f3n sin pila.<\/li>\n<li>V\u00e1lvula de alivio instalada de f\u00e1brica (aplica s\u00f3lo en modelo 10L\/min).<\/li>\n<\/ul>\n<p style=\"text-align: justify;\"><strong>RHEEM AQUA BALANCE<\/strong> Dise\u00f1ado\u00a0para adaptarse a baja o alta presi\u00f3n de agua, reduce variaciones de temperatura.<\/p>\n<p style=\"text-align: justify;\"><strong>HASTA UN 45% DE AHORRO DE GAS<\/strong> En relaci\u00f3n a un calentador de dep\u00f3sito, con 8 a\u00f1os de antig\u00fcedad.*<\/p>\n<p style=\"text-align: justify;\"><strong>PR\u00c1CTICO<\/strong> Funciona con cualquier tipo de regaderas incluyendo monomandos y regaderas ecol\u00f3gicas.<\/p>\n<p style=\"text-align: justify;\"><strong>MANTENIMIENTO<\/strong> Con v\u00e1lvula de alivio para vaciar y limpiar el tanque f\u00e1cilmente.<\/p>\n<p style=\"text-align: justify;\"><strong>F\u00c1CIL INSTALACI\u00d3N<\/strong> F\u00e1cil y adaptable a cualquier tipo de instalaci\u00f3n.<\/p>\n<p style=\"text-align: justify;\"><strong>ESPACIO<\/strong> Compacto, dise\u00f1ado para ahorrar espacio.<\/p>\n<p style=\"text-align: justify;\"><strong>2 A\u00d1OS DE GARANT\u00cdA<\/strong><\/p>\n<p>*Dependiendo de los h\u00e1bitos de uso y condiciones de instalaci\u00f3n. **Distancia de 5 a 8 m en modelo de 6L\/min, hasta 10 m en modelo 10\/Lmin. Var\u00eda dependiendo de las condiciones de instalaci\u00f3n.<\/p>\n<p style=\"text-align: center;\"><strong>TABLA DE ESPECIFICACIONES:<\/strong><\/p>\n<p align=\"center\"><img decoding=\"async\" src=\"https:\/\/www.h2otek.com\/tienda\/Images\/boilers\/rapidarecuperacion\/especificaciones-boiler-rapidarecuperacion-10litros-nat.gif\" alt=\"\" border=\"0\" \/><\/p>\n<p align=\"center\">* Con regaderas de 6 L\/min.<\/p>\n<p style=\"text-align: center;\"><strong>ESTRUCTURA DEL BOILER:<\/strong><\/p>\n<p align=\"center\"><img decoding=\"async\" src=\"https:\/\/www.h2otek.com\/tienda\/Images\/boilers\/rapidarecuperacion\/estructura-boiler-rapidarecuperacion.jpg\" alt=\"\" border=\"0\" \/><\/p>\n<p align=\"justify\">INDUSTRIAL RHEEM, S.A. DE C.V. CUENTA CON TALLERES DE SERVICIO EN TODA LA REPUBLICA MEXICANA<\/p>\n<p align=\"justify\">ES IMPORTANTE LEER CLARAMENTE EL INSTRUCTIVO DE INSTALACION Y OPERACION ANTES DE INSTALAR Y PONER A FUNCIONAR EL CALENTADOR.<\/p>\n<p><strong><span style=\"color: #0000ff;\">DESCARGAR MANUALES:<\/span><\/strong><\/p>\n<ul>\n<li><strong><a href=\"http:\/\/www.h2otek.com\/tienda\/pdf\/aguacaliente\/FOLLETO_GAS_RAPIDA_RECUP.pdf\" target=\"_blank\" rel=\"noopener\">FOLLETO<\/a><\/strong><\/li>\n<\/ul>\n","protected":false},"excerpt":{"rendered":"<p><span style=\"color: #ff0000;\"><strong>PRECIO EN PESOS MEXICANOS.<br \/>\nPRECIO INCLUYE 16 % DE I.V.A.<br \/>\nPRECIO INCLUYE ENVIO (ZONA CENTRO).<\/strong><\/span><\/p>\n<p style=\"text-align: left;\"><span style=\"font-size: small;\"><strong><em>SERVICIO PARA 2 REGADERAS, 10 LITROS\/MINUTO<\/em><\/strong><\/span><\/p>\n<p style=\"text-align: left;\"><span style=\"color: #000000;\"><em><strong><span style=\"font-size: small;\">APLICACIONES M\u00c1S\u00a0 COMUNES:<\/span><\/strong><\/em><\/span><\/p>\n<ul>\n<li style=\"text-align: left;\"><span style=\"color: #000000;\"><strong><em><span style=\"font-size: small;\">CASAS EN SERIE<\/span><\/em><\/strong><\/span><\/li>\n<li style=\"text-align: left;\"><span style=\"color: #000000;\"><strong><em><span style=\"font-size: small;\">RESIDENCIAS<\/span><\/em><\/strong><\/span><\/li>\n<li style=\"text-align: left;\"><span style=\"color: #000000;\"><strong><em><span style=\"font-size: small;\">GIMNASIOS<\/span><\/em><\/strong><\/span><\/li>\n<li style=\"text-align: left;\"><span style=\"color: #000000;\"><strong><em><span style=\"font-size: small;\">OFICINAS<\/span><\/em><\/strong><\/span><\/li>\n<li style=\"text-align: left;\"><span style=\"color: #000000;\"><strong><em><span style=\"font-size: small;\">DEPARTAMENTOS<\/span><\/em><\/strong><\/span><\/li>\n<li style=\"text-align: left;\"><span style=\"color: #000000;\"><strong><em><span style=\"font-size: small;\">CONDOMINIOS, ETC.<\/span><\/em><\/strong><\/span><\/li>\n<\/ul>\n","protected":false},"featured_media":7250,"comment_status":"closed","ping_status":"closed","template":"","meta":[],"pwb-brand":[],"product_brand":[],"product_cat":[382,415],"product_tag":[],"class_list":{"0":"post-17862","1":"product","2":"type-product","3":"status-publish","4":"has-post-thumbnail","6":"product_cat-agua-caliente-boilers-calentadores-de-agua","7":"product_cat-en-gas-natural","9":"first","10":"onbackorder","11":"purchasable","12":"product-type-simple"},"brands":[],"_links":{"self":[{"href":"https:\/\/h2otek.com\/tienda\/wp-json\/wp\/v2\/product\/17862","targetHints":{"allow":["GET"]}}],"collection":[{"href":"https:\/\/h2otek.com\/tienda\/wp-json\/wp\/v2\/product"}],"about":[{"href":"https:\/\/h2otek.com\/tienda\/wp-json\/wp\/v2\/types\/product"}],"replies":[{"embeddable":true,"href":"https:\/\/h2otek.com\/tienda\/wp-json\/wp\/v2\/comments?post=17862"}],"wp:featuredmedia":[{"embeddable":true,"href":"https:\/\/h2otek.com\/tienda\/wp-json\/wp\/v2\/media\/7250"}],"wp:attachment":[{"href":"https:\/\/h2otek.com\/tienda\/wp-json\/wp\/v2\/media?parent=17862"}],"wp:term":[{"taxonomy":"pwb-brand","embeddable":true,"href":"https:\/\/h2otek.com\/tienda\/wp-json\/wp\/v2\/pwb-brand?post=17862"},{"taxonomy":"product_brand","embeddable":true,"href":"https:\/\/h2otek.com\/tienda\/wp-json\/wp\/v2\/product_brand?post=17862"},{"taxonomy":"product_cat","embeddable":true,"href":"https:\/\/h2otek.com\/tienda\/wp-json\/wp\/v2\/product_cat?post=17862"},{"taxonomy":"product_tag","embeddable":true,"href":"https:\/\/h2otek.com\/tienda\/wp-json\/wp\/v2\/product_tag?post=17862"}],"curies":[{"name":"wp","href":"https:\/\/api.w.org\/{rel}","templated":true}]}}