{"id":17849,"date":"2021-07-06T21:15:06","date_gmt":"2021-07-06T21:15:06","guid":{"rendered":"https:\/\/h2otek.com\/tienda\/producto\/deshumidificador-desecante-cap-562-pintas-27c-60-220-volts-3-fases-modelo-dd1200-marca-ebac-2\/"},"modified":"2026-01-26T21:23:06","modified_gmt":"2026-01-26T21:23:06","slug":"deshumidificador-desecante-cap-562-pintas-27c-60-220-volts-3-fases-modelo-dd1200-marca-ebac-2","status":"publish","type":"product","link":"https:\/\/h2otek.com\/tienda\/producto\/deshumidificador-desecante-cap-562-pintas-27c-60-220-volts-3-fases-modelo-dd1200-marca-ebac-2\/","title":{"rendered":"DESHUMIDIFICADOR DESECANTE INDUSTRIAL CAP. 562 PINTAS (27\u00b0C\/60%) 220 VOLTS 3 FASES MODELO DD1200 MARCA EBAC"},"content":{"rendered":"<p style=\"text-align: center;\"><img decoding=\"async\" src=\"https:\/\/www.h2otek.com\/tienda\/Images\/deshumidificadores\/deshumidificador-ebac-dd1200.jpg\" alt=\"\" border=\"0\" \/><\/p>\n<p style=\"text-align: justify;\">Los deshumidificadores son necesarios siempre que haya la necesidad de reducir el nivel de humedad para evitar la corrosi\u00f3n, crecimiento de moho y la condensaci\u00f3n o mantener una condici\u00f3n de baja humedad durante la fabricaci\u00f3n, envasado o almacenamiento de productos higrosc\u00f3picos.<\/p>\n<p style=\"text-align: justify;\"><strong>M\u00e9todos de deshumidificaci\u00f3n:<\/strong> en la deshumidificaci\u00f3n es posible utilizar uno de los dos principios, la condensaci\u00f3n con el estilo de refrigeraci\u00f3n, deshumidificadores y adsorci\u00f3n con deshumidificadores desecantes.<\/p>\n<p style=\"text-align: justify;\">Los deshumidificadores desecantes funcionan excepcionalmente bien cuando se usa en climas m\u00e1s fr\u00edos, o cuando un punto de roc\u00edo bajo, secando profundo o bajos niveles de humedad. Su funcionamiento es simple pero muy eficaz y fiable.<\/p>\n<p style=\"text-align: justify;\"><strong>DD1200<\/strong><\/p>\n<p style=\"text-align: justify;\">El DD1200 es el deshumidificador desecante m\u00e1s grande dentro de la gama EIPL. La unidad incorpora un calentador de alta capacidad de resistencia asegurar el secado m\u00e1xima se alcanza de inmediato y la mantiene constantemente, mientras que la unidad est\u00e1 funcionando.<\/p>\n<p style=\"text-align: justify;\">El DD1200 incorpora dos ventiladores EC con velocidad variable que permite que la unidad sea f\u00e1cil de instalar, y la puesta en servicio en una amplia variedad de instalaciones. Un termostato electr\u00f3nico le permite al usuario seleccionar el nivel de secado, es decir, el secado de alta eficiencia, el secado de profundidad, o la extracci\u00f3n de alta, la siguiente tabla proporciona un ejemplo de las capacidades. Mecanismo para un externo humidistato permite el control remoto del ciclo de secado<\/p>\n<p style=\"text-align: justify;\">Todos los modelos incorporan un rotor de alta eficiencia PPS patentado. Este dise\u00f1o incorpora un gel de 82% de s\u00edlice activa para garantizar un rendimiento \u00f3ptimo en todo el rango operativo de equipos de gama de entornos. Todos los rotores desecantes suministrados por EIPL son lavables, y dise\u00f1ado para alto rendimiento\/vida larga.<\/p>\n<p style=\"text-align: justify;\"><strong>CARACTER\u00cdSTICAS:<\/strong><\/p>\n<ul>\n<li>Switch encendido\/Apagado<\/li>\n<li>Termostato ajustable<\/li>\n<li>Controles Electr\u00f3nicos<\/li>\n<li>Modo de selecci\u00f3n Manual\/Auto<\/li>\n<li>Humidistato remoto<\/li>\n<li>Horas de funcionamiento del medidor<\/li>\n<li>Ventiladores EC alta eficiencia<\/li>\n<li>Velocidades del ventilador variables<\/li>\n<li>Calentadores de alta capacidad de PTC<\/li>\n<li>Proceso \/ Regeneraci\u00f3n del filtro de aire<\/li>\n<li>Pies con goma anti-vibraci\u00f3n<\/li>\n<li>Air Design Dual Inlet<\/li>\n<li>Independientes<\/li>\n<li>Indicadores de estado<\/li>\n<li>Alojamiento totalmente equipado<\/li>\n<li>Seguridad Alta Temperatura de corte<\/li>\n<\/ul>\n<p style=\"text-align: justify;\"><strong>CARACTER\u00cdSTICAS PRINCIPALES DEL DISE\u00d1O:<\/strong><\/p>\n<p style=\"text-align: justify;\">Construcci\u00f3n en acero inoxidable, Auto\/Selecci\u00f3n del modo manual, controles electr\u00f3nicos, de alta capacidad del calentador PTC, Fondo para el humidistato remoto, operaci\u00f3n a baja temperatura, Amper\u00edmetro.<\/p>\n<p style=\"text-align: center;\"><strong>FUNCIONAMIENTO:<\/strong><\/p>\n<ul>\n<li>El aire del proceso se introduce en el deshumidificador.<\/li>\n<li>El aire del proceso pasa sobre una rueda impregnada con gel de s\u00edlice.<\/li>\n<li>El gel de s\u00edlice absorbe la humedad del aire.<\/li>\n<li>El aire del proceso deja el deshumidificador de aire caliente y seco.<\/li>\n<li>La rueda de gel de s\u00edlice rota continuamente.<\/li>\n<li>La regeneraci\u00f3n de aire se calienta a una temperatura elevada y se pasa sobre un segmento de la rueda.<\/li>\n<li>El gel de s\u00edlice libera la humedad de la rueda en el aire de regeneraci\u00f3n.<\/li>\n<li>La regeneraci\u00f3n de aire sale del deshumidificador de aire c\u00e1lido y h\u00famedo y fuera agotado.<\/li>\n<\/ul>\n<p style=\"text-align: center;\"><strong><img decoding=\"async\" src=\"https:\/\/www.h2otek.com\/tienda\/Images\/deshumidificadores\/dd900-comofunciona.jpg\" alt=\"\" border=\"0\" \/><\/strong><\/p>\n<p>&nbsp;<\/p>\n<p><strong>\u00bfPOR QU\u00c9 ELEGIR EIPL?<\/strong><\/p>\n<p style=\"text-align: justify;\">EIPL es el fabricante l\u00edder en Europa de los deshumidificadores y es un nombre que puede confiar. No importa qu\u00e9 tan extrema sean las condiciones, la eficiencia de EIPL hace frente con comodidad incluso en las temperaturas m\u00e1s fr\u00edas.<\/p>\n<p style=\"text-align: justify;\"><strong>CONSTRUCCI\u00d3N RESISTENTE Y A\u00d1OS DE SERVICIO<\/strong><\/p>\n<p style=\"text-align: justify;\">M\u00e1s de treinta y siete a\u00f1os de experiencia en desarrollo significa que usted puede confiar en la trayectoria de la gama de deshumidificadores EIP. Cada deshumidificador est\u00e1 dise\u00f1ado para la eficiencia y robustez, y construida para durar. La popularidad de los deshumidificadores EIP Ltd con el comercio de alquiler de la planta habla por su fiabilidad, portabilidad y durabilidad excepcional.<\/p>\n<p style=\"text-align: center;\"><strong>TABLA\u00a0DE ESPECIFICACIONES<\/strong><\/p>\n<p style=\"text-align: center;\"><img decoding=\"async\" src=\"https:\/\/www.h2otek.com\/tienda\/Images\/deshumidificadores\/especificaciones-ebac-dd1200.gif\" alt=\"\" border=\"0\" \/><\/p>\n<p style=\"text-align: center;\"><strong>** INSTALACIONES T\u00cdPICAS **<\/strong><\/p>\n<p style=\"text-align: center;\"><strong>LA UNIDAD EST\u00c1 POSICIONADA DENTRO DE LA HABITACI\u00d3N QUE SE VA A SECAR<\/strong><\/p>\n<p style=\"text-align: center;\"><img decoding=\"async\" src=\"https:\/\/www.h2otek.com\/tienda\/Images\/deshumidificadores\/instalaciontipica-deshumebac-01.gif\" alt=\"\" border=\"0\" \/><\/p>\n<p style=\"text-align: center;\"><img decoding=\"async\" src=\"https:\/\/www.h2otek.com\/tienda\/Images\/deshumidificadores\/instalaciontipica-deshumebac-02.gif\" alt=\"\" border=\"0\" \/><\/p>\n<p style=\"text-align: center;\"><strong>LA UNIDAD EST\u00c1 POSICIONADA DENTRO DE LA HABITACI\u00d3N QUE SE VA A SECAR<\/strong><\/p>\n<p style=\"text-align: center;\"><img decoding=\"async\" src=\"https:\/\/www.h2otek.com\/tienda\/Images\/deshumidificadores\/instalaciontipica-deshumebac-03.gif\" alt=\"\" border=\"0\" \/><\/p>\n<p style=\"text-align: center;\"><img decoding=\"async\" src=\"https:\/\/www.h2otek.com\/tienda\/Images\/deshumidificadores\/instalaciontipica-deshumebac-04.gif\" alt=\"\" border=\"0\" \/><\/p>\n<p style=\"text-align: center;\"><img decoding=\"async\" src=\"https:\/\/www.h2otek.com\/tienda\/Images\/deshumidificadores\/instalaciontipica-deshumebac-05.gif\" alt=\"\" border=\"0\" \/><\/p>\n<p style=\"text-align: center;\"><strong>DEFINICI\u00d3N DE CONEXIONES<\/strong><\/p>\n<ul>\n<li>Entrada de aire de proceso &#8211; Este aire entra a la habitaci\u00f3n a secar.<\/li>\n<li>Salida de aire de proceso &#8211; Este aire se seca y es vuelto a colocar en la habitaci\u00f3n a secar.<\/li>\n<li>Regeneraci\u00f3n de entrada de aire &#8211; Este debe ser el aire de fuera de la habitaci\u00f3n que se est\u00e1 secando.<\/li>\n<li>Salida de aire de regeneraci\u00f3n &#8211; Esta es el aire h\u00famedo que necesita ser canalizado fuera de la habitaci\u00f3n que se est\u00e1 secando (idealmente de la construcci\u00f3n cuando sea posible)<\/li>\n<\/ul>\n<p><strong>DESCARGAR MANUALES<\/strong><\/p>\n<ul>\n<li><a href=\"pdf\/controlhumedad\/FOLLETO_DESHUMIDIFICADOR_DESECANTE_MOD_DD1200_MARCA_EBAC.pdf\" target=\"_blank\" rel=\"noopener\">FOLLETO DESHUMIDIFICADOR DESECANTE 562 PINTAS MARCA EBAC MOD. DD1200<\/a><\/li>\n<\/ul>\n<ul>\n<li><a href=\"pdf\/controlhumedad\/MANUAL%20DEL%20USUARIO%20DESHUMIDIFICADOR%20DESECANTE%20MOD.%20DD1200%20MARCA%20EBAC.pdf\" target=\"_blank\" rel=\"noopener\">MANUAL DEL USUARIO DESHUMIDIFICADOR DESECANTE 562 PINTAS MARCA EBAC MOD. DD1200<\/a><\/li>\n<\/ul>\n<ul>\n<li><a href=\"pdf\/controlhumedad\/DIAGRAMA_CABLEADO_DESHUMIDIFICADOR_DESECANTE_MOD_DD1200_MARCA_EBAC.pdf\" target=\"_blank\" rel=\"noopener\">DIAGRAMA CABLEADO DESHUMIDIFICADOR DESECANTE 562 PINTAS MARCA EBAC MOD. DD1200<\/a><\/li>\n<\/ul>\n<ul>\n<li><a href=\"pdf\/controlhumedad\/ESQUEMA_CABLEADO_DESHUMIDIFICADOR_DESECANTE_MOD_DD1200_MARCA_EBAC.pdf\" target=\"_blank\" rel=\"noopener\">ESQUEMA CABLEADO DESHUMIDIFICADOR DESECANTE 562 PINTAS MARCA EBAC MOD. DD1200<br \/>\n<\/a><\/li>\n<li><a href=\"pdf\/controlhumedad\/INSTALACION%20TIPICA%20DESHUMIDIFICADOR%20EBAC%20DENTRO%20DE%20LA%20HABITACION.pdf\" target=\"_blank\" rel=\"noopener\">INSTALACI\u00d3N T\u00cdPICA &#8211; DESHUMIDIFICADOR DENTRO DE LA HABITACI\u00d3N<\/a><\/li>\n<li><a href=\"pdf\/controlhumedad\/INSTALACION%20TIPICA%20DESHUMIDIFICADOR%20EBAC%20FUERA%20DE%20LA%20HABITACION.pdf\" target=\"_blank\" rel=\"noopener\">INSTALACI\u00d3N T\u00cdPICA &#8211; DESHUMIDIFICADOR FUERA DE LA HABITACI\u00d3N<\/a><\/li>\n<li><a href=\"pdf\/controlhumedad\/INSTALACION%20TIPICA%20DESHUMIDIFICADOR%20EBAC%20DEFINICION%20CONEXIONES.pdf\" target=\"_blank\" rel=\"noopener\">INSTALACI\u00d3N T\u00cdPICA &#8211; DEFINICI\u00d3N DE CONEXIONES<\/a><\/li>\n<\/ul>\n<p style=\"text-align: center;\"><span style=\"color: #000000;\"><strong><strong>PRECIOS INCLUYE GASTOS DE ENVIO (GRATIS) E IMPUESTO 16% DE IVA<\/strong><\/strong><\/span><\/p>\n","protected":false},"excerpt":{"rendered":"<p style=\"text-align: left;\"><strong><span style=\"font-size: medium;\">EQUIPO A 230 VOLTS 3 FASES 60 HZ.<\/span><\/strong><\/p>\n<p style=\"text-align: left;\"><em><strong><span style=\"color: #000000;\"><span style=\"font-size: small;\">DESHUMIDIFICADORES DESECANTES IDEALES PARA LOS ESPACIOS EN:<\/span><\/span><\/strong><\/em><\/p>\n<ul>\n<li><em><strong><span style=\"color: #000000;\"><span style=\"font-size: small;\"> ALMACEN<\/span><\/span><\/strong><\/em><\/li>\n<li><em><strong><span style=\"color: #000000;\"><span style=\"font-size: small;\">S\u00d3TANOS<\/span><\/span><\/strong><\/em><\/li>\n<li><em><strong><span style=\"color: #000000;\"><span style=\"font-size: small;\">F\u00c1BRICAS<\/span><\/span><\/strong><\/em><\/li>\n<li><em><strong><span style=\"color: #000000;\"><span style=\"font-size: small;\">RESTAURACI\u00d3N DE DA\u00d1OS<\/span><\/span><\/strong><\/em><\/li>\n<li><em><strong><span style=\"color: #000000;\"><span style=\"font-size: small;\">PABELLONES DEPORTIV<\/span><span style=\"font-size: small;\">OS<\/span><\/span><\/strong><\/em><\/li>\n<li><em><strong><span style=\"color: #000000;\"><span style=\"font-size: small;\">\u00c1REAS DE ALMACENAMIENTO<\/span><\/span><\/strong><\/em><\/li>\n<li><em><strong><span style=\"color: #000000;\"><span style=\"font-size: small;\">LABORATORIOS<\/span><\/span><\/strong><\/em><\/li>\n<li><em><strong><span style=\"color: #000000;\"><span style=\"font-size: small;\">PROCESOS INDUSTRIALES<\/span><\/span><\/strong><\/em><\/li>\n<li><em><strong><span style=\"color: #000000;\"><span style=\"font-size: small;\">CUARTOS FRIOS<\/span><\/span><\/strong><\/em><\/li>\n<li><em><strong><span style=\"color: #000000;\"><span style=\"font-size: small;\">ETC.<\/span><\/span><\/strong><\/em><\/li>\n<\/ul>\n<p>&nbsp;<\/p>\n<p style=\"text-align: left;\"><em><strong><span style=\"font-size: small; color: #000000;\">PARA BAJOS PORCENTAJES DE HUMEDAD Y\/O BAJA TEMPERATURA<\/span><\/strong><\/em><\/p>\n","protected":false},"featured_media":3692,"comment_status":"closed","ping_status":"closed","template":"","meta":[],"pwb-brand":[],"product_brand":[],"product_cat":[401],"product_tag":[],"class_list":{"0":"post-17849","1":"product","2":"type-product","3":"status-publish","4":"has-post-thumbnail","6":"product_cat-220-volts-3-fases-deshumidificadores-desecantes-en-acero-pintado","8":"first","9":"onbackorder","10":"purchasable","11":"product-type-simple"},"brands":[],"_links":{"self":[{"href":"https:\/\/h2otek.com\/tienda\/wp-json\/wp\/v2\/product\/17849","targetHints":{"allow":["GET"]}}],"collection":[{"href":"https:\/\/h2otek.com\/tienda\/wp-json\/wp\/v2\/product"}],"about":[{"href":"https:\/\/h2otek.com\/tienda\/wp-json\/wp\/v2\/types\/product"}],"replies":[{"embeddable":true,"href":"https:\/\/h2otek.com\/tienda\/wp-json\/wp\/v2\/comments?post=17849"}],"wp:featuredmedia":[{"embeddable":true,"href":"https:\/\/h2otek.com\/tienda\/wp-json\/wp\/v2\/media\/3692"}],"wp:attachment":[{"href":"https:\/\/h2otek.com\/tienda\/wp-json\/wp\/v2\/media?parent=17849"}],"wp:term":[{"taxonomy":"pwb-brand","embeddable":true,"href":"https:\/\/h2otek.com\/tienda\/wp-json\/wp\/v2\/pwb-brand?post=17849"},{"taxonomy":"product_brand","embeddable":true,"href":"https:\/\/h2otek.com\/tienda\/wp-json\/wp\/v2\/product_brand?post=17849"},{"taxonomy":"product_cat","embeddable":true,"href":"https:\/\/h2otek.com\/tienda\/wp-json\/wp\/v2\/product_cat?post=17849"},{"taxonomy":"product_tag","embeddable":true,"href":"https:\/\/h2otek.com\/tienda\/wp-json\/wp\/v2\/product_tag?post=17849"}],"curies":[{"name":"wp","href":"https:\/\/api.w.org\/{rel}","templated":true}]}}