{"id":17847,"date":"2021-07-06T21:15:06","date_gmt":"2021-07-06T21:15:06","guid":{"rendered":"https:\/\/h2otek.com\/tienda\/producto\/generador-de-vapor-industrial-63-lb-hr-27-kw-480v-3-fases-linea-gvetc-acero-inoxidable-marca-h2otek\/"},"modified":"2024-03-07T16:49:33","modified_gmt":"2024-03-07T16:49:33","slug":"generador-de-vapor-industrial-63-lb-hr-27-kw-480v-3-fases-linea-gvetc-acero-inoxidable-marca-h2otek","status":"publish","type":"product","link":"https:\/\/h2otek.com\/tienda\/producto\/generador-de-vapor-industrial-63-lb-hr-27-kw-480v-3-fases-linea-gvetc-acero-inoxidable-marca-h2otek\/","title":{"rendered":"GENERADOR DE VAPOR INDUSTRIAL 63 LB\/HR 27 KW 480V. 3 FASES LINEA GVETC ACERO INOXIDABLE MARCA H2OTEK MOD. GVETC48-27-32T02\/63-IND"},"content":{"rendered":"<p align=\"center\"><img fetchpriority=\"high\" decoding=\"async\" src=\"https:\/\/h2otek.com\/tienda\/img\/cms\/GENVAPOR\/industriales\/header-generador-de-vapor-industrial-h2otek-GVETC48-27-32.jpg\" alt=\"header-generador-de-vapor-industrial-h2o\" width=\"650\" height=\"300\" \/><\/p>\n<p align=\"center\">\u00a0<\/p>\n<p align=\"center\"><img decoding=\"async\" src=\"https:\/\/h2otek.com\/tienda\/img\/cms\/GENVAPOR\/nota-generadores-vapor-H2OTEK.jpg\" alt=\"\" width=\"650\" height=\"200\" \/><\/p>\n<p><\/p>\n<p><strong><span style=\"font-size: 12pt;\">CARACTER\u00cdSTICAS:<\/span><\/strong><\/p>\n<ul style=\"list-style-type: disc;\">\n<li><span style=\"font-size: 12pt;\">Unidad generadora de vapor caliente para aplicaciones industriales<\/span><\/li>\n<li><span style=\"font-size: 12pt;\">Para aplicaci\u00f3n donde se requiere baja presi\u00f3n del vapor<\/span><\/li>\n<li><span style=\"font-size: 12pt;\">Unidades equipadas con tableros de control en el equipo (l\u00ednea std) \u00f3 tablero separado del equipo (opcional)<\/span><\/li>\n<li><span style=\"font-size: 12pt;\">Dise\u00f1o robusto y para trabajo ligero o pesado<\/span><\/li>\n<li><span style=\"font-size: 12pt;\">Control de nivel autom\u00e1tico<\/span><\/li>\n<li><span style=\"font-size: 12pt;\"><strong>AMPLIA VIDA \u00daTIL: FABRICACI\u00d3N DE TINA Y CUBIERTA TOTALMENTE EN ACERO INOXIDABLE.<\/strong><\/span><\/li>\n<li><span style=\"font-size: 12pt;\">Amplia gama de capacidades<\/span><\/li>\n<li><span style=\"font-size: 12pt;\">Detector de bajo nivel de agua que corta la energ\u00eda<\/span><\/li>\n<li><span style=\"font-size: 12pt;\">Elementos calefactores (resistencias) dise\u00f1ados a baja densidad de potencia, reforzados para aguas duras<\/span><\/li>\n<li><span style=\"font-size: 12pt;\">Fabricaci\u00f3n de tanque de calentamiento reforzado<\/span><\/li>\n<li><span style=\"font-size: 12pt;\">Acepta cualquier tipo de control con se\u00f1al en 120 volts cuando el voltaje de fuerza 240 volts \u00f3 24 volts cuando el voltaje de fuerza 480 volts.<\/span><\/li>\n<li><span style=\"font-size: 12pt;\">V\u00e1lvula solenoide de entrada de agua robusta<\/span><\/li>\n<li><span style=\"font-size: 12pt;\">Protecci\u00f3n cat\u00f3dica: ayuda a evitar la acumulaci\u00f3n de sarro en las resistencias el\u00e9ctricas<\/span><\/li>\n<li><span style=\"font-size: 12pt;\">V\u00e1lvula de drenado inclu\u00edda, para f\u00e1cil limpieza y\/o mantenimiento<\/span><\/li>\n<li><span style=\"font-size: 12pt;\">Unidades de alta eficiencia<\/span><\/li>\n<li><span style=\"font-size: 12pt;\">Salida de vapor horizontal<\/span><\/li>\n<li><span style=\"font-size: 12pt;\">Unidades totalmente desarmables<\/span><\/li>\n<li><span style=\"font-size: 12pt;\">Focos indicadores de \u201cfalta de agua\u201d \u2013 \u201cenergizado de resistencias\u201d<\/span><\/li>\n<li><span style=\"font-size: 12pt;\">Protecci\u00f3n de seguridad contra alta presi\u00f3n en el tanque<\/span><\/li>\n<li><span style=\"font-size: 12pt;\">Unidades entregan vapor caliente (ver tabla)<\/span><\/li>\n<li><span style=\"font-size: 12pt;\"><strong>LA M\u00c1S AMPLIA GARANT\u00cdA DEL MERCADO: 10 A\u00d1OS EN TANQUE Y 1 A\u00d1O RESTO DE PARTES.<\/strong><\/span><\/li>\n<\/ul>\n<p>\u00a0<\/p>\n<p style=\"text-align: justify;\">\u00a0<\/p>\n<p>\u00a0<\/p>\n<p style=\"text-align: center;\"><strong>TABLA DE ESPECIFICACIONES<\/strong><\/p>\n<p style=\"text-align: center;\"><img decoding=\"async\" src=\"https:\/\/h2otek.com\/tienda\/img\/cms\/GENVAPOR\/industriales\/especificaciones-generadores-vapor-industrial-h2otek-GVETC48-27-32.gif\" alt=\"especificaciones-generadores-vapor-indus\" width=\"565\" height=\"491\" \/><\/p>\n<p><\/p>\n<ul>\n<li style=\"text-align: justify;\"><strong><span style=\"color: #d0121a; font-size: 10pt;\">LA INSTALACI\u00d3N DEL GENERADOR DE VAPOR, HABLANDO ESPEC\u00cdFICAMENTE DE LA UBICACI\u00d3N, ES MUY IMPORTANTE. LO \u00d3PTIMO ES QUE EL GENERADOR DE VAPOR ESTE UBICADO, CASI INMEDIATAMENTE PEGADO EN EL CUARTO. MIENTRAS MAS DISTANCIA EXISTE ENTRE EL GENERADOR DE VAPOR Y LA SALIDA DE VAPOR, LA CANTIDAD DE VAPOR ENTREGADO SE REDUCE Y SE CONVIERTE EN AGUA (CONDENSACI\u00d3N).<\/span><\/strong><\/li>\n<li style=\"text-align: justify;\"><strong><span style=\"color: #d0121a; font-size: 10pt;\">EL GENERADOR DE VAPOR DEBE ESTAR INSTALADO A NIVEL.<\/span><\/strong><\/li>\n<li style=\"text-align: justify;\"><strong><span style=\"color: #d0121a; font-size: 10pt;\">EL GENERADOR DE VAPOR DEBE ESTAR INSTALADO Y PROTEGIDO POR UNA PASTILLA T\u00c9RMICA DE LA CAPACIDAD INDICADA (VER TABLA).<\/span><\/strong><\/li>\n<li style=\"text-align: justify;\"><strong><span style=\"color: #d0121a; font-size: 10pt;\">ES RECOMENDABLE DARLE MANTENIMIENTO AL GENERADOR DE VAPOR CADA CIERTO TIEMPO, DEPENDIENDO DE LA CALIDAD DE AGUA SUMINISTRADA AL MISMO. MIENTRAS MENOS CARGA DE SALES O SARRO TENGA EL AGUA, ES MEJOR PARA EL GENERADOR DE VAPOR Y PERIODOS MAS LARGOS PARA SU MANTENIMIENTO. SI EL AGUA ES ALTA EN SALES O DURA, SE DEBE TENER UN PROGRAMA DE MANTENIMIENTO CONSTANTE.<\/span><\/strong><\/li>\n<li style=\"text-align: justify;\"><strong><span style=\"color: #d0121a; font-size: 10pt;\">EL FABRICANTE NO SER\u00c1 RESPONSABLE DE CUALQUIER CAUSA O EFECTO QUE CAUSE EL TENER UN GENERADOR DE VAPOR CON UNA INSTALACI\u00d3N ERRONEA O INCORRECTA, MALA SELECCI\u00d3N, MALOS MANEJOS, NEGLIGENCIA, ETC.<\/span><\/strong><\/li>\n<li style=\"text-align: justify;\"><strong><span style=\"color: #d0121a; font-size: 10pt;\">ES NECESARIO QUE EL GENERADOR DE VAPOR SEA INSTALADO POR PERSONAL CON HABILIDADES T\u00c9CNICAS, EL\u00c9CTRICAS E HIDR\u00c1ULICAS.<\/span><\/strong><\/li>\n<\/ul>\n<h3 style=\"text-align: center;\">\n<p><strong>DIMENSIONES<\/strong><\/p>\n<p><img loading=\"lazy\" decoding=\"async\" src=\"https:\/\/h2otek.com\/tienda\/img\/cms\/GENVAPOR\/dimensiones-generadores-de-vapor-T1-T2.jpg\" alt=\"\" width=\"700\" height=\"393\" \/><\/p>\n<p><img loading=\"lazy\" decoding=\"async\" src=\"https:\/\/h2otek.com\/tienda\/img\/cms\/GENVAPOR\/acotaciones-generadores-de-vapor-T2.jpg\" alt=\"acotaciones-generadores-de-vapor-T2.jpg\" width=\"700\" height=\"112\" \/><\/p>\n<p>APLICACI\u00d3N INDUSTRIAL<\/p>\n<p><img loading=\"lazy\" decoding=\"async\" src=\"https:\/\/h2otek.com\/tienda\/img\/cms\/GENVAPOR\/industriales\/collage-generadores-de-vapor-industriales.jpg\" alt=\"\" width=\"700\" height=\"500\" \/><\/h3>\n<p style=\"text-align: center;\">\u00a0<\/p>\n<p>\u00a0\u00a0<\/p>\n<p style=\"text-align: center;\">\u00a0<\/p>\n<div style=\"text-align: center;\"><strong>COMPONENTES<\/p>\n<p><img loading=\"lazy\" decoding=\"async\" src=\"https:\/\/h2otek.com\/tienda\/img\/cms\/GENVAPOR\/componentes\/componentes-genvapor-GVETC.jpg\" alt=\"\" width=\"700\" height=\"525\" \/><\/p>\n<p><\/strong><\/div>\n<div style=\"text-align: center;\">\n<table style=\"width: 95%; margin-left: auto; margin-right: auto;\" border=\"0\" cellspacing=\"2\" cellpadding=\"4\">\n<tbody>\n<tr>\n<td><img loading=\"lazy\" decoding=\"async\" src=\"https:\/\/h2otek.com\/tienda\/img\/cms\/GENVAPOR\/componentes\/02-FOCO-DE-ENCENDIDO-RESISTENCIAS-ENERGIZADAS.jpg\" alt=\"\" width=\"400\" height=\"300\" \/><\/p>\n<p>FOCO DE ENCENDIDO (RESISTENCIA ENERGIZADA)<\/td>\n<td><img loading=\"lazy\" decoding=\"async\" src=\"https:\/\/h2otek.com\/tienda\/img\/cms\/GENVAPOR\/componentes\/03-BOQUILLA-SALIDA-DE-VAPOR.jpg\" alt=\"\" width=\"400\" height=\"300\" \/><\/p>\n<p>BOQUILLA DE SALIDA DE VAPOR (ADENTRO DEL CUARTO)<\/td>\n<\/tr>\n<tr>\n<td><img loading=\"lazy\" decoding=\"async\" src=\"https:\/\/h2otek.com\/tienda\/img\/cms\/GENVAPOR\/componentes\/04-VISTA-DE-VALVULA-SOLENOIDE-DE-ENTREDA-DE-AGUA.jpg\" alt=\"\" width=\"400\" height=\"300\" \/><\/p>\n<p>ENTRADA DE AGUA (V\u00c1LVULA SOLENOIDE)<\/td>\n<td><img loading=\"lazy\" decoding=\"async\" src=\"https:\/\/h2otek.com\/tienda\/img\/cms\/GENVAPOR\/componentes\/05-TABLILLA-DE-CONEXIONES-ELECTRICAS.jpg\" alt=\"\" width=\"400\" height=\"300\" \/><\/p>\n<p>TABLILLA DE CONEXIONES EL\u00c9CTRICAS<\/td>\n<\/tr>\n<tr>\n<td>\n<p><img loading=\"lazy\" decoding=\"async\" src=\"https:\/\/h2otek.com\/tienda\/img\/cms\/GENVAPOR\/componentes\/06-TERMOSTATO-Y-SENSOR.jpg\" alt=\"\" width=\"400\" height=\"300\" \/><\/p>\n<p>TERMOSTATO Y SENSOR<\/td>\n<td><img loading=\"lazy\" decoding=\"async\" src=\"https:\/\/h2otek.com\/tienda\/img\/cms\/GENVAPOR\/componentes\/07-TARJETA-ELECTRONICA.jpg\" alt=\"\" width=\"400\" height=\"300\" \/><\/p>\n<p>TARJETA ELECTR\u00d3NICA<\/td>\n<\/tr>\n<tr>\n<td>\n<p><img loading=\"lazy\" decoding=\"async\" src=\"https:\/\/h2otek.com\/tienda\/img\/cms\/GENVAPOR\/componentes\/08-CONTACTORES-MAGNETICOS.jpg\" alt=\"\" width=\"400\" height=\"300\" \/><\/p>\n<p>CONECTORES MAGN\u00c9TICOS<\/td>\n<td>\n<p><img loading=\"lazy\" decoding=\"async\" src=\"https:\/\/h2otek.com\/tienda\/img\/cms\/GENVAPOR\/componentes\/09-VALVULA-DE-ALIVIO.jpg\" alt=\"\" width=\"400\" height=\"300\" \/><\/p>\n<p>V\u00c1LVULA DE ALIVIO<\/td>\n<\/tr>\n<tr>\n<td><img loading=\"lazy\" decoding=\"async\" src=\"https:\/\/h2otek.com\/tienda\/img\/cms\/GENVAPOR\/componentes\/10-VALVULA-DE-PASO.jpg\" alt=\"\" width=\"400\" height=\"300\" \/><\/p>\n<p>V\u00c1LVULA DE PASO<\/td>\n<td><img loading=\"lazy\" decoding=\"async\" src=\"https:\/\/h2otek.com\/tienda\/img\/cms\/GENVAPOR\/componentes\/11-VISTA-SUP-VALVULA-DE-ALIVIO-Y-SALIDA-DE-VAPOR.jpg\" alt=\"\" width=\"400\" height=\"300\" \/><\/p>\n<p>VISTA SUPERIOR V\u00c1LVULA DE ALIVIO Y SALIDA DE VAPOR<\/td>\n<\/tr>\n<\/tbody>\n<\/table>\n<\/div>\n<div style=\"text-align: center;\"><strong>\u00a0<\/strong><\/div>\n<div style=\"text-align: center;\">\u00a0<\/p>\n<p><\/div>\n<div style=\"text-align: center;\">\u00a0<\/div>\n<div style=\"text-align: center;\"><strong>VIDEOS:<\/p>\n<p><\/strong><\/div>\n<div style=\"text-align: center;\"><iframe src=\"https:\/\/www.youtube.com\/embed\/LDubqRh4INA\" width=\"560\" height=\"315\" frameborder=\"0\"><\/iframe><\/p>\n<\/div>\n<div style=\"text-align: center;\"><iframe style=\"margin-left: auto; margin-right: auto;\" src=\"https:\/\/www.youtube.com\/embed\/Hw-_G8YVQts\" width=\"560\" height=\"315\" frameborder=\"0\"><\/iframe><\/p>\n<p><iframe style=\"margin-left: auto; margin-right: auto;\" src=\"https:\/\/www.youtube.com\/embed\/vxAD2Ka3MIM\" width=\"560\" height=\"315\" frameborder=\"0\"><\/iframe><\/p>\n<p><iframe style=\"margin-left: auto; margin-right: auto;\" src=\"https:\/\/www.youtube.com\/embed\/tmOyi5DzY94\" width=\"560\" height=\"315\" frameborder=\"0\"><\/iframe><\/div>\n<p style=\"text-align: center;\">\n<p><img loading=\"lazy\" decoding=\"async\" src=\"https:\/\/h2otek.com\/tienda\/img\/cms\/GENVAPOR\/garantia-h2otek-10years.jpg\" alt=\"\" width=\"300\" height=\"300\" \/><br \/><strong>LA GARANT\u00cdA M\u00c1S AMPLIA DEL MERCADO<\/strong><\/p>\n<p style=\"text-align: center;\">\n<div style=\"text-align: left;\"><strong><strong><span style=\"color: #0000ff;\">DESCARGAR MANUALES:<\/span><\/strong><\/strong><\/div>\n<div style=\"text-align: left;\">\n<ul style=\"list-style-type: disc;\">\n<li><a href=\"http:\/\/www.h2otek.com\/tienda\/pdf\/generadoresdevapor\/MANUAL%20DE%20INSTALACI%C3%93N%20Y%20OPERACI%C3%93N%20GENERADOR%20LINEA%20GVETC%20MARCA%20H2OTEK.pdf\" target=\"_blank\" rel=\"noopener\"><strong><span style=\"color: #0000ff;\">MANUAL DEL USUARIO<\/span><\/strong><\/a><\/li>\n<\/ul>\n<\/div>\n<p style=\"text-align: center;\">\u00a0<\/p>\n","protected":false},"excerpt":{"rendered":"<p><span style=\"color: #ff0000; font-size: 12pt;\"><strong>PRECIO\u00a0EN PESOS MEXICANOS.<br \/>PRECIO INCLUYE 16 % DE I.V.A.<br \/>PRECIO INCLUYE ENVIO (ZONA CENTRO).<\/strong><\/span><\/p>\n<p style=\"text-align: justify;\"><em><strong>APLICACIONES M\u00c1S COMUNES:<\/strong><\/em><\/p>\n<ul>\n<li style=\"text-align: justify;\"><em><strong>\u00a0CUARTOS DE PRUEBAS<\/strong><\/em><\/li>\n<li style=\"text-align: justify;\"><em><strong>PROCESOS INDUSTRIALES<\/strong><\/em><\/li>\n<li style=\"text-align: justify;\"><em><strong>LABORATORIOS<\/strong><\/em><\/li>\n<li style=\"text-align: justify;\"><em><strong>\u00c1REAS DE ALMACENAMIENTO, ETC.<\/strong><\/em><\/li>\n<\/ul>\n","protected":false},"featured_media":3454,"comment_status":"closed","ping_status":"closed","template":"","meta":[],"pwb-brand":[],"product_brand":[],"product_cat":[476],"product_tag":[],"class_list":{"0":"post-17847","1":"product","2":"type-product","3":"status-publish","4":"has-post-thumbnail","6":"product_cat-480-volts-3-fases-generadores-de-vapor-industriales","8":"first","9":"onbackorder","10":"purchasable","11":"product-type-simple"},"brands":[],"_links":{"self":[{"href":"https:\/\/h2otek.com\/tienda\/wp-json\/wp\/v2\/product\/17847","targetHints":{"allow":["GET"]}}],"collection":[{"href":"https:\/\/h2otek.com\/tienda\/wp-json\/wp\/v2\/product"}],"about":[{"href":"https:\/\/h2otek.com\/tienda\/wp-json\/wp\/v2\/types\/product"}],"replies":[{"embeddable":true,"href":"https:\/\/h2otek.com\/tienda\/wp-json\/wp\/v2\/comments?post=17847"}],"wp:featuredmedia":[{"embeddable":true,"href":"https:\/\/h2otek.com\/tienda\/wp-json\/wp\/v2\/media\/3454"}],"wp:attachment":[{"href":"https:\/\/h2otek.com\/tienda\/wp-json\/wp\/v2\/media?parent=17847"}],"wp:term":[{"taxonomy":"pwb-brand","embeddable":true,"href":"https:\/\/h2otek.com\/tienda\/wp-json\/wp\/v2\/pwb-brand?post=17847"},{"taxonomy":"product_brand","embeddable":true,"href":"https:\/\/h2otek.com\/tienda\/wp-json\/wp\/v2\/product_brand?post=17847"},{"taxonomy":"product_cat","embeddable":true,"href":"https:\/\/h2otek.com\/tienda\/wp-json\/wp\/v2\/product_cat?post=17847"},{"taxonomy":"product_tag","embeddable":true,"href":"https:\/\/h2otek.com\/tienda\/wp-json\/wp\/v2\/product_tag?post=17847"}],"curies":[{"name":"wp","href":"https:\/\/api.w.org\/{rel}","templated":true}]}}