{"id":17799,"date":"2021-07-06T21:14:55","date_gmt":"2021-07-06T21:14:55","guid":{"rendered":"https:\/\/h2otek.com\/tienda\/producto\/humidificador-ultrasonico-version-separada-comercial-industrial-linea-hultra-cap-48-lt-hr-105-6-lb-hr-480v-marca-h2otek-mod-hultra48l48-4-8-11-105-6-s\/"},"modified":"2025-04-30T23:57:56","modified_gmt":"2025-04-30T23:57:56","slug":"humidificador-ultrasonico-version-separada-comercial-industrial-linea-hultra-cap-48-lt-hr-105-6-lb-hr-480v-marca-h2otek-mod-hultra48l48-4-8-11-105-6-s","status":"publish","type":"product","link":"https:\/\/h2otek.com\/tienda\/producto\/humidificador-ultrasonico-version-separada-comercial-industrial-linea-hultra-cap-48-lt-hr-105-6-lb-hr-480v-marca-h2otek-mod-hultra48l48-4-8-11-105-6-s\/","title":{"rendered":"HUMIDIFICADOR ULTRAS\u00d3NICO VERSI\u00d3N SEPARADA COMERCIAL-INDUSTRIAL LINEA HULTRA CAP. 48 LT\/HR &#8211; 105.6 LB\/HR 480V MARCA H2OTEK MOD. HULTRA48L48-4.8-11\/105.6-S"},"content":{"rendered":"<p style=\"text-align: center;\"><img fetchpriority=\"high\" decoding=\"async\" src=\"https:\/\/www.h2otek.com\/tienda\/img\/cms\/controlhumedad\/h2otek\/humidificadores\/header-humidificador-lineahultra-versionseparada-48L-480V.jpg\" alt=\"header-humidificador-lineahultra-version\" width=\"550\" height=\"200\" \/><\/p>\n<div style=\"text-align: justify;\"><strong>PRINCIPIO DE FUNCIONAMIENTO:<\/strong> Cada humidificador deber\u00e1 utilizar un m\u00faltiplo de ultrasonidos transductores que vibran a aproximadamente 1,6 MHz, produciendo un tama\u00f1o de gota de aproximadamente 1 micra. Cada circuito transductor utiliza la vibraci\u00f3n de como m\u00e9todo de la humidificaci\u00f3n trav\u00e9s de un conversor piezoel\u00e9ctrico. Los transductores ultras\u00f3nicos convierten la energ\u00eda el\u00e9ctrica en energ\u00eda mec\u00e1nica. El transductor ultras\u00f3nico es un cristal piezoel\u00e9ctrico sumergido en el agua, donde convierte las se\u00f1ales electr\u00f3nicas de alta frecuencia en una oscilaci\u00f3n mec\u00e1nica de alta frecuencia. El agua trata de seguir el movimiento de alta frecuencia de oscilaci\u00f3n del cristal a una frecuencia 1,65 MHz, pero el agua no puede seguir ese movimiento. Como resultado, un vac\u00edo moment\u00e1neo es creado en la oscilaci\u00f3n negativa del cristal en donde el agua cavita en vapor. Luego, en la oscilaci\u00f3n positiva, las ondas de alta presi\u00f3n de la fuerza de la cavitaci\u00f3n del agua a trav\u00e9s de la superficie del agua como una neblina muy fina, que es f\u00e1cilmente absorbido por el flujo de aire. El dise\u00f1o de la carcasa del humidificador impedir\u00e1 que las gotas m\u00e1s grandes salgan del humidificador. El humidificador ultras\u00f3nico no produce ning\u00fan ruido inaceptable. El nivel de ruido no exceder\u00e1 de 50 dB a 5 metros del m\u00f3dulo humidificador. La generaci\u00f3n de humedad o nebulizaci\u00f3n por medio de un Humidificador Ultras\u00f3nico H2OTEK cuanta con m\u00faltiples ventajas, mencionamos las m\u00e1s importantes:<\/div>\n<div style=\"text-align: justify;\">\n<ul>\n<li>Generaci\u00f3n del tama\u00f1o de gota m\u00e1s peque\u00f1o, de 1 a 3 micras. Esto hace que la absorci\u00f3n de la humedad del aire ambiente sea casi inmediata, con esto, logrando una mejor eficiencia y por ning\u00fan motivo gota o agua en materiales, tomando en cuenta el porcentaje de humedad deseado<\/li>\n<li>Consumo de energ\u00eda el\u00e9ctrica menor (hasta un 50% menos que los generadores de vapor)<\/li>\n<li>Neblina limpia<\/li>\n<li>Mejor precisi\u00f3n de humedad relativa, los equipos ultras\u00f3nicos H2OTEK, encienden y entregan neblina de inmediato, no como otros sistemas que, al pedir humedad, se pueden tardar hasta algunos minutos, para entregar vapor<\/li>\n<li>Suministrando al humidificador agua purificada (osmosis inversa), el mantenimiento es m\u00ednimo y entrega eficientemente una neblina pura, libre se suciedad<\/li>\n<li>Suponen cerca de un 90% de ahorro de energ\u00eda en producci\u00f3n de humedad frente a sistemas convencionales isot\u00e9rmicos.<\/li>\n<\/ul>\n<\/div>\n<div style=\"text-align: justify;\"><strong>HUMIDIFICADOR VERSION SEPARADA <\/strong> Este tipo de unidad ofrece una ventaja para diferentes aplicaciones en donde se requiera tener la nebulizaci\u00f3n a una distancia de acceso limitado y tener el panel accesible para el operador. \u00a0<\/div>\n<table style=\"width: 100%; margin-left: auto; margin-right: auto;\" border=\"0\" cellspacing=\"1\" cellpadding=\"4\">\n<tbody>\n<tr>\n<td style=\"text-align: center;\">PANEL DE CONTROL <img decoding=\"async\" src=\"https:\/\/h2otek.com\/tienda\/img\/cms\/controlhumedad\/h2otek\/humidificadores\/hultra\/version-separada\/equipo-panel-control.png\" alt=\"\" width=\"239\" height=\"304\" \/><\/td>\n<td style=\"text-align: center;\">NEBULIZADOR <img decoding=\"async\" src=\"https:\/\/h2otek.com\/tienda\/img\/cms\/controlhumedad\/h2otek\/humidificadores\/hultra\/version-separada\/equipo-nebulizador.png\" alt=\"\" width=\"239\" height=\"304\" \/><\/td>\n<\/tr>\n<\/tbody>\n<\/table>\n<div style=\"text-align: justify;\"><strong>CARACTER\u00cdSTICAS:<\/strong><\/div>\n<div style=\"text-align: justify;\">\n<ul>\n<li>Trabajo en descarga libre o con ducto<\/li>\n<li>Neblina extremadamente fina y pura<\/li>\n<li>Unidad totalmente port\u00e1til<\/li>\n<li>Fabricaci\u00f3n en acero inoxidable<\/li>\n<li>Humidostato integrado de f\u00e1cil programaci\u00f3n<\/li>\n<li>Sensor remoto al\u00e1mbrico (ES NECESARIO CONECTARLO, PARA TRABAJAR LA UNIDAD)<\/li>\n<li>Control de 0 a 99% de humedad relativa precisi\u00f3n +-5%<\/li>\n<li>F\u00e1cil instalaci\u00f3n<\/li>\n<li>Generador de iones negativos (beneficioso para los seres vivos)<\/li>\n<li>Con lampara ultravioleta<\/li>\n<li>Cuenta con filtros de sedimentos<\/li>\n<li>Block de niebla de acero inoxidable<\/li>\n<li>Display digital<\/li>\n<li>Construcci\u00f3n 100% en acero inoxidable<\/li>\n<li>Unidad port\u00e1til<\/li>\n<li>Para uso como desinfectante<\/li>\n<li>Garant\u00eda: 1 A\u00f1o sobre cualquier defecto de fabricaci\u00f3n<\/li>\n<\/ul>\n<\/div>\n<div style=\"text-align: justify;\">\u00a0<\/div>\n<div style=\"text-align: justify;\"><span style=\"color: #d0121a;\"><strong>NOTA IMPORTANTE: NO ES RECOMENDABLE UTILIZAR EL EQUIPO O EQUIPOS DENTRO DEL AREA ACONDICIONADA, CUANDO EL PORCENTAJE DE HUMEDAD A TRABAJAR, ES MAYOR A 70%. EN ESTOS CASOS, SE REQUIERE PONER EL EQUIPO AFUERA DEL AREA ACONDICIONADA E INYECTAR LA NEBULIZACION, POR MEDIO DE DUCTOS.<\/strong><\/span> <span style=\"color: #d0121a;\"><strong>SI EL EQUIPO TRABAJA AFUERA DEL AREA ACONDICIONADA, EL SENSOR DE HUMEDAD REMOTO ALABRICO, DEBE DE ESTAR DENTRO DEL AREA ACONDICIONADA, PARA EL TRABAJO CORRECTO DEL HUMIDIFICADOR.<\/strong><\/span> \u00a0<\/div>\n<p style=\"text-align: center;\"><strong>TABLA DE ESPECIFICACIONES<\/strong><\/p>\n<p style=\"text-align: center;\"><img loading=\"lazy\" decoding=\"async\" src=\"https:\/\/h2otek.com\/tienda\/img\/cms\/controlhumedad\/h2otek\/humidificadores\/hultra\/version-separada\/especificaciones-versionseparada-HULTRA48L48.gif\" alt=\"\" width=\"504\" height=\"743\" \/><\/p>\n<p style=\"text-align: justify;\"><span style=\"color: #d0121a;\"><strong>NOTA: LOS EQUIPOS ULTRASONICOS DEBEN TRABAJAR ESTRICTAMENTE CON AGUA POTABLE LIBRE DE SOLIDOS Y REDUCIDA EN MINERALES O SALES (FILTRADA Y SUAVIZADA).<\/strong><\/span><\/p>\n<p><span style=\"color: #d0121a;\"><strong>LOS EQUIPOS ULTRASONICOS TRABAJAN CON AIRE FORZADO, ES IMPORTANTE QUE EL AIRE QUE ENTRE AL EQUIPO DEBE ESTAR LIMPIO, LIBRE DE CUALQUIER MATERIAL LIQUIDO O SOLIDO RETENIDO EN EL AIRE.<\/strong><\/span> <span style=\"color: #d0121a;\"><strong>ES ESTRICTAMENTE NECESARIO REALIZAR MANTENIMIENTO AL EQUIPO HUMIDIFICADOR EN TIEMPO Y FORMA. LOS PERIODOS DE MANTENIMIENTO PREVENTIVO LOS VA A DETERMINAR LAS CONDICIONES EN QUE ESTE TRABAJANDO Y EL TIEMPO DE USO DEL EQUIPO.<\/strong><\/span><\/p>\n<p style=\"text-align: center;\"><strong> <img loading=\"lazy\" decoding=\"async\" src=\"https:\/\/h2otek.com\/tienda\/img\/cms\/controlhumedad\/h2otek\/humidificadores\/hultra\/version-separada\/ventajas-unicas-humidificador-HULTRA-24.jpg\" alt=\"\" width=\"650\" height=\"3085\" \/><\/strong><\/p>\n<p>\u00a0<\/p>\n<p style=\"text-align: center;\"><img loading=\"lazy\" decoding=\"async\" src=\"https:\/\/h2otek.com\/tienda\/img\/cms\/controlhumedad\/h2otek\/humidificadores\/hultra\/header-desinfectante.jpg\" alt=\"\" width=\"650\" height=\"304\" \/><\/p>\n<p>\u00a0<\/p>\n<div style=\"text-align: justify;\">El humidificador adopta el principio de oscilaci\u00f3n ultras\u00f3nica de alta frecuencia para atomizar agua en part\u00edculas ultrafinas de uno a cinco micr\u00f3metros m\u00e1ximo, con ayuda de ventiladores es suministrado, logrando as\u00ed el prop\u00f3sito de humedecer uniformemente el aire. Si al agua se le agrega un qu\u00edmico desinfectante estaremos utilizando uno de los mejores sistemas de desinfecci\u00f3n. El sistema de ultrasonido tiene capacidad de penetraci\u00f3n en cualquier tipo de espacio; y lo que es m\u00e1s importante, sin mojar los objetos o superficies, como sucede con otros sistemas por aspersi\u00f3n. Otra de las ventajas es que el equipo no moja, solo humedece y adem\u00e1s desinfecta con muy poca cantidad de desinfectante Fabricamos equipos de desinfecci\u00f3n, con capacidades de 6, 9, 18, 24, 36 y 48 litros por hora. Este equipo industrial para la aplicaci\u00f3n de todo tipo de qu\u00edmicos desinfectantes solubles en agua es ideal para eliminar g\u00e9rmenes, bacterias y virus como el del Covid-19; en espacio tan diversos como los siguientes:<\/div>\n<ul>\n<li style=\"text-align: justify;\">\n<div>Hospitales y albergues de ancianos.<\/div>\n<\/li>\n<li style=\"text-align: justify;\">\n<div>Supermercados y centros comerciales.<\/div>\n<\/li>\n<li style=\"text-align: justify;\">\n<div>Oficinas y empresas donde es posible aplicar la niebla desinfectante incluso sobre la papeler\u00eda y documentos sin arruinarlos.<\/div>\n<\/li>\n<li style=\"text-align: justify;\">\n<div>Tiendas peque\u00f1as y grandes almacenes de ropa: En estos lugares, no solo para desinfectar la infraestructura; sino que tambi\u00e9n sirve con mucha eficiencia para desinfectar cada una de las prendas que se han probado los clientes.<\/div>\n<\/li>\n<li style=\"text-align: justify;\">\n<div>En hoteles donde se debe garantizar una perfecta desinfecci\u00f3n de las habitaciones donde se van a hospedar los hu\u00e9spedes.<\/div>\n<\/li>\n<li>\n<div style=\"text-align: justify;\">Y en general para todo tipo de establecimientos de comercio; lo mismo que para uso dom\u00e9stico<\/div>\n<\/li>\n<\/ul>\n<p style=\"text-align: center;\"><img loading=\"lazy\" decoding=\"async\" src=\"https:\/\/h2otek.com\/tienda\/img\/cms\/controlhumedad\/h2otek\/humidificadores\/hultra\/footer-desinfectante.jpg\" alt=\"\" width=\"650\" height=\"200\" \/><\/p>\n<p><strong>EL EQUIPO ESTA PREPARADO PARA TRABAJAR CON LOS SIGUIENTES AGENTES QUIMICOS:<\/strong><\/p>\n<ul>\n<li>Hipoclorito de sodio<\/li>\n<li>Di\u00f3xido de cloro<\/li>\n<li>\u00c1cido hipocloroso<\/li>\n<\/ul>\n<p style=\"text-align: center;\"><strong><img loading=\"lazy\" decoding=\"async\" src=\"https:\/\/h2otek.com\/tienda\/img\/cms\/controlhumedad\/h2otek\/humidificadores\/hultra\/nota-ultrasonicos.gif\" alt=\"\" width=\"650\" height=\"124\" \/><\/strong><\/p>\n<p style=\"text-align: center;\"><strong>DIMENSIONES:<\/strong><\/p>\n<p style=\"text-align: center;\"><img loading=\"lazy\" decoding=\"async\" src=\"https:\/\/h2otek.com\/tienda\/img\/cms\/controlhumedad\/h2otek\/humidificadores\/hultra\/version-separada\/dimensiones-humidificador-versionseparada-HULTRA48l23.jpg\" alt=\"\" width=\"620\" height=\"368\" \/><\/p>\n<p style=\"text-align: center;\"><strong><strong>COMPONENTES<\/strong> <em>(Clic en las im\u00e1genes para agrandar)<\/em><\/strong><strong>\u00a0<\/strong><\/p>\n<p style=\"text-align: center;\"><a href=\"Images\/h2otek\/humidificadores\/componentes02-humidificador-lineahultra-9l12_gde.jpg\" target=\"_blank\" rel=\"noopener\"><img decoding=\"async\" src=\"https:\/\/www.h2otek.com\/tienda\/Images\/h2otek\/humidificadores\/componentes02-humidificador-lineahultra-9l12.jpg\" alt=\"\" border=\"0\" \/><\/a><\/p>\n<p style=\"text-align: center;\"><strong>FOTOS:\u00a0<\/strong><\/p>\n<p style=\"text-align: center;\"><img loading=\"lazy\" decoding=\"async\" src=\"https:\/\/www.h2otek.com\/tienda2015\/img\/cms\/fotos-humidificador-hultra-separada-24y35litros-separada_1.jpg\" alt=\"\" width=\"550\" height=\"1114\" \/><\/p>\n<p style=\"text-align: center;\"><strong>HUMIDIFICADOR CON DUCTOS<\/strong><\/p>\n<p style=\"text-align: center;\"><img loading=\"lazy\" decoding=\"async\" src=\"https:\/\/www.h2otek.com\/tienda2015\/img\/cms\/fotos-humidificadores-hultra-opcionducto-separada.jpg\" alt=\"\" width=\"550\" height=\"471\" border=\"0\" \/><\/p>\n<p style=\"text-align: center;\"><img loading=\"lazy\" decoding=\"async\" src=\"https:\/\/h2otek.com\/tienda2015\/img\/cms\/foto-ductos-hultra.jpg\" alt=\"\" width=\"550\" height=\"365\" \/><\/p>\n<p style=\"text-align: center;\">\u00a0<\/p>\n<p style=\"text-align: center;\"><span style=\"font-weight: bold;\">VIDEOS:<\/span><\/p>\n<p>\u00a0<\/p>\n<p style=\"text-align: center;\"><iframe src=\"https:\/\/www.youtube.com\/embed\/bS2gjtfuiIk\" width=\"425\" height=\"350\" frameborder=\"0\"><\/iframe><\/p>\n<p style=\"text-align: center;\"><iframe src=\"https:\/\/www.youtube.com\/embed\/VdXOZv77PAc\" width=\"425\" height=\"350\" frameborder=\"0\"><\/iframe><\/p>\n<p>\u00a0<\/p>\n<p style=\"text-align: center;\"><strong>SECCI\u00d3N DE VIDEOS HUMIDIFICADORES CON DUCTOS\u00a0<\/strong> (EL MODELO UTILIZADO EN ESTOS VIDEOS, PUEDE SER DIFERENTE AL MODELO SELECCIONADO, S\u00d3LO ES ILUSTRATIVO):<\/p>\n<p><iframe title=\"HUMIDIFICADORES   Sistema industrial de humidificaci\u00f3n ultras\u00f3nica con ductos marca H2OTEK\" width=\"500\" height=\"281\" src=\"https:\/\/www.youtube.com\/embed\/S7WsB7ogTOg?feature=oembed\" frameborder=\"0\" allow=\"accelerometer; autoplay; clipboard-write; encrypted-media; gyroscope; picture-in-picture; web-share\" referrerpolicy=\"strict-origin-when-cross-origin\" allowfullscreen><\/iframe><\/p>\n<p>\u00a0<\/p>\n<p><iframe title=\"AUTOMATIZADO - HUMIDIFICADOR ULTRASONICO H2OTEK CON GABINETE REMOTO Y DUCTOS DE INYECCION HUMEDAD\" width=\"500\" height=\"281\" src=\"https:\/\/www.youtube.com\/embed\/rFko_uksul8?feature=oembed\" frameborder=\"0\" allow=\"accelerometer; autoplay; clipboard-write; encrypted-media; gyroscope; picture-in-picture; web-share\" referrerpolicy=\"strict-origin-when-cross-origin\" allowfullscreen><\/iframe><\/p>\n<p><span style=\"font-weight: bold;\"><iframe src=\"https:\/\/www.youtube.com\/embed\/hbHMov0m6yI?rel=0&amp;controls=0&amp;showinfo=0\" width=\"640\" height=\"360\" frameborder=\"0\"><\/iframe> <\/span><\/p>\n<p><iframe title=\"HUMIDIFICADOR ULTRASONICO MULTIPLES APLICACIONES 2\" width=\"500\" height=\"281\" src=\"https:\/\/www.youtube.com\/embed\/w1iC-NHNjGs?feature=oembed\" frameborder=\"0\" allow=\"accelerometer; autoplay; clipboard-write; encrypted-media; gyroscope; picture-in-picture; web-share\" referrerpolicy=\"strict-origin-when-cross-origin\" allowfullscreen><\/iframe><\/p>\n<p><iframe src=\"https:\/\/www.youtube.com\/embed\/5l20hE46QwQ?rel=0&amp;controls=0&amp;showinfo=0\" width=\"640\" height=\"360\" frameborder=\"0\"><\/iframe> <iframe src=\"https:\/\/www.youtube.com\/embed\/Bh-Q8Mhx2G4?rel=0&amp;controls=0&amp;showinfo=0\" width=\"640\" height=\"360\" frameborder=\"0\"><\/iframe><\/p>\n<p style=\"text-align: center;\"><iframe src=\"https:\/\/www.youtube.com\/embed\/rNAptN0EKKs\" width=\"425\" height=\"350\" frameborder=\"0\"><\/iframe><\/p>\n<p style=\"text-align: center;\"><iframe src=\"https:\/\/www.youtube.com\/embed\/5jn86aBDUp0\" width=\"425\" height=\"350\" frameborder=\"0\"><\/iframe><\/p>\n<p style=\"text-align: center;\"><img loading=\"lazy\" decoding=\"async\" src=\"https:\/\/h2otek.com\/tienda\/img\/cms\/controlhumedad\/h2otek\/humidificadores\/hultra\/version-separada\/garantia-h2otek-1year.jpg\" alt=\"\" width=\"350\" height=\"350\" \/><\/p>\n<p style=\"text-align: justify;\"><strong><span style=\"color: #0000ff;\">DESCARGAR MANUAL:<\/span><\/strong><\/p>\n<ul style=\"list-style-type: disc;\">\n<li><strong><span style=\"color: #0000ff;\"><a href=\"http:\/\/www.h2otek.com\/tienda\/pdf\/controlhumedad\/MANUAL%20INSTALACION-OPERACION%20HUMIDIFICADOR%20ULTRASONICO%20PORTATIL%20H2OTEK%20HULTRA.pdf\" target=\"_blank\" rel=\"noopener\">MANUAL DE INSTALACI\u00d3N Y OPERACI\u00d3N<\/a><\/span><\/strong><\/li>\n<\/ul>\n","protected":false},"excerpt":{"rendered":"<p><span style=\"color: #ff0000; font-size: 12pt;\"><strong>PRECIO EN D\u00d3LARES US.<br \/>\n<\/strong><strong>PRECIO INCLUYE 16 % DE I.V.A.<br \/>\n<\/strong><strong>PRECIO INCLUYE ENVIO (ZONA CENTRO).<\/strong><\/span><\/p>\n<p style=\"text-align: left;\"><span style=\"font-size: small; color: #ff0000;\"><strong>HUMIDIFICADOR CAPACIDAD 48 LT\/HR &#8211; 105.6 LB\/HR 480V. 1 FASE<\/strong><\/span><\/p>\n<p style=\"text-align: left;\"><span style=\"font-size: small; font-style: italic; font-weight: bold;\">HUMIDIFICADORES IDEALES PARA:<\/span><\/p>\n<ul>\n<li><em><strong><span style=\"font-size: small;\">LABORATORIOS<\/span><\/strong><\/em><\/li>\n<li><span style=\"font-size: small; font-weight: bold; font-style: italic;\">PROCESOS<\/span><\/li>\n<li><span style=\"font-size: small; font-weight: bold; font-style: italic;\">CUARTOS DE PRUEBA<\/span><\/li>\n<li><span style=\"font-size: small; font-weight: bold; font-style: italic;\">INDUSTRIA ELECTR\u00d3NICA<\/span><\/li>\n<li><span style=\"font-size: small; font-style: italic; font-weight: bold;\">ALMACENES<\/span><\/li>\n<li><span style=\"font-size: small; font-style: italic; font-weight: bold;\">INDUSTRIA FARMAC\u00c9UTICA<\/span><\/li>\n<li><span style=\"font-size: small; font-style: italic; font-weight: bold;\">INDUSTRIA QU\u00cdMICA<\/span><\/li>\n<li><span style=\"font-size: small; font-style: italic; font-weight: bold;\">ESTACIONES DE TRABAJO<\/span><\/li>\n<li><span style=\"font-size: small; font-style: italic; font-weight: bold;\">INSDUSTRIA ALIMENTICIA Y DEL TABACO<\/span><\/li>\n<li><span style=\"font-size: small; font-style: italic; font-weight: bold;\">INDUSTRIA TEXTIL<\/span><\/li>\n<li><span style=\"font-size: small; font-style: italic; font-weight: bold;\">CONSERVADORES\u00a0<\/span><\/li>\n<li><em><strong><span style=\"font-size: small;\">ETC. <\/span><\/strong><\/em><\/li>\n<\/ul>\n","protected":false},"featured_media":7006,"comment_status":"closed","ping_status":"closed","template":"","meta":[],"pwb-brand":[],"product_brand":[],"product_cat":[885,886,362,970],"product_tag":[],"class_list":{"0":"post-17799","1":"product","2":"type-product","3":"status-publish","4":"has-post-thumbnail","6":"product_cat-portatiles-por-aplicacion","7":"product_cat-estacionarios-por-aplicacion","8":"product_cat-control-de-humedad-humidificadores-deshumidificadores","9":"product_cat-version-separada-humidificador-y-centro-de-control-separados","11":"first","12":"onbackorder","13":"purchasable","14":"product-type-simple"},"brands":[],"_links":{"self":[{"href":"https:\/\/h2otek.com\/tienda\/wp-json\/wp\/v2\/product\/17799","targetHints":{"allow":["GET"]}}],"collection":[{"href":"https:\/\/h2otek.com\/tienda\/wp-json\/wp\/v2\/product"}],"about":[{"href":"https:\/\/h2otek.com\/tienda\/wp-json\/wp\/v2\/types\/product"}],"replies":[{"embeddable":true,"href":"https:\/\/h2otek.com\/tienda\/wp-json\/wp\/v2\/comments?post=17799"}],"wp:featuredmedia":[{"embeddable":true,"href":"https:\/\/h2otek.com\/tienda\/wp-json\/wp\/v2\/media\/7006"}],"wp:attachment":[{"href":"https:\/\/h2otek.com\/tienda\/wp-json\/wp\/v2\/media?parent=17799"}],"wp:term":[{"taxonomy":"pwb-brand","embeddable":true,"href":"https:\/\/h2otek.com\/tienda\/wp-json\/wp\/v2\/pwb-brand?post=17799"},{"taxonomy":"product_brand","embeddable":true,"href":"https:\/\/h2otek.com\/tienda\/wp-json\/wp\/v2\/product_brand?post=17799"},{"taxonomy":"product_cat","embeddable":true,"href":"https:\/\/h2otek.com\/tienda\/wp-json\/wp\/v2\/product_cat?post=17799"},{"taxonomy":"product_tag","embeddable":true,"href":"https:\/\/h2otek.com\/tienda\/wp-json\/wp\/v2\/product_tag?post=17799"}],"curies":[{"name":"wp","href":"https:\/\/api.w.org\/{rel}","templated":true}]}}