{"id":17774,"date":"2021-07-06T21:14:50","date_gmt":"2021-07-06T21:14:50","guid":{"rendered":"https:\/\/h2otek.com\/tienda\/producto\/boiler-electrico-120-galones-240v-45-kw-marca-rheem-mod-e120-45-g\/"},"modified":"2025-09-27T00:54:45","modified_gmt":"2025-09-27T00:54:45","slug":"boiler-electrico-120-galones-240v-45-kw-marca-rheem-mod-e120-45-g","status":"publish","type":"product","link":"https:\/\/h2otek.com\/tienda\/producto\/boiler-electrico-120-galones-240v-45-kw-marca-rheem-mod-e120-45-g\/","title":{"rendered":"BOILER ELECTRICO 120 GALONES 240V. 45 KW MARCA RHEEM MOD. E120-45-G"},"content":{"rendered":"<p style=\"text-align: center;\" align=\"center\"><img decoding=\"async\" src=\"https:\/\/www.h2otek.com\/tienda\/Images\/boilers\/usorudo\/heather-calentadores-uso-rudo-rheem.jpg\" alt=\"\" border=\"0\" \/><\/p>\n<p align=\"center\"><strong>BOILER ELECTRICO 120 GALONES 240V 45 KW RHEEM MOD. E120-45-G<\/strong><\/p>\n<p style=\"text-align: justify;\">Los calentadores comerciales el\u00e9ctricos est\u00e1n dise\u00f1ados generalmente para aplicaciones de agua caliente de car\u00e1cter comercial, sin embargo, tambi\u00e9n son ideales para instalaciones Point-of-use. Una sola unidad puede satisfacer los requerimientos de agua caliente de una lavadora comercial. Un s\u00f3lo almac\u00e9n de temperatura cuando se instala con una v\u00e1lvula de mezclado, podr\u00e1 proveer dos tipos de temperatura en establecimientos de servicios de comida.<\/p>\n<p style=\"text-align: justify;\"><strong>CARACTER\u00cdSTICAS DE CONSTRUCCI\u00d3N:<\/strong><\/p>\n<ul style=\"text-align: justify;\">\n<li><span style=\"font-size: small; color: #ff0000;\"><strong>EFICIENCIA T\u00c9RMICA: 98%<\/strong><\/span><\/li>\n<li><strong>Sistema SENTINEL:<\/strong>\u00a0 Todos los modelos de impulsores el\u00e9ctricos emplean un panel de diagn\u00f3stico elemental, utilizando diodos emisores de luz (L.E.D.), correspondientes al n\u00famero y locaci\u00f3n de cada elemento calentador. Este sistema monitorea la funci\u00f3n de encendido\/apagado de los calentadores el\u00e9ctricos.<\/li>\n<\/ul>\n<ul style=\"text-align: justify;\">\n<li><strong>Dise\u00f1o de Tanque de larga duraci\u00f3n:<\/strong> Formulaci\u00f3n de acero patentada con una cubierta externa de porcelana esmaltada de alta temperatura para maximizar la resistencia a la corrosi\u00f3n, resultando en un dise\u00f1o de tanque superior.<\/li>\n<\/ul>\n<ul style=\"text-align: justify;\">\n<li><strong>Resistencias t\u00e9rmicas LIFEGUARD:<\/strong> Resistencias que se pueden separar f\u00e1cilmente del tanque (atornilladas) fabricadas de acero inoxidable cubiertas de Inco-loy 840 alrededor de un filamento de alambre de nichrome, para resistir la corrosi\u00f3n qu\u00edmica y sedimentos del agua aumentando de esta manera la duraci\u00f3n alta de estos componentes en los equipos. Estas resistencias son inmersas de una manera directa en el tanque lleno de agua para maximizar el tiempo de recuperaci\u00f3n de una manera eficiente (98%) y es muy f\u00e1cil su remoci\u00f3n del tanque usando unicamente una herramienta para desatornillarlas y cambiarlas por otras de ser necesario, estas resistencias tienen una garant\u00eda limitada de 3 a\u00f1os.<\/li>\n<\/ul>\n<ul style=\"text-align: justify;\">\n<li><strong>Dise\u00f1ado para perder un m\u00ednimo de calor:<\/strong> 85% de la superficie del tanque de todos los calentadores comerciales el\u00e9ctricos Rheem-Ruud son productos aislados con 2-1\/2&#8243; de espuma aislante. A diferencia de otros dise\u00f1os, los calentadores comerciales el\u00e9ctricos de Rheem-Ruud pueden archivar 85% gracias a su capa \u00fanica. Esto da como resultado que el calentador pierda menos energ\u00eda que un foco de 100 watts durante 48 horas encendido.<\/li>\n<\/ul>\n<ul style=\"text-align: justify;\">\n<li><strong>Barras de \u00e1nodos:<\/strong> Dos (2) \u00e1nodos de magnesio son instalados en cada tanque para obtener m\u00e1xima resistencia a la corrosi\u00f3n.<\/li>\n<\/ul>\n<ul style=\"text-align: justify;\">\n<li>V\u00e1lvula de drenado<\/li>\n<\/ul>\n<ul style=\"text-align: justify;\">\n<li><strong>V\u00e1lvula de alivio de presi\u00f3n y temperatura:<\/strong> Clasificaci\u00f3n AGA\/ASME e instalado en la f\u00e1brica.<\/li>\n<\/ul>\n<ul style=\"text-align: justify;\">\n<li><strong>Conexiones el\u00e9ctricas:<\/strong> Pre-cableadas, caja de control accesible con m\u00faltiples elecciones a los lados de diferentes tama\u00f1os para concordar con el C\u00f3digo El\u00e9ctrico Nacional. El rango de tama\u00f1os va de 1\/2&#8243; a 2&#8243;. Una base de aterrizaje es prove\u00edda para adjuntar un equipo conductor de aterrizaje.<\/li>\n<\/ul>\n<ul style=\"text-align: justify;\">\n<li><strong>Unica caja de panel de control:<\/strong> Puerta con bisagra de acero inoxidable, provee acceso inmediato a todos los componentes y elementos electricos.<\/li>\n<\/ul>\n<ul style=\"text-align: justify;\">\n<li><strong>Bloque Terminal:<\/strong> Todos los modelos est\u00e1n equipados con bloque terminal de los listados en el U.L. para simplificar la instalaci\u00f3n. El bloque terminal aceptar\u00e1 cables conectores de campo, ya sean de aluminio o de cobre.<\/li>\n<\/ul>\n<ul style=\"text-align: justify;\">\n<li><strong>Control de circuitos de 120 Volt:<\/strong> Todas las unidades son suministradas con un control de circuitos con fusibles de 120 Vold. Todos los controles (termostatos, limites de alta temperatura, etc) son apagados con este b\u00e1sico control de circuitos de 120 Volts. Este circuito es creado bajo un transformador multi-etapas interno de dise\u00f1o unico que cuenta con etapas (4) para los voltajes primarios, 208, 240, 277 y 480.<\/li>\n<\/ul>\n<ul style=\"text-align: justify;\">\n<li><strong>Conexiones de agua:<\/strong> La salida de agua caliente y la entrada de agua fr\u00eda son chupones dieelctricos de 1-1\/4 NPT los cuales prev\u00e9n la excesiva turbulencia del agua caliente resultando un flujo \u00f3ptimo en el tanque.<\/li>\n<\/ul>\n<ul style=\"text-align: justify;\">\n<li><strong>Capacidad:<\/strong> 120 galones<\/li>\n<\/ul>\n<ul style=\"text-align: justify;\">\n<li><strong>Termostato:<\/strong> Modelo de termostato en la superficie del tanque<\/li>\n<\/ul>\n<ul style=\"text-align: justify;\">\n<li>Aprobado por la norma de sanidad U.L., ya que est\u00e1 equipado con los juegos de empaques para este modelo.<\/li>\n<\/ul>\n<ul style=\"text-align: justify;\">\n<li><strong>Tipo de fusible:<\/strong> Clase G<\/li>\n<\/ul>\n<ul style=\"text-align: justify;\">\n<li><strong>Construcci\u00f3n de Fusibles:<\/strong> Cualquier modelo que no exceda los 48 amperes (ver la p\u00e1gina de caracter\u00edsticas el\u00e9ctricas) puede ser ordenado sin fusibles. Para los modelos E y ES agregar una N como letra final del numero del modelo, ejemplo: ES50-6-GN<\/li>\n<\/ul>\n<ul style=\"text-align: justify;\">\n<li><strong>Voltajes<\/strong> de 208, 240, 277 y 480<\/li>\n<\/ul>\n<ul style=\"text-align: justify;\">\n<li style=\"text-align: justify;\"><strong>Garant\u00eda:<\/strong> 3 a\u00f1os en el tanque, Piezas 1 a\u00f1o<\/li>\n<\/ul>\n<p>&nbsp;<\/p>\n<p style=\"text-align: center;\"><strong>TABLAS DE ESPECIFICACIONES:<\/strong><\/p>\n<p style=\"text-align: center;\"><a href=\"http:\/\/www.h2otek.com\/tienda\/Images\/boilers\/usorudo\/especificaciones-usorudo-ES50-45-G_gde.gif\" target=\"_blank\" rel=\"noopener\"><img decoding=\"async\" src=\"https:\/\/www.h2otek.com\/tienda\/Images\/boilers\/usorudo\/especificaciones-usorudo-ES50-45-G.gif\" alt=\"\" border=\"0\" \/><\/a><\/p>\n<p style=\"text-align: center;\"><a href=\"http:\/\/www.h2otek.com\/tienda\/Images\/boilers\/usorudo\/temperaturas-E120_large.jpg\" target=\"_blank\" rel=\"noopener\"><img fetchpriority=\"high\" decoding=\"async\" src=\"https:\/\/www.h2otek.com\/tienda\/Images\/boilers\/usorudo\/temperaturas-E120.jpg\" alt=\"\" width=\"550\" height=\"114\" border=\"0\" \/><\/a><\/p>\n<p style=\"text-align: center;\"><a href=\"http:\/\/www.h2otek.com\/tienda\/Images\/boilers\/usorudo\/recuperacion-usorudo45kw_large.jpg\" target=\"_blank\" rel=\"noopener\"><img decoding=\"async\" src=\"https:\/\/www.h2otek.com\/tienda\/Images\/boilers\/usorudo\/recuperacion-usorudo45kw.jpg\" alt=\"\" width=\"550\" height=\"67\" border=\"0\" \/><\/a><\/p>\n<p>&nbsp;<\/p>\n<p style=\"text-align: center;\"><strong>DIMENSIONES:<\/strong><\/p>\n<p style=\"text-align: center;\"><a href=\"http:\/\/www.h2otek.com\/tienda\/Images\/boilers\/usorudo\/dimensiones-usorudo120kw_large.jpg\" target=\"_blank\" rel=\"noopener\"><img decoding=\"async\" src=\"https:\/\/www.h2otek.com\/tienda\/Images\/boilers\/usorudo\/dimensiones-usorudo120kw.jpg\" alt=\"\" border=\"0\" \/><\/a><\/p>\n<p>&nbsp;<\/p>\n<p style=\"text-align: center;\"><strong>INSTALACI\u00d3N T\u00cdPICA CON TANQUE POR GRAVEDAD:<\/strong><\/p>\n<p style=\"text-align: center;\" align=\"center\"><a href=\"https:\/\/h2otek.com\/tienda\/Images\/boilers\/usorudo\/instalaciontipicacontanquerudo.JPG\" target=\"_blank\" rel=\"noopener\"><img decoding=\"async\" class=\"alignnone\" src=\"https:\/\/www.h2otek.com\/tienda\/Images\/boilers\/usorudo\/instalaciontipicacontanquerudo-small.jpg\" alt=\"\" width=\"550\" height=\"355\" border=\"0\" \/><\/a><\/p>\n<p style=\"text-align: center;\"><strong>INSTALACI\u00d3N T\u00cdPICA CON CIRULACI\u00d3N FORZADA Y TANQUES DE ALMACENAMIENTO<\/strong><\/p>\n<p style=\"text-align: center;\" align=\"center\"><a href=\"https:\/\/h2otek.com\/tienda\/Images\/boilers\/usorudo\/instalaciontipicaforzadarudo.JPG\" target=\"_blank\" rel=\"noopener\"><img loading=\"lazy\" decoding=\"async\" class=\"alignnone\" src=\"https:\/\/www.h2otek.com\/tienda\/Images\/boilers\/usorudo\/instalaciontipicaforzadarudo-small.jpg\" alt=\"\" width=\"550\" height=\"360\" border=\"0\" \/><\/a><\/p>\n<p>&nbsp;<\/p>\n<p>&nbsp;<\/p>\n<p style=\"text-align: center;\"><strong>CERTIFICACIONES:<\/strong><\/p>\n<p style=\"text-align: center;\"><img decoding=\"async\" src=\"https:\/\/www.h2otek.com\/tienda\/Images\/boilers\/logos%20GAMA_UL_LWH.jpg\" alt=\"\" border=\"0\" \/><\/p>\n<p>&nbsp;<\/p>\n<p style=\"text-align: justify;\"><strong>DESCARGAR MANUALES<\/strong><\/p>\n<ul>\n<li><strong><a href=\"https:\/\/h2otek.com\/tienda\/pdf\/aguacaliente\/Folleto_Calentador_de_Agua_Uso_Rudo_Rheem.pdf\" target=\"_blank\" rel=\"noopener\">FOLLETO<\/a><\/strong><\/li>\n<li><strong><a href=\"https:\/\/h2otek.com\/tienda\/pdf\/aguacaliente\/Manual_de_Uso_y_cuidado_Calentador_de_Agua_Uso_Rudo_Rheem.pdf\" target=\"_blank\" rel=\"noopener\">MANUAL DE USO Y CUIDADO<\/a><\/strong><\/li>\n<\/ul>\n<p>&nbsp;<\/p>\n<p><span style=\"color: #000000;\"><strong>PRECIO INCLUYE GASTOS DE ENVIO (GRATIS) E IMPUESTO 16% DE IVA<\/strong><\/span><\/p>\n","protected":false},"excerpt":{"rendered":"<p><span style=\"color: #ff0000;\"><strong>PRECIO EN PESOS MEXICANOS.<br \/>\nPRECIO INCLUYE 16 % DE I.V.A.<br \/>\nPRECIO INCLUYE ENVIO (ZONA CENTRO).<\/strong><\/span><\/p>\n<p style=\"text-align: left;\"><span style=\"color: #000000;\"><strong><span style=\"font-size: small;\"><em>RECOMENDADO PARA USO COMERCIAL, INDUSTRIAL IDEAL PARA CUALQUIER NECESIDAD DE AGUA CALIENTE COMO PUEDE SER EN: <\/em><\/span><\/strong><\/span><\/p>\n<p style=\"text-align: left;\"><span style=\"color: #000000;\"><strong><span style=\"font-size: small;\"><em>&#8211; RESTAURANTES<br \/>\n&#8211; HOTELES<br \/>\n&#8211; LAVANDERIAS<br \/>\n&#8211; MOTELES<br \/>\n&#8211; GIMNASOS<br \/>\n&#8211; HOSPITALES<br \/>\n&#8211; PROCESOS INDUSTRIALES<br \/>\n&#8211; REGADERAS EN SERIE<br \/>\n&#8211; CLINICAS, ETC. <\/em><\/span><\/strong><\/span><\/p>\n<p style=\"text-align: left;\"><span style=\"font-size: medium;\"><strong><span style=\"color: #ff0000;\"><em>PARA PRECIO(S), FAVOR DE LLAMAR A ATENCION A CLIENTES.<\/em><\/span><\/strong><\/span><\/p>\n","protected":false},"featured_media":3004,"comment_status":"closed","ping_status":"closed","template":"","meta":[],"pwb-brand":[],"product_brand":[],"product_cat":[394],"product_tag":[],"class_list":{"0":"post-17774","1":"product","2":"type-product","3":"status-publish","4":"has-post-thumbnail","6":"product_cat-linea-uso-rudo-boilers-calentadores-de-agua-industriales-comerciales","8":"first","9":"outofstock","10":"purchasable","11":"product-type-simple"},"brands":[],"_links":{"self":[{"href":"https:\/\/h2otek.com\/tienda\/wp-json\/wp\/v2\/product\/17774","targetHints":{"allow":["GET"]}}],"collection":[{"href":"https:\/\/h2otek.com\/tienda\/wp-json\/wp\/v2\/product"}],"about":[{"href":"https:\/\/h2otek.com\/tienda\/wp-json\/wp\/v2\/types\/product"}],"replies":[{"embeddable":true,"href":"https:\/\/h2otek.com\/tienda\/wp-json\/wp\/v2\/comments?post=17774"}],"wp:featuredmedia":[{"embeddable":true,"href":"https:\/\/h2otek.com\/tienda\/wp-json\/wp\/v2\/media\/3004"}],"wp:attachment":[{"href":"https:\/\/h2otek.com\/tienda\/wp-json\/wp\/v2\/media?parent=17774"}],"wp:term":[{"taxonomy":"pwb-brand","embeddable":true,"href":"https:\/\/h2otek.com\/tienda\/wp-json\/wp\/v2\/pwb-brand?post=17774"},{"taxonomy":"product_brand","embeddable":true,"href":"https:\/\/h2otek.com\/tienda\/wp-json\/wp\/v2\/product_brand?post=17774"},{"taxonomy":"product_cat","embeddable":true,"href":"https:\/\/h2otek.com\/tienda\/wp-json\/wp\/v2\/product_cat?post=17774"},{"taxonomy":"product_tag","embeddable":true,"href":"https:\/\/h2otek.com\/tienda\/wp-json\/wp\/v2\/product_tag?post=17774"}],"curies":[{"name":"wp","href":"https:\/\/api.w.org\/{rel}","templated":true}]}}