{"id":17752,"date":"2021-07-06T21:14:45","date_gmt":"2021-07-06T21:14:45","guid":{"rendered":"https:\/\/h2otek.com\/tienda\/producto\/deshumidificador-cap-5600-btu-hr-115v-marca-ebac-mod-triton\/"},"modified":"2026-01-24T18:59:06","modified_gmt":"2026-01-24T18:59:06","slug":"deshumidificador-cap-5600-btu-hr-115v-marca-ebac-mod-triton","status":"publish","type":"product","link":"https:\/\/h2otek.com\/tienda\/producto\/deshumidificador-cap-5600-btu-hr-115v-marca-ebac-mod-triton\/","title":{"rendered":"DESHUMIDIFICADOR CAP. 5,600 BTU\/HR 115V. MARCA EBAC MOD. TRITON"},"content":{"rendered":"<p style=\"text-align: center;\"><img decoding=\"async\" src=\"https:\/\/www.h2otek.com\/tienda\/Images\/deshumidificadores\/deshumidificadorebac-triton.jpg\" border=\"0\" \/><\/p>\n<p style=\"text-align: justify;\">El Deshumidificador Ebac Triton\u00a0 es la unidad ideal para el trabajo comercial y residencial. Tiene la capacidad de manejar varias \u00e1reas de tama\u00f1o de la habitaci\u00f3n a la vez. Su tama\u00f1o compacto permite la operaci\u00f3n de un solo hombre, sin embargo, tiene la capacidad de manejar varias \u00e1reas de tama\u00f1o de la habitaci\u00f3n a la vez. Lo mejor de todo es que es un precio accesible dentro del presupuesto de la mayor\u00eda de los especialistas en restauraci\u00f3n. Lo mejor de todo es el\u00a0 precio accesible dentro del presupuesto de la mayor\u00eda de los especialistas en restauraci\u00f3n.<\/p>\n<p style=\"text-align: justify;\"><strong>RENDIMIENTO: <\/strong>El Ebac Triton deshumidificador es una pieza resistente, sin embargo, los equipos m\u00f3viles que trabajan en condiciones extremas\u00a0 tiran grandes cantidades de humedad del aire.<\/p>\n<p style=\"text-align: left;\"><strong>APLICACIONES:<\/strong><\/p>\n<ul style=\"text-align: left;\">\n<li>Oficinas<\/li>\n<li>Tiendas<\/li>\n<li>Restaurantes<\/li>\n<li>S\u00f3tanos<\/li>\n<li>Piscinas<\/li>\n<li>Laboratorios<\/li>\n<li>Cocinas<\/li>\n<li>Estaciones de bombeo<\/li>\n<li>Hospitales<\/li>\n<li>Hotel\/Motel<\/li>\n<\/ul>\n<p style=\"text-align: left;\"><strong>CARACTER\u00cdSTICAS:<\/strong><\/p>\n<ul>\n<li>Simplicidad de operaci\u00f3n<\/li>\n<li>115V<\/li>\n<li>Se conecta a cualquier lugar<\/li>\n<li>Ruedas resistentes<\/li>\n<li>Asa integrada para la movilidad<\/li>\n<li>Bomba autom\u00e1tica hacia afuera (20&#8242; de elevaci\u00f3n vertical, 100&#8242; + horizontal)<\/li>\n<li>Bomba con interrumptor de purga<\/li>\n<li>Cable de almacenamiento extra largo<\/li>\n<li>Recubrimiento en polvo para mayor durabilidad<\/li>\n<li>Caracter\u00edstica de &#8220;Gas caliente&#8221; que elimina utom\u00e1ticamente la acumulaci\u00f3n de escarcha<\/li>\n<li>Funcionamiento eficaz a baja temperatura<\/li>\n<li>1 a\u00f1o de garant\u00eda grartis sobre defecto de fabricaci\u00f3n<\/li>\n<\/ul>\n<p style=\"text-align: left;\"><strong>ESPECIFICACIONES:<\/strong><\/p>\n<ul style=\"text-align: left;\">\n<li>Encendido\/Apagado<\/li>\n<li>Control de descongelamiento<\/li>\n<li>Tipo de compresor rotativo<\/li>\n<li>Enchufe instalado<\/li>\n<li>Montaje en pared<\/li>\n<li>Pies de goma<\/li>\n<li>Cable de alimentaci\u00f3n de 25&#8243; de longitud<\/li>\n<li>Polvo epoxy<\/li>\n<li>Operaci\u00f3n silenciosa<\/li>\n<li>Portatil compacto y ligero<\/li>\n<li>Bajo amperaje<\/li>\n<li>Bomba de condensado integral<\/li>\n<li>R\u00e1pido acoplamiento de la manguera<\/li>\n<li>Filtro lavable<\/li>\n<\/ul>\n<p style=\"text-align: center;\"><strong><span style=\"color: #000000;\">TABLA DE ESPECIFICACIONES:<\/span><\/strong><\/p>\n<div class=\"WordSection1\" style=\"text-align: left;\">\n<table class=\"MsoTableLightShadingAccent1\" style=\"margin-left: 42.55pt; border-collapse: collapse; height: 397px;\" border=\"1\" width=\"80% align=\" cellspacing=\"0\" cellpadding=\"0\">\n<tbody>\n<tr style=\"height: 16.65pt;\">\n<td style=\"width: 50.6pt; padding: 0cm 5.4pt; height: 16.65pt;\" valign=\"top\" width=\"67\">\n<p class=\"MsoNormal\" style=\"margin-bottom: .0001pt; text-align: center; line-height: normal; mso-yfti-cnfc: 5;\" align=\"center\"><strong><span style=\"font-size: 10pt; color: black;\">DESHUMIDIFICADOR \u00a0<\/span><\/strong><\/p>\n<\/td>\n<td style=\"width: 93.15pt; padding: 0cm 5.4pt; height: 16.65pt;\" valign=\"top\" width=\"124\">\n<p class=\"MsoNormal\" style=\"margin-bottom: 0.0001pt; line-height: normal; text-align: center;\"><strong><span style=\"color: black;\"><span style=\"mso-spacerun: yes;\">\u00a0 <\/span><\/span><\/strong><strong><span style=\"font-size: 10pt; color: black;\">MODELO TRITON<br \/>\n<\/span><\/strong><\/p>\n<\/td>\n<\/tr>\n<tr style=\"height: 16.65pt;\">\n<td style=\"width: 50.6pt; background: none repeat scroll 0% 0% #d3dfee; padding: 0cm 5.4pt; height: 16.65pt;\" valign=\"top\" width=\"67\">\n<p class=\"MsoNormal\" style=\"margin-bottom: .0001pt; line-height: normal; mso-yfti-cnfc: 68;\"><strong><span style=\"font-size: 8.0pt;\">Altura<\/span><\/strong><\/p>\n<\/td>\n<td style=\"width: 93.15pt; background: none repeat scroll 0% 0% #d3dfee; padding: 0cm 5.4pt; height: 16.65pt;\" valign=\"top\" width=\"124\">\n<p class=\"MsoNormal\" style=\"margin-bottom: .0001pt; line-height: normal; mso-yfti-cnfc: 64;\"><span style=\"color: black;\">29 pulgadas<br \/>\n<\/span><\/p>\n<\/td>\n<\/tr>\n<tr style=\"height: 16.65pt;\">\n<td style=\"width: 50.6pt; padding: 0cm 5.4pt; height: 16.65pt;\" valign=\"top\" width=\"67\">\n<p class=\"MsoNormal\" style=\"margin-bottom: .0001pt; line-height: normal; mso-yfti-cnfc: 4;\"><strong><span style=\"font-size: 8.0pt;\">Ancho<\/span><\/strong><\/p>\n<\/td>\n<td style=\"width: 93.15pt; padding: 0cm 5.4pt; height: 16.65pt;\" valign=\"top\" width=\"124\">\n<p class=\"MsoNormal\" style=\"margin-bottom: .0001pt; line-height: normal;\"><span style=\"color: black;\">20 pulgadas<br \/>\n<\/span><\/p>\n<\/td>\n<\/tr>\n<tr style=\"height: 16.65pt;\">\n<td style=\"width: 50.6pt; background: none repeat scroll 0% 0% #d3dfee; padding: 0cm 5.4pt; height: 16.65pt;\" valign=\"top\" width=\"67\">\n<p class=\"MsoNormal\" style=\"margin-bottom: .0001pt; line-height: normal; mso-yfti-cnfc: 68;\"><strong><span style=\"font-size: 8.0pt;\">Profundidad<\/span><\/strong><\/p>\n<\/td>\n<td style=\"width: 93.15pt; background: none repeat scroll 0% 0% #d3dfee; padding: 0cm 5.4pt; height: 16.65pt;\" valign=\"top\" width=\"124\">\n<p class=\"MsoNormal\" style=\"margin-bottom: .0001pt; line-height: normal; mso-yfti-cnfc: 64;\"><span style=\"color: black;\">15 pulgadas<br \/>\n<\/span><\/p>\n<\/td>\n<\/tr>\n<tr style=\"height: 16.65pt;\">\n<td style=\"width: 50.6pt; padding: 0cm 5.4pt; height: 16.65pt;\" valign=\"top\" width=\"67\">\n<p class=\"MsoNormal\" style=\"margin-bottom: .0001pt; line-height: normal; mso-yfti-cnfc: 4;\"><strong><span style=\"font-size: 8.0pt;\">Peso<\/span><\/strong><\/p>\n<\/td>\n<td style=\"width: 93.15pt; padding: 0cm 5.4pt; height: 16.65pt;\" valign=\"top\" width=\"124\">\n<p class=\"MsoNormal\" style=\"margin-bottom: .0001pt; line-height: normal;\"><span style=\"color: black;\">30 kg<\/span><\/p>\n<\/td>\n<\/tr>\n<tr style=\"height: 15.95pt;\">\n<td style=\"width: 50.6pt; background: none repeat scroll 0% 0% #d3dfee; padding: 0cm 5.4pt; height: 15.95pt;\" valign=\"top\" width=\"67\">\n<p class=\"MsoNormal\" style=\"margin-bottom: .0001pt; line-height: normal; mso-yfti-cnfc: 68;\"><strong><span style=\"font-size: 8.0pt;\">Voltaje<\/span><\/strong><\/p>\n<\/td>\n<td style=\"width: 93.15pt; background: none repeat scroll 0% 0% #d3dfee; padding: 0cm 5.4pt; height: 15.95pt;\" valign=\"top\" width=\"124\">\n<p class=\"MsoNormal\" style=\"margin-bottom: .0001pt; line-height: normal; mso-yfti-cnfc: 64;\"><span style=\"color: black;\">110 V<\/span><\/p>\n<\/td>\n<\/tr>\n<tr style=\"height: 16.65pt;\">\n<td style=\"width: 50.6pt; padding: 0cm 5.4pt; height: 16.65pt;\" valign=\"top\" width=\"67\">\n<p class=\"MsoNormal\" style=\"margin-bottom: .0001pt; line-height: normal; mso-yfti-cnfc: 4;\"><strong><span style=\"font-size: 8.0pt;\">Fase<\/span><\/strong><\/p>\n<\/td>\n<td style=\"width: 93.15pt; padding: 0cm 5.4pt; height: 16.65pt;\" valign=\"top\" width=\"124\">\n<p class=\"MsoNormal\" style=\"margin-bottom: .0001pt; line-height: normal;\"><span style=\"color: black;\">1<\/span><\/p>\n<\/td>\n<\/tr>\n<tr style=\"height: 16.65pt;\">\n<td style=\"width: 50.6pt; background: none repeat scroll 0% 0% #d3dfee; padding: 0cm 5.4pt; height: 16.65pt;\" valign=\"top\" width=\"67\">\n<p class=\"MsoNormal\" style=\"margin-bottom: .0001pt; line-height: normal; mso-yfti-cnfc: 68;\"><strong><span style=\"font-size: 8.0pt;\">Frecuencia<\/span><\/strong><\/p>\n<\/td>\n<td style=\"width: 93.15pt; background: none repeat scroll 0% 0% #d3dfee; padding: 0cm 5.4pt; height: 16.65pt;\" valign=\"top\" width=\"124\">\n<p class=\"MsoNormal\" style=\"margin-bottom: .0001pt; line-height: normal; mso-yfti-cnfc: 64;\"><span style=\"color: black;\">60 Hz<\/span><\/p>\n<\/td>\n<\/tr>\n<tr style=\"height: 16.65pt;\">\n<td style=\"width: 50.6pt; padding: 0cm 5.4pt; height: 16.65pt;\" valign=\"top\" width=\"67\">\n<p class=\"MsoNormal\" style=\"margin-bottom: .0001pt; line-height: normal; mso-yfti-cnfc: 4;\"><strong><span style=\"font-size: 8.0pt;\">Corriente<\/span><\/strong><\/p>\n<\/td>\n<td style=\"width: 93.15pt; padding: 0cm 5.4pt; height: 16.65pt;\" valign=\"top\" width=\"124\">\n<p class=\"MsoNormal\" style=\"margin-bottom: .0001pt; line-height: normal;\"><span style=\"color: black;\">5 A<\/span><\/p>\n<\/td>\n<\/tr>\n<tr style=\"height: 16.65pt;\">\n<td style=\"width: 50.6pt; background: none repeat scroll 0% 0% #d3dfee; padding: 0cm 5.4pt; height: 16.65pt;\" valign=\"top\" width=\"67\">\n<p class=\"MsoNormal\" style=\"margin-bottom: .0001pt; line-height: normal; mso-yfti-cnfc: 68;\"><strong><span style=\"font-size: 8.0pt;\">Potencia<\/span><\/strong><\/p>\n<\/td>\n<td style=\"width: 93.15pt; background: none repeat scroll 0% 0% #d3dfee; padding: 0cm 5.4pt; height: 16.65pt;\" valign=\"top\" width=\"124\">\n<p class=\"MsoNormal\" style=\"margin-bottom: .0001pt; line-height: normal; mso-yfti-cnfc: 64;\"><span style=\"color: black;\">470 W<\/span><\/p>\n<\/td>\n<\/tr>\n<tr style=\"height: 16.65pt;\">\n<td style=\"width: 50.6pt; padding: 0cm 5.4pt; height: 16.65pt;\" valign=\"top\" width=\"67\">\n<p class=\"MsoNormal\" style=\"margin-bottom: .0001pt; line-height: normal; mso-yfti-cnfc: 4;\"><strong><span style=\"font-size: 8.0pt;\">Flujo de aire<\/span><\/strong><\/p>\n<\/td>\n<td style=\"width: 93.15pt; padding: 0cm 5.4pt; height: 16.65pt;\" valign=\"top\" width=\"124\">\n<p class=\"MsoNormal\" style=\"margin-bottom: .0001pt; line-height: normal;\"><span style=\"color: black;\">282 cfm 476m3\/hr<\/span><\/p>\n<\/td>\n<\/tr>\n<tr style=\"height: 16.65pt;\">\n<td style=\"width: 50.6pt; background: none repeat scroll 0% 0% #d3dfee; padding: 0cm 5.4pt; height: 16.65pt;\" valign=\"top\" width=\"67\">\n<p class=\"MsoNormal\" style=\"margin-bottom: .0001pt; line-height: normal; mso-yfti-cnfc: 68;\"><strong><span style=\"font-size: 8.0pt;\">Nivel de ruido<\/span><\/strong><\/p>\n<\/td>\n<td style=\"width: 93.15pt; background: none repeat scroll 0% 0% #d3dfee; padding: 0cm 5.4pt; height: 16.65pt;\" valign=\"top\" width=\"124\">\n<p class=\"MsoNormal\" style=\"margin-bottom: .0001pt; line-height: normal; mso-yfti-cnfc: 64;\"><span style=\"color: black;\">57 <span class=\"SpellE\">dba<\/span><\/span><\/p>\n<\/td>\n<\/tr>\n<tr style=\"height: 16.65pt;\">\n<td style=\"width: 50.6pt; padding: 0cm 5.4pt; height: 16.65pt;\" valign=\"top\" width=\"67\">\n<p class=\"MsoNormal\" style=\"margin-bottom: .0001pt; line-height: normal; mso-yfti-cnfc: 4;\"><strong><span style=\"font-size: 8.0pt;\">Refrigerante<\/span><\/strong><\/p>\n<\/td>\n<td style=\"width: 93.15pt; padding: 0cm 5.4pt; height: 16.65pt;\" valign=\"top\" width=\"124\">\n<p class=\"MsoNormal\" style=\"margin-bottom: .0001pt; line-height: normal;\"><span style=\"color: black;\">R22<\/span><\/p>\n<\/td>\n<\/tr>\n<tr style=\"height: 16.65pt;\">\n<td style=\"width: 50.6pt; background: none repeat scroll 0% 0% #d3dfee; padding: 0cm 5.4pt; height: 16.65pt;\" valign=\"top\" width=\"67\">\n<p class=\"MsoNormal\" style=\"margin-bottom: .0001pt; line-height: normal; mso-yfti-cnfc: 68;\"><span class=\"SpellE\"><strong><span style=\"font-size: 8.0pt;\">Vol\u00famen efectivo<\/span><\/strong><\/span><strong><span style=\"font-size: 8pt; color: black;\"><br \/>\n<\/span><\/strong><\/p>\n<\/td>\n<td style=\"width: 93.15pt; background: none repeat scroll 0% 0% #d3dfee; padding: 0cm 5.4pt; height: 16.65pt;\" valign=\"top\" width=\"124\">\n<p class=\"MsoNormal\" style=\"margin-bottom: .0001pt; line-height: normal; mso-yfti-cnfc: 64;\"><span style=\"color: black;\">8,369 cu.ft<br \/>\n<\/span><\/p>\n<\/td>\n<\/tr>\n<tr style=\"height: 16.65pt;\">\n<td style=\"width: 50.6pt; padding: 0cm 5.4pt; height: 16.65pt;\" valign=\"top\" width=\"67\">\n<p class=\"MsoNormal\" style=\"margin-bottom: .0001pt; line-height: normal; mso-yfti-cnfc: 4;\"><strong><span style=\"font-size: 8.0pt;\">T\u00edpico de extracci\u00f3n<\/span><\/strong><\/p>\n<\/td>\n<td style=\"width: 93.15pt; padding: 0cm 5.4pt; height: 16.65pt;\" valign=\"top\" width=\"124\">\n<p class=\"MsoNormal\" style=\"margin-bottom: .0001pt; line-height: normal;\"><span style=\"color: black;\">52 <span class=\"SpellE\">ppd<\/span><\/span><\/p>\n<\/td>\n<\/tr>\n<tr style=\"height: 16.65pt;\">\n<td style=\"width: 50.6pt; background: none repeat scroll 0% 0% #d3dfee; padding: 0cm 5.4pt; height: 16.65pt;\" valign=\"top\" width=\"67\">\n<p class=\"MsoNormal\" style=\"margin-bottom: .0001pt; line-height: normal; mso-yfti-cnfc: 68;\"><strong><span style=\"font-size: 8.0pt;\">Temperatura m\u00ednima de <span class=\"SpellE\">funcionamento<\/span><\/span><\/strong><\/p>\n<\/td>\n<td style=\"width: 93.15pt; background: none repeat scroll 0% 0% #d3dfee; padding: 0cm 5.4pt; height: 16.65pt;\" valign=\"top\" width=\"124\">\n<p class=\"MsoNormal\" style=\"margin-bottom: .0001pt; line-height: normal; mso-yfti-cnfc: 64;\"><span style=\"color: black;\">1\u00ba C<\/span><\/p>\n<\/td>\n<\/tr>\n<tr style=\"height: 16.65pt;\">\n<td style=\"width: 50.6pt; padding: 0cm 5.4pt; height: 16.65pt;\" valign=\"top\" width=\"67\">\n<p class=\"MsoNormal\" style=\"margin-bottom: .0001pt; line-height: normal; mso-yfti-cnfc: 4;\"><strong><span style=\"font-size: 8.0pt;\">Temperatura m\u00e1xima de funcionamiento<\/span><\/strong><\/p>\n<\/td>\n<td style=\"width: 93.15pt; padding: 0cm 5.4pt; height: 16.65pt;\" valign=\"top\" width=\"124\">\n<p class=\"MsoNormal\" style=\"margin-bottom: .0001pt; line-height: normal;\"><span style=\"color: black;\">35\u00ba C<\/span><\/p>\n<\/td>\n<\/tr>\n<\/tbody>\n<\/table>\n<p class=\"MsoNormal\" style=\"text-align: center;\"><span style=\"mso-ansi-language: ES-TRAD;\">\u00a0<\/span><\/p>\n<\/div>\n<p style=\"text-align: center;\"><strong>FUNCIONAMIENTO:<\/strong><\/p>\n<p style=\"text-align: center;\"><img fetchpriority=\"high\" decoding=\"async\" src=\"https:\/\/www.h2otek.com\/tienda\/Images\/deshumidificadores\/funcionamientodc30.jpg\" width=\"312\" height=\"287\" border=\"0\" \/><\/p>\n<ol>\n<li>El aire es extra\u00eddo en la unidad por un ventilador<\/li>\n<li>El aire pasa sobre una superficie fr\u00eda<\/li>\n<li>A medida que el aire se enfr\u00eda, se condensa la humedad<\/li>\n<li>El agua cae en el recipiente<\/li>\n<li>El aire es de nuevo calentado por\u00a0 la recuperaci\u00f3n del sistema<\/li>\n<li>El aire pasa a la habitaci\u00f3n de 2\u00b0 C mucho m\u00e1s c\u00e1lido y seco<\/li>\n<li>Descongelamiento: el sistema autom\u00e1ticamente descongela la unidad si es necesario<\/li>\n<li>Unidad: se apaga autom\u00e1ticamente cuando el contenedor est\u00e1 lleno<\/li>\n<li>Cuando la unidad alcanza determinado nivel de sequedad se apaga autom\u00e1ticamente<\/li>\n<\/ol>\n<p>&nbsp;<\/p>\n<p>&nbsp;<\/p>\n<p style=\"text-align: center;\"><strong>CERTIFICACIONES:<\/strong><\/p>\n<p style=\"text-align: center;\"><img decoding=\"async\" src=\"https:\/\/www.h2otek.com\/tienda\/Images\/deshumidificadores\/certificacion-CSA.jpg\" border=\"0\" \/><\/p>\n<div style=\"text-align: left;\">\n<div>\n<div>\n<div>\n<div>\n<div>\n<div><\/div>\n<\/div>\n<\/div>\n<\/div>\n<\/div>\n<\/div>\n<\/div>\n<div style=\"width: 300px; text-align: left;\"><\/div>\n<div><\/div>\n<div><\/div>\n<div><strong>DESCARGAR MANUALES:<\/strong><\/div>\n<div>\n<ul>\n<li><strong><a href=\"https:\/\/h2otek.com\/tienda\/pdf\/controlhumedad\/ebac\/FOLLETO%20DESHUMIDIFICADOR%20EBAC%20TRITON.pdf\" target=\"_blank\" rel=\"noopener\">FOLLETO<\/a><\/strong><\/li>\n<li><strong><a href=\"https:\/\/h2otek.com\/tienda\/pdf\/controlhumedad\/ebac\/MANUAL%20DEL%20USUARIO%20DESHUMIDIFICADOR%20EBAC%20TRITON.pdf\" target=\"_blank\" rel=\"noopener\">MANUAL DEL USUARIO<\/a><\/strong><\/li>\n<li><strong><a href=\"https:\/\/h2otek.com\/tienda\/pdf\/controlhumedad\/ebac\/DIAGRAMA%20DE%20CABLEADO%20DESHUMIDIFICADOR%20EBAC%20TRITON.pdf\" target=\"_blank\" rel=\"noopener\">DIAGRAMA DE CABLEADO<\/a><\/strong><\/li>\n<li><strong><a href=\"https:\/\/h2otek.com\/tienda\/pdf\/controlhumedad\/ebac\/ESQUEMA%20DE%20CABLEADO%20DESHUMIDIFICADOR%20EBAC%20TRITON.pdf\" target=\"_blank\" rel=\"noopener\">ESQUEMA DE CABLEADO<\/a><\/strong><\/li>\n<li><strong><a href=\"https:\/\/h2otek.com\/tienda\/pdf\/controlhumedad\/ebac\/LISTA%20DE%20PARTES%20DESHUMIDIFICADOR%20EBAC%20TRITON.pdf\" target=\"_blank\" rel=\"noopener\">LISTA DE PARTES<\/a><\/strong><\/li>\n<\/ul>\n<\/div>\n<p>&nbsp;<\/p>\n<p>&nbsp;<\/p>\n<p style=\"text-align: left;\"><span style=\"color: #000000;\"><strong>PRECIOS INCLUYE GASTOS DE ENVIO (GRATIS) E IMPUESTO 16% DE IVA<\/strong><\/span><\/p>\n","protected":false},"excerpt":{"rendered":"<p><span style=\"color: #ff0000;\"><strong>PRECIO EN D\u00d3LARES US.<\/strong><\/span><\/p>\n<p><strong><em><span style=\"color: #000000;\"><span style=\"font-size: small;\">IDEALES PARA LOS ESPACIOS DE:<\/span><\/span><\/em><\/strong><\/p>\n<ul>\n<li><strong><em><span style=\"color: #000000;\"><span style=\"font-size: small;\">ALMACEN<\/span><\/span><\/em><\/strong><\/li>\n<li><strong><em><span style=\"color: #000000;\"><span style=\"font-size: small;\">S\u00d3TANOS<\/span><\/span><\/em><\/strong><\/li>\n<li><strong><em><span style=\"color: #000000;\"><span style=\"font-size: small;\">F\u00c1BRICAS<\/span><\/span><\/em><\/strong><\/li>\n<li><strong><em><span style=\"color: #000000;\"><span style=\"font-size: small;\">RESTAURACI\u00d3N DE DA\u00d1OS<\/span><\/span><\/em><\/strong><\/li>\n<li><strong><em><span style=\"color: #000000;\"><span style=\"font-size: small;\">PABELLONES DEPORTIV<\/span><span style=\"font-size: small;\">OS<\/span><\/span><\/em><\/strong><\/li>\n<li><strong><em><span style=\"color: #000000;\"><span style=\"font-size: small;\">\u00c1REAS DE ALMACENAMIENTO<\/span><\/span><\/em><\/strong><\/li>\n<li><strong><em><span style=\"color: #000000;\"><span style=\"font-size: small;\">LABORATORIOS<\/span><\/span><\/em><\/strong><\/li>\n<li><strong><em><span style=\"color: #000000;\"><span style=\"font-size: small;\">ETC.<\/span><\/span> <\/em><\/strong><\/li>\n<\/ul>\n<p style=\"text-align: left;\"><strong><em><span style=\"font-size: small; color: #000000;\">RECOMENDADOS PARA LIMPIEZA Y RESTAURACI\u00d3N.<\/span><\/em><\/strong><\/p>\n","protected":false},"featured_media":2280,"comment_status":"closed","ping_status":"closed","template":"","meta":[],"pwb-brand":[],"product_brand":[],"product_cat":[697,378,863],"product_tag":[],"class_list":{"0":"post-17752","1":"product","2":"type-product","3":"status-publish","4":"has-post-thumbnail","6":"product_cat-por-condensacion","7":"product_cat-deshumidificadores-condensacion-desecantes","8":"product_cat-portatiles-110-volts-deshumidificadores-por-condensacion-refrigeracion","10":"first","11":"onbackorder","12":"purchasable","13":"product-type-simple"},"brands":[],"_links":{"self":[{"href":"https:\/\/h2otek.com\/tienda\/wp-json\/wp\/v2\/product\/17752","targetHints":{"allow":["GET"]}}],"collection":[{"href":"https:\/\/h2otek.com\/tienda\/wp-json\/wp\/v2\/product"}],"about":[{"href":"https:\/\/h2otek.com\/tienda\/wp-json\/wp\/v2\/types\/product"}],"replies":[{"embeddable":true,"href":"https:\/\/h2otek.com\/tienda\/wp-json\/wp\/v2\/comments?post=17752"}],"wp:featuredmedia":[{"embeddable":true,"href":"https:\/\/h2otek.com\/tienda\/wp-json\/wp\/v2\/media\/2280"}],"wp:attachment":[{"href":"https:\/\/h2otek.com\/tienda\/wp-json\/wp\/v2\/media?parent=17752"}],"wp:term":[{"taxonomy":"pwb-brand","embeddable":true,"href":"https:\/\/h2otek.com\/tienda\/wp-json\/wp\/v2\/pwb-brand?post=17752"},{"taxonomy":"product_brand","embeddable":true,"href":"https:\/\/h2otek.com\/tienda\/wp-json\/wp\/v2\/product_brand?post=17752"},{"taxonomy":"product_cat","embeddable":true,"href":"https:\/\/h2otek.com\/tienda\/wp-json\/wp\/v2\/product_cat?post=17752"},{"taxonomy":"product_tag","embeddable":true,"href":"https:\/\/h2otek.com\/tienda\/wp-json\/wp\/v2\/product_tag?post=17752"}],"curies":[{"name":"wp","href":"https:\/\/api.w.org\/{rel}","templated":true}]}}