{"id":17661,"date":"2021-07-06T21:14:17","date_gmt":"2021-07-06T21:14:17","guid":{"rendered":"https:\/\/h2otek.com\/tienda\/producto\/deshumidificador-hvac-110v-1-fase-360-cfm-880w-comercial-industrial-marca-ebac-mod-cd-85\/"},"modified":"2026-01-24T17:22:16","modified_gmt":"2026-01-24T17:22:16","slug":"deshumidificador-hvac-110v-1-fase-360-cfm-880w-comercial-industrial-marca-ebac-mod-cd-85","status":"publish","type":"product","link":"https:\/\/h2otek.com\/tienda\/producto\/deshumidificador-hvac-110v-1-fase-360-cfm-880w-comercial-industrial-marca-ebac-mod-cd-85\/","title":{"rendered":"DESHUMIDIFICADOR HVAC 110V 1 FASE 360 CFM 880W COMERCIAL-INDUSTRIAL MARCA EBAC MOD. CD85"},"content":{"rendered":"<p align=\"center\"><img fetchpriority=\"high\" decoding=\"async\" src=\"https:\/\/h2otek.com\/tienda\/img\/cms\/controlhumedad\/deshumidificadores\/ebac\/header-deshumidificador-hvac-ebac-CD-85.jpg\" alt=\"\" width=\"650\" height=\"300\" \/><\/p>\n<div style=\"text-align: justify;\"><\/div>\n<div style=\"text-align: justify;\">\n<p><strong>APLICACI\u00d3N<\/strong><br \/>\nEl <strong>deshumidificador industrial\/comercial EIPL CD85<\/strong> ha sido dise\u00f1ado para proporcionar control de humedad eficiente de energ\u00eda en una amplia gama de aplicaciones que incluyen oficinas, laboratorios, apartamentos, \u00e1reas de almacenamiento, restaurantes, bares, museos, vestuarios, computadoras, salas de telecomunicaciones, s\u00f3tanos y espacios de arrastre . Es una unidad silenciosa, de alta eficiencia y alta capacidad dise\u00f1ada para satisfacer sus necesidades de HVAC. Las posiciones de entrada y salida configurables aseguran flexibilidad para todas las aplicaciones.<\/p>\n<p><strong>CARACTER\u00cdSTICAS CLAVES DEL DISE\u00d1O<\/strong><br \/>\nHumidistato de control ajustable para mantener el nivel de sequedad, Un punto de drenaje conveniente para la recolecci\u00f3n de condensaci\u00f3n de manguera, Posiciones de entrada y salida configurables, Filtro de entrada, caracter\u00edstica de descongelaci\u00f3n exclusiva de &#8220;Gas caliente&#8221; de EIP que derrite autom\u00e1ticamente la acumulaci\u00f3n de escarcha y proporciona un funcionamiento eficaz a bajas temperaturas ambiente , Chasis y carcasa robustos, recubiertos con pintura epoxi en acero, Simplicidad de instalaci\u00f3n y funcionamiento con un enchufe est\u00e1ndar de 115 V, cable de alimentaci\u00f3n extralargo, bomba condensada de alta capacidad y totalmente autom\u00e1tica.<\/p>\n<p><strong>RENDIMIENTO COMPROBADO<\/strong><br \/>\nEl <strong>deshumidificador EIPL CD85 es una soluci\u00f3n independiente para su problema de humedad<\/strong>. La unidad se suministra con un humidistato, un cable de alimentaci\u00f3n extralargo y un tubo de condensado largo. Este preensamblaje simplifica el proceso de instalaci\u00f3n, reduciendo as\u00ed la instalaci\u00f3n general y el costo del proyecto. El compresor rotativo de alta eficiencia asegura la m\u00e1xima extracci\u00f3n con los menores costos de operaci\u00f3n. Las patas antivibratorias de goma garantizan que el ruido de funcionamiento\/funcionamiento se mantenga al m\u00ednimo.<\/p>\n<p><strong>EL PROBLEMA<\/strong><br \/>\nEl exceso de humedad en su espacio de arrastre, almac\u00e9n, oficina, f\u00e1brica o tienda da como resultado corrosi\u00f3n, crecimiento de moho y pudrici\u00f3n. Todos los a\u00f1os se incurre en enormes costos debido a da\u00f1os en el inventario y a costos de mantenimiento de edificios inflados como resultado de la humedad. Incluso si su edificio parece estar seco durante el d\u00eda, en la noche, cuando baja la temperatura, la humedad aumenta y comienza el proceso de condensaci\u00f3n. El tama\u00f1o compacto y el alto rendimiento hacen que el CD85 sea la elecci\u00f3n ideal para \u00e1reas que requieren control de humedad.<\/p>\n<p><strong>EL DESHUMIDIFICADOR<\/strong><\/p>\n<p>Los deshumidificadores EIPL son soluciones efectivas para los problemas de control ambiental. Las gamas de unidades de CD son deshumidificadores de alta capacidad, hechos para operar a altas eficiencias al eliminar la humedad del aire a trav\u00e9s del proceso de refrigeraci\u00f3n. El ventilador extrae el aire h\u00famedo a trav\u00e9s de la bobina fr\u00eda del evaporador, que enfr\u00eda el aire por debajo de su punto de roc\u00edo. La humedad se forma en la bobina del evaporador y se recoge en la bandeja de condensado, que est\u00e1 equipada con una bomba interna de condensado para eliminar f\u00e1cilmente la humedad acumulada.<\/p>\n<p>Luego, el aire enfriado pasa a trav\u00e9s de la bobina del condensador caliente, donde se recalienta utilizando la misma energ\u00eda eliminada durante la fase de enfriamiento, m\u00e1s el calor adicional generado por el compresor. El aire, por lo tanto, se descarga desde el deshumidificador a una temperatura ligeramente m\u00e1s alta con una humedad absoluta m\u00e1s baja que la que ingres\u00f3. La circulaci\u00f3n continua de aire a trav\u00e9s del deshumidificador reduce gradualmente la humedad relativa dentro del \u00e1rea. Debido a que las gamas de CD de las unidades est\u00e1n equipadas con un humidistato interno, se encienden y se apagan autom\u00e1ticamente para ahorrar energ\u00eda y gastos al mantener el nivel de humedad deseado con un funcionamiento intermitente.<\/p>\n<p>Las caracter\u00edsticas adicionales del CD85 hacen que la unidad sea la elecci\u00f3n ideal para todas las instalaciones. La bomba de condensado interna garantiza que la unidad sea capaz de bombear agua a puntos de drenaje m\u00e1s altos.<\/p>\n<p><strong>CARACTER\u00cdSTICAD PRINCIPALES:<\/strong><\/p>\n<ul>\n<li>Humidistato de control ajustable para mantener el nivel de sequedad<\/li>\n<li>Un punto de drenaje conveniente para la recolecci\u00f3n de condensaci\u00f3n de la conexi\u00f3n de la manguera<\/li>\n<li>Posiciones configurables de entrada y salida<\/li>\n<li>Filtro de entrada<\/li>\n<li>Funci\u00f3n de descongelaci\u00f3n exclusiva de &#8220;Gas caliente&#8221; de EIP que funde autom\u00e1ticamente la acumulaci\u00f3n de escarcha y proporciona un funcionamiento eficaz a bajas temperaturas ambiente<\/li>\n<li>Chasis y carcasa de acero recubierto de polvo ep\u00f3xico robusto.<\/li>\n<li>Simplicidad de instalaci\u00f3n y operaci\u00f3n con un enchufe est\u00e1ndar de 115V<\/li>\n<li>Cable de alimentaci\u00f3n extra largo.<\/li>\n<li>Bomba de condensado de alta capacidad, totalmente autom\u00e1tica<\/li>\n<\/ul>\n<\/div>\n<p>&nbsp;<\/p>\n<p style=\"text-align: center;\"><strong><br \/>\nCOMBINACIONES FLEXIBLES DE ENTRADA\/SALIDA<\/strong><\/p>\n<p style=\"text-align: center;\"><img decoding=\"async\" src=\"https:\/\/h2otek.com\/tienda\/img\/cms\/controlhumedad\/deshumidificadores\/ebac\/combinaciones-deshumidificador-ebac-CD85.gif\" alt=\"\" width=\"650\" height=\"292\" \/><\/p>\n<p>&nbsp;<\/p>\n<p>&nbsp;<\/p>\n<p style=\"text-align: center;\"><strong>TABLA DE ESPECIFICACIONES:<\/strong><\/p>\n<p align=\"center\"><img decoding=\"async\" src=\"https:\/\/h2otek.com\/tienda\/img\/cms\/controlhumedad\/deshumidificadores\/ebac\/especificaciones-deshumidificador-ebac-CD85.gif\" alt=\"\" width=\"565\" height=\"587\" \/><\/p>\n<p><span style=\"color: #4a4a4a;\"><strong>DESCARGAR MANUALES:<\/strong><\/span><\/p>\n<ul>\n<li><strong><a href=\"https:\/\/www.h2otek.com\/tienda\/pdf\/controlhumedad\/FOLLETO%20DESHUMIDIFICADOR%20HVAC%20EBAC%20CD85%20.pdf\" target=\"_blank\" rel=\"noopener\">FOLLETO<\/a><\/strong><\/li>\n<li><strong><a href=\"https:\/\/www.h2otek.com\/tienda\/pdf\/controlhumedad\/MANUAL%20DEL%20USUARIO%20DESHUMIDIFICADOR%20HVAC%20EBAC%20CD85%20.pdf\" target=\"_blank\" rel=\"noopener\">MANUAL DEL USUARIO<\/a><\/strong><\/li>\n<li><strong><a href=\"https:\/\/www.h2otek.com\/tienda\/pdf\/controlhumedad\/DIAGRAMA%20DE%20CABLEADO%20DESHUMIDIFICADOR%20HVAC%20EBAC%20CD85%20.pdf\" target=\"_blank\" rel=\"noopener\">DIAGRAMA DE CABLEADO<\/a><\/strong><\/li>\n<li><strong><a href=\"https:\/\/www.h2otek.com\/tienda\/pdf\/controlhumedad\/LISTA%20DE%20PARTES%20DESHUMIDIFICADOR%20HVAC%20EBAC%20CD85%20.pdf\" target=\"_blank\" rel=\"noopener\">LISTA DE PARTES<\/a><\/strong><\/li>\n<\/ul>\n<p>&nbsp;<\/p>\n<div>\n<p><strong>PRECIO INCLUYE GASTOS DE ENVIO (GRATIS) E IMPUESTO\u00a016% DE IVA<\/strong><\/p>\n<\/div>\n","protected":false},"excerpt":{"rendered":"<p><span style=\"color: #ff0000;\"><strong>PRECIO EN D\u00d3LARES US.<\/strong><\/span><\/p>\n<p><em><strong>EFICIENTE Y PRACTICO DESHUMIDIFICADOR\u00a0IDEAL PARA:<\/strong><\/em><\/p>\n<ul>\n<li><em><strong>APLICACION CON DUCTOS O EN DESCARGA LIBRE<\/strong><\/em><\/li>\n<li><em><strong>CASAS<\/strong><\/em><\/li>\n<li><em><strong>CUARTOS<\/strong><\/em><\/li>\n<li><em><strong>S\u00d3TANOS<\/strong><\/em><\/li>\n<li><em><strong>PASILLOS<\/strong><\/em><\/li>\n<li><em><strong>ESCUELAS<\/strong><\/em><\/li>\n<li><em><strong>LABORATORIOS<\/strong><\/em><\/li>\n<li><em><strong>CUARTOS DE PRUEBA<\/strong><\/em><\/li>\n<li><em><strong>CUARTOS LIMPIOS,<\/strong><\/em><em><strong>\u00a0ETC.<\/strong><\/em><\/li>\n<\/ul>\n","protected":false},"featured_media":2302,"comment_status":"closed","ping_status":"closed","template":"","meta":[],"pwb-brand":[],"product_brand":[],"product_cat":[404],"product_tag":[],"class_list":{"0":"post-17661","1":"product","2":"type-product","3":"status-publish","4":"has-post-thumbnail","6":"product_cat-para-ducto-hvac","8":"first","9":"onbackorder","10":"purchasable","11":"product-type-simple"},"brands":[],"_links":{"self":[{"href":"https:\/\/h2otek.com\/tienda\/wp-json\/wp\/v2\/product\/17661","targetHints":{"allow":["GET"]}}],"collection":[{"href":"https:\/\/h2otek.com\/tienda\/wp-json\/wp\/v2\/product"}],"about":[{"href":"https:\/\/h2otek.com\/tienda\/wp-json\/wp\/v2\/types\/product"}],"replies":[{"embeddable":true,"href":"https:\/\/h2otek.com\/tienda\/wp-json\/wp\/v2\/comments?post=17661"}],"wp:featuredmedia":[{"embeddable":true,"href":"https:\/\/h2otek.com\/tienda\/wp-json\/wp\/v2\/media\/2302"}],"wp:attachment":[{"href":"https:\/\/h2otek.com\/tienda\/wp-json\/wp\/v2\/media?parent=17661"}],"wp:term":[{"taxonomy":"pwb-brand","embeddable":true,"href":"https:\/\/h2otek.com\/tienda\/wp-json\/wp\/v2\/pwb-brand?post=17661"},{"taxonomy":"product_brand","embeddable":true,"href":"https:\/\/h2otek.com\/tienda\/wp-json\/wp\/v2\/product_brand?post=17661"},{"taxonomy":"product_cat","embeddable":true,"href":"https:\/\/h2otek.com\/tienda\/wp-json\/wp\/v2\/product_cat?post=17661"},{"taxonomy":"product_tag","embeddable":true,"href":"https:\/\/h2otek.com\/tienda\/wp-json\/wp\/v2\/product_tag?post=17661"}],"curies":[{"name":"wp","href":"https:\/\/api.w.org\/{rel}","templated":true}]}}