{"id":17615,"date":"2021-07-06T21:14:07","date_gmt":"2021-07-06T21:14:07","guid":{"rendered":"https:\/\/h2otek.com\/tienda\/producto\/bomba-cerrada-manejo-directo-2-1-gpm-marca-aeromist-modelo-60200kh\/"},"modified":"2024-03-25T19:13:48","modified_gmt":"2024-03-25T19:13:48","slug":"bomba-cerrada-manejo-directo-2-1-gpm-marca-aeromist-modelo-60200kh","status":"publish","type":"product","link":"https:\/\/h2otek.com\/tienda\/producto\/bomba-cerrada-manejo-directo-2-1-gpm-marca-aeromist-modelo-60200kh\/","title":{"rendered":"BOMBA CERRADA MANEJO DIRECTO 2.1 GPM MARCA AEROMIST\u00ae MODELO 60200KH"},"content":{"rendered":"<p style=\"text-align: center;\"><img fetchpriority=\"high\" decoding=\"async\" src=\"https:\/\/h2otek.com\/tienda\/img\/cms\/controlhumedad\/aeromist\/misting-pumps\/header-aeromist-bomba-sola-enclosed-1000PSI-60200KH.jpg\" alt=\"\" width=\"650\" height=\"300\" \/><\/p>\n<p style=\"text-align: justify;\"><strong>DESCRIPCI\u00d3N GENERAL DEL PRODUCTO:<\/strong><\/p>\n<p>Las Bombas de Nebulizaci\u00f3n mejoran la eficacia del sistema en su conjunto para enfriar \u00e1reas al aire libre mediante la creaci\u00f3n de una niebla fina.<\/p>\n<p><strong>VISTA R\u00c1PIDA<\/strong><br \/>\n<strong>Capacidad de la bomba de 1000 PSI:<\/strong><\/p>\n<ul>\n<li>50-100 .008 Boquillas de nebulizaci\u00f3n<\/li>\n<li>Boquillas de nebulizaci\u00f3n 37-75 .012<\/li>\n<li>32-65 .014 Boquillas de nebulizaci\u00f3n<\/li>\n<li>120 voltios 60Hz 15 amperios<\/li>\n<li>Motor de 1.5 HP 1725 RPM<\/li>\n<li>Filtro doble montado en la bomba<\/li>\n<\/ul>\n<p>&nbsp;<\/p>\n<p><strong>ESPECIFICACIONES:<\/strong><\/p>\n<ul>\n<li>Peso y dimensiones: 75 lbs; L 24&#8243; W 15&#8243; H 13&#8243;\u00b7<\/li>\n<li>Caracter\u00edsticas: motor el\u00e9ctrico TEFC (sku: 31043), man\u00f3metro de glicerina (sku: 57251), regulador ajustable, solenoide<\/li>\n<li>Elemento filtrante de 10&#8243; de 1 micr\u00f3n (sku: 57006)<\/li>\n<li>Elemento filtrante de 10&#8243; de 5 micrones (sku: 57011)<\/li>\n<li>Aceite de repuesto para bomba CAT (sku: 57025)<\/li>\n<\/ul>\n<p>&nbsp;<\/p>\n<p style=\"text-align: justify;\"><strong>ESPECIFICACIONES COMUNES DE LA CABEZA DE LA BOMBA<\/strong><br \/>\nRango de presi\u00f3n de entrada. (Est\u00e1ndar) Inundado a 75 psi (Inundado a 5.25 bar)&#8230;&#8230;&#8230;&#8230;&#8230;&#8230;&#8230;&#8230;&#8230;&#8230;&#8230;&#8230;&#8230;&#8230; (Hi-Temp) 30 a 75 psi (2,1 a 5,25 bar)<br \/>\nAburrir&#8230;&#8230;&#8230;&#8230;&#8230;&#8230;&#8230;&#8230;&#8230;&#8230;&#8230;&#8230;&#8230;&#8230;&#8230;&#8230;. &#8230;. 0,708\u201d (18 mm)<br \/>\nMax. Temperatura del l\u00edquido. (Est\u00e1ndar) 160\u00b0 F (71\u00b0 C)&#8230;&#8230;&#8230;&#8230;&#8230;&#8230;&#8230;&#8230;&#8230;&#8230;&#8230;&#8230;&#8230;&#8230; (Alta temperatura) 190\u00b0 F (88 \u00b0 C)<br \/>\nPor encima de 130\u00b0 F, ll\u00e1menos para conocer las condiciones de entrada y las recomendaciones de elast\u00f3mero.<br \/>\nCapacidad del c\u00e1rter &#8230;&#8230;&#8230;&#8230;&#8230;&#8230;&#8230;&#8230;&#8230;&#8230; 11.15 oz.<br \/>\nPuertos de entrada (1) &#8230;&#8230;&#8230;&#8230;&#8230;&#8230;&#8230;&#8230;&#8230; 3\/8\u201d NPTF<br \/>\nPuertos de descarga (2) &#8230;&#8230;&#8230;&#8230;&#8230;&#8230;&#8230;&#8230;. 3\/8\u201d NPTF<br \/>\nPuertos de derivaci\u00f3n (1) &#8230;&#8230;&#8230;&#8230;&#8230;&#8230;&#8230;&#8230; 1\/4&#8243; NPTF<\/p>\n<p>&nbsp;<\/p>\n<p>Complementos opcionales:<\/p>\n<p>Filtro doble con elemento filtrante de 1 micra. Este filtro detendr\u00e1 las part\u00edculas m\u00e1s peque\u00f1as en el agua y ayudar\u00e1 a evitar que las boquillas se obstruyan.<\/p>\n<p>El interruptor de baja presi\u00f3n evita que la bomba se encienda cuando el suministro de agua se cierra inadvertidamente. Esto evita da\u00f1os a la bomba.<\/p>\n<p style=\"text-align: justify;\"><em>12 MESES DE GARANT\u00cdA BAJO CUALQUIER DEFECTO DE FABRICACI\u00d3N<\/em><\/p>\n<p>&nbsp;<\/p>\n<p>&nbsp;<\/p>\n<p><span style=\"color: #4a4a4a;\"><strong>DESCARGAR MANUALES:<\/strong><\/span><\/p>\n<ul>\n<li><strong><a href=\"https:\/\/h2otek.com\/tienda\/img\/cms\/controlhumedad\/aeromist\/misting-pumps\/MANUAL%20INSTRUCCIONES%20BOMBAS%20MANEJO%20DIRECTO%20CERRADO%201000%20PSI%2060030KH-60150KH.pdf\" target=\"_blank\" rel=\"noopener\">MANUAL DE INSTRUCCIONES<\/a><\/strong><\/li>\n<li><strong><a href=\"https:\/\/h2otek.com\/tienda\/img\/cms\/controlhumedad\/aeromist\/misting-pumps\/ESPECIFICACIONES%20BOMBAS%20MANEJO%20DIRECTO%20CERRADO%201000%20PSI%2060100KH.pdf\" target=\"_blank\" rel=\"noopener\">ESPECIFICACIONES<\/a><\/strong><\/li>\n<li><strong><a href=\"https:\/\/h2otek.com\/tienda\/img\/cms\/controlhumedad\/aeromist\/misting-pumps\/MANUAL%20SERVICIOS%20BOMBAS%20MANEJO%20DIRECTO%20CERRADO%201000%20PSI%2060030KH-60150KH.pdf\" target=\"_blank\" rel=\"noopener\">MANUAL DE SERVICIO<\/a><\/strong><\/li>\n<li><strong><span style=\"color: #0000ff;\"><a href=\"https:\/\/h2otek.com\/tienda\/pdf\/controlhumedad\/CATALOGO%20PRODUCTOS%20AEROMIST.pdf\" target=\"_blank\" rel=\"noopener\">CAT\u00c1LOGO PRODUCTOS AEROMIST\u00ae<\/a><\/span><\/strong><\/li>\n<li><strong><span style=\"color: #0000ff;\"><a href=\"https:\/\/h2otek.com\/tienda\/pdf\/controlhumedad\/MANUAL%20DEL%20USUARIO%20PRODUCTOS%20AEROMIST.pdf\" target=\"_blank\" rel=\"noopener\">MANUAL DEL USUARIO PRODUCTOS AEROMIST\u00ae<\/a><\/span><\/strong><\/li>\n<\/ul>\n<p>&nbsp;<\/p>\n","protected":false},"excerpt":{"rendered":"<p><span style=\"color: #ff0000;\"><strong>PRECIO\u00a0EN\u00a0D\u00d3LARES US.<br \/>\nPRECIO INCLUYE 16 % DE I.V.A.<br \/>\nPRECIO INCLUYE ENVIO (ZONA CENTRO).<\/strong><\/span><\/p>\n<p><strong><em>HUMIDIFICADORES IDEALES PARA:<\/em><\/strong><\/p>\n<ul>\n<li><em><strong>PATIOS<\/strong><\/em><\/li>\n<li><em><strong>JARDINES<\/strong><\/em><\/li>\n<li><em><strong>ESPACIOS SOCIALES<\/strong><\/em><\/li>\n<li><em><strong>ALMACENES<\/strong><\/em><\/li>\n<li><em><strong>PROCESOS<\/strong><\/em><\/li>\n<li><em><strong>LABORATORIOS<\/strong><\/em><\/li>\n<li><em><strong>CUARTOS DE PRUEBA<\/strong><\/em><\/li>\n<li><em><strong>COMERCIOS<\/strong><\/em><\/li>\n<li><em><strong>RESTAURANTES<\/strong><\/em><\/li>\n<li><em><strong>TERRAZAS<\/strong><\/em><\/li>\n<li><em><strong>INDUSTRIA EN GENERAL,\u00a0ETC.<\/strong><\/em><\/li>\n<\/ul>\n","protected":false},"featured_media":7780,"comment_status":"closed","ping_status":"closed","template":"","meta":[],"pwb-brand":[],"product_brand":[],"product_cat":[989,939,362],"product_tag":[],"class_list":{"0":"post-17615","1":"product","2":"type-product","3":"status-publish","4":"has-post-thumbnail","6":"product_cat-bomba-cerrada-manejo-directo-1000-psi","7":"product_cat-cerrada-manejo-directo-1000-psi","8":"product_cat-control-de-humedad-humidificadores-deshumidificadores","10":"first","11":"onbackorder","12":"purchasable","13":"product-type-simple"},"brands":[],"_links":{"self":[{"href":"https:\/\/h2otek.com\/tienda\/wp-json\/wp\/v2\/product\/17615","targetHints":{"allow":["GET"]}}],"collection":[{"href":"https:\/\/h2otek.com\/tienda\/wp-json\/wp\/v2\/product"}],"about":[{"href":"https:\/\/h2otek.com\/tienda\/wp-json\/wp\/v2\/types\/product"}],"replies":[{"embeddable":true,"href":"https:\/\/h2otek.com\/tienda\/wp-json\/wp\/v2\/comments?post=17615"}],"wp:featuredmedia":[{"embeddable":true,"href":"https:\/\/h2otek.com\/tienda\/wp-json\/wp\/v2\/media\/7780"}],"wp:attachment":[{"href":"https:\/\/h2otek.com\/tienda\/wp-json\/wp\/v2\/media?parent=17615"}],"wp:term":[{"taxonomy":"pwb-brand","embeddable":true,"href":"https:\/\/h2otek.com\/tienda\/wp-json\/wp\/v2\/pwb-brand?post=17615"},{"taxonomy":"product_brand","embeddable":true,"href":"https:\/\/h2otek.com\/tienda\/wp-json\/wp\/v2\/product_brand?post=17615"},{"taxonomy":"product_cat","embeddable":true,"href":"https:\/\/h2otek.com\/tienda\/wp-json\/wp\/v2\/product_cat?post=17615"},{"taxonomy":"product_tag","embeddable":true,"href":"https:\/\/h2otek.com\/tienda\/wp-json\/wp\/v2\/product_tag?post=17615"}],"curies":[{"name":"wp","href":"https:\/\/api.w.org\/{rel}","templated":true}]}}