{"id":17608,"date":"2021-07-06T21:14:02","date_gmt":"2021-07-06T21:14:02","guid":{"rendered":"https:\/\/h2otek.com\/tienda\/producto\/deshumidificador-para-ducto-con-filtro-tipo-hepa-70-litros-424-cfm-220v-1-fase-800-watts-marca-h2otek-mod-rddf-70l-d-424\/"},"modified":"2024-10-18T18:43:23","modified_gmt":"2024-10-18T18:43:23","slug":"deshumidificador-para-ducto-con-filtro-tipo-hepa-70-litros-424-cfm-220v-1-fase-800-watts-marca-h2otek-mod-rddf-70l-d-424","status":"publish","type":"product","link":"https:\/\/h2otek.com\/tienda\/producto\/deshumidificador-para-ducto-con-filtro-tipo-hepa-70-litros-424-cfm-220v-1-fase-800-watts-marca-h2otek-mod-rddf-70l-d-424\/","title":{"rendered":"DESHUMIDIFICADOR PARA DUCTO CON FILTRO TIPO HEPA (70 LITROS) 424 CFM 220V 1 FASE 800 WATTS MARCA H2OTEK MOD RDDF-70L\/D-424"},"content":{"rendered":"<p align=\"center\"><img fetchpriority=\"high\" decoding=\"async\" src=\"https:\/\/h2otek.com\/tienda\/img\/cms\/controlhumedad\/h2otek\/deshumidificadores\/2017\/header-deshumidificador-ducto-filtro-hepa-70.jpg\" alt=\"header-deshumidificador-ducto-filtro-hep\" width=\"650\" height=\"300\" \/><\/p>\n<p>Utiliza refrigeraci\u00f3n y circulaci\u00f3n de aire interna para enfriar la corriente de aire entrante debajo de su punto de roc\u00edo, y el vapor de agua saldr\u00e1 a trav\u00e9s de la placa debajo del evaporador. El aire procesado se recalienta pasando a trav\u00e9s del condensador.<\/p>\n<p style=\"text-align: justify;\">El calor eliminado por el evaporador se devuelve a la corriente, resultando en un aumento general de temperatura en el aire procesado. La circulaci\u00f3n continua hace que la humedad interior se reduzca gradualmente.<\/p>\n<p>El deshumidificador montado en techo o pared puede funcionar con conducto de ventilaci\u00f3n con v\u00e1lvula de viento, tambi\u00e9n se puede utilizar por separado.<\/p>\n<p style=\"text-align: justify;\"><strong>CARACTER\u00cdSTICAS GENERALES:<\/strong><\/p>\n<ul>\n<li>Pintas: 120<\/li>\n<li>Voltaje: 220V\/60Hz<\/li>\n<li>Fases: 1<\/li>\n<li>Watts: 800<\/li>\n<li>Amperes: 7<\/li>\n<li>Temperatura de trabajo: 5\u00b0C-38\u00b0C<\/li>\n<li>FILTRO DE AIRE TIPO HEPA ESPECIFICACI\u00d3N G4<\/li>\n<\/ul>\n<p>&nbsp;<\/p>\n<p align=\"center\"><strong>PARTES<\/strong><\/p>\n<p align=\"center\"><img decoding=\"async\" src=\"https:\/\/h2otek.com\/tienda\/img\/cms\/controlhumedad\/h2otek\/deshumidificadores\/2017\/partes-deshumidificador-ducto-filtro-hepa.jpg\" alt=\"\" width=\"664\" height=\"390\" \/><\/p>\n<div style=\"text-align: center;\">\n<p><strong>COMPONENTES PRINCIPALES<\/strong><\/p>\n<p><img decoding=\"async\" src=\"https:\/\/h2otek.com\/tienda\/img\/cms\/controlhumedad\/h2otek\/deshumidificadores\/2017\/componentes-deshumidificador-ducto-filtro-hepa.jpg\" alt=\"\" width=\"400\" height=\"277\" \/><\/p>\n<\/div>\n<p>&nbsp;<\/p>\n<ol>\n<li>Ventilador Turbo<\/li>\n<li>Placa de circuito<\/li>\n<li>Compresor horizontal<br \/>\nCaracter\u00edsticas: Los compresores horizontales son m\u00e1s bajos que los compresores convencionales y pueden reducir el espesor de la unidad, lo que puede ayudar a mejorar la altura del techo<\/li>\n<li>Evaporador y condensador<br \/>\nCaracter\u00edsticas: Como se muestra en el lado del evaporador y el condensador aument\u00f3 una gran cantidad de aletas, aumentando el \u00e1rea de contacto del flujo de aire de entrada, mejorando as\u00ed la eficiencia de la deshumidificaci\u00f3n.<img loading=\"lazy\" decoding=\"async\" src=\"https:\/\/h2otek.com\/tienda\/img\/cms\/controlhumedad\/h2otek\/deshumidificadores\/2017\/componentes2-deshumidificador-ducto-filtro-hepa.jpg\" alt=\"\" width=\"420\" height=\"339\" \/><\/li>\n<li>Filtro Tipo HEPA<br \/>\nCaracter\u00edsticas: Filtraci\u00f3n PM2.5 de eficiencia hasta el 80%, puede limpiar el aire interior cuando la deshumidificaci\u00f3n. El filtro se utiliza generalmente la vida es de 6 a 12 meses, dependiendo del \u00e1rea y la frecuencia de uso.<\/li>\n<li>V\u00e1lvula de aire el\u00e9ctrico<br \/>\nCaracter\u00edsticas: Cuando la deshumidificaci\u00f3n, la v\u00e1lvula de aire el\u00e9ctrica en la pipa de aire fresco se cerrar\u00e1 autom\u00e1ticamente, de modo que la m\u00e1quina apenas deshumidificaci\u00f3n y no interferencia por el aire mojado en al aire libre.<\/li>\n<\/ol>\n<p style=\"text-align: center;\"><strong>TABLA DE ESPECIFICACIONES<\/strong><\/p>\n<p align=\"center\"><img loading=\"lazy\" decoding=\"async\" class=\"alignnone wp-image-30418 size-full\" src=\"https:\/\/h2otek.com\/tienda\/wp-content\/uploads\/2021\/07\/especificaciones-deshumidificador-h2otek-RDDF-70L.jpg\" alt=\"\" width=\"494\" height=\"731\" srcset=\"https:\/\/h2otek.com\/tienda\/wp-content\/uploads\/2021\/07\/especificaciones-deshumidificador-h2otek-RDDF-70L.jpg 494w, https:\/\/h2otek.com\/tienda\/wp-content\/uploads\/2021\/07\/especificaciones-deshumidificador-h2otek-RDDF-70L-203x300.jpg 203w, https:\/\/h2otek.com\/tienda\/wp-content\/uploads\/2021\/07\/especificaciones-deshumidificador-h2otek-RDDF-70L-41x60.jpg 41w, https:\/\/h2otek.com\/tienda\/wp-content\/uploads\/2021\/07\/especificaciones-deshumidificador-h2otek-RDDF-70L-61x90.jpg 61w\" sizes=\"(max-width: 494px) 100vw, 494px\" \/><\/p>\n<ul>\n<li><span style=\"font-size: small; color: #ff0000;\"><strong>DEBIDO AL PROCESO DE DESHUMIDIFICACION, EL EQUIPO INYECTA AIRE, ADEMAS DE SECARLO, CON UN AUMENTO EN LA TEMPERATURA DE 5 A 10 GRADOS CENTRIGRADOS ARRIBA, DE LA TEMPERATURA DE AIRE RETORNADA, ESTO ES IMPORTANTE TOMARLO EN CUENTA, EN LOS ESTUDIOS DE CARGAS TERMICAS.\u00a0 <\/strong><\/span><\/li>\n<li><span style=\"font-size: small; color: #ff0000;\"><strong>NO ES RECOMENDABLE UTILIZAR DESHUMIDIFICADORES POR SISTEMA DE REFRIGERACION, CUANDO EL PORCENTAJE DE HUMEDAD, DENTRO DEL CUARTO, SE REQUIERE MUY BAJO (35-40% O MENOS). PARA ESTOS CASOS SE REQUIERE DESHUMIDIFICADORES DESECANTES:<br \/>\n<strong><a href=\"https:\/\/h2otek.com\/tienda\/188-sistema-desecante\" target=\"_blank\" rel=\"noopener\">https:\/\/h2otek.com\/tienda\/188-sistema-desecante<\/a><\/strong><\/strong><\/span><\/li>\n<\/ul>\n<p align=\"center\"><strong><em><br \/>\nGARANT\u00cdA: 12 MESES DE GARANT\u00cdA SOBRE CUALQUIER DEFECTO DE FABRICACI\u00d3N<\/em><\/strong><\/p>\n<p>&nbsp;<\/p>\n<p style=\"text-align: center;\"><strong>FOTOS<\/strong><\/p>\n<p align=\"center\"><em>(Pr\u00f3ximamente)<\/em><\/p>\n<p align=\"center\"><span style=\"font-weight: bold;\">VIDEOS:<\/span><\/p>\n<p align=\"center\"><iframe src=\"https:\/\/www.youtube.com\/embed\/uCD_kmfUonY\" width=\"560\" height=\"315\" frameborder=\"0\"><\/iframe><\/p>\n<p style=\"text-align: center;\"><iframe src=\"https:\/\/www.youtube.com\/embed\/4c5eknGG-Zk\" width=\"560\" height=\"315\" frameborder=\"0\"><\/iframe><\/p>\n<p style=\"text-align: center;\"><iframe src=\"https:\/\/www.youtube.com\/embed\/WRhM_hbiXOU\" width=\"560\" height=\"315\" frameborder=\"0\"><\/iframe><\/p>\n<p>&nbsp;<\/p>\n<p>&nbsp;<\/p>\n<p style=\"text-align: center;\"><img loading=\"lazy\" decoding=\"async\" src=\"https:\/\/h2otek.com\/tienda\/img\/cms\/garantia-insignias\/garantia-h2otek-2years.jpg\" alt=\"garantia-h2otek-2years.jpg\" width=\"350\" height=\"350\" \/><\/p>\n<p>&nbsp;<\/p>\n<p>&nbsp;<\/p>\n<p><strong>DESCARGAR MANUALES:<\/strong><\/p>\n<ul style=\"list-style-type: disc;\">\n<li><strong><a href=\"http:\/\/www.h2otek.com\/tienda\/pdf\/controlhumedad\/MANUAL%20TECNICO%20DESHUMIDIFICADOR%20PARA%20DUCTO%20CON%20FILTRO%20HEPA.pdf\" target=\"_blank\" rel=\"noopener\">MANUAL DEL USUARIO<\/a><\/strong><\/li>\n<\/ul>\n<div>\n<p>&nbsp;<\/p>\n<\/div>\n","protected":false},"excerpt":{"rendered":"<p><span style=\"color: #ff0000;\"><strong>PRECIO EN D\u00d3LARES US.<\/strong><\/span><br \/>\n<span style=\"color: #ff0000;\"><strong>PRECIO INCLUYE 16 % DE I.V.A.<\/strong><\/span><br \/>\n<span style=\"color: #ff0000;\"><strong>PRECIO INCLUYE ENVIO (ZONA CENTRO).<\/strong><\/span><\/p>\n<p style=\"text-align: left;\"><span style=\"font-style: italic; font-size: small; font-weight: bold; color: #000080;\">EFICIENTE DESHUMIDIFICADOR PARA DUCTOS, CAP. 120 PINTAS<br \/>\n<\/span><\/p>\n<p style=\"text-align: left;\"><span style=\"font-style: italic; font-weight: bold; font-size: small;\">APLICACIONES COMUNES\u00a0<\/span><span style=\"font-size: small; font-style: italic; font-weight: bold;\">EN DUCTOS PARA AIRE ACONDICIONADO, PARA:<\/span><\/p>\n<ul>\n<li><span style=\"font-style: italic; font-weight: bold; font-size: small;\">DEPARTAMENTOS<\/span><\/li>\n<li><span style=\"font-style: italic; font-weight: bold; font-size: small;\">VILLAS<\/span><\/li>\n<li><span style=\"font-style: italic; font-weight: bold; font-size: small;\">SALA DE CONFERENCIAS<\/span><\/li>\n<li><span style=\"font-style: italic; font-weight: bold; font-size: small;\">LABORATORIOS<\/span><\/li>\n<li><span style=\"font-style: italic; font-weight: bold; font-size: small;\">PROCESOS INDUSTRIALES<\/span><\/li>\n<li><span style=\"font-size: x-small;\"><strong><em><span style=\"font-size: small;\">HOTELES<\/span><\/em><\/strong><\/span><\/li>\n<li><span style=\"font-size: x-small;\"><strong><em><span style=\"font-size: small;\">AULAS DE INFORM\u00c1TICA<\/span><\/em><\/strong><\/span><\/li>\n<li><span style=\"font-style: italic; font-weight: bold; font-size: small;\">GRANAS DE HONGOS<\/span><\/li>\n<li><span style=\"font-style: italic; font-weight: bold; font-size: small;\">ALBERCAS<br \/>\n<\/span><\/li>\n<li><span style=\"font-style: italic; font-weight: bold; font-size: small;\">\u00c1REAS DE ENTRETENIMIENTO<\/span><\/li>\n<li><span style=\"font-style: italic; font-weight: bold; font-size: small;\">GIMNASIOS<\/span><span style=\"font-style: italic; font-weight: bold; font-size: small;\">,<\/span><span style=\"font-size: small; font-style: italic; font-weight: bold;\">\u00a0ETC.<\/span><\/li>\n<\/ul>\n","protected":false},"featured_media":4324,"comment_status":"closed","ping_status":"closed","template":"","meta":[],"pwb-brand":[],"product_brand":[],"product_cat":[876],"product_tag":[],"class_list":{"0":"post-17608","1":"product","2":"type-product","3":"status-publish","4":"has-post-thumbnail","6":"product_cat-para-ducto-hvac-220-volts-1-fase-deshumidificadores-por-condensacion-refrigeracion-pintura-electrostatica-fabricacion-deshumidificadores","8":"first","9":"onbackorder","10":"purchasable","11":"product-type-simple"},"brands":[],"_links":{"self":[{"href":"https:\/\/h2otek.com\/tienda\/wp-json\/wp\/v2\/product\/17608","targetHints":{"allow":["GET"]}}],"collection":[{"href":"https:\/\/h2otek.com\/tienda\/wp-json\/wp\/v2\/product"}],"about":[{"href":"https:\/\/h2otek.com\/tienda\/wp-json\/wp\/v2\/types\/product"}],"replies":[{"embeddable":true,"href":"https:\/\/h2otek.com\/tienda\/wp-json\/wp\/v2\/comments?post=17608"}],"wp:featuredmedia":[{"embeddable":true,"href":"https:\/\/h2otek.com\/tienda\/wp-json\/wp\/v2\/media\/4324"}],"wp:attachment":[{"href":"https:\/\/h2otek.com\/tienda\/wp-json\/wp\/v2\/media?parent=17608"}],"wp:term":[{"taxonomy":"pwb-brand","embeddable":true,"href":"https:\/\/h2otek.com\/tienda\/wp-json\/wp\/v2\/pwb-brand?post=17608"},{"taxonomy":"product_brand","embeddable":true,"href":"https:\/\/h2otek.com\/tienda\/wp-json\/wp\/v2\/product_brand?post=17608"},{"taxonomy":"product_cat","embeddable":true,"href":"https:\/\/h2otek.com\/tienda\/wp-json\/wp\/v2\/product_cat?post=17608"},{"taxonomy":"product_tag","embeddable":true,"href":"https:\/\/h2otek.com\/tienda\/wp-json\/wp\/v2\/product_tag?post=17608"}],"curies":[{"name":"wp","href":"https:\/\/api.w.org\/{rel}","templated":true}]}}