{"id":17605,"date":"2021-07-06T21:14:02","date_gmt":"2021-07-06T21:14:02","guid":{"rendered":"https:\/\/h2otek.com\/tienda\/producto\/barra-de-pulverizacion-de-acero-inoxidable-marca-aeromist-modelo-52430-301\/"},"modified":"2024-03-25T19:13:26","modified_gmt":"2024-03-25T19:13:26","slug":"barra-de-pulverizacion-de-acero-inoxidable-marca-aeromist-modelo-52430-301","status":"publish","type":"product","link":"https:\/\/h2otek.com\/tienda\/producto\/barra-de-pulverizacion-de-acero-inoxidable-marca-aeromist-modelo-52430-301\/","title":{"rendered":"BARRA DE PULVERIZACI\u00d3N DE ACERO INOXIDABLE MARCA AEROMIST\u00ae MODELO 52430-301"},"content":{"rendered":"<p style=\"text-align: center;\"><img decoding=\"async\" src=\"https:\/\/www.h2otek.com\/tienda\/Images\/nebulizacion\/aeromist\/torres\/header-aeromist_barra_pulv.jpg\" border=\"0\" \/><\/p>\n<p style=\"text-align: justify;\"><strong>DESCRIPCI\u00d3N GENERAL DEL PRODUCTO:<\/strong><\/p>\n<p style=\"text-align: justify;\">Barra de pulverizaci\u00f3n de acero inoxidable para torre port\u00e1til 52430(Las boquillas no est\u00e1n inclu\u00eddas con la barra de pulverizaci\u00f3n)<\/p>\n<ul>\n<li>Clasificado para 1000 PSI.<\/li>\n<\/ul>\n<p style=\"text-align: justify;\"><strong>DIMENSIONES:<\/strong><\/p>\n<ul>\n<li>Longitud = 28&#8243;<\/li>\n<li>Espaciado Boquilla = 7.5&#8243;<\/li>\n<li>La distancia desde el centro de puerto de boquilla a la curva en el cuello de la barra de pulverizaci\u00f3n es de 5&#8243;<\/li>\n<li>El di\u00e1metro exterior del tubo es de 3\/8&#8243;<\/li>\n<\/ul>\n<p>&nbsp;<\/p>\n<p><strong>DESCARGAR MANUALES<\/strong><\/p>\n<ul>\n<li>\u00a0<strong><a href=\"https:\/\/h2otek.com\/tienda\/pdf\/controlhumedad\/CATALOGO%20PRODUCTOS%20AEROMIST.pdf\" target=\"_blank\" rel=\"noopener\">CAT\u00c1LOGO PRODUCTOS AEROMIST\u00ae<\/a><\/strong><\/li>\n<li>\u00a0<strong><a href=\"https:\/\/h2otek.com\/tienda\/pdf\/controlhumedad\/MANUAL%20DEL%20USUARIO%20PRODUCTOS%20AEROMIST.pdf\" target=\"_blank\" rel=\"noopener\">MANUAL DEL USUARIO PRODUCTOS AEROMIST\u00ae<\/a><\/strong><\/li>\n<\/ul>\n<p>&nbsp;<\/p>\n<p><strong>PRECIO INCLUYE GASTOS DE ENVIO (GRATIS) E IMPUESTO 16% DE IVA<\/strong><\/p>\n","protected":false},"excerpt":{"rendered":"<p><strong><span style=\"color: #ff0000;\">PRECIO EN D\u00d3LARES US.<\/span><br \/>\n<span style=\"color: #ff0000;\">PRECIO INCLUYE 16 % DE I.V.A.<\/span><\/strong><\/p>\n<p style=\"text-align: left;\"><strong><em><span style=\"font-size: small;\">HUMIDIFICADORES IDEALES PARA:<\/span><\/em><\/strong><\/p>\n<ul>\n<li><span style=\"font-size: small; font-style: italic; font-weight: bold;\">PATIOS<\/span><\/li>\n<li><span style=\"font-size: small; font-style: italic; font-weight: bold;\">JARDINES<\/span><\/li>\n<li><span style=\"font-size: small; font-style: italic; font-weight: bold;\">ESPACIOS SOCIALES<\/span><\/li>\n<li><span style=\"font-size: small; font-style: italic; font-weight: bold;\">ALMACENES<\/span><\/li>\n<li><span style=\"font-size: small; font-style: italic; font-weight: bold;\">PROCESOS<\/span><\/li>\n<li><span style=\"font-size: small; font-style: italic; font-weight: bold;\">LABORATORIOS<\/span><\/li>\n<li><span style=\"font-size: small; font-style: italic; font-weight: bold;\">CUARTOS DE PRUEBA<\/span><\/li>\n<li><span style=\"font-size: small; font-style: italic; font-weight: bold;\">COMERCIOS<\/span><\/li>\n<li><span style=\"font-size: small; font-style: italic; font-weight: bold;\">RESTAURANTES<\/span><\/li>\n<li><span style=\"font-size: small; font-style: italic; font-weight: bold;\">TERRAZAS<\/span><\/li>\n<li><span style=\"font-size: small; font-style: italic; font-weight: bold;\">INDUSTRIA EN GENERAL<\/span><em><strong><span style=\"font-size: small;\">, <\/span><\/strong><\/em><span style=\"font-size: small; font-style: italic; font-weight: bold;\">ETC.<\/span><\/li>\n<\/ul>\n","protected":false},"featured_media":360,"comment_status":"closed","ping_status":"closed","template":"","meta":[],"pwb-brand":[],"product_brand":[],"product_cat":[362,1006],"product_tag":[],"class_list":{"0":"post-17605","1":"product","2":"type-product","3":"status-publish","4":"has-post-thumbnail","6":"product_cat-control-de-humedad-humidificadores-deshumidificadores","7":"product_cat-torres-para-nebulizacion","9":"first","10":"onbackorder","11":"purchasable","12":"product-type-simple"},"brands":[],"_links":{"self":[{"href":"https:\/\/h2otek.com\/tienda\/wp-json\/wp\/v2\/product\/17605","targetHints":{"allow":["GET"]}}],"collection":[{"href":"https:\/\/h2otek.com\/tienda\/wp-json\/wp\/v2\/product"}],"about":[{"href":"https:\/\/h2otek.com\/tienda\/wp-json\/wp\/v2\/types\/product"}],"replies":[{"embeddable":true,"href":"https:\/\/h2otek.com\/tienda\/wp-json\/wp\/v2\/comments?post=17605"}],"wp:featuredmedia":[{"embeddable":true,"href":"https:\/\/h2otek.com\/tienda\/wp-json\/wp\/v2\/media\/360"}],"wp:attachment":[{"href":"https:\/\/h2otek.com\/tienda\/wp-json\/wp\/v2\/media?parent=17605"}],"wp:term":[{"taxonomy":"pwb-brand","embeddable":true,"href":"https:\/\/h2otek.com\/tienda\/wp-json\/wp\/v2\/pwb-brand?post=17605"},{"taxonomy":"product_brand","embeddable":true,"href":"https:\/\/h2otek.com\/tienda\/wp-json\/wp\/v2\/product_brand?post=17605"},{"taxonomy":"product_cat","embeddable":true,"href":"https:\/\/h2otek.com\/tienda\/wp-json\/wp\/v2\/product_cat?post=17605"},{"taxonomy":"product_tag","embeddable":true,"href":"https:\/\/h2otek.com\/tienda\/wp-json\/wp\/v2\/product_tag?post=17605"}],"curies":[{"name":"wp","href":"https:\/\/api.w.org\/{rel}","templated":true}]}}