{"id":17589,"date":"2021-07-06T21:13:57","date_gmt":"2021-07-06T21:13:57","guid":{"rendered":"https:\/\/h2otek.com\/tienda\/producto\/boiler-de-paso-calentador-de-agua-a-gas-natural-cap-8-litros-minuto-linea-one-marca-rheem-mod-hrt-chl08n\/"},"modified":"2023-06-01T23:52:28","modified_gmt":"2023-06-01T23:52:28","slug":"boiler-de-paso-calentador-de-agua-a-gas-natural-cap-8-litros-minuto-linea-one-marca-rheem-mod-hrt-chl08n","status":"publish","type":"product","link":"https:\/\/h2otek.com\/tienda\/producto\/boiler-de-paso-calentador-de-agua-a-gas-natural-cap-8-litros-minuto-linea-one-marca-rheem-mod-hrt-chl08n\/","title":{"rendered":"BOILER DE PASO &#8211; CALENTADOR DE AGUA A GAS NATURAL CAP. 8 LITROS\/MINUTO LINEA ONE MARCA RHEEM MOD. HRT-CHL08N"},"content":{"rendered":"<p align=\"center\"><img fetchpriority=\"high\" decoding=\"async\" src=\"https:\/\/h2otek.com\/tienda\/img\/cms\/aguacaliente\/rheem\/instantaneo-gas\/linea-ONE\/header-boiler-rheem-depaso-ONE-HRT-CHL08N.jpg\" alt=\"header-boiler-rheem-depaso-ONE-HRT-CHL08\" width=\"700\" height=\"300\" \/><br \/>\n<img decoding=\"async\" src=\"https:\/\/h2otek.com\/tienda\/img\/cms\/aguacaliente\/rheem\/instantaneo-gas\/linea-ONE\/header-boiler-rheem-depaso-ONE.jpg\" alt=\"\" width=\"700\" height=\"262\" \/><\/p>\n<h3 style=\"text-align: justify;\"><strong>El primer calentador de paso, sin piloto permanente, de f\u00e1cil instalaci\u00f3n en todo tipo de condiciones y ambiente clim\u00e1tico.<\/strong><\/h3>\n<p>Agua caliente al instante y continua garantizando un mayor ahorro de gas.<\/p>\n<p><strong>CARACTER\u00cdSTICAS:<\/strong><\/p>\n<p><strong>M\u00daLTIPLES SISTEMAS DE SEGURIDAD<\/strong><br \/>\nMayor tranquilidad para tu familia<\/p>\n<ul>\n<li>Sensor de temperatura<\/li>\n<li>Sensor de protecci\u00f3n de flama<\/li>\n<li>V\u00e1lvula de gas con doble sistema de protecci\u00f3n de alta seguridad<\/li>\n<li>Protecci\u00f3n por sobrecalentamiento<\/li>\n<li>V\u00e1lvula de alivio<\/li>\n<li>Tarjeta electr\u00f3nica<\/li>\n<li>Mirilla de seguridad<\/li>\n<\/ul>\n<p><strong>AHORRO EN GAS<\/strong><br \/>\nDependiendo de los h\u00e1bitos de uso y las condiciones de instalaci\u00f3n.<\/p>\n<p><strong>EFICIENCIA ENERG\u00c9TICA<\/strong><br \/>\nGarantiza los mayores ahorros de gas y dinero. En relaci\u00f3n a un equipo de alta recuperaci\u00f3n.<\/p>\n<p><strong>F\u00c1CIL AJUSTE DE TEMPERATURA<\/strong><br \/>\nPerilla ergon\u00f3mica que regula la temperatura.<\/p>\n<p><strong>ENCENDIDO<\/strong><br \/>\nBot\u00f3n On\/Off para f\u00e1cil encendido. Sin piloto. F\u00e1cil encendido de chispa electr\u00f3nica, s\u00f3lo por demanda de agua caliente.**<\/p>\n<p>**Requiere 2 bater\u00edas alcalinas formato &#8220;D&#8221; para su operaci\u00f3n (no inclu\u00eddas).<\/p>\n<p><strong>MANTENIMIENTO R\u00c1PIDO Y SENCILLO<\/strong><br \/>\nCarcasa desmontable para f\u00e1cil acceso al interior, permite hacer un mantenimiento mucho m\u00e1s eficiente.<\/p>\n<p><strong>F\u00c1CIL INSTALACI\u00d3N<\/strong><br \/>\nF\u00e1cil reposici\u00f3n de productos tradicionales gracias a sus conexiones de agua superiores y lateral de gas.<\/p>\n<p>Compatibilidad al 100% con instalaciones de productos tradicionales, sin costos adicionales ee instalaci\u00f3n.<\/p>\n<p><strong>\u00a0<\/strong><\/p>\n<h3><strong>LA GRAN DIFERENCIA RHEEM<\/strong><\/h3>\n<p><strong>DISE\u00d1O BLINDADO<\/strong><br \/>\nDise\u00f1o compacto y cerrado. Equipo robusto para exteriores. Ventilas discretas y protectoras para mayor durabilidad.<\/p>\n<p><strong>MULTIPOSICI\u00d3N<\/strong><br \/>\nInstalaci\u00f3n vers\u00e1til para uso en piso o pared. Listo para conectar y usar.<\/p>\n<p><strong>RHEEM AQUA BALANCE ULTRA<\/strong><br \/>\nDise\u00f1ado para adaptarse a baja o alta presi\u00f3n de agua, reduce variaciones de temperatura.<\/p>\n<p><strong>RESPALDO SOLAR<\/strong><br \/>\nTu primer paso a un mundo ecol\u00f3gico.<\/p>\n<p style=\"text-align: justify;\">\n<p style=\"text-align: justify;\">\n<p style=\"text-align: center;\">\n<div style=\"text-align: center;\"><strong>PIEZA POR PIEZA UN PRODUCTO SUPERIOR:<\/strong><\/div>\n<p style=\"text-align: center;\"><img decoding=\"async\" src=\"https:\/\/h2otek.com\/tienda\/img\/cms\/aguacaliente\/rheem\/instantaneo-gas\/linea-ONE\/partes-boiler-rheem-depaso-ONE.gif\" alt=\"\" width=\"700\" height=\"465\" \/><\/p>\n<p>&nbsp;<\/p>\n<p style=\"text-align: center;\"><img loading=\"lazy\" decoding=\"async\" src=\"https:\/\/h2otek.com\/tienda\/img\/cms\/aguacaliente\/rheem\/instantaneo-gas\/linea-ONE\/servicios-boiler-rheem-depaso-ONE.jpg\" alt=\"\" width=\"258\" height=\"125\" \/><\/p>\n<p>&nbsp;<\/p>\n<p style=\"text-align: center;\"><img loading=\"lazy\" decoding=\"async\" style=\"text-align: start;\" src=\"https:\/\/h2otek.com\/tienda\/img\/cms\/aguacaliente\/rheem\/instantaneo-gas\/linea-ONE\/garantia-boiler-rheem-depaso-ONE.jpg\" alt=\"\" width=\"309\" height=\"650\" \/><\/p>\n<p>&nbsp;<\/p>\n<p style=\"text-align: center;\">\n<p style=\"text-align: center;\"><strong>TABLA DE ESPECIFICACIONES:<\/strong><\/p>\n<p style=\"text-align: center;\"><img loading=\"lazy\" decoding=\"async\" src=\"https:\/\/h2otek.com\/tienda\/img\/cms\/aguacaliente\/rheem\/instantaneo-gas\/linea-ONE\/especificaciones-boiler-rheem-depaso-ONE-HRT-CHL08N.gif\" alt=\"especificaciones-boiler-rheem-depaso-ONE\" width=\"600\" height=\"963\" \/><\/p>\n<p>&nbsp;<\/p>\n<p>**Presi\u00f3n de arranque de 5.0 kPA (50 gf\/cm<sup>2<\/sup>) en condiciones \u00f3ptimas de instalaci\u00f3n.<br \/>\n***Flujo m\u00ednimo para operaci\u00f3n 2.1 L\/Min en condiciones \u00f3ptimas de instalaci\u00f3n.<\/p>\n<p><strong>\u00bfPor qu\u00e9 RHEEM?<\/strong><\/p>\n<p style=\"text-align: justify;\">Creada en 1925, nuestra misi\u00f3n sigue siendo simple: &#8220;Ayudar a las familias a gozar de un nuevo nivel de confort, con soluciones que mantengan el hogar fresco en verano y c\u00e1lido en invierno, disfrutando de agua caliente todo el a\u00f1o&#8221;. Rheem mantiene en armon\u00eda el confort de tu hogar y tu forma de ser a trav\u00e9s de sistemas conables y ecientes.<\/p>\n<p style=\"text-align: justify;\">Con presencia en m\u00e1s de 75 pa\u00edses y el portafolio m\u00e1s grande en soluciones para calentamiento de agua y acondicionamiento de ambiente, <strong>Rheem es la marca de calentadores m\u00e1s vendida del mundo. <\/strong><\/p>\n<p style=\"text-align: justify;\">Nuestras soluciones de alta eciencia ofrecen el mayor grado de confort en el hogar, gracias a su gran aprovechamiento energ\u00e9tico que reduce notablemente el consumo de energ\u00eda y a su preciso control de temperatura que da m\u00e1ximo confort a cualquier tipo de ambiente.<\/p>\n<p>RHEEM, S.A. DE C.V. CUENTA CON TALLERES DE SERVICIO EN TODA LA REPUBLICA MEXICANA<\/p>\n<p align=\"justify\">ES IMPORTANTE LEER CLARAMENTE EL INSTRUCTIVO DE INSTALACION Y OPERACION ANTES DE INSTALAR Y PONER A FUNCIONAR EL CALENTADOR.<\/p>\n<p align=\"center\">\n<p align=\"center\">\n<p><span style=\"color: #000000;\"><strong>DESCARGAR MANUALES:<\/strong><\/span><\/p>\n<ul>\n<li><strong><span style=\"color: #0000ff;\"><a href=\"http:\/\/www.h2otek.com\/tienda\/pdf\/aguacaliente\/FOLLETO%20CALENTADOR%20DE%20PASO%20A%20GAS%20LINEA%20ONE%20RHEEM.pdf\" target=\"_blank\" rel=\"noopener\">FOLLETO<\/a><\/span><\/strong><\/li>\n<\/ul>\n","protected":false},"excerpt":{"rendered":"<p><span style=\"color: #ff0000; font-size: 12pt;\"><strong>PRECIO\u00a0EN PESOS MEXICANOS.<br \/>\nPRECIO INCLUYE 16 % DE I.V.A.<br \/>\nPRECIO INCLUYE ENVIO (ZONA CENTRO).<\/strong><\/span><\/p>\n<p><strong>1.5 SERVICIOS, 8 LITROS\/MINUTO GAS NATURAL<\/strong><\/p>\n<p><em><strong>APLICACIONES M\u00c1S\u00a0 COMUNES:<\/strong><\/em><\/p>\n<ul>\n<li><strong><em>CASAS EN SERIE<\/em><\/strong><\/li>\n<li><strong><em>RESIDENCIAS<\/em><\/strong><\/li>\n<li><strong><em>GIMNASIOS<\/em><\/strong><\/li>\n<li><strong><em>OFICINAS<\/em><\/strong><\/li>\n<li><strong><em>DEPARTAMENTOS<\/em><\/strong><\/li>\n<li><strong><em>CONDOMINIOS, ETC.<\/em><\/strong><\/li>\n<\/ul>\n","protected":false},"featured_media":1070,"comment_status":"closed","ping_status":"closed","template":"","meta":[],"pwb-brand":[],"product_brand":[],"product_cat":[367,824],"product_tag":[],"class_list":{"0":"post-17589","1":"product","2":"type-product","3":"status-publish","4":"has-post-thumbnail","6":"product_cat-instantaneos-de-paso-gas-boilers-calentadores-de-agua","7":"product_cat-por-gravedad-salida-de-gases-boilers-calentadores-de-agua-de-paso-gas-natural-de-paso-boilers-calentadores-de-agua","9":"first","10":"onbackorder","11":"purchasable","12":"product-type-simple"},"brands":[],"_links":{"self":[{"href":"https:\/\/h2otek.com\/tienda\/wp-json\/wp\/v2\/product\/17589","targetHints":{"allow":["GET"]}}],"collection":[{"href":"https:\/\/h2otek.com\/tienda\/wp-json\/wp\/v2\/product"}],"about":[{"href":"https:\/\/h2otek.com\/tienda\/wp-json\/wp\/v2\/types\/product"}],"replies":[{"embeddable":true,"href":"https:\/\/h2otek.com\/tienda\/wp-json\/wp\/v2\/comments?post=17589"}],"wp:featuredmedia":[{"embeddable":true,"href":"https:\/\/h2otek.com\/tienda\/wp-json\/wp\/v2\/media\/1070"}],"wp:attachment":[{"href":"https:\/\/h2otek.com\/tienda\/wp-json\/wp\/v2\/media?parent=17589"}],"wp:term":[{"taxonomy":"pwb-brand","embeddable":true,"href":"https:\/\/h2otek.com\/tienda\/wp-json\/wp\/v2\/pwb-brand?post=17589"},{"taxonomy":"product_brand","embeddable":true,"href":"https:\/\/h2otek.com\/tienda\/wp-json\/wp\/v2\/product_brand?post=17589"},{"taxonomy":"product_cat","embeddable":true,"href":"https:\/\/h2otek.com\/tienda\/wp-json\/wp\/v2\/product_cat?post=17589"},{"taxonomy":"product_tag","embeddable":true,"href":"https:\/\/h2otek.com\/tienda\/wp-json\/wp\/v2\/product_tag?post=17589"}],"curies":[{"name":"wp","href":"https:\/\/api.w.org\/{rel}","templated":true}]}}