{"id":17585,"date":"2021-07-06T21:13:57","date_gmt":"2021-07-06T21:13:57","guid":{"rendered":"https:\/\/h2otek.com\/tienda\/producto\/boiler-calentador-de-agua-electrico-para-recirculacion-industrial-16-5kw-56315-btu-h-240v-1-fase-h2otek-mod-beri24-16-5-11t01\/"},"modified":"2024-03-08T22:29:39","modified_gmt":"2024-03-08T22:29:39","slug":"boiler-calentador-de-agua-electrico-para-recirculacion-industrial-16-5kw-56315-btu-h-240v-1-fase-h2otek-mod-beri24-16-5-11t01","status":"publish","type":"product","link":"https:\/\/h2otek.com\/tienda\/producto\/boiler-calentador-de-agua-electrico-para-recirculacion-industrial-16-5kw-56315-btu-h-240v-1-fase-h2otek-mod-beri24-16-5-11t01\/","title":{"rendered":"BOILER-CALENTADOR DE AGUA EL\u00c9CTRICO PARA RECIRCULACI\u00d3N INDUSTRIAL 16.5KW 56,315 BTU\/H 240V 1 FASE H2OTEK MOD. BERI24-16.5-11T01"},"content":{"rendered":"<p style=\"text-align: center;\"><img fetchpriority=\"high\" decoding=\"async\" src=\"https:\/\/h2otek.com\/tienda\/img\/cms\/aguacaliente\/h2otek\/beri\/header-calentador-recirculacion-h2otek-BERI24-16_5-11T01.jpg\" alt=\"header-calentador-recirculacion-h2otek-B\" width=\"650\" height=\"300\" \/><\/p>\n<p style=\"text-align: center;\"><img decoding=\"async\" style=\"text-align: start;\" src=\"https:\/\/h2otek.com\/tienda\/img\/cms\/aguacaliente\/h2otek\/bera\/nota-calentadores-BERA.jpg\" alt=\"\" width=\"650\" height=\"200\" \/><\/p>\n<p style=\"text-align: justify;\"><strong>Calentadores de agua el\u00e9ctricos para recirculaci\u00f3n marca H2OTEK l\u00ednea BERI son ideales para trabajar en aplicaciones industriales, procesos de producci\u00f3n, laboratorios, f\u00e1bricas, etc. Los calentadores pueden trabajar tambi\u00e9n como respaldo para sistemas de calentamiento de agua como solares o bombas de calor.<\/strong><\/p>\n<p style=\"text-align: justify;\"><strong>CARACTER\u00cdSTICAS:<\/strong><\/p>\n<ul>\n<li>Para uso COMERCIAL \u00f3 INDUSTRIAL<\/li>\n<li>Fabricaci\u00f3n total en acero inoxidable<\/li>\n<li>De dise\u00f1o robusto y uso continuo<\/li>\n<li>Calentador altamente confiable y f\u00e1cil de operar<\/li>\n<li>Calentador construido para cumplir con los requisitos de su sistema<\/li>\n<li>Amplia gama de capacidades y modelos<\/li>\n<li>Dise\u00f1o compacto y muy pr\u00e1ctico, ocupa poco espacio<\/li>\n<li>Tablero el\u00e9ctrico y de control en el equipo (std) \u00f3 remoto (opcional)<\/li>\n<li>Puede trabajar sujetado en muro o a nivel de piso<\/li>\n<li>Control de temperatura GRADUABLE de 0-90\u00b0C<\/li>\n<li>El calentamiento de recirculaci\u00f3n puede eliminar tanques de almacenamiento costosos y ocupando mucho espacio<\/li>\n<li>Fabricado en base al c\u00f3digo ASME<\/li>\n<li>Sensor de flujo de agua activaci\u00f3n 1 gpm<\/li>\n<li>Equipado con interruptor l\u00edmite de temperatura en reposici\u00f3n manual<\/li>\n<li>Unidad equipada con retardador de tiempo de 3 a 5 minutos. Esto quiere decir que al energizar el calentador y teniendo flujo en la l\u00ednea de agua, el calentador va a retardar su encendido de 3 a 5 minutos, esto es necesario para evitar que lleguen burbujas de aire, dentro del calentador. Esto ser\u00e1 cada vez que se encienda.<\/li>\n<li>Resistencias calefactoras tipo tubular sellado, dise\u00f1adas a baja densidad de potencia (uso rudo)<\/li>\n<li>Aislamiento t\u00e9rmico en el tanque de alta eficiencia<\/li>\n<li>Entrada y salida de agua horizontal<\/li>\n<li><strong>Garant\u00eda la m\u00e1s amplia del mercado: 10 A\u00d1OS en el tanque \u2013 1 a\u00f1o en resto de partes<\/strong><\/li>\n<li>Unidad totalmente desarmable<\/li>\n<li>Foco indicador de encendido<\/li>\n<li>Componentes el\u00e9ctricos (contactores, relevadores, transformador, termostato) de tipo mec\u00e1nico, esto hace un equipo menos susceptible a falla, comparado con lo electr\u00f3nico<\/li>\n<li>Dise\u00f1os especiales<\/li>\n<\/ul>\n<p>&nbsp;<\/p>\n<p style=\"text-align: center;\"><strong>TABLA DE ESPECIFICACIONES:<\/strong><\/p>\n<p style=\"text-align: center;\"><img decoding=\"async\" src=\"https:\/\/h2otek.com\/tienda\/img\/cms\/aguacaliente\/h2otek\/beri\/especificaciones-calentador-recirculacion-h2otek-BERI24-16_5-11T01.gif\" alt=\"especificaciones-calentador-recirculacio\" width=\"565\" height=\"565\" \/><\/p>\n<p>&nbsp;<\/p>\n<p style=\"text-align: center;\"><strong><br \/>\nCAPACIDAD CONTINUA DE AGUA CON INCREMENTO DE TEMPERATURA EN UN SISTEMA CERRADO (RECIRCULACI\u00d3N DE AGUA)<br \/>\nCapacidad en Litros\/Hora (LPH)\u00a0 y Galones\/Hora (GPH) a Varios Incrementos de Temperatura<\/strong><\/p>\n<p style=\"text-align: center;\"><img loading=\"lazy\" decoding=\"async\" src=\"https:\/\/h2otek.com\/tienda\/img\/cms\/aguacaliente\/h2otek\/beri\/capacidad-litros-calentador-recirculacion-h2otek-beri-16_5kw.gif\" alt=\"capacidad-litros-calentador-recirculacio\" width=\"275\" height=\"316\" \/><\/p>\n<p style=\"text-align: center;\">Temperaturas a la salida del calentador<\/p>\n<p>&nbsp;<\/p>\n<p style=\"text-align: center;\"><strong>PARTES:<\/strong><\/p>\n<p style=\"text-align: center;\"><img loading=\"lazy\" decoding=\"async\" src=\"https:\/\/h2otek.com\/tienda\/img\/cms\/aguacaliente\/h2otek\/beri\/partes-calentador-recirculacion-h2otek-beri.jpg\" alt=\"\" width=\"700\" height=\"760\" \/><\/p>\n<p>&nbsp;<\/p>\n<p style=\"text-align: center;\"><img loading=\"lazy\" decoding=\"async\" src=\"https:\/\/h2otek.com\/tienda\/img\/cms\/aguacaliente\/h2otek\/bera\/resistencias-calentador-h2otek-bera.jpg\" alt=\"\" width=\"308\" height=\"194\" \/><\/p>\n<p>&nbsp;<\/p>\n<p>&nbsp;<\/p>\n<p style=\"text-align: center;\"><strong>FOTOS<\/strong><\/p>\n<p style=\"text-align: center;\"><img loading=\"lazy\" decoding=\"async\" src=\"https:\/\/h2otek.com\/tienda\/img\/cms\/aguacaliente\/h2otek\/bera\/fotos-calentador-alberca-h2otek-bera.gif\" alt=\"\" width=\"650\" height=\"878\" \/><\/p>\n<p>&nbsp;<\/p>\n<p>&nbsp;<\/p>\n<div style=\"text-align: center;\"><\/div>\n<div style=\"text-align: center;\">\n<p><img loading=\"lazy\" decoding=\"async\" style=\"margin-left: auto; margin-right: auto;\" src=\"https:\/\/h2otek.com\/tienda\/img\/cms\/aguacaliente\/h2otek\/bera\/garantia-h2otek-10years.jpg\" alt=\"garantia-h2otek-10years.jpg\" width=\"300\" height=\"300\" \/><\/p>\n<p>&nbsp;<\/p>\n<\/div>\n<p><strong>DESCARGAR MANUALES<\/strong>\u00a0<em>(Pr\u00f3ximamente)<\/em><\/p>\n","protected":false},"excerpt":{"rendered":"<p><span style=\"color: #ff0000; font-size: 12pt;\"><strong>PRECIO\u00a0EN PESOS MEXICANOS.<br \/>\nPRECIO INCLUYE 16 % DE I.V.A.<br \/>\nPRECIO INCLUYE ENVIO (ZONA CENTRO).<\/strong><\/span><\/p>\n<p style=\"text-align: left;\"><span style=\"color: #ff0000;\"><strong>CALENTADOR DE AGUA EL\u00c9CTRICO PARA RECIRCULACI\u00d3N INDUSTRIAL 16.5 KW 240V. 1 FASE<\/strong><\/span><\/p>\n<p><em><strong>IDEALES EN:<\/strong><\/em><\/p>\n<ul>\n<li><em><strong>APLICACIONES INDUSTRIALES<br \/>\n<\/strong><\/em><\/li>\n<li><em><b>PROCESOS DE PRODUCCI\u00d3N<\/b><\/em><\/li>\n<li><em><b>LABORATORIOS<\/b><\/em><\/li>\n<li><em><b>F\u00c1BRICAS<\/b><\/em><\/li>\n<li><em><b>REPALDO PARA SISTEMAS DE CALENTAMIENTO DE AGUA COMO SOLARES O BOMBAS DE CALOR, ETC.<\/b><\/em><\/li>\n<\/ul>\n","protected":false},"featured_media":5120,"comment_status":"closed","ping_status":"closed","template":"","meta":[],"pwb-brand":[],"product_brand":[],"product_cat":[366,810,429],"product_tag":[],"class_list":{"0":"post-17585","1":"product","2":"type-product","3":"status-publish","4":"has-post-thumbnail","6":"product_cat-240-volts-1-fase-boilers-calentadores-de-agua","7":"product_cat-240-volts-1-fase-boilers-calentadores-de-agua-recirculacion-de-agua-caliente-boilers-calentadores-de-agua","8":"product_cat-recirculacion-de-agua-caliente-boilers-calentadores-de-agua","10":"first","11":"instock","12":"purchasable","13":"product-type-simple"},"brands":[],"_links":{"self":[{"href":"https:\/\/h2otek.com\/tienda\/wp-json\/wp\/v2\/product\/17585","targetHints":{"allow":["GET"]}}],"collection":[{"href":"https:\/\/h2otek.com\/tienda\/wp-json\/wp\/v2\/product"}],"about":[{"href":"https:\/\/h2otek.com\/tienda\/wp-json\/wp\/v2\/types\/product"}],"replies":[{"embeddable":true,"href":"https:\/\/h2otek.com\/tienda\/wp-json\/wp\/v2\/comments?post=17585"}],"wp:featuredmedia":[{"embeddable":true,"href":"https:\/\/h2otek.com\/tienda\/wp-json\/wp\/v2\/media\/5120"}],"wp:attachment":[{"href":"https:\/\/h2otek.com\/tienda\/wp-json\/wp\/v2\/media?parent=17585"}],"wp:term":[{"taxonomy":"pwb-brand","embeddable":true,"href":"https:\/\/h2otek.com\/tienda\/wp-json\/wp\/v2\/pwb-brand?post=17585"},{"taxonomy":"product_brand","embeddable":true,"href":"https:\/\/h2otek.com\/tienda\/wp-json\/wp\/v2\/product_brand?post=17585"},{"taxonomy":"product_cat","embeddable":true,"href":"https:\/\/h2otek.com\/tienda\/wp-json\/wp\/v2\/product_cat?post=17585"},{"taxonomy":"product_tag","embeddable":true,"href":"https:\/\/h2otek.com\/tienda\/wp-json\/wp\/v2\/product_tag?post=17585"}],"curies":[{"name":"wp","href":"https:\/\/api.w.org\/{rel}","templated":true}]}}