{"id":17570,"date":"2021-07-06T21:13:52","date_gmt":"2021-07-06T21:13:52","guid":{"rendered":"https:\/\/h2otek.com\/tienda\/producto\/boiler-de-paso-calentador-de-agua-a-gas-lp-cap-25-litros-minuto-tiro-forzado-marca-rheem-mod-rhin-chl25p\/"},"modified":"2023-06-01T23:53:06","modified_gmt":"2023-06-01T23:53:06","slug":"boiler-de-paso-calentador-de-agua-a-gas-lp-cap-25-litros-minuto-tiro-forzado-marca-rheem-mod-rhin-chl25p","status":"publish","type":"product","link":"https:\/\/h2otek.com\/tienda\/producto\/boiler-de-paso-calentador-de-agua-a-gas-lp-cap-25-litros-minuto-tiro-forzado-marca-rheem-mod-rhin-chl25p\/","title":{"rendered":"BOILER DE PASO &#8211; CALENTADOR DE AGUA A GAS LP CAP. 25 LITROS\/MINUTO TIRO FORZADO MARCA RHEEM MOD. RHIN-CHL25P"},"content":{"rendered":"<p align=\"center\"><img fetchpriority=\"high\" decoding=\"async\" src=\"https:\/\/h2otek.com\/tienda\/img\/cms\/aguacaliente\/rheem\/instantaneo-gas\/tiro-forzado\/header-boiler-rheem-tiroforzado-RHIN-CHL25P.jpg\" alt=\"header-boiler-rheem-tiroforzado-RHIN-CHL\" width=\"700\" height=\"300\" \/><\/p>\n<p>&nbsp;<\/p>\n<h3>Modernos, Innovadores y Ahorradores<\/h3>\n<p style=\"text-align: justify;\">Nueva l\u00ednea de calentadores instant\u00e1neos Rheem, ideal para hogares con familias activas y modernas, ya que ofrece agua caliente continua ilimitada para operar simult\u00e1neamente lavadora, lavatrastes y disfrutar de un ba\u00f1o de tina abundante y relajante, ahorrando energ\u00eda y espacio.<\/p>\n<table style=\"width: 100%;\" border=\"0\" cellspacing=\"1\" cellpadding=\"1\">\n<tbody>\n<tr>\n<td style=\"width: 80px;\"><img decoding=\"async\" class=\"img-responsive\" style=\"height: 71px; width: 71px;\" src=\"https:\/\/h2otek.com\/tienda\/img\/cms\/aguacaliente\/rheem\/instantaneo-gas\/tiro-forzado\/facil_encendido.png\" alt=\"facil_encendido.png\" width=\"71\" height=\"71\" \/><\/td>\n<td>\n<h3>F\u00e1cil encendido<\/h3>\n<\/td>\n<\/tr>\n<tr>\n<td><\/td>\n<td>\n<ul>\n<li>Encendido el\u00e9ctrico ionizado por demanda de agua.<\/li>\n<li>Sin piloto permanente.<\/li>\n<\/ul>\n<\/td>\n<\/tr>\n<tr>\n<td><img decoding=\"async\" class=\"img-responsive\" style=\"height: 71px; width: 71px;\" src=\"https:\/\/h2otek.com\/tienda\/img\/cms\/aguacaliente\/rheem\/instantaneo-gas\/tiro-forzado\/aqua_balance.png\" alt=\"aqua_balance.png\" width=\"71\" height=\"71\" \/><\/td>\n<td>\n<h3>Rheem Aqua Balance<\/h3>\n<\/td>\n<\/tr>\n<tr>\n<td><\/td>\n<td>Dise\u00f1ado para adaptarse a baja o alta presi\u00f3n de agua, reduce variaciones de temperatura.<\/td>\n<\/tr>\n<tr>\n<td><img loading=\"lazy\" decoding=\"async\" class=\"img-responsive\" style=\"height: 71px; width: 71px;\" src=\"https:\/\/h2otek.com\/tienda\/img\/cms\/aguacaliente\/rheem\/instantaneo-gas\/tiro-forzado\/ahorro_gas.png\" alt=\"ahorro_gas.png\" width=\"71\" height=\"71\" \/><\/td>\n<td>\n<h3>Ahorro de gas<\/h3>\n<\/td>\n<\/tr>\n<tr>\n<td><\/td>\n<td>Por su alta eficiencia energ\u00e9tica garantiza los mayores ahorros de gas y dinero.<\/td>\n<\/tr>\n<tr>\n<td><img loading=\"lazy\" decoding=\"async\" class=\"img-responsive\" style=\"height: 71px; width: 71px;\" src=\"https:\/\/h2otek.com\/tienda\/img\/cms\/aguacaliente\/rheem\/instantaneo-gas\/tiro-forzado\/modulante.png\" alt=\"modulante.png\" width=\"71\" height=\"71\" \/><\/td>\n<td>\n<h3>Modulante<\/h3>\n<\/td>\n<\/tr>\n<tr>\n<td><\/td>\n<td>Mantiene la temperatura estable a\u00fan con variaciones de presi\u00f3n en la red de agua.<\/td>\n<\/tr>\n<\/tbody>\n<\/table>\n<h2>Instant\u00e1neo 25L<\/h2>\n<table style=\"width: 100%;\" border=\"0\" cellspacing=\"1\" cellpadding=\"1\">\n<tbody>\n<tr>\n<td style=\"width: 80px;\"><img loading=\"lazy\" decoding=\"async\" class=\"img-responsive\" style=\"height: 71px; width: 71px;\" src=\"https:\/\/h2otek.com\/tienda\/img\/cms\/aguacaliente\/rheem\/instantaneo-gas\/tiro-forzado\/temperatura.png\" alt=\"temperatura.png\" width=\"71\" height=\"71\" \/><\/td>\n<td>\n<h3>Temperatura<\/h3>\n<\/td>\n<\/tr>\n<tr>\n<td>\n<h3><\/h3>\n<\/td>\n<td>\n<ul>\n<li>Control electr\u00f3nico digital de temperatura, que permite ajustar la temperatira del agua para lograr la mejor experiencia de ba\u00f1o.<\/li>\n<li>Control modulante autom\u00e1tico de gas.<\/li>\n<li>F\u00e1cil selecci\u00f3n de temperatura de 35 a 65\u00b0C. **<\/li>\n<\/ul>\n<\/td>\n<\/tr>\n<tr>\n<td><img loading=\"lazy\" decoding=\"async\" class=\"img-responsive\" style=\"height: 71px; width: 71px;\" src=\"https:\/\/h2otek.com\/tienda\/img\/cms\/aguacaliente\/rheem\/instantaneo-gas\/tiro-forzado\/sistemas_de_seguridad.png\" alt=\"sistemas_de_seguridad.png\" width=\"71\" height=\"71\" \/><\/td>\n<td>\n<h3>M\u00faltiples sistemas de seguridad<\/h3>\n<\/td>\n<\/tr>\n<tr>\n<td>\n<h3><\/h3>\n<\/td>\n<td>\n<ul>\n<li>Mayor tranquilidad para tu familia<\/li>\n<li>Avanzada pel\u00edcula de sobrecalentamiento con monitoreo electr\u00f3nico.<\/li>\n<li>Sensor de flama que suspende el suministro de gas en caso de apagado.<\/li>\n<li>Sensor de gases de combusti\u00f3n para control de mala ventilaci\u00f3n.<\/li>\n<li>Sensor de temperatura.<\/li>\n<li>Modulaci\u00f3n termost\u00e1tica.<\/li>\n<li>Sensor de protecci\u00f3n de flama.<\/li>\n<li>Protecci\u00f3n inteligente contra bloqueo en ventilaci\u00f3n.<\/li>\n<li>V\u00e1lvula de gas con doble sistema de protecci\u00f3n de alta seguridad.<\/li>\n<li>Protecci\u00f3n por sobrecalentamiento en la c\u00e1mara de combusti\u00f3n.<\/li>\n<li>V\u00e1lvula de alivio.<\/li>\n<li>Tarjeta electr\u00f3nica con display digital.<\/li>\n<li>Encendido Progresivo<\/li>\n<\/ul>\n<\/td>\n<\/tr>\n<tr>\n<td><img loading=\"lazy\" decoding=\"async\" class=\"img-responsive\" style=\"height: 71px; width: 71px;\" src=\"https:\/\/h2otek.com\/tienda\/img\/cms\/aguacaliente\/rheem\/instantaneo-gas\/tiro-forzado\/e-dual.png\" alt=\"e-dual.png\" width=\"71\" height=\"71\" \/><\/td>\n<td>\n<h3>E-Dual<\/h3>\n<\/td>\n<\/tr>\n<tr>\n<td><\/td>\n<td>\u00danico en el mercado que permite al calentador conectarse a 110V o 220V y funcionar perfectamente, sin tener que hacer modificaciones en el producto.<\/td>\n<\/tr>\n<tr>\n<td><img loading=\"lazy\" decoding=\"async\" class=\"img-responsive\" style=\"height: 71px; width: 71px;\" src=\"https:\/\/h2otek.com\/tienda\/img\/cms\/aguacaliente\/rheem\/instantaneo-gas\/tiro-forzado\/display_digital.png\" alt=\"display_digital.png\" width=\"71\" height=\"71\" \/><\/td>\n<td>\n<h3>Display digital<\/h3>\n<\/td>\n<\/tr>\n<tr>\n<td>\n<h3><\/h3>\n<\/td>\n<td>\n<ul>\n<li>Bot\u00f3n On\/Off.<\/li>\n<li>Ajuste de temperatura digital.<\/li>\n<li>Display que indica la temperatura del agua a su salida.<\/li>\n<li>Timer programable de apagado autom\u00e1tico en rangos de 20 a 60 minutos.<\/li>\n<\/ul>\n<\/td>\n<\/tr>\n<tr>\n<td><img loading=\"lazy\" decoding=\"async\" class=\"img-responsive\" style=\"height: 71px; width: 71px;\" src=\"https:\/\/h2otek.com\/tienda\/img\/cms\/aguacaliente\/rheem\/instantaneo-gas\/tiro-forzado\/instalacion.png\" alt=\"instalacion.png\" width=\"71\" height=\"71\" \/><\/td>\n<td>\n<h3>Instalaci\u00f3n y Mantenimiento<\/h3>\n<\/td>\n<\/tr>\n<tr>\n<td><\/td>\n<td>\n<ul>\n<li>F\u00e1cil insralaci\u00f3n en interiores*** gracias a su c\u00e1mara sellada cero emisiones contaminantes y en exteriores debe estar protegido el producto contra intemperie.<\/li>\n<li>Sistema auto-diagn\u00f3stico que facilita el mantenimiento.<\/li>\n<li>F\u00e1cil y adaptable instalaci\u00f3n con alta y baja presi\u00f3n.<\/li>\n<li>Dise\u00f1o compacto que ahorra espacio de instalaci\u00f3n<\/li>\n<\/ul>\n<\/td>\n<\/tr>\n<\/tbody>\n<\/table>\n<p style=\"text-align: justify;\"><em>** La variaci\u00f3n de la temperatura est\u00e1 relacionada al flujo de agua.<\/em><br \/>\n<em>*** En interiores se debe de contar con una adecuada ventilaci\u00f3n y colocaci\u00f3n de chimenea de gases de combusti\u00f3n al medioambiente abierto.<\/em><\/p>\n<p>&nbsp;<\/p>\n<p>&nbsp;<\/p>\n<div style=\"text-align: center;\"><strong>PIEZA POR PIEZA UN PRODUCTO SUPERIOR:<\/strong><\/div>\n<p style=\"text-align: center;\"><img loading=\"lazy\" decoding=\"async\" src=\"https:\/\/h2otek.com\/tienda\/img\/cms\/aguacaliente\/rheem\/instantaneo-gas\/tiro-forzado\/partes-boiler-rheem-tiroforzado-RHIN-CHL25.png\" alt=\"\" width=\"650\" height=\"677\" \/><\/p>\n<p>&nbsp;<\/p>\n<p>&nbsp;<\/p>\n<p style=\"text-align: center;\"><strong>TABLA DE ESPECIFICACIONES:<\/strong><\/p>\n<p style=\"text-align: center;\"><img loading=\"lazy\" decoding=\"async\" class=\"aligncenter\" src=\"https:\/\/h2otek.com\/tienda\/img\/cms\/aguacaliente\/rheem\/instantaneo-gas\/tiro-forzado\/especificaciones-boiler-rheem-tiroforzado-RHIN-CHL25P.gif\" alt=\"especificaciones-boiler-rheem-tiroforzad\" width=\"450\" height=\"402\" \/><\/p>\n<p>&nbsp;<\/p>\n<p>* Dependiendo de los h\u00e1bitos de uso y condiciones de instalaci\u00f3n.<br \/>\n** En interiores se debe de contar con una adecuada ventilaci\u00f3n y colocaci\u00f3n de chimenea de gases de combusti\u00f3n al medioambiente abierto.<br \/>\n*** Revisar modelos que aplican.<br \/>\n**** La variaci\u00f3n de la temperatura est\u00e1 relacionada al flujo de agua.<\/p>\n<p>&nbsp;<\/p>\n<p>&nbsp;<\/p>\n<p style=\"text-align: center;\"><strong>VIDEO:<\/strong><\/p>\n<p><iframe title=\"Calentador instant\u00e1neo a gas Tiro forzado 25 Lts x min\" width=\"500\" height=\"281\" src=\"https:\/\/www.youtube.com\/embed\/xGNfnlqGK9E?feature=oembed\" frameborder=\"0\" allow=\"accelerometer; autoplay; clipboard-write; encrypted-media; gyroscope; picture-in-picture; web-share\" referrerpolicy=\"strict-origin-when-cross-origin\" allowfullscreen><\/iframe><\/p>\n<p><strong>\u00bfPor qu\u00e9 RHEEM?<\/strong><\/p>\n<p style=\"text-align: justify;\">Creada en 1925, nuestra misi\u00f3n sigue siendo simple: &#8220;Ayudar a las familias a gozar de un nuevo nivel de confort, con soluciones que mantengan el hogar fresco en verano y c\u00e1lido en invierno, disfrutando de agua caliente todo el a\u00f1o&#8221;. Rheem mantiene en armon\u00eda el confort de tu hogar y tu forma de ser a trav\u00e9s de sistemas conables y ecientes.<\/p>\n<p style=\"text-align: justify;\">Con presencia en m\u00e1s de 75 pa\u00edses y el portafolio m\u00e1s grande en soluciones para calentamiento de agua y acondicionamiento de ambiente, <strong>Rheem es la marca de calentadores m\u00e1s vendida del mundo. <\/strong><\/p>\n<p style=\"text-align: justify;\">Nuestras soluciones de alta eficiencia ofrecen el mayor grado de confort en el hogar, gracias a su gran aprovechamiento energ\u00e9tico que reduce notablemente el consumo de energ\u00eda y a su preciso control de temperatura que da m\u00e1ximo confort a cualquier tipo de ambiente.<\/p>\n<p>RHEEM, S.A. DE C.V. CUENTA CON TALLERES DE SERVICIO EN TODA LA REPUBLICA MEXICANA<\/p>\n<p align=\"justify\">ES IMPORTANTE LEER CLARAMENTE EL INSTRUCTIVO DE INSTALACION Y OPERACION ANTES DE INSTALAR Y PONER A FUNCIONAR EL CALENTADOR.<\/p>\n<p>&nbsp;<\/p>\n<p>&nbsp;<\/p>\n<p><span style=\"color: #000000;\"><strong>DESCARGAR MANUALES:<\/strong><\/span><\/p>\n<ul>\n<li><strong><span style=\"color: #0000ff;\"><a href=\"http:\/\/www.h2otek.com\/tienda\/pdf\/aguacaliente\/FOLLETO%20BOILER%20TIRO%20FORZADO%20RHEEM%20A%20GAS%2025%20LITROS%20RHIN-CHL25.pdf\" target=\"_blank\" rel=\"noopener\">FOLLETO<\/a><\/span><\/strong><\/li>\n<\/ul>\n","protected":false},"excerpt":{"rendered":"<p><span style=\"color: #ff0000; font-size: 12pt;\"><strong>PRECIO\u00a0EN PESOS MEXICANOS.<br \/>\nPRECIO INCLUYE 16 % DE I.V.A.<br \/>\nPRECIO INCLUYE ENVIO (ZONA CENTRO).<\/strong><\/span><\/p>\n<p><strong>4 SERVICIOS, 25 LITROS\/MINUTO GAS LP<\/strong><\/p>\n<p><em><strong>APLICACIONES M\u00c1S\u00a0 COMUNES:<\/strong><\/em><\/p>\n<ul>\n<li><strong><em>CASAS EN SERIE<\/em><\/strong><\/li>\n<li><strong><em>RESIDENCIAS<\/em><\/strong><\/li>\n<li><strong><em>GIMNASIOS<\/em><\/strong><\/li>\n<li><strong><em>OFICINAS<\/em><\/strong><\/li>\n<li><strong><em>DEPARTAMENTOS<\/em><\/strong><\/li>\n<li><strong><em>CONDOMINIOS, ETC.<\/em><\/strong><\/li>\n<\/ul>\n<h1><\/h1>\n","protected":false},"featured_media":1004,"comment_status":"closed","ping_status":"closed","template":"","meta":[],"pwb-brand":[],"product_brand":[],"product_cat":[367,819],"product_tag":[],"class_list":{"0":"post-17570","1":"product","2":"type-product","3":"status-publish","4":"has-post-thumbnail","6":"product_cat-instantaneos-de-paso-gas-boilers-calentadores-de-agua","7":"product_cat-por-gravedad-salida-de-gases-boilers-calentadores-de-agua-de-paso-en-gas-lp-butano-de-paso-boilers-calentadores-de-agua","9":"first","10":"onbackorder","11":"purchasable","12":"product-type-simple"},"brands":[],"_links":{"self":[{"href":"https:\/\/h2otek.com\/tienda\/wp-json\/wp\/v2\/product\/17570","targetHints":{"allow":["GET"]}}],"collection":[{"href":"https:\/\/h2otek.com\/tienda\/wp-json\/wp\/v2\/product"}],"about":[{"href":"https:\/\/h2otek.com\/tienda\/wp-json\/wp\/v2\/types\/product"}],"replies":[{"embeddable":true,"href":"https:\/\/h2otek.com\/tienda\/wp-json\/wp\/v2\/comments?post=17570"}],"wp:featuredmedia":[{"embeddable":true,"href":"https:\/\/h2otek.com\/tienda\/wp-json\/wp\/v2\/media\/1004"}],"wp:attachment":[{"href":"https:\/\/h2otek.com\/tienda\/wp-json\/wp\/v2\/media?parent=17570"}],"wp:term":[{"taxonomy":"pwb-brand","embeddable":true,"href":"https:\/\/h2otek.com\/tienda\/wp-json\/wp\/v2\/pwb-brand?post=17570"},{"taxonomy":"product_brand","embeddable":true,"href":"https:\/\/h2otek.com\/tienda\/wp-json\/wp\/v2\/product_brand?post=17570"},{"taxonomy":"product_cat","embeddable":true,"href":"https:\/\/h2otek.com\/tienda\/wp-json\/wp\/v2\/product_cat?post=17570"},{"taxonomy":"product_tag","embeddable":true,"href":"https:\/\/h2otek.com\/tienda\/wp-json\/wp\/v2\/product_tag?post=17570"}],"curies":[{"name":"wp","href":"https:\/\/api.w.org\/{rel}","templated":true}]}}