{"id":17540,"date":"2021-07-06T21:13:47","date_gmt":"2021-07-06T21:13:47","guid":{"rendered":"https:\/\/h2otek.com\/tienda\/producto\/boiler-de-deposito-electrico-9-litros-120v-marca-rheem-linea-estandar-mod-89vp2s-415475\/"},"modified":"2025-09-15T22:32:48","modified_gmt":"2025-09-15T22:32:48","slug":"boiler-de-deposito-electrico-9-litros-120v-marca-rheem-linea-estandar-mod-89vp2s-415475","status":"publish","type":"product","link":"https:\/\/h2otek.com\/tienda\/producto\/boiler-de-deposito-electrico-9-litros-120v-marca-rheem-linea-estandar-mod-89vp2s-415475\/","title":{"rendered":"BOILER DE DEPOSITO ELECTRICO 9 LITROS 120V. MARCA RHEEM L\u00cdNEA ESTANDAR MOD. 89VP2S\/415475"},"content":{"rendered":"<div style=\"text-align: center;\">\n<p><img fetchpriority=\"high\" decoding=\"async\" src=\"https:\/\/h2otek.com\/tienda\/img\/cms\/aguacaliente\/rheem\/estandar\/header-boiler-deposito-electrico-rheem-89VP2S.jpg\" alt=\"\" width=\"650\" height=\"344\" \/><\/p>\n<\/div>\n<div>\n<p>&nbsp;<\/p>\n<\/div>\n<div>\n<p><strong><span style=\"color: #000000;\">CALENTADORES DE AGUA EL\u00c9CTRICOS RHEEM<\/span><\/strong><\/p>\n<p>Agua caliente a la medida de cualquier necesidad gracias a su calidad, eficiencia y durabilidad.<\/p>\n<ul>\n<li><span style=\"color: #000000;\">Ideal para tinas y jacuzzis <\/span><\/li>\n<li><span style=\"color: #000000;\">Puntos de uso, lugares sin acceso a gas y sin ventilaci\u00f3n <\/span><\/li>\n<li><span style=\"color: #000000;\">No requiere presi\u00f3n o flujo m\u00ednimo de agua<\/span><\/li>\n<\/ul>\n<\/div>\n<div style=\"text-align: left;\">\n<p>Rheem, l\u00edder mundial en calentamiento de agua y acondicionamiento de ambiente.<\/p>\n<p>&nbsp;<\/p>\n<p><strong>La Gran diferencia RHEEM<\/strong><\/p>\n<table style=\"width: 100%; margin-left: auto; margin-right: auto;\" border=\"0\" cellspacing=\"2\" cellpadding=\"4\">\n<tbody>\n<tr>\n<td><img decoding=\"async\" src=\"https:\/\/h2otek.com\/tienda\/img\/cms\/aguacaliente\/rheem\/estandar\/icon-sistema-seguridad.png\" alt=\"\" width=\"80\" height=\"80\" \/><\/td>\n<td><strong>Sistema de seguridad<\/strong><br \/>\nDoble sistema de seguridad, que da tranquilidad a tu familia:<br \/>\n&#8211; Termostato autom\u00e1tico.<br \/>\n&#8211; V\u00e1lvula de alivio instalada de f\u00e1brica (a partir del modelo de 20 gal).<\/td>\n<\/tr>\n<tr>\n<td><img decoding=\"async\" src=\"https:\/\/h2otek.com\/tienda\/img\/cms\/aguacaliente\/rheem\/estandar\/icon-ahorro.png\" alt=\"\" width=\"80\" height=\"80\" \/><\/td>\n<td><strong>Ahorro<\/strong><br \/>\nEn relaci\u00f3n a un calentador de dep\u00f3sito igual, con 8 a\u00f1os de antig\u00fcedad.<\/td>\n<\/tr>\n<tr>\n<td><img loading=\"lazy\" decoding=\"async\" src=\"https:\/\/h2otek.com\/tienda\/img\/cms\/aguacaliente\/rheem\/estandar\/icon-sistema-everkleen.png\" alt=\"\" width=\"80\" height=\"80\" \/><\/td>\n<td><strong>Sistema Everkleen\u00ae<\/strong><br \/>\nExclusivo Sistema Everkleen\u00ae<br \/>\nque evita la acumulaci\u00f3n de sales, d\u00e1ndole mayor durabilidad al calentador, a\u00fan con aguas duras.**<\/td>\n<\/tr>\n<tr>\n<td><img loading=\"lazy\" decoding=\"async\" src=\"https:\/\/h2otek.com\/tienda\/img\/cms\/aguacaliente\/rheem\/estandar\/icon-aislamiento.png\" alt=\"\" width=\"80\" height=\"80\" \/><\/td>\n<td><strong>Aislamiento<\/strong><br \/>\nAislamiento de 1.5&#8243; de espuma R-Foam<sup>MR<\/sup> de poliuretano de alta densidad la cual evita p\u00e9rdidas t\u00e9rmicas, minimizando reencendidas. Ahorra 50% de la energ\u00eda consumida por reencendidas vs aislamientos de fibra de vidrio o lana mineral.<\/td>\n<\/tr>\n<tr>\n<td><img loading=\"lazy\" decoding=\"async\" src=\"https:\/\/h2otek.com\/tienda\/img\/cms\/aguacaliente\/rheem\/estandar\/icon-aislamiento.png\" alt=\"\" width=\"80\" height=\"80\" \/><\/td>\n<td><strong>Porcelanizado<\/strong><br \/>\nTanque de grueso calibre con porcelanizado Rheemglas<sup>MR<\/sup> que alarga la vida del producto.<br \/>\nRobusta protecci\u00f3n cat\u00f3dica anti-corrosi\u00f3n, que duplica la vida del tanque.<\/td>\n<\/tr>\n<tr>\n<td><img loading=\"lazy\" decoding=\"async\" src=\"https:\/\/h2otek.com\/tienda\/img\/cms\/aguacaliente\/rheem\/estandar\/icon-encendido-automatico.png\" alt=\"\" width=\"80\" height=\"80\" \/><\/td>\n<td><strong>Encendido Autom\u00e1tico<\/strong><br \/>\nF\u00e1cil operaci\u00f3n de encendido. Selector de temperatura y bot\u00f3n de reseteo.<\/td>\n<\/tr>\n<tr>\n<td><img loading=\"lazy\" decoding=\"async\" src=\"https:\/\/h2otek.com\/tienda\/img\/cms\/aguacaliente\/rheem\/estandar\/icon-ecologico.png\" alt=\"\" width=\"80\" height=\"80\" \/><\/td>\n<td><strong>Ecol\u00f3gico<\/strong><br \/>\nAmigable con el ambiente, sin emisi\u00f3n de gases contaminantes y totalmente silencioso.<\/td>\n<\/tr>\n<tr>\n<td><img loading=\"lazy\" decoding=\"async\" src=\"https:\/\/h2otek.com\/tienda\/img\/cms\/aguacaliente\/rheem\/estandar\/icon-instalacion-mtto.png\" alt=\"\" width=\"80\" height=\"80\" \/><\/td>\n<td><strong>Instalaci\u00f3n y Mantenimiento<\/strong><br \/>\nAdaptable a cualquier tipo de instalaci\u00f3n y f\u00e1cil reemplazo de resistencias el\u00e9ctricas. V\u00e1lvula de drenado, para vaciar y limpiar el tanque.***<\/td>\n<\/tr>\n<\/tbody>\n<\/table>\n<p>* Dependiendo de los h\u00e1bitos de uso y las condiciones de instalaci\u00f3n.<br \/>\n** Excepto los modelos de 2.5, 6, 10, 15, 20 y 30 galones.<br \/>\n*** Excepto los modelos de 6, 10, 15, 20 y 30 galones.<\/p>\n<\/div>\n<p>&nbsp;<\/p>\n<p>&nbsp;<\/p>\n<div style=\"text-align: center;\">\n<p><strong>PARTES DEL CALENTADOR<\/strong><\/p>\n<p><img loading=\"lazy\" decoding=\"async\" src=\"https:\/\/h2otek.com\/tienda\/img\/cms\/aguacaliente\/rheem\/estandar\/partes-01-boiler-deposito-electrico-rheem-89VP2S.jpg\" alt=\"\" width=\"650\" height=\"773\" \/><\/p>\n<p>&nbsp;<\/p>\n<p><img loading=\"lazy\" decoding=\"async\" src=\"https:\/\/h2otek.com\/tienda\/img\/cms\/aguacaliente\/rheem\/estandar\/partes-02-boiler-deposito-electrico-rheem-89VP2S.jpg\" alt=\"\" width=\"650\" height=\"840\" \/><\/p>\n<p>Caracter\u00edstica exclusiva Rheem Ilustraci\u00f3n gen\u00e9rica, solo para referencia.<br \/>\n**** A partir del modelo de 30 galones.<\/p>\n<\/div>\n<p>&nbsp;<\/p>\n<p>&nbsp;<\/p>\n<div style=\"text-align: center;\">\n<p><strong>TABLA DE ESPECIFICACIONES<\/strong><\/p>\n<p><img loading=\"lazy\" decoding=\"async\" src=\"https:\/\/h2otek.com\/tienda\/img\/cms\/aguacaliente\/rheem\/estandar\/especificaciones-boiler-deposito-electrico-rheem-89VP2S.gif\" alt=\"\" width=\"565\" height=\"710\" \/><\/p>\n<p>Las especificaciones de los productos est\u00e1n sujetas a cambio sin previo aviso.<br \/>\n* Con regaderas 6 L\/min y lavabos de 3 L\/min. ** M\u00ednimo calibre. *** Pastilla independiente.<\/p>\n<p>&nbsp;<\/p>\n<p><img loading=\"lazy\" decoding=\"async\" src=\"https:\/\/h2otek.com\/tienda\/img\/cms\/aguacaliente\/rheem\/estandar\/garantia-6years.jpg\" alt=\"\" width=\"350\" height=\"350\" \/><\/p>\n<\/div>\n<div><\/div>\n<div>INDUSTRIAL RHEEM, S.A. DE C.V. CUENTA CON TALLERES DE SERVICIO EN TODA LA REPUBLICA MEXICANA<\/div>\n<div>\n<p>ES IMPORTANTE LEER CLARAMENTE EL INSTRUCTIVO DE INSTALACION Y OPERACION ANTES DE INSTALAR Y PONER A FUNCIONAR EL CALENTADOR<\/p>\n<\/div>\n<div><\/div>\n<p>&nbsp;<\/p>\n<p><strong>DESCARGAR MANUALES<\/strong><\/p>\n<ul>\n<li><a href=\"https:\/\/h2otek.com\/tienda\/img\/cms\/aguacaliente\/rheem\/estandar\/FICHA%20CALENTADORES%20DEPOSITO%20ELECTRICO%20LINEA%20ESTANDAR%20RHEEM.pdf\" target=\"_blank\" rel=\"noopener\">FOLLETO<\/a><\/li>\n<li><a href=\"https:\/\/h2otek.com\/tienda\/img\/cms\/aguacaliente\/rheem\/estandar\/MANUAL%20CALENTADORES%20DEPOSITO%20ELECTRICO%20LINEA%20ESTANDAR%20RHEEM.pdf\" target=\"_blank\" rel=\"noopener\">MANUAL DEL USUARIO<\/a><\/li>\n<\/ul>\n","protected":false},"excerpt":{"rendered":"<p><span style=\"color: #ff0000;\"><strong>PRECIO EN PESOS MEXICANOS.<\/strong><\/span><br \/>\n<span style=\"color: #ff0000;\"><strong>PRECIO INCLUYE 16 % DE I.V.A.<\/strong><\/span><br \/>\n<span style=\"color: #ff0000;\"><strong>PRECIO INCLUYE ENVIO (ZONA CENTRO).<\/strong><\/span><\/p>\n<p><strong><span style=\"font-size: small;\">BOILER ELECTRICO 2 GALONES (9 LITROS)<\/span><\/strong><\/p>\n<p><strong><span style=\"font-size: small; color: #000000;\">RECOMENDADO PARA USO EN LAVABO O LAVAMANOS<\/span><\/strong><\/p>\n<p><em>IDEALES PARA CUALQUIER NECESIDAD DE AGUA CALIENTE, COMO PUEDE SER EN:<\/em><\/p>\n<ul>\n<li><em>CASAS<\/em><\/li>\n<li><em>ESTETICAS<\/em><\/li>\n<li><em>SPA<\/em><\/li>\n<li><em>RESIDENCIAS<\/em><\/li>\n<li><em>DEPARTAMENTOS<\/em><\/li>\n<li><em>CONDOMINIOS<\/em><\/li>\n<li><em>CASA DE CAMPO<\/em><\/li>\n<li><em>LOCALES<\/em><\/li>\n<li><em>ETC.<\/em><\/li>\n<\/ul>\n","protected":false},"featured_media":2970,"comment_status":"closed","ping_status":"closed","template":"","meta":[],"pwb-brand":[],"product_brand":[],"product_cat":[382,1104],"product_tag":[],"class_list":{"0":"post-17540","1":"product","2":"type-product","3":"status-publish","4":"has-post-thumbnail","6":"product_cat-agua-caliente-boilers-calentadores-de-agua","7":"product_cat-linea-estandar-voltaje-120-v-boilers-calentadores-de-agua","9":"first","10":"instock","11":"purchasable","12":"product-type-simple"},"brands":[],"_links":{"self":[{"href":"https:\/\/h2otek.com\/tienda\/wp-json\/wp\/v2\/product\/17540","targetHints":{"allow":["GET"]}}],"collection":[{"href":"https:\/\/h2otek.com\/tienda\/wp-json\/wp\/v2\/product"}],"about":[{"href":"https:\/\/h2otek.com\/tienda\/wp-json\/wp\/v2\/types\/product"}],"replies":[{"embeddable":true,"href":"https:\/\/h2otek.com\/tienda\/wp-json\/wp\/v2\/comments?post=17540"}],"wp:featuredmedia":[{"embeddable":true,"href":"https:\/\/h2otek.com\/tienda\/wp-json\/wp\/v2\/media\/2970"}],"wp:attachment":[{"href":"https:\/\/h2otek.com\/tienda\/wp-json\/wp\/v2\/media?parent=17540"}],"wp:term":[{"taxonomy":"pwb-brand","embeddable":true,"href":"https:\/\/h2otek.com\/tienda\/wp-json\/wp\/v2\/pwb-brand?post=17540"},{"taxonomy":"product_brand","embeddable":true,"href":"https:\/\/h2otek.com\/tienda\/wp-json\/wp\/v2\/product_brand?post=17540"},{"taxonomy":"product_cat","embeddable":true,"href":"https:\/\/h2otek.com\/tienda\/wp-json\/wp\/v2\/product_cat?post=17540"},{"taxonomy":"product_tag","embeddable":true,"href":"https:\/\/h2otek.com\/tienda\/wp-json\/wp\/v2\/product_tag?post=17540"}],"curies":[{"name":"wp","href":"https:\/\/api.w.org\/{rel}","templated":true}]}}