{"id":17532,"date":"2021-07-06T21:13:47","date_gmt":"2021-07-06T21:13:47","guid":{"rendered":"https:\/\/h2otek.com\/tienda\/producto\/gabinete-de-control-de-humedad-1-etapa\/"},"modified":"2022-08-25T19:22:07","modified_gmt":"2022-08-25T19:22:07","slug":"gabinete-de-control-de-humedad-1-etapa","status":"publish","type":"product","link":"https:\/\/h2otek.com\/tienda\/producto\/gabinete-de-control-de-humedad-1-etapa\/","title":{"rendered":"GABINETE DE CONTROL DE HUMEDAD 1 ETAPA"},"content":{"rendered":"<p style=\"text-align: center;\"><img decoding=\"async\" src=\"https:\/\/www.h2otek.com\/tienda\/Images\/accesorios\/header-gabinete-etapa1.jpg\" alt=\"\" border=\"0\" \/><\/p>\n<p style=\"text-align: justify;\"><strong>ESPECIFICACIONES:<\/strong><\/p>\n<ul>\n<li>\n<div style=\"text-align: justify;\">\n<p>Gabinetes de control para multiples aplicaciones<\/p>\n<\/div>\n<\/li>\n<li>\n<div style=\"text-align: justify;\">\n<p>Fabricados a la medida<\/p>\n<\/div>\n<\/li>\n<li>\n<div style=\"text-align: justify;\">\n<p>Gabinetes fabricados bajo est\u00e1ndat NEMA 4<\/p>\n<\/div>\n<\/li>\n<li>\n<div style=\"text-align: justify;\">\n<p>Aprueba de humedad y polvo<\/p>\n<\/div>\n<\/li>\n<li>\n<div style=\"text-align: justify;\">\n<p>Focos piloto indicadores<\/p>\n<\/div>\n<\/li>\n<li>\n<div style=\"text-align: justify;\">\n<p>1 a\u00f1o de garant\u00eda sobre cualquier defecto de fabricaci\u00f3n<\/p>\n<p>&nbsp;<\/p>\n<\/div>\n<\/li>\n<\/ul>\n<p><strong><strong><span style=\"color: #000000;\">PRECIOS INCLUYE GASTOS DE ENVIO (GRATIS) E IMPUESTO 16% DE IVA<\/span><\/strong><\/strong><\/p>\n","protected":false},"excerpt":{"rendered":"<p><span style=\"color: #ff0000;\"><strong>PRECIO EN PESOS MEXICANOS.<\/strong><\/span><br \/>\n<span style=\"color: #ff0000;\"><strong>PRECIO INCLUYE 16 % DE I.V.A.<\/strong><\/span><br \/>\n<span style=\"color: #ff0000;\"><strong>PRECIO INCLUYE ENVIO (ZONA CENTRO).<\/strong><\/span><\/p>\n<p style=\"text-align: left;\"><strong><span style=\"font-size: small; color: #000000;\">GABINETES INDUSTRIALES DE CONTROL PARA UNIDADES HUMIDIFICADORES \u00d3 NEBULIZADORES.<\/span><\/strong><\/p>\n","protected":false},"featured_media":7058,"comment_status":"closed","ping_status":"closed","template":"","meta":[],"pwb-brand":[],"product_brand":[],"product_cat":[418],"product_tag":[],"class_list":{"0":"post-17532","1":"product","2":"type-product","3":"status-publish","4":"has-post-thumbnail","6":"product_cat-accesorios-y-control","8":"first","9":"onbackorder","10":"purchasable","11":"product-type-simple"},"brands":[],"_links":{"self":[{"href":"https:\/\/h2otek.com\/tienda\/wp-json\/wp\/v2\/product\/17532","targetHints":{"allow":["GET"]}}],"collection":[{"href":"https:\/\/h2otek.com\/tienda\/wp-json\/wp\/v2\/product"}],"about":[{"href":"https:\/\/h2otek.com\/tienda\/wp-json\/wp\/v2\/types\/product"}],"replies":[{"embeddable":true,"href":"https:\/\/h2otek.com\/tienda\/wp-json\/wp\/v2\/comments?post=17532"}],"wp:featuredmedia":[{"embeddable":true,"href":"https:\/\/h2otek.com\/tienda\/wp-json\/wp\/v2\/media\/7058"}],"wp:attachment":[{"href":"https:\/\/h2otek.com\/tienda\/wp-json\/wp\/v2\/media?parent=17532"}],"wp:term":[{"taxonomy":"pwb-brand","embeddable":true,"href":"https:\/\/h2otek.com\/tienda\/wp-json\/wp\/v2\/pwb-brand?post=17532"},{"taxonomy":"product_brand","embeddable":true,"href":"https:\/\/h2otek.com\/tienda\/wp-json\/wp\/v2\/product_brand?post=17532"},{"taxonomy":"product_cat","embeddable":true,"href":"https:\/\/h2otek.com\/tienda\/wp-json\/wp\/v2\/product_cat?post=17532"},{"taxonomy":"product_tag","embeddable":true,"href":"https:\/\/h2otek.com\/tienda\/wp-json\/wp\/v2\/product_tag?post=17532"}],"curies":[{"name":"wp","href":"https:\/\/api.w.org\/{rel}","templated":true}]}}