{"id":17505,"date":"2021-07-06T21:13:36","date_gmt":"2021-07-06T21:13:36","guid":{"rendered":"https:\/\/h2otek.com\/tienda\/producto\/kit-de-ventilador2-de-18-con-bomba-300-psi-marca-aeromist-modelo-67018-mp-2fs\/"},"modified":"2024-03-25T19:13:43","modified_gmt":"2024-03-25T19:13:43","slug":"kit-de-ventilador2-de-18-con-bomba-300-psi-marca-aeromist-modelo-67018-mp-2fs","status":"publish","type":"product","link":"https:\/\/h2otek.com\/tienda\/producto\/kit-de-ventilador2-de-18-con-bomba-300-psi-marca-aeromist-modelo-67018-mp-2fs\/","title":{"rendered":"KIT DE VENTILADOR(2) DE 18\u201d CON BOMBA 300 PSI MARCA AEROMIST\u00ae MODELO 67018-MP-2FS"},"content":{"rendered":"<p style=\"text-align: center;\"><img decoding=\"async\" src=\"https:\/\/www.h2otek.com\/tienda\/Images\/nebulizacion\/aeromist\/ventiladores\/header-aeromist_kit_2_vent_18_300.jpg\" alt=\"\" border=\"0\" \/><\/p>\n<p style=\"text-align: justify;\">\u00a0<\/p>\n<p style=\"text-align: justify;\"><strong>DESCRIPCI\u00d3N GENERAL DEL PRODUCTO:<\/strong><\/p>\n<p>Los ventiladores de nebulizaci\u00f3n de media presi\u00f3n Aeromist proporcionan una refrigeraci\u00f3n \u00f3ptima para espacios abiertos como patios traseros y corredor de perros. Los ventiladores ayudan a dispersar las gotitas de niebla fina a lo largo de un \u00e1rea m\u00e1s grande sin conseguir objetos mojados.<\/p>\n<p>Este kit incluye 2 ventiladores de montaje de pared de 18&#8243; y una bomba de nebulizaci\u00f3n de 300 PSI, l\u00ednea de alimentaci\u00f3n de 3\/8&#8243; OD, accesorios, boquillas y kits de abrazaderas.<\/p>\n<p>\u00a0<\/p>\n<p><strong>KIT INCLUYE:<\/strong><\/p>\n<p style=\"text-align: center;\"><img decoding=\"async\" src=\"https:\/\/www.h2otek.com\/tienda\/Images\/nebulizacion\/aeromist\/ventiladores\/kitincluye-aeromist-fan-2_vent_18_300.gif\" alt=\"\" border=\"0\" \/><\/p>\n<p>\u00a0<\/p>\n<p>12 MESES DE GARANT\u00cdA BAJO CUALQUIER DEFECTO DE FABRICACI\u00d3N (EN LA BOMBA)<\/p>\n<p>\u00a0<\/p>\n<p><strong>DESCARGAR MANUALES<\/strong><\/p>\n<ul>\n<li><strong><a href=\"https:\/\/h2otek.com\/tienda\/pdf\/controlhumedad\/CATALOGO%20PRODUCTOS%20AEROMIST.pdf\" target=\"_blank\" rel=\"noopener\">CAT\u00c1LOGO PRODUCTOS AEROMIST\u00ae<\/a><\/strong><\/li>\n<li>\u00a0<strong><a href=\"https:\/\/h2otek.com\/tienda\/pdf\/controlhumedad\/MANUAL%20DEL%20USUARIO%20PRODUCTOS%20AEROMIST.pdf\" target=\"_blank\" rel=\"noopener\">MANUAL DEL USUARIO PRODUCTOS AEROMIST\u00ae<\/a><\/strong><\/li>\n<\/ul>\n<p>\u00a0<\/p>\n<p><span style=\"color: #000000;\"><strong><br \/>PRECIO INCLUYE GASTOS DE ENVIO (GRATIS) E IMPUESTO 16% DE IVA<\/strong><\/span><\/p>\n<p>\u00a0<\/p>\n","protected":false},"excerpt":{"rendered":"<p><span style=\"color: #ff0000;\"><strong>PRECIO EN D\u00d3LARES US.<\/strong><\/span><\/p>\n<p><strong><em>HUMIDIFICADORES IDEALES PARA:<\/em><\/strong><\/p>\n<ul>\n<li><strong><em>PATIOS<\/em><\/strong><\/li>\n<li><strong><em>JARDINES<\/em><\/strong><\/li>\n<li><strong><em>ESPACIOS SOCIALES<\/em><\/strong><\/li>\n<li><strong><em>ALMACENES<\/em><\/strong><\/li>\n<li><strong><em>PROCESOS<\/em><\/strong><\/li>\n<li><strong><em>LABORATORIOS<\/em><\/strong><\/li>\n<li><strong><em>CUARTOS DE PRUEBA<\/em><\/strong><\/li>\n<li><strong><em>COMERCIOS<\/em><\/strong><\/li>\n<li><strong><em>RESTAURANTES<\/em><\/strong><\/li>\n<li><strong><em>TERRAZAS<\/em><\/strong><\/li>\n<li><strong><em>INDUSTRIA EN GENERAL,\u00a0ETC.<\/em><\/strong><\/li>\n<\/ul>\n","protected":false},"featured_media":3876,"comment_status":"closed","ping_status":"open","template":"","meta":[],"pwb-brand":[],"product_brand":[],"product_cat":[452],"product_tag":[],"class_list":{"0":"post-17505","1":"product","2":"type-product","3":"status-publish","4":"has-post-thumbnail","6":"product_cat-sistema-de-ventilador-de-18-con-bomba-de-300-psi","8":"first","9":"instock","10":"purchasable","11":"product-type-simple"},"brands":[],"_links":{"self":[{"href":"https:\/\/h2otek.com\/tienda\/wp-json\/wp\/v2\/product\/17505","targetHints":{"allow":["GET"]}}],"collection":[{"href":"https:\/\/h2otek.com\/tienda\/wp-json\/wp\/v2\/product"}],"about":[{"href":"https:\/\/h2otek.com\/tienda\/wp-json\/wp\/v2\/types\/product"}],"replies":[{"embeddable":true,"href":"https:\/\/h2otek.com\/tienda\/wp-json\/wp\/v2\/comments?post=17505"}],"wp:featuredmedia":[{"embeddable":true,"href":"https:\/\/h2otek.com\/tienda\/wp-json\/wp\/v2\/media\/3876"}],"wp:attachment":[{"href":"https:\/\/h2otek.com\/tienda\/wp-json\/wp\/v2\/media?parent=17505"}],"wp:term":[{"taxonomy":"pwb-brand","embeddable":true,"href":"https:\/\/h2otek.com\/tienda\/wp-json\/wp\/v2\/pwb-brand?post=17505"},{"taxonomy":"product_brand","embeddable":true,"href":"https:\/\/h2otek.com\/tienda\/wp-json\/wp\/v2\/product_brand?post=17505"},{"taxonomy":"product_cat","embeddable":true,"href":"https:\/\/h2otek.com\/tienda\/wp-json\/wp\/v2\/product_cat?post=17505"},{"taxonomy":"product_tag","embeddable":true,"href":"https:\/\/h2otek.com\/tienda\/wp-json\/wp\/v2\/product_tag?post=17505"}],"curies":[{"name":"wp","href":"https:\/\/api.w.org\/{rel}","templated":true}]}}