{"id":17479,"date":"2021-07-06T21:13:31","date_gmt":"2021-07-06T21:13:31","guid":{"rendered":"https:\/\/h2otek.com\/tienda\/producto\/kit-de-ventilador-de-nebulizacion-de-18-blanco-marca-aeromist-modelo-67019-ring\/"},"modified":"2024-03-25T19:13:35","modified_gmt":"2024-03-25T19:13:35","slug":"kit-de-ventilador-de-nebulizacion-de-18-blanco-marca-aeromist-modelo-67019-ring","status":"publish","type":"product","link":"https:\/\/h2otek.com\/tienda\/producto\/kit-de-ventilador-de-nebulizacion-de-18-blanco-marca-aeromist-modelo-67019-ring\/","title":{"rendered":"KIT DE VENTILADOR DE NEBULIZACI\u00d3N DE 18&#8243; BLANCO MARCA AEROMIST\u00ae MODELO 67019-RING"},"content":{"rendered":"<p style=\"text-align: center;\"><img fetchpriority=\"high\" decoding=\"async\" class=\"aligncenter size-full wp-image-22995\" src=\"https:\/\/h2otek.com\/tienda\/wp-content\/uploads\/2021\/07\/header-aeromist-ventiladores-kit-18pulgs-blanco-67019-RING.jpg\" alt=\"\" width=\"650\" height=\"300\" srcset=\"https:\/\/h2otek.com\/tienda\/wp-content\/uploads\/2021\/07\/header-aeromist-ventiladores-kit-18pulgs-blanco-67019-RING.jpg 650w, https:\/\/h2otek.com\/tienda\/wp-content\/uploads\/2021\/07\/header-aeromist-ventiladores-kit-18pulgs-blanco-67019-RING-300x138.jpg 300w, https:\/\/h2otek.com\/tienda\/wp-content\/uploads\/2021\/07\/header-aeromist-ventiladores-kit-18pulgs-blanco-67019-RING-600x277.jpg 600w\" sizes=\"(max-width: 650px) 100vw, 650px\" \/><\/p>\n<p>&nbsp;<\/p>\n<p><strong>DESCRIPCI\u00d3N GENERAL DEL PRODUCTO:<\/strong><\/p>\n<ul>\n<li>Acabado blanco ep\u00f3xico resistente a la corrosi\u00f3n<\/li>\n<li>Ventilador de canasta de 18&#8243; con control de velocidad de 3 ventiladores; cadena de tracci\u00f3n de 3 velocidades<\/li>\n<li>Cuchillas de aluminio de grado industrial<\/li>\n<li>Motor completamente sellado con cable de 8&#8242; 115v<\/li>\n<li>Certificaci\u00f3n UL 507 para uso en interiores y exteriores.<\/li>\n<li>Operaci\u00f3n silenciosa<\/li>\n<li>Anillo de niebla inoxidable con boquillas de tama\u00f1o 0.012<\/li>\n<li>Filtro inhibidor de calcio<\/li>\n<\/ul>\n<p>&nbsp;<\/p>\n<p>Corrosi\u00f3n ep\u00f3xica duradera Acabado blanco L\u00e1minas de aluminio de grado industrial Completamente selladas, clasificaci\u00f3n exterior Incluye soporte de montaje Herrajes de acero inoxidable\/construcci\u00f3n de metal Anillo de niebla de acero inoxidable (4) .012 Boquillas de nebulizaci\u00f3n Pre-cableadas con un cable de alta resistencia de 12 pies y 15 voltios filtro en l\u00ednea.<\/p>\n<p>&nbsp;<\/p>\n<table border=\"0\" cellspacing=\"2\" cellpadding=\"4\">\n<tbody>\n<tr>\n<td><strong>VELOCIDAD<\/strong><\/td>\n<td><strong>VOLTS<\/strong><\/td>\n<td><strong>AMPERES<\/strong><\/td>\n<td><strong>WATTS<\/strong><\/td>\n<td><strong>RPM<\/strong><\/td>\n<td><strong>CFM<\/strong><\/td>\n<\/tr>\n<tr>\n<td>Bajo<\/td>\n<td>120<\/td>\n<td>1.13<\/td>\n<td>112<\/td>\n<td>994<\/td>\n<td>2010<\/td>\n<\/tr>\n<tr>\n<td>Medio<\/td>\n<td>120<\/td>\n<td>1.33<\/td>\n<td>144<\/td>\n<td>1339<\/td>\n<td>2650<\/td>\n<\/tr>\n<tr>\n<td>Alto<\/td>\n<td>120<\/td>\n<td>1.4<\/td>\n<td>172<\/td>\n<td>1550<\/td>\n<td>3120<\/td>\n<\/tr>\n<\/tbody>\n<\/table>\n<p><strong>El kit de ventilador de nebulizaci\u00f3n blanco incluye:<\/strong><\/p>\n<table border=\"0\" cellspacing=\"2\" cellpadding=\"4\">\n<tbody>\n<tr>\n<td><strong>CANTIDAD<\/strong><\/td>\n<td><strong>SKU<\/strong><\/td>\n<td><strong>Descripci\u00f3n<\/strong><\/td>\n<\/tr>\n<tr>\n<td>1<\/td>\n<td>67019<\/td>\n<td>Ventilador no oscilante blanco de 18&#8243;<\/td>\n<\/tr>\n<tr>\n<td>1<\/td>\n<td>65012-4-1<\/td>\n<td>Anillo de niebla (4) Boquilla x 12&#8243; de di\u00e1metro<\/td>\n<\/tr>\n<tr>\n<td>1<\/td>\n<td>52514<\/td>\n<td>Adaptador macho de lat\u00f3n 3\/8&#8243; x 1\/4&#8243;<\/td>\n<\/tr>\n<tr>\n<td>4<\/td>\n<td>51423-SS-LP<\/td>\n<td>Boquilla de la serie AD 012 10\/24<\/td>\n<\/tr>\n<tr>\n<td>1<\/td>\n<td>56402-B<\/td>\n<td>Tubo de nylon 25&#8242; Rollo Negro<\/td>\n<\/tr>\n<tr>\n<td>1<\/td>\n<td>52430-140<\/td>\n<td>Adaptador de manguera 3\/8 FGHT X 3\/8<\/td>\n<\/tr>\n<tr>\n<td>1<\/td>\n<td>52505<\/td>\n<td>Filtro inhibidor de calcio<\/td>\n<\/tr>\n<tr>\n<td>4<\/td>\n<td>30126<\/td>\n<td>Corbata de 6&#8243; con tratamiento UV tratada<\/td>\n<\/tr>\n<tr>\n<td>5<\/td>\n<td>56377<\/td>\n<td>Abrazadera de acero inoxidable<\/td>\n<\/tr>\n<tr>\n<td>5<\/td>\n<td>52602<\/td>\n<td>Tornillo<\/td>\n<\/tr>\n<tr>\n<td>5<\/td>\n<td>52603<\/td>\n<td>Anclaje de pl\u00e1stico<\/td>\n<\/tr>\n<\/tbody>\n<\/table>\n<p>&nbsp;<\/p>\n<p><em>12 MESES DE GARANT\u00cdA BAJO CUALQUIER DEFECTO DE FABRICACI\u00d3N (EN LA BOMBA)<\/em><\/p>\n<p>&nbsp;<\/p>\n<p><strong><span style=\"color: #0000ff;\">DESCARGAR MANUALES:<\/span><\/strong><\/p>\n<ul>\n<li><strong><span style=\"color: #0000ff;\"><a href=\"https:\/\/h2otek.com\/tienda\/pdf\/controlhumedad\/CATALOGO%20PRODUCTOS%20AEROMIST.pdf\" target=\"_blank\" rel=\"noopener\">CAT\u00c1LOGO PRODUCTOS AEROMIST\u00ae<\/a><\/span><\/strong><\/li>\n<li><strong><span style=\"color: #0000ff;\"><a href=\"https:\/\/h2otek.com\/tienda\/pdf\/controlhumedad\/MANUAL%20DEL%20USUARIO%20PRODUCTOS%20AEROMIST.pdf\" target=\"_blank\" rel=\"noopener\">MANUAL DEL USUARIO PRODUCTOS AEROMIST\u00ae<\/a><\/span><\/strong><\/li>\n<\/ul>\n","protected":false},"excerpt":{"rendered":"<p><span style=\"color: #ff0000;\"><strong>PRECIO\u00a0EN\u00a0D\u00d3LARES US.<br \/>\nPRECIO INCLUYE 16 % DE I.V.A.<br \/>\nPRECIO INCLUYE ENVIO (ZONA CENTRO).<\/strong><\/span><\/p>\n<p><strong><em>HUMIDIFICADORES IDEALES PARA:<\/em><\/strong><\/p>\n<ul>\n<li>PATIOS<\/li>\n<li>JARDINES<\/li>\n<li>ESPACIOS SOCIALES<\/li>\n<li>ALMACENES<\/li>\n<li>PROCESOS<\/li>\n<li>LABORATORIOS<\/li>\n<li>CUARTOS DE PRUEBA<\/li>\n<li>COMERCIOS<\/li>\n<li>RESTAURANTES<\/li>\n<li>TERRAZAS<\/li>\n<li>INDUSTRIA EN GENERAL<em><strong>,\u00a0<\/strong><\/em>ETC.<\/li>\n<\/ul>\n","protected":false},"featured_media":7324,"comment_status":"closed","ping_status":"closed","template":"","meta":[],"pwb-brand":[],"product_brand":[],"product_cat":[480,534],"product_tag":[],"class_list":{"0":"post-17479","1":"product","2":"type-product","3":"status-publish","4":"has-post-thumbnail","6":"product_cat-18-ventiladores-de-niebla","7":"product_cat-ventiladores-de-montaje-en-pared","9":"first","10":"onbackorder","11":"purchasable","12":"product-type-simple"},"brands":[],"_links":{"self":[{"href":"https:\/\/h2otek.com\/tienda\/wp-json\/wp\/v2\/product\/17479","targetHints":{"allow":["GET"]}}],"collection":[{"href":"https:\/\/h2otek.com\/tienda\/wp-json\/wp\/v2\/product"}],"about":[{"href":"https:\/\/h2otek.com\/tienda\/wp-json\/wp\/v2\/types\/product"}],"replies":[{"embeddable":true,"href":"https:\/\/h2otek.com\/tienda\/wp-json\/wp\/v2\/comments?post=17479"}],"wp:featuredmedia":[{"embeddable":true,"href":"https:\/\/h2otek.com\/tienda\/wp-json\/wp\/v2\/media\/7324"}],"wp:attachment":[{"href":"https:\/\/h2otek.com\/tienda\/wp-json\/wp\/v2\/media?parent=17479"}],"wp:term":[{"taxonomy":"pwb-brand","embeddable":true,"href":"https:\/\/h2otek.com\/tienda\/wp-json\/wp\/v2\/pwb-brand?post=17479"},{"taxonomy":"product_brand","embeddable":true,"href":"https:\/\/h2otek.com\/tienda\/wp-json\/wp\/v2\/product_brand?post=17479"},{"taxonomy":"product_cat","embeddable":true,"href":"https:\/\/h2otek.com\/tienda\/wp-json\/wp\/v2\/product_cat?post=17479"},{"taxonomy":"product_tag","embeddable":true,"href":"https:\/\/h2otek.com\/tienda\/wp-json\/wp\/v2\/product_tag?post=17479"}],"curies":[{"name":"wp","href":"https:\/\/api.w.org\/{rel}","templated":true}]}}