{"id":17469,"date":"2021-07-06T21:13:26","date_gmt":"2021-07-06T21:13:26","guid":{"rendered":"https:\/\/h2otek.com\/tienda\/producto\/calentador-de-agua-a-gas-uso-comercial-industrial-1000000-btuh-marca-raypak-linea-xtherm-mod-1505\/"},"modified":"2022-09-29T15:50:49","modified_gmt":"2022-09-29T15:50:49","slug":"calentador-de-agua-a-gas-uso-comercial-industrial-1000000-btuh-marca-raypak-linea-xtherm-mod-1505","status":"publish","type":"product","link":"https:\/\/h2otek.com\/tienda\/producto\/calentador-de-agua-a-gas-uso-comercial-industrial-1000000-btuh-marca-raypak-linea-xtherm-mod-1505\/","title":{"rendered":"CALENTADOR DE AGUA A GAS USO COMERCIAL-INDUSTRIAL 1&#8217;000,000 BTUH MARCA RAYPAK LINEA XTHERM MOD. 1505"},"content":{"rendered":"<p style=\"text-align: center;\"><img decoding=\"async\" src=\"https:\/\/www.h2otek.com\/tienda\/Images\/boilers\/raypak\/header-raypak-xtherm-1505.jpg\" alt=\"\" border=\"0\" \/><\/p>\n<p style=\"text-align: justify;\"><span style=\"font-size: small; color: #003300;\"><strong>La siguiente generaci\u00f3n de Calentadores por Condensaci\u00f3n de Raypak<\/strong><\/span><\/p>\n<p style=\"text-align: justify;\">Tecnolog\u00edas consagradas por el tiempo se unen con avances de primera l\u00ednea en el nuevo calentador vertical XTherm de Raypak. Nunca antes un calentador vertical proporciono a ambos: instalador y constructor de piscinas, tal flexibilidad de instalaci\u00f3n, eficiencia, as\u00ed como confiabilidad y desempe\u00f1o a largo plazo. Un lugar estrecho, no es un problema. El XTherm requiere uno de los m\u00e1s peque\u00f1os espacios de instalaci\u00f3n sobre cualquier calentador vertical por condensaci\u00f3n. Nuestro dise\u00f1o compacto lo hace la elecci\u00f3n perfecta para esos duros proyectos de modernizaci\u00f3n dif\u00edciles de lograr. El XTherm de Raypak est\u00e1 constru\u00eddo con componentes y materiales de grado comercial. Desde nuestra base del canal de acero a nuestra sobrecubierta del tubo de chimenea de acero inoxidable y el intercambiador de calor por condensaci\u00f3n, usted puede decir que el XTherm se construye para durar. Es f\u00e1cil de manejar e instalar, pero a\u00fan as\u00ed amigable con el usuario en el servicio. Ahora es el momento perfecto para echar un vistazo m\u00e1s de cerca a Raypak.<\/p>\n<p style=\"text-align: justify;\"><span style=\"font-size: small; color: #003300;\"><strong>Flexibilidad<\/strong><\/span><\/p>\n<p style=\"text-align: justify;\">La asignaci\u00f3n de la longitud del respiradero lider en la industria ofrece mayores alternativas de ubicaci\u00f3n para la ventilaci\u00f3n, lo que reduce el espacio desperdiciado. La versatilidad de la ventilaci\u00f3n est\u00e1 adicionalmente reforzada por el sistema de combusti\u00f3n de ajuste autom\u00e1tico que compensa configuraciones inusuales de la chimenea y el respiradero.<\/p>\n<p style=\"text-align: justify;\"><strong>Categor\u00eda IV <\/strong>&#8211; Certificado de eficiencia del 97% por la CSA, en fuego completo para calentadores de agua en aplicaciones de piscina. Cuando el trabajo requiere eficiencia elevada, XTherm se responsabiliza por sus necesidades. El XTherm puede usar ya sea acero inoxidable AL29-4C, PVC o CPVC para el desfogue (ventilaci\u00f3n). S\u00f3lo especifique la opci\u00f3n de descarga D-32 cuando se utiliza respiradero de PVC. En el coraz\u00f3n de cada Raypak XTherm est\u00e1 un sistema de evaporador integral \u00fanico &#8211; la primera defensa en contra de la condensaci\u00f3n en el intercambiador de calor primario. El sistema del evaporador de Raypak recolecta y reevapora condensaci\u00f3n que se puede formar durante la puesta en marcha inicial.<\/p>\n<p style=\"text-align: justify;\">Usamos tuber\u00eda aletada de cupron\u00edquel de grado comercial en el intercambiador de calor primario. Los intercambiadores de calor est\u00e1ndar basados en cobre, pueden no hacer frente al medio ambiente abrasivo de la calefacci\u00f3n comercial para piscina. Sus clientes esperan lo mejor y Raypak lo entrega con calentadores comerciales de grado profesional para la piscina.<\/p>\n<p style=\"text-align: justify;\"><span style=\"font-size: small; color: #003300;\"><strong>Simplicidad<\/strong><\/span><\/p>\n<p style=\"text-align: justify;\">El XTherm Raypak, precisamente, va a calentar su piscina. Utilizando la \u00faltima tecnolog\u00eda europea para los componentes de combusti\u00f3n, la proporci\u00f3n \u00f3ptima de aire &#8211; combustible es mantenida a lo largo del rango entero de la operaci\u00f3n de carga y rastreo. El XTherm autom\u00e1ticamente auto-sincroniza para adecuar el rango m\u00e1s amplio de presiones del suministro de gas. La v\u00e1lvula del gas de alta calidad integrada al soplador es auto correctiva y permite una operaci\u00f3n suave con presiones fluctuantes del suministro de gas. El XTherm Raypak es tecnolog\u00eda de vanguardia con sencillez atmosf\u00e9rica.<\/p>\n<p style=\"text-align: justify;\"><strong>CARACTER\u00cdSTICAS EST\u00c1NDAR DEL EQUIPO:<\/strong><\/p>\n<ol>\n<li>Cabezal de bronce en WH7<\/li>\n<li>Cabezal de hierro fundido en H7<\/li>\n<li>96% de eficiencia t\u00e9rmica en H7<\/li>\n<li>97% de eficiencia t\u00e9rmica en WH7<\/li>\n<li>Tubos de cobre aletados<\/li>\n<li>Intercambiador de 4 pasos de humo<\/li>\n<li>Intercambiador secundario e acero inoxidable<\/li>\n<li>Para Gas Natural o Gas LP<\/li>\n<li>Controlador modulante con pantalla LCD<\/li>\n<li>Conexiones traseras, gas, agua, el\u00e9ctricas y salida de gases<\/li>\n<li>Control l\u00edmite de ajuste manual H7 240\u00b0F, WH7 200\u00b0F<\/li>\n<li>Bomba interna &#8211; Equipos H construidos con bomba para agua dura<\/li>\n<li>Sensores de temperatura de agua 2 montados 1 desmontado<\/li>\n<li>Pantalla LCD con memoria de aver\u00eda<\/li>\n<li>Protecci\u00f3n contra congelamiento<\/li>\n<li>Encendido de superficie caliente<\/li>\n<li>Modulaci\u00f3n electr\u00f3nica<\/li>\n<li>Switch de flujo<\/li>\n<li>Contacto seco para alarma<\/li>\n<\/ol>\n<p><span style=\"font-weight: bold;\">CARACTERISTICAS PRINCIPALES:<\/span><\/p>\n<div>\n<ul>\n<li>Respiradero calificado de PVC &#8211; opcional en momento del pedido.<\/li>\n<li>1&#8217;500,000 BTUH.<\/li>\n<li>Rendimiento t\u00e9rmico del 97% en fuego completo en aplicaciones para la piscina.<\/li>\n<li>Temperatura continua m\u00ednima del agua de entrada (10 \u00b0C) .<\/li>\n<li>Ocupa poco espacio, aproximadamente 1 m2.<\/li>\n<li>Certificado AB 1953 de bajo plomo.<\/li>\n<li>Centro de diagn\u00f3stico en el tablero, ingles real, no c\u00f3digos.<\/li>\n<li>Todos los modelos para interior\/exterior certificados.<\/li>\n<li>Gabinete completo protege todos los controles y cableado.<\/li>\n<li>Cumple todas las normativas vigentes bajo NOx.<\/li>\n<li>Adecuado para altitudes de hasta 10,000 pies (3,000 mts) p\u00e9rdida de potencia por encima de 5,000 pies (1,500 mts).<\/li>\n<li>Equipado con todos los canales de cupron\u00edquel, cobre, bronce y de acero inoxidable.<\/li>\n<\/ul>\n<p>&nbsp;<\/p>\n<\/div>\n<p style=\"text-align: center;\"><strong>PARTES<\/strong><\/p>\n<p style=\"text-align: center;\"><img decoding=\"async\" src=\"https:\/\/www.h2otek.com\/tienda\/Images\/boilers\/raypak\/partes-raypak-xtherm.jpg\" alt=\"\" border=\"0\" \/><\/p>\n<ol>\n<li style=\"text-align: justify;\"><strong>Terminal de cableado de baja tensi\u00f3n<\/strong> En la parte delantera y de f\u00e1cil acceso. Hace sencillo y limpio el cableado del sensor y el cableado del BMS.<\/li>\n<li style=\"text-align: justify;\"><strong>Centro de diagn\u00f3stico en el tablero <\/strong>Equipo est\u00e1ndar montado de f\u00e1brica. Ofrece servicio de informaci\u00f3n pertinente, as\u00ed como las posibles soluciones para solucionar el fallo. Todos en ingl\u00e9s sencillo, ning\u00fan c\u00f3digo secreto a descifrar. El control tambi\u00e9n almacena hasta 16 c\u00f3digos de falla en su archivo de historia para que el t\u00e9cnico de servicio pueda revisarlo.<\/li>\n<li style=\"text-align: justify;\"><strong>Modo controlador con rastreador de temperatura.<\/strong> Equipo est\u00e1ndar en el XTherm. Este control de multifunci\u00f3n instalado de f\u00e1brica da control preciso de la temperatura con modo de display seleccionables que son f\u00e1ciles de acceder y de leer.<\/li>\n<li style=\"text-align: justify;\"><strong>Ventilador de aire de combusti\u00f3n<\/strong> Construcci\u00f3n en aluminio fundido que no produce chispas. El ventilador de tecnolog\u00eda avanzada y de velocidad de variable es controlado por el Modo Rastreo de Temperatura y funciona en suave armon\u00eda con la v\u00e1lvula principal del gas.<\/li>\n<li style=\"text-align: justify;\"><strong>V\u00e1lvula de gas Dungs<\/strong> El XTherm usa una v\u00e1lvula principal de gas de avanzada tecnolog\u00eda confeccionada en Alemania. Esta v\u00e1lvula de gas de precisi\u00f3n funciona al un\u00edsono con el abanico de aire de combusti\u00f3n. El resultado es ligero y suave como la seda.<\/li>\n<li style=\"text-align: justify;\"><strong>Interruptor de flujo<\/strong> Monitorea el flujo de agua y provee un apagado seguro si la corriente de agua desciende por debajo del m\u00ednimo requerido.<\/li>\n<li style=\"text-align: justify;\"><strong>Interruptor de presi\u00f3n de la ventilaci\u00f3n<\/strong> Monitorea la presi\u00f3n de la ventilaci\u00f3n y provee un apagado seguro si la contrapresi\u00f3n es excesiva.<\/li>\n<li style=\"text-align: justify;\"><strong>Conexi\u00f3n de entrada del gas<\/strong> El XTherm operar\u00e1 en un rango de 100 % completo con presiones del gas tan bajas como de 4.0\u201d w.c<\/li>\n<li style=\"text-align: justify;\"><strong>Salida de agua\u00a0<\/strong><\/li>\n<li style=\"text-align: justify;\"><strong>Bomba del calentador<\/strong> A veces denominada la bomba primaria. Esta bomba de una velocidad mantiene flujo constante a trav\u00e9s del intercambiador de calor primario.<\/li>\n<li style=\"text-align: justify;\"><strong>Toma de agua<\/strong> El XTherm puede aceptar en la toma de agua una temperatura continua de 10 \u00b0C<\/li>\n<li style=\"text-align: justify;\"><strong>Bomba para correr agua fr\u00eda<\/strong> El XTherm viene de f\u00e1brica equipado con un sistema para correr agua fr\u00eda. Este sistema avanzado de control de agua mantiene la temperatura del agua de la conexi\u00f3n de entrada al intercambiador de calor primario por encima de 50 \u00b0C, sin tener en cuenta la temperatura del agua entrante. Constantemente auto ajusta y regula el flujo del agua de entrada, manteniendo un constante \u2206 T en el intercambiador de calor.<\/li>\n<li style=\"text-align: justify;\"><strong>Salida de la chimenea <\/strong>La conexi\u00f3n de salida del tubo de chimenea de acero inoxidable es compatible con el conducto de ventilaci\u00f3n AL29-4C, de PVC o CPVC y puede ser usado en conjunci\u00f3n con la opci\u00f3n del respiradero D-32 en el XTherm. Dram\u00e1ticamente reduzca sus costos de instalaci\u00f3n usando estos materiales no met\u00e1licos en el conducto de ventilaci\u00f3n.<\/li>\n<li style=\"text-align: justify;\"><strong>Intercambiador de calor secundario de acero inoxidable<\/strong> Recobra el calor desperdiciado para fomentar la eficiencia a 97 %. El XTherm utiliza un intercambiador de calor de condensaci\u00f3n de acero inoxidable de alta calidad. Esto le permite que la condensaci\u00f3n corrosiva de la combusti\u00f3n sea recolectada con seguridad sin da\u00f1ar al calentador. Hay una conexi\u00f3n de eliminaci\u00f3n para la condensaci\u00f3n en la parte de atr\u00e1s del calentador. El XTherm es tambi\u00e9n equipado con un interruptor que detectar\u00e1 el bloqueo de un dren por condensaci\u00f3n, lo cual protege el calentador.<\/li>\n<li style=\"text-align: justify;\"><strong>Intercambiador de calor primario vertical<\/strong> Intercambiador de calor cil\u00edndrico multi paso, capta toda la energ\u00eda radiante, eliminando la necesidad de material refractario pesado.<\/li>\n<li style=\"text-align: justify;\"><strong>V\u00e1lvula de dren <\/strong>Una de dos v\u00e1lvulas de purga localizadas al pie del intercambiador de calor. Una tercera v\u00e1lvula de purga est\u00e1 ubicada en el intercambiador de calor de condensaci\u00f3n. Esto permite una completo preparaci\u00f3n para el invierno y el desag\u00fce del calentador.<\/li>\n<li style=\"text-align: justify;\"><strong>Puerto de inspecci\u00f3n <\/strong>Permite una f\u00e1cil inspecci\u00f3n del quemador.<\/li>\n<li style=\"text-align: justify;\"><strong>Cubierta resistente a la intemperie<\/strong> Acero galvanizado de calibre grueso con un recubrimiento de polvo Polytuf resistente a rayos UV impermeable al clima y la corrosi\u00f3n. El revestimiento Polytuf pasa las 1000 horas de ensayo de niebla salina (ASTM B117).<\/li>\n<\/ol>\n<p style=\"text-align: center;\"><img decoding=\"async\" src=\"https:\/\/www.h2otek.com\/tienda\/Images\/boilers\/raypak\/partes2-raypak-xtherm.jpg\" alt=\"\" border=\"0\" \/><\/p>\n<ol>\n<li><strong>Caja de cableado de alto voltaje<\/strong> Conexiones de 120VAC.<\/li>\n<li><strong>Filtro removible de aire <\/strong>Provee acceso f\u00e1cil y es f\u00e1cilmente removible para la inspecci\u00f3n y el reemplazo. Filtro de alta capacidad de 12\u201d x 20\u201d es calificado MERV 8 (retenci\u00f3n de 95% &#8211; 98%).<\/li>\n<li><strong>Capacidad de ventilaci\u00f3n directa<\/strong> Cada XTherm es capaz de ventilaci\u00f3n directa. Al instalar el adaptador opcional del tubo de ventilaci\u00f3n (D-18) y la entrada de aire pleno, su XTherm est\u00e1 listo para la ventilaci\u00f3n directa. Esto le hace ideal para el almacenamiento de productos qu\u00edmicos para piscinas en el mismo cuarto que el XTherm. Los productos qu\u00edmicos da\u00f1inos no est\u00e1n en contacto con el intercambiador de calor o la c\u00e1mara de combusti\u00f3n.<br \/>\n3A. <strong>Cubierta para exterior<\/strong> Si su trabajo requiere de instalaci\u00f3n al aire libre, una entrada opcional de ventilaci\u00f3n f\u00e1cilmente se atornilla sobre la cubierta de la toma de aire del respiradero. El aire de combusti\u00f3n entonces ser\u00e1 extra\u00eddo plenamente desde el interior del calentador a trav\u00e9s de las aberturas apantalladas. Vea la foto arriba a la derecha.<\/li>\n<li><strong>Toma del gas <\/strong>El XTherm funcionar\u00e1 en el rango completo de 100% con presiones de gas tan bajas como 4.0\u201dw.c.<\/li>\n<li><strong>Salida de agua\u00a0<\/strong><\/li>\n<li><strong>Toma de agua <\/strong>El XTherm puede aceptar en la toma de agua una temperatura cont\u00ednua de 10\u00b0C. Sin da\u00f1ar el intercambiador primario de calor.<\/li>\n<li><strong>Panel de acceso para la bomba que corre agua fr\u00eda <\/strong>Panel de acceso f\u00e1cilmente removible a\u00fan cuando la unidad est\u00e1 siendo sondeada en el lugar. Provee acceso completo para inspeccionar y reparar el sistema de la bomba que corre agua fr\u00eda.<\/li>\n<li><strong>La salida del tubo de chimenea<\/strong> La conexi\u00f3n de salida del tubo de chimenea de acero inoxidable es compatible con AL29-4C. Para una dram\u00e1tica reducci\u00f3n de costos sobre el acero inoxidable de categor\u00eda IV, el material del respiradero de PVC o de CPVC se puede utilizar conjuntamente con la opci\u00f3n del respiradero D-32.<\/li>\n<li><strong>Dren de condensaci\u00f3n<\/strong> Conexi\u00f3n de PVC de 3\/4\u201d NPT para la remoci\u00f3n de la condensaci\u00f3n. Raypak ofrece juegos opcionales de neutralizador de condensaci\u00f3n (Z-12) que pueden ser sondeados entre el calentador y el dren.<\/li>\n<\/ol>\n<p>&nbsp;<\/p>\n<div style=\"text-align: center;\"><strong>DIMENSIONES Y TABLA DE ESPECIFICACIONES:<\/strong><\/div>\n<div style=\"text-align: center;\"><a href=\"http:\/\/www.h2otek.com\/tienda\/Images\/boilers\/raypak\/dimensiones-raypak-xtherm-1505-gde.jpg\" target=\"_blank\" rel=\"noopener\"><img decoding=\"async\" src=\"https:\/\/www.h2otek.com\/tienda\/Images\/boilers\/raypak\/dimensiones-raypak-xtherm-1505.jpg\" alt=\"\" border=\"0\" \/><\/a><\/div>\n<div style=\"text-align: center;\">Clic para agrandar imagen<\/div>\n<div><\/div>\n<div><\/div>\n<div style=\"text-align: center;\"><strong>BOMBEO EXTREMO<\/strong><\/div>\n<p style=\"text-align: center;\"><img decoding=\"async\" src=\"https:\/\/www.h2otek.com\/tienda\/Images\/boilers\/raypak\/eficiencia-raypak-xtherm.jpg\" alt=\"\" border=\"0\" \/><\/p>\n<p style=\"text-align: justify;\">El uso anual de combustible se basa en mantener una piscina interior a 27\u00baC por 6 meses al a\u00f1o y usar un costo de combustible de US$1.00 por termia (1 mill\u00f3n de calor\u00edas).<\/p>\n<p style=\"text-align: justify;\"><strong>C\u00f3mo usar la Tabla de Abajo:<\/strong><\/p>\n<ol>\n<li>Determine la temperatura deseada del agua de la piscina.<\/li>\n<li>Determine la temperatura media del agua (promedio) del mes m\u00e1s fr\u00edo en el que se utiliza la piscina (sin calentador).<\/li>\n<li>Reste la temperatura media de la temperatura de nataci\u00f3n deseada. La diferencia es el aumento de temperatura.<\/li>\n<li>Calcule el \u00e1rea de la superficie de la piscina en metros cuadrados.<\/li>\n<li>Debajo de la columna encabezada por el aumento de temperatura, determinado en el Paso 3, encuentre el n\u00famero m\u00e1s cercano a, pero no menos que, el \u00e1rea de la superficie de la piscina del Paso 4. La columna izquierda le dar\u00e1 el modelo del calentador correcto.<\/li>\n<\/ol>\n<p>&nbsp;<\/p>\n<p style=\"text-align: justify;\"><strong>F\u00f3rmula de Dimensionamiento <\/strong><\/p>\n<p style=\"text-align: justify;\">BTUH DE SALIDA REQUERIDOS =<\/p>\n<p style=\"text-align: center;\"><img decoding=\"async\" src=\"https:\/\/www.h2otek.com\/tienda\/Images\/boilers\/raypak\/formula-raypak-xtherm.jpg\" alt=\"\" border=\"0\" \/><\/p>\n<p style=\"text-align: justify;\">Donde existen condiciones de vientos fuertes, seleccione un tama\u00f1o m\u00e1s grande que el determinado por la f\u00f3rmula.<\/p>\n<p style=\"text-align: center;\"><img decoding=\"async\" src=\"https:\/\/www.h2otek.com\/tienda\/Images\/boilers\/raypak\/bombeo-raypak-xtherm.jpg\" alt=\"\" border=\"0\" \/><\/p>\n<p style=\"text-align: justify;\"><strong><span style=\"font-size: small;\">Sistema para Correr Agua Fr\u00eda <\/span><\/strong><\/p>\n<p style=\"text-align: justify;\">El XTherm viene de serie con un sistema montado y sondeado para correr agua fria de tecnolog\u00eda avanzada. El sistema para correr agua fr\u00eda de Raypak provee una constante protecci\u00f3n en contra de la condensaci\u00f3n en el intercambiador de calor primario. El sistema utiliza una bomba de velocidad variable para inyectar solamente la cantidad correcta de agua del bucle del sistema principal dentro del calentador para mantener la temperatura de entrada \u00f3ptima. Esto permite que la capacidad plena del calentador sea utilizada para resolver la carga del sistema, mientras que al mismo tiempo continuamente se mantiene \u00f3ptima la temperatura del agua de entrada para prevenir la condensaci\u00f3n en el intercambiador de calor primario. Todo esto mantiene la condensaci\u00f3n en donde pertenece, en el intercambiador de calor de acero inoxidable para condensaci\u00f3n.<\/p>\n<p style=\"text-align: center;\"><img decoding=\"async\" src=\"https:\/\/www.h2otek.com\/tienda\/Images\/boilers\/raypak\/tablaseleccionrapida-raypak-xtherm-1505.jpg\" alt=\"\" border=\"0\" \/><\/p>\n<p style=\"text-align: center;\">* Depende de clima y altura SNM, pero estos incrmentos son aproximados en 24-36 hrs. Puede variar<\/p>\n<p><strong>Control Extremo<\/strong><\/p>\n<p><strong>Simple Facilidad de Servicio <\/strong><\/p>\n<p style=\"text-align: justify;\">La interfaz de usuario f\u00e1cil de entender de Raypak, incluye tablero de diagnosisticos y luces de estado, le dice al t\u00e9cnico todo lo que \u00e9l necesita saber. Todos los componentes de servicio\/reparaci\u00f3n son f\u00e1cilmente accesibles desde el frente o un lado para una m\u00e1xima flexibilidad de instalaci\u00f3n. Para incrementar la funcionabilidad, la caja de control es completamente removible permitiendo acceso total.<\/p>\n<p style=\"text-align: justify;\"><strong>Modo Rastreo de Tempertura <\/strong><\/p>\n<p style=\"text-align: justify;\">XTherm de Raypak viene de serie con control para Modo de Rastreo de Temperatura. El control monitorea y muestra las temperaturas de entrada y de salida. Los l\u00edmites ajustables previenen que se sobre-cicle, ahorrando energ\u00eda y prolongando la vida del calentador. Su XTherm nunca estar\u00e1 ca\u00eddo por una falla del sensor gracias al software exclusivo de Rastreo de Temperatura de Raypak. Puede funcionar con tan solo un sensor funcionando, manteni\u00e9ndose en marcha hasta que el servicio llegue.<\/p>\n<ul>\n<li>Ajuste de f\u00e1brica del PID L\u00f3gico<\/li>\n<li>Salida de 4 &#8211; 20 ma<\/li>\n<li>Display LCD<\/li>\n<li>Protecci\u00f3n contra Congelamiento<\/li>\n<\/ul>\n<p><strong>Centro de Diagn\u00f3stico en el Tablero <\/strong><\/p>\n<p style=\"text-align: justify;\">XTherm de Raypak viene equipado con un centro de control de diagn\u00f3stico controlado por microprocesador que muestra su informaci\u00f3n sobre un display LCD de 2 x 20 caracteres en ingl\u00e9s llano. Este sistema de control supervisa dispositivos de seguridad, fallas de encendido y el estado del sistema, mientras que almacena hasta 16 fallas reportadas. El centro diagn\u00f3stico de Raypak monitorea las de fallas de salida del control de la ignici\u00f3n Fenwal, convirtiendo los c\u00f3digos de falla Fenwal en ingl\u00e9s real que cualquiera puede comprender. El control esta tambi\u00e9n equipado con un relevador de contacto SPDT de salida seca que se activa en cualquier momento que se produce un fallo de seguridad. Esto puede servir para una alarma del calentador o una interfaz de seguridad.<\/p>\n<p style=\"text-align: justify;\"><strong>Informaci\u00f3n de Diagn\u00f3stico<\/strong><\/p>\n<p style=\"text-align: justify;\"><strong>Fallas de Seguridad<\/strong><\/p>\n<ul>\n<li>L\u00edmite del Tubo de Ventilaci\u00f3n DE PVC<\/li>\n<li>Dren de Condensaci\u00f3n<\/li>\n<li>L\u00edmite Alto Manual<\/li>\n<li>L\u00edmite Alto Autom\u00e1tico<\/li>\n<li>Bajo Nivel de Agua &#8211; Apagado<\/li>\n<li>Presi\u00f3n de Ventilaci\u00f3n<\/li>\n<li>Presi\u00f3n Alta del Gas<\/li>\n<li>Presi\u00f3n Baja del Gas<\/li>\n<li>Alarma del Controlador<\/li>\n<li>Interruptor de Flujo<\/li>\n<li>Interruptor del Soplador<\/li>\n<li>Opci\u00f3nes de F\u00e1brica<\/li>\n<li>Bloqueo Externo<\/li>\n<li>Correr Agua Fr\u00eda<\/li>\n<\/ul>\n<p><strong> Fallas de Control de la Ignici\u00f3n<\/strong><\/p>\n<ul>\n<li>Aire bajo<\/li>\n<li>Flama &#8211; No CFH<\/li>\n<li>Bloqueo de Ignici\u00f3n<\/li>\n<li>Caudal bajo HSI<\/li>\n<li>24 VAC Bajo<\/li>\n<li>Falla de Control Interno<\/li>\n<\/ul>\n<p>&nbsp;<\/p>\n<p style=\"text-align: center;\"><strong>VIDEO:<\/strong><\/p>\n<p><iframe title=\"Raypak\u00ae XTherm (1005A-2005A) Venting with PVC - Training Video\" width=\"500\" height=\"281\" src=\"https:\/\/www.youtube.com\/embed\/K_YswwI1lwA?start=4&#038;feature=oembed\" frameborder=\"0\" allow=\"accelerometer; autoplay; clipboard-write; encrypted-media; gyroscope; picture-in-picture; web-share\" referrerpolicy=\"strict-origin-when-cross-origin\" allowfullscreen><\/iframe><\/p>\n<p>&nbsp;<\/p>\n<p><strong><span style=\"color: #0000ff;\">DESCARGAR MANUALES<\/span><\/strong><\/p>\n<ul>\n<li><strong><span style=\"color: #0000ff;\"><a href=\"http:\/\/www.h2otek.com\/tienda\/pdf\/aguacaliente\/FOLLETO%20CALENTADORES%20DE%20AGUA%20RAYPAK%20LINEA%20XTHERM.pdf\" target=\"_blank\" rel=\"noopener\">FOLLETO<\/a><\/span><\/strong><\/li>\n<\/ul>\n<p>&nbsp;<\/p>\n<div><strong><span style=\"color: #000000;\">PRECIO INCLUYE GASTOS DE ENVIO (GRATIS) E IMPUESTO 16 % DE IVA<\/span><\/strong><\/div>\n","protected":false},"excerpt":{"rendered":"<p><span style=\"color: #ff0000;\"><strong>PARA PRECIO DE ESTE PRODUCTO FAVOR DE COMUNICARSE EN ATENCION A CLIENTES: info@h2otek.com O AL TEL: 01 800 94 26 835<\/strong><\/span><\/p>\n<p><strong>CALENTADOR DE AGUA PRESURIZADO\/INTERIOR. 97% EFICIENCIA CONDENSASI\u00d3N. RECOMENDADO PARA USO COMERCIAL-INDUSTRIAL.<\/strong><\/p>\n<p><em>IDEALES PARA CUALQUIER NECESIDAD DE AGUA CALIENTE, COMO PUEDE SER EN:<\/em><\/p>\n<ul>\n<li><em>CASAS<\/em><\/li>\n<li><em>RESIDENCIAS<\/em><\/li>\n<li><em>DEPARTAMENTOS<\/em><\/li>\n<li><em>CONDOMINIOS<\/em><\/li>\n<li><em>RESTAURANTES<\/em><\/li>\n<li><em>HOTELES\/MOTELES<\/em><\/li>\n<li><em>LAVANDER\u00cdAS COMERCIALES<\/em><\/li>\n<li><em>CL\u00cdNICAS DE REPOSO,\u00a0<\/em><em>ETC.<\/em><\/li>\n<\/ul>\n","protected":false},"featured_media":7874,"comment_status":"closed","ping_status":"closed","template":"","meta":[],"pwb-brand":[],"product_brand":[],"product_cat":[382,833],"product_tag":[],"class_list":{"0":"post-17469","1":"product","2":"type-product","3":"status-publish","4":"has-post-thumbnail","6":"product_cat-agua-caliente-boilers-calentadores-de-agua","7":"product_cat-linea-xtherm-raypak","9":"first","10":"instock","11":"purchasable","12":"product-type-simple"},"brands":[],"_links":{"self":[{"href":"https:\/\/h2otek.com\/tienda\/wp-json\/wp\/v2\/product\/17469","targetHints":{"allow":["GET"]}}],"collection":[{"href":"https:\/\/h2otek.com\/tienda\/wp-json\/wp\/v2\/product"}],"about":[{"href":"https:\/\/h2otek.com\/tienda\/wp-json\/wp\/v2\/types\/product"}],"replies":[{"embeddable":true,"href":"https:\/\/h2otek.com\/tienda\/wp-json\/wp\/v2\/comments?post=17469"}],"wp:featuredmedia":[{"embeddable":true,"href":"https:\/\/h2otek.com\/tienda\/wp-json\/wp\/v2\/media\/7874"}],"wp:attachment":[{"href":"https:\/\/h2otek.com\/tienda\/wp-json\/wp\/v2\/media?parent=17469"}],"wp:term":[{"taxonomy":"pwb-brand","embeddable":true,"href":"https:\/\/h2otek.com\/tienda\/wp-json\/wp\/v2\/pwb-brand?post=17469"},{"taxonomy":"product_brand","embeddable":true,"href":"https:\/\/h2otek.com\/tienda\/wp-json\/wp\/v2\/product_brand?post=17469"},{"taxonomy":"product_cat","embeddable":true,"href":"https:\/\/h2otek.com\/tienda\/wp-json\/wp\/v2\/product_cat?post=17469"},{"taxonomy":"product_tag","embeddable":true,"href":"https:\/\/h2otek.com\/tienda\/wp-json\/wp\/v2\/product_tag?post=17469"}],"curies":[{"name":"wp","href":"https:\/\/api.w.org\/{rel}","templated":true}]}}