{"id":17459,"date":"2021-07-06T21:13:26","date_gmt":"2021-07-06T21:13:26","guid":{"rendered":"https:\/\/h2otek.com\/tienda\/producto\/nebulizador-humidificador-ultrasonico-portatil-desinfeccion-sanitizacion-cap-24-lt-hr-52-8-lb-hr-480v-marca-h2otek-mod-hultra24l48-2-4-11-52-8-dis\/"},"modified":"2025-04-30T23:39:52","modified_gmt":"2025-04-30T23:39:52","slug":"nebulizador-humidificador-ultrasonico-portatil-desinfeccion-sanitizacion-cap-24-lt-hr-52-8-lb-hr-480v-marca-h2otek-mod-hultra24l48-2-4-11-52-8-dis","status":"publish","type":"product","link":"https:\/\/h2otek.com\/tienda\/producto\/nebulizador-humidificador-ultrasonico-portatil-desinfeccion-sanitizacion-cap-24-lt-hr-52-8-lb-hr-480v-marca-h2otek-mod-hultra24l48-2-4-11-52-8-dis\/","title":{"rendered":"NEBULIZADOR &#8211; HUMIDIFICADOR ULTRAS\u00d3NICO (PORT\u00c1TIL) DESINFECCI\u00d3N\/SANITIZACI\u00d3N CAP. 24 LT\/HR &#8211; 52.8 LB\/HR 480V MARCA H2OTEK MOD. HULTRA24L48-2.4-11\/52.8-DIS"},"content":{"rendered":"<p style=\"text-align: center;\"><img fetchpriority=\"high\" decoding=\"async\" src=\"https:\/\/h2otek.com\/tienda\/img\/cms\/controlhumedad\/h2otek\/humidificadores\/hultra-dis\/header-humidificador-lineahultra-desinfeccion-HULTRA24L48.jpg\" alt=\"\" width=\"650\" height=\"300\" \/><\/p>\n<p><strong>IDEALES PARA TRABAJAR ESPACIOS O LUGARES PARA SANITIZACI\u00d3N<\/strong><\/p>\n<p style=\"text-align: justify;\">La generaci\u00f3n de humedad o nebulizaci\u00f3n por medio de un Humidificador Ultras\u00f3nico H2OTEK cuanta con m\u00faltiples ventajas, mencionamos las m\u00e1s importantes:<\/p>\n<ul>\n<li style=\"text-align: justify;\">Generaci\u00f3n del tama\u00f1o de gota m\u00e1s peque\u00f1o, de 1 a 3 micras. Esto hace que la absorci\u00f3n de la humedad del aire ambiente sea casi inmediata, con esto, logrando una mejor eficiencia y por ning\u00fan motivo gota o agua en materiales, tomando en cuenta el porcentaje de humedad deseado<\/li>\n<li style=\"text-align: justify;\">Consumo de energ\u00eda el\u00e9ctrica menor (hasta un 50% menos que los generadores de vapor)<\/li>\n<li style=\"text-align: justify;\">Neblina limpia<\/li>\n<li style=\"text-align: justify;\">Mejor precisi\u00f3n de humedad relativa, los equipos ultras\u00f3nicos H2OTEK, encienden y entregan neblina de inmediato, no como otros sistemas que al pedir humedad, se pueden tardar hasta algunos minutos, para entregar vapor<\/li>\n<li style=\"text-align: justify;\">Suministrando al humidificador agua purificada (osmosis inversa), el mantenimiento es m\u00ednimo y entrega eficientemente una neblina pura, libre se suciedad<\/li>\n<\/ul>\n<p style=\"text-align: justify;\"><span style=\"font-weight: bold;\">CARACTER\u00cdSTICAS:<\/span><\/p>\n<ul>\n<li>\u00c1rea de cobertura recomendada (\u00e1rea cerrada) &#8211; 350-400 m2 Nota: Esta \u00e1rea de cobertura puede cambiar dependiendo las condiciones de cada instalaci\u00f3n<\/li>\n<li>Trabajo en descarga libre o con ducto<\/li>\n<li>Neblina extremadamente fina y pura<\/li>\n<li>Unidad totalmente port\u00e1til<\/li>\n<li>Fabricaci\u00f3n en acero inoxidable<\/li>\n<li>Humidistato integrado de f\u00e1cil programaci\u00f3n<\/li>\n<li>Doble salida de inyecci\u00f3n de neblina<\/li>\n<li>Sensor remoto al\u00e1mbrico (ES NECESARIO CONECTARLO, PARA TRABAJAR LA UNIDAD)<\/li>\n<li>Control de 0 a 99% de humedad relativa precisi\u00f3n +-5%<\/li>\n<li>F\u00e1cil instalaci\u00f3n<\/li>\n<li>Generador de iones negativos (beneficioso para los seres vivos)<\/li>\n<\/ul>\n<p><strong><span style=\"font-size: x-small; color: #ff0000;\">NOTA IMPORTANTE: NO ES RECOMENDABLE UTILIZAR EL EQUIPO O EQUIPOS DENTRO DEL AREA ACONDICIONADA, CUANDO EL PORCENTAJE DE HUMEDAD A TRABAJAR, ES MAYOR A 70%. EN ESTOS CASOS, SE REQUIERE PONER EL EQUIPO AFUERA DEL AREA ACONDICIONADA E INYECTAR LA NEBULIZACION, POR MEDIO DE DUCTOS.<\/span><\/strong> <span style=\"color: #ff0000;\"><strong>SI EL EQUIPO TRABAJA AFUERA DEL AREA ACONDICIONADA, EL SENSOR DE HUMEDAD REMOTO ALABRICO, DEBE DE ESTAR DENTRO DEL AREA ACONDICIONADA, PARA EL TRABAJO CORRECTO DEL HUMIDIFICADOR.<\/strong><\/span> TABLA DE ESPECIFICACIONES<\/p>\n<p style=\"text-align: center;\"><img decoding=\"async\" src=\"https:\/\/h2otek.com\/tienda\/img\/cms\/controlhumedad\/h2otek\/humidificadores\/hultra-dis\/especificaciones-hultra-24l48-DIS.gif\" alt=\"\" width=\"459\" height=\"549\" \/><\/p>\n<p style=\"text-align: justify;\"><span style=\"color: #ff0000;\"><strong><span style=\"color: #ff0000;\"><strong>NOTA: LOS EQUIPOS ULTRASONICOS DEBEN TRABAJAR ESTRICTAMENTE CON AGUA POTABLE LIBRE DE SOLIDOS Y REDUCIDA EN MINERALES O SALES (FILTRADA Y SUAVIZADA).<\/strong><\/span><\/strong><\/span><\/p>\n<p><strong>EL EQUIPO ESTA PREPARADO PARA TRABAJAR CON LOS SIGUIENTES AGENTES QUIMICOS:<\/strong><\/p>\n<ul>\n<li>Hipoclorito de sodio<\/li>\n<li>Di\u00f3xido de cloro<\/li>\n<li>\u00c1cido hipocloroso<\/li>\n<\/ul>\n<p><strong><img decoding=\"async\" src=\"https:\/\/h2otek.com\/tienda\/img\/cms\/controlhumedad\/h2otek\/humidificadores\/hultra\/nota-ultrasonicos.gif\" alt=\"\" width=\"650\" height=\"124\" \/><\/strong><\/p>\n<p style=\"text-align: center;\"><strong>DIMENSIONES:<\/strong><\/p>\n<p style=\"text-align: center;\"><img loading=\"lazy\" decoding=\"async\" src=\"https:\/\/h2otek.com\/tienda\/img\/cms\/controlhumedad\/h2otek\/humidificadores\/dimensiones-humidificador-lineahultra-HULTRA24L48.jpg\" alt=\"\" width=\"619\" height=\"600\" \/><\/p>\n<p style=\"text-align: center;\"><strong><strong>COMPONENTES<\/strong> <em>(Clic en las im\u00e1genes para agrandar)<\/em><\/strong><strong>\u00a0<\/strong><\/p>\n<p style=\"text-align: center;\"><a href=\"Images\/h2otek\/humidificadores\/componentes01-humidificador-lineahultra-9l12_gde.jpg\" target=\"_blank\" rel=\"noopener\"><img decoding=\"async\" src=\"https:\/\/www.h2otek.com\/tienda\/Images\/h2otek\/humidificadores\/componentes01-humidificador-lineahultra-9l12.jpg\" alt=\"\" border=\"0\" \/><\/a><\/p>\n<p style=\"text-align: center;\"><a href=\"Images\/h2otek\/humidificadores\/componentes02-humidificador-lineahultra-9l12_gde.jpg\" target=\"_blank\" rel=\"noopener\"><img decoding=\"async\" src=\"https:\/\/www.h2otek.com\/tienda\/Images\/h2otek\/humidificadores\/componentes02-humidificador-lineahultra-9l12.jpg\" alt=\"\" border=\"0\" \/><\/a><\/p>\n<p style=\"text-align: center;\"><strong>HUMIDIFICADOR CON DUCTOS<\/strong><\/p>\n<p style=\"text-align: center;\"><img decoding=\"async\" src=\"https:\/\/www.h2otek.com\/tienda\/Images\/h2otek\/humidificadores\/fotos-humidificadores-hultra-opcionducto.jpg\" alt=\"\" border=\"0\" \/><\/p>\n<p style=\"text-align: center;\"><img loading=\"lazy\" decoding=\"async\" src=\"https:\/\/h2otek.com\/tienda2015\/img\/cms\/foto-ductos-hultra.jpg\" alt=\"\" width=\"550\" height=\"365\" \/><\/p>\n<p style=\"text-align: center;\"><span style=\"font-weight: bold;\">VIDEOS:<\/span><\/p>\n<div style=\"text-align: center;\"><iframe style=\"margin-left: auto; margin-right: auto;\" src=\"https:\/\/www.youtube.com\/embed\/SzZWWvTgklk\" width=\"425\" height=\"350\" frameborder=\"0\"><\/iframe><\/div>\n<p style=\"text-align: center;\"><iframe src=\"https:\/\/www.youtube.com\/embed\/FEpuulQ3xi4\" width=\"425\" height=\"350\" frameborder=\"0\"><\/iframe><\/p>\n<p>\u00a0<\/p>\n<p style=\"text-align: center;\"><strong>SECCI\u00d3N DE VIDEOS HUMIDIFICADORES CON DUCTOS\u00a0<\/strong> (EL MODELO UTILIZADO EN ESTOS VIDEOS, PUEDE SER DIFERENTE AL MODELO SELECCIONADO, S\u00d3LO ES ILUSTRATIVO):<\/p>\n<p><iframe title=\"HUMIDIFICADORES   Sistema industrial de humidificaci\u00f3n ultras\u00f3nica con ductos marca H2OTEK\" width=\"500\" height=\"281\" src=\"https:\/\/www.youtube.com\/embed\/S7WsB7ogTOg?feature=oembed\" frameborder=\"0\" allow=\"accelerometer; autoplay; clipboard-write; encrypted-media; gyroscope; picture-in-picture; web-share\" referrerpolicy=\"strict-origin-when-cross-origin\" allowfullscreen><\/iframe><\/p>\n<p>\u00a0<\/p>\n<p><iframe title=\"AUTOMATIZADO - HUMIDIFICADOR ULTRASONICO H2OTEK CON GABINETE REMOTO Y DUCTOS DE INYECCION HUMEDAD\" width=\"500\" height=\"281\" src=\"https:\/\/www.youtube.com\/embed\/rFko_uksul8?feature=oembed\" frameborder=\"0\" allow=\"accelerometer; autoplay; clipboard-write; encrypted-media; gyroscope; picture-in-picture; web-share\" referrerpolicy=\"strict-origin-when-cross-origin\" allowfullscreen><\/iframe><\/p>\n<p><span style=\"font-weight: bold;\"><iframe src=\"https:\/\/www.youtube.com\/embed\/hbHMov0m6yI?rel=0&amp;controls=0&amp;showinfo=0\" width=\"640\" height=\"360\" frameborder=\"0\"><\/iframe> <\/span><\/p>\n<p><iframe title=\"HUMIDIFICADOR ULTRASONICO MULTIPLES APLICACIONES 2\" width=\"500\" height=\"281\" src=\"https:\/\/www.youtube.com\/embed\/w1iC-NHNjGs?feature=oembed\" frameborder=\"0\" allow=\"accelerometer; autoplay; clipboard-write; encrypted-media; gyroscope; picture-in-picture; web-share\" referrerpolicy=\"strict-origin-when-cross-origin\" allowfullscreen><\/iframe><\/p>\n<p><iframe src=\"https:\/\/www.youtube.com\/embed\/5l20hE46QwQ?rel=0&amp;controls=0&amp;showinfo=0\" width=\"640\" height=\"360\" frameborder=\"0\"><\/iframe> <iframe src=\"https:\/\/www.youtube.com\/embed\/Bh-Q8Mhx2G4?rel=0&amp;controls=0&amp;showinfo=0\" width=\"640\" height=\"360\" frameborder=\"0\"><\/iframe><\/p>\n<p style=\"text-align: center;\"><iframe src=\"https:\/\/www.youtube.com\/embed\/kZMDTaG0o9s\" width=\"425\" height=\"350\" frameborder=\"0\"><\/iframe><\/p>\n<p style=\"text-align: center;\"><iframe src=\"https:\/\/www.youtube.com\/embed\/8hkPwaMYY5Q\" width=\"425\" height=\"350\" frameborder=\"0\"><\/iframe><\/p>\n<p style=\"text-align: center;\"><iframe src=\"https:\/\/www.youtube.com\/embed\/CI5PVQFVQ20\" width=\"425\" height=\"350\" frameborder=\"0\"><\/iframe><\/p>\n<p style=\"text-align: center;\"><iframe src=\"https:\/\/www.youtube.com\/embed\/4Zl6IXl2_yU\" width=\"425\" height=\"350\" frameborder=\"0\"><\/iframe><\/p>\n<p style=\"text-align: center;\"><iframe src=\"https:\/\/www.youtube.com\/embed\/Hv52rUEo_u4\" width=\"425\" height=\"350\" frameborder=\"0\"><\/iframe><\/p>\n<p style=\"text-align: center;\"><img loading=\"lazy\" decoding=\"async\" src=\"https:\/\/h2otek.com\/tienda\/img\/cms\/garantia-insignias\/garantia-h2otek-1year.jpg\" alt=\"\" width=\"350\" height=\"350\" \/><\/p>\n<p style=\"text-align: justify;\"><strong><span style=\"color: #0000ff;\">DESCARGAR MANUAL:<\/span><\/strong><\/p>\n<ul style=\"list-style-type: disc;\">\n<li><strong><span style=\"color: #0000ff;\"><a href=\"http:\/\/www.h2otek.com\/tienda\/pdf\/controlhumedad\/MANUAL%20INSTALACION-OPERACION%20HUMIDIFICADOR%20ULTRASONICO%20PORTATIL%20H2OTEK%20HULTRA.pdf\" target=\"_blank\" rel=\"noopener\">MANUAL DE INSTALACI\u00d3N Y OPERACI\u00d3N<\/a><\/span><\/strong><\/li>\n<\/ul>\n<p style=\"text-align: justify;\">\u00a0<\/p>\n","protected":false},"excerpt":{"rendered":"<p><span style=\"color: #ff0000; font-size: 12pt;\"><strong>PRECIO EN D\u00d3LARES US.<br \/>\n<\/strong><strong>PRECIO INCLUYE 16 % DE I.V.A.<br \/>\n<\/strong><strong>PRECIO INCLUYE ENVIO (ZONA CENTRO).<\/strong><\/span><\/p>\n<p><strong>HUMIDIFICADOR CAPACIDAD 24 LT\/HR &#8211; 52.8 LB\/HR<\/strong><\/p>\n<p><strong><em>IDEALES PARA TRABAJAR ESPACIOS O LUGARES PARA SANITIZACI\u00d3N:<\/em><\/strong><\/p>\n<ul>\n<li><strong><em>HOSPITALES<\/em><\/strong><\/li>\n<li><strong><em>QUIR\u00d3FANOS<\/em><\/strong><\/li>\n<li><strong><em>ACCESOS<\/em><\/strong><\/li>\n<li><strong><em>OFICINAS<\/em><\/strong><\/li>\n<li><strong><em>LABORATORIOS<\/em><\/strong><\/li>\n<li><strong><em>PROCESOS<\/em><\/strong><\/li>\n<li><strong><em>CUARTOS DE PRUEBA<\/em><\/strong><\/li>\n<li><strong><em>INDUSTRIA ELECTR\u00d3NICA<\/em><\/strong><\/li>\n<li><strong><em>ALMACENES<\/em><\/strong><\/li>\n<li><strong><em>INDUSTRIA FARMAC\u00c9UTICA<\/em><\/strong><\/li>\n<li><strong><em>INDUSTRIA QU\u00cdMICA<\/em><\/strong><\/li>\n<li><strong><em>ESTACIONES DE TRABAJO<\/em><\/strong><\/li>\n<li><strong><em>INSDUSTRIA ALIMENTICIA Y DEL TABACO<\/em><\/strong><\/li>\n<li><strong><em>INDUSTRIA TEXTIL<\/em><\/strong><\/li>\n<li><strong><em>CONSERVADORES,\u00a0ETC.<\/em><\/strong><\/li>\n<\/ul>\n","protected":false},"featured_media":74,"comment_status":"closed","ping_status":"closed","template":"","meta":[],"pwb-brand":[],"product_brand":[],"product_cat":[885,373,886,889,801,969],"product_tag":[],"class_list":{"0":"post-17459","1":"product","2":"type-product","3":"status-publish","4":"has-post-thumbnail","6":"product_cat-portatiles-por-aplicacion","7":"product_cat-version-completa-todo-en-1-ultrasonicos-desinfeccion-sanitizacion","8":"product_cat-estacionarios-por-aplicacion","9":"product_cat-nebulizacion-quimicos-sanitizacion-desinfeccion-fumigacion","10":"product_cat-desinfeccion-sanitizacion","11":"product_cat-version-completa-todo-en-1","13":"first","14":"onbackorder","15":"purchasable","16":"product-type-simple"},"brands":[],"_links":{"self":[{"href":"https:\/\/h2otek.com\/tienda\/wp-json\/wp\/v2\/product\/17459","targetHints":{"allow":["GET"]}}],"collection":[{"href":"https:\/\/h2otek.com\/tienda\/wp-json\/wp\/v2\/product"}],"about":[{"href":"https:\/\/h2otek.com\/tienda\/wp-json\/wp\/v2\/types\/product"}],"replies":[{"embeddable":true,"href":"https:\/\/h2otek.com\/tienda\/wp-json\/wp\/v2\/comments?post=17459"}],"wp:featuredmedia":[{"embeddable":true,"href":"https:\/\/h2otek.com\/tienda\/wp-json\/wp\/v2\/media\/74"}],"wp:attachment":[{"href":"https:\/\/h2otek.com\/tienda\/wp-json\/wp\/v2\/media?parent=17459"}],"wp:term":[{"taxonomy":"pwb-brand","embeddable":true,"href":"https:\/\/h2otek.com\/tienda\/wp-json\/wp\/v2\/pwb-brand?post=17459"},{"taxonomy":"product_brand","embeddable":true,"href":"https:\/\/h2otek.com\/tienda\/wp-json\/wp\/v2\/product_brand?post=17459"},{"taxonomy":"product_cat","embeddable":true,"href":"https:\/\/h2otek.com\/tienda\/wp-json\/wp\/v2\/product_cat?post=17459"},{"taxonomy":"product_tag","embeddable":true,"href":"https:\/\/h2otek.com\/tienda\/wp-json\/wp\/v2\/product_tag?post=17459"}],"curies":[{"name":"wp","href":"https:\/\/api.w.org\/{rel}","templated":true}]}}