{"id":17450,"date":"2021-07-06T21:13:21","date_gmt":"2021-07-06T21:13:21","guid":{"rendered":"https:\/\/h2otek.com\/tienda\/producto\/boiler-calentador-de-agua-raypak-hidronico-h-cap-4000000-btu-a-gas-mvb-industrial-comercial-mod-h7-4003\/"},"modified":"2022-10-05T18:44:32","modified_gmt":"2022-10-05T18:44:32","slug":"boiler-calentador-de-agua-raypak-hidronico-h-cap-4000000-btu-a-gas-mvb-industrial-comercial-mod-h7-4003","status":"publish","type":"product","link":"https:\/\/h2otek.com\/tienda\/producto\/boiler-calentador-de-agua-raypak-hidronico-h-cap-4000000-btu-a-gas-mvb-industrial-comercial-mod-h7-4003\/","title":{"rendered":"BOILER-CALENTADOR DE AGUA RAYPAK HIDR\u00d3NICO (H) CAP. 4&#8217;000,000 BTU A GAS MVB INDUSTRIAL-COMERCIAL MOD. H7-4003"},"content":{"rendered":"<p style=\"text-align: center;\"><img fetchpriority=\"high\" decoding=\"async\" src=\"https:\/\/h2otek.com\/tienda\/img\/cms\/aguacaliente\/raypak\/header-raypak-raytherm-hidronico_mvb_H74003_LP.jpg\" alt=\"header-raypak-raytherm-hidronico_mvb.jpg\" width=\"650\" height=\"329\" \/><\/p>\n<p>\u00a0<\/p>\n<p><strong>La Siguiente Generaci\u00f3n De Calderas Verticales Modulables<\/strong><\/p>\n<p>Tecnolog\u00edas consagradas por el tiempo se unen con avances de primera l\u00ednea en la nueva caldera vertical modulable MVB de Raypak.El peque\u00f1o espacio ya no es un problema, nuestro dise\u00f1o compacto se ajusta a trav\u00e9s de una apertura de la puerta de 32 &#8220;para que sea la opci\u00f3n perfecta para aquellos proyectos de modernizaci\u00f3n dif\u00edciles de alcanzar. Nunca antes una caldera vertical proporciono a ambos: instalador y constructor de piscinas, tal flexibilidad de instalaci\u00f3n, eficiencia, as\u00ed como confiabilidad y desempe\u00f1o a largo plazo. Un lugar estrecho, no es un problema. La MVB requiere uno de los m\u00e1s peque\u00f1os espacios de instalaci\u00f3n sobre cualquier calentador vertical por condensaci\u00f3n. Nuestro dise\u00f1o compacto le hace la elecci\u00f3n perfecta para esos duros proyectos de modernizaci\u00f3n dif\u00edciles de lograr. La MVB de Raypak est\u00e1 constru\u00edda con componentes y materiales de grado comercial. Desde nuestra base del canal de acero a nuestra sobrecubierta del tubo de chimenea de acero inoxidable y el intercambiador de calor por condensaci\u00f3n, usted puede decir que la MVB se construye para durar.\u00a0La plataforma de control integrado VERSA IC\u00ae controla con precisi\u00f3n la carga de calentamiento para eliminar la sobrecarga costosa, y la regulaci\u00f3n de 7: 1 garantiza una alta eficiencia a lo largo de la tasa de disparo y en realidad aumenta la eficiencia durante la carga parcial, justo cuando se desea. La pantalla t\u00e1ctil de 7@ facilita la programaci\u00f3n y la supervisi\u00f3n de la unidad. Es f\u00e1cil de manejar e instalar, pero a\u00fan as\u00ed amigable con el usuario en el servicio. Ahora es el momento perfecto para echar un vistazo m\u00e1s de cerca a Raypak.<\/p>\n<p><strong>Flexibilidad<\/strong><\/p>\n<p>La asignaci\u00f3n de la longitud del respiradero lider en la industria ofrece mayores alternativas de ubicaci\u00f3n para la ventilaci\u00f3n, lo que reduce el espacio desperdiciado. La versatilidad de la ventilaci\u00f3n est\u00e1 adicionalmente reforzada por el sistema de combusti\u00f3n de ajuste autom\u00e1tico que compensa configuraciones inusuales de la chimenea y el respiradero.<\/p>\n<p>Categor\u00eda IV\u00a0&#8211; Certificados por la CSA, hasta 87% de eficiencia a fuego completo, lo m\u00e1s alto posible para calderas sin condensaci\u00f3n (\u00a1hasta 88.4% de eficiencia en la parte de carga!). Cuando el trabajo requiere de alta eficiencia, nuestra soluci\u00f3n de la Categoria IV se adapta a sus necesidades. En el coraz\u00f3n de cada MVB de Raypak hay un \u00fanico sistema integral de evaporador, la primera defensa en contra de condensaci\u00f3n da\u00f1ina. El sistema del evaporador de Raypak recolecta y reevapora la condensaci\u00f3n que se puede formar durante los per\u00edodos iniciales de puesta en marcha o en breves per\u00edodos de operaci\u00f3n con agua fr\u00eda, eliminando as\u00ed la necesidad de un desag\u00fce como en las calderas de condensaci\u00f3n. Esto le ahorra a usted dinero en los costos de instalaci\u00f3n, as\u00ed como, el dolor de cabeza de tratar con m\u00faltiples desag\u00fces de condensaci\u00f3n.<\/p>\n<p><strong>Modulaci\u00f3n Verdadera<\/strong><\/p>\n<p>La modulaci\u00f3n no es nada nuevo para Raypak, hemos perfeccionado nuestra experiencia en modulaci\u00f3n de gas por m\u00e1s de 50 a\u00f1os. El MVB de Raypak rastrear\u00e1 infinitamente la carga de calefacci\u00f3n de manera precisa, con el control de modo Rastreo de Temperatura, eliminando costosos sobre calentamientos. Utilizando la \u00faltima tecnolog\u00eda europea para el paquete del soplador de la v\u00e1lvula de gas, la proporci\u00f3n \u00f3ptima de aire &#8211; combustible se mantiene a lo largo del rango completo de la operaci\u00f3n de carga &#8211; monitoreo. Nuestra suave reducci\u00f3n de 7:1 (2503 a 4003) asegura que la eficiencia se mantiene a lo largo de la frecuencia de encendido y de hecho aumenta durante la parte de la carga, o bien, cuando usted lo requiera! El MVB autom\u00e1ticamente auto-sincroniza para adecuar el rango m\u00e1s amplio de presiones del suministro del gas. El soplador de alta calidad integrado en la v\u00e1lvula de gas es de autocorrecci\u00f3n y permite un funcionamiento suave, a\u00fan, con fluctuaciones en la presi\u00f3n del suministro de gas. El MVB de Raypak es tecnolog\u00eda de punta con simplicidad atmosf\u00e9rica.<\/p>\n<p><strong><\/p>\n<p>CARACTER\u00cdSTICAS<br \/><\/strong><\/p>\n<ul>\n<li>85% de eficiencia t\u00e9rmica<\/li>\n<li>Presi\u00f3n positiva\u00a0de ventilaci\u00f3n, aparato de\u00a0condensaci\u00f3n. Ventilaci\u00f3n categor\u00eda IV requerida.<\/li>\n<li>Cabezales de bronce\u00a0con intercambiador de calor de tubo de aletas de cobre est\u00e1ndar<\/li>\n<li>Tubos de Cupro-N\u00edquel disponibles como opcionales<\/li>\n<li>Certificado CSA de bajo nivel de plomo, menos de 0.25%<\/li>\n<li>Certificado de dise\u00f1o\u00a0ANSI Z21<\/li>\n<li>Temperatura m\u00ednima de agua de entrada 120\u00b0F<\/li>\n<li>Temperatura m\u00e1xima operable de agua de salida 235\u00b0F<\/li>\n<li>Modulaci\u00f3n electr\u00f3nica hasta\u00a0de 7:1 m\u00e1s baja.<\/li>\n<li>Paquete de control de VERSA IC\u00ae con funci\u00f3n de reajuste exterior incorporada y pantalla LCD de \u00a0, incluye sensor del sistema, sensor indirecto y sensor indirecto de la fuente.<\/li>\n<li>Luces indicadoras de estado<\/li>\n<li>Control en cascada de hasta 4 unidades, sin necesidad de secuenciador externo<\/li>\n<li>Centro de Diagn\u00f3stico con Historial, Ingl\u00e9s, sin c\u00f3digos.<\/li>\n<li>Modbus RTU Puerto BMS (RS485).<\/li>\n<li>Interfaz BMS de 0-10 VDC(punto de ajuste o manejo directo)<\/li>\n<li>Todos los modelos de construcci\u00f3n interior \/ exterior.<\/li>\n<li>Bajo\u00a0las regulacionesNOx. Consulte las regulaciones locales<\/li>\n<li>Dise\u00f1ado con componentes del sistema precisamente emparejados.<br \/>El dise\u00f1o m\u00e1s peque\u00f1o (11.7 pies cuadrados) se adapta a espacios reducidos y reemplaza f\u00e1cilmente las calderas m\u00e1s grandes.<\/li>\n<li>Prueba de fuego de f\u00e1brica del 100% .<\/li>\n<li>El gabinete completo protege todos los controles y el cableado. Revestimiento\u00a0en polvo resistente a la corrosi\u00f3n.<\/li>\n<li>Adecuado para altitudes de hasta 10.000 pies (arriba de 2.000 pies).<\/li>\n<li>No se requiere drenaje de condensado de la caldera (dise\u00f1o propio)<\/li>\n<li>Disponible para gas natural o propano.<\/li>\n<li>Filtro de aire de combusti\u00f3n integral (MERV8).<\/li>\n<li>Varias salidas de la bomba &#8211; Bomba de la caldera, bomba del sistema, bomba indirecta.<\/li>\n<li>Operaci\u00f3n Whisper-Quiet.<\/li>\n<li>Fabricado\u00a0en los EEUU.<\/li>\n<\/ul>\n<p>\u00a0<\/p>\n<p>\u00a0<\/p>\n<p style=\"text-align: center;\"><strong>TABLAS DE ESPECIFICACIONES:<\/strong><\/p>\n<p style=\"text-align: center;\"><img decoding=\"async\" src=\"https:\/\/h2otek.com\/tienda\/img\/cms\/MVB\/DIMENSIONES_503_2003_MVB_TABLA.jpg\" alt=\"DIMENSIONES_503_2003_MVB_TABLA.jpg\" width=\"906\" height=\"288\" \/><\/p>\n<p>\u00a0<br \/>\u00a0<\/p>\n<p style=\"text-align: center;\"><strong>DIMENSIONES<\/strong><\/p>\n<div style=\"text-align: center;\"><img decoding=\"async\" src=\"https:\/\/h2otek.com\/tienda\/img\/cms\/MVB\/DIMENSIONES%20MVB503_2003.jpg\" alt=\"DIMENSIONES MVB503_2003.jpg\" width=\"714\" height=\"572\" \/><br \/>\u00a0<br \/>\u00a0<\/div>\n<div style=\"text-align: center;\"><strong>COMPONENTES<br \/><\/strong><br \/><img loading=\"lazy\" decoding=\"async\" src=\"https:\/\/h2otek.com\/tienda\/img\/cms\/MVB\/COMPONENTES_MVB_503_FRENTE.jpg\" alt=\"\" width=\"250\" height=\"346\" \/><img loading=\"lazy\" decoding=\"async\" src=\"https:\/\/h2otek.com\/tienda\/img\/cms\/MVB\/COMPONENTES_MVB_503.jpg\" alt=\"\" width=\"268\" height=\"375\" \/><\/p>\n<p><img loading=\"lazy\" decoding=\"async\" src=\"https:\/\/h2otek.com\/tienda\/img\/cms\/MVB\/COMPONENTES_MVB_503_LADO.jpg\" alt=\"\" width=\"278\" height=\"388\" \/><img loading=\"lazy\" decoding=\"async\" src=\"https:\/\/h2otek.com\/tienda\/img\/cms\/MVB\/COMPONENTES_MVB_503_REAR.jpg\" alt=\"\" width=\"321\" height=\"352\" \/><\/p>\n<p><img loading=\"lazy\" decoding=\"async\" src=\"https:\/\/h2otek.com\/tienda\/img\/cms\/MVB\/COMPONENTES_MVB_503_TOP.jpg\" alt=\"\" width=\"417\" height=\"296\" \/><\/p>\n<\/div>\n<p>\u00a0<\/p>\n<p style=\"text-align: center;\"><img decoding=\"async\" src=\"https:\/\/www.h2otek.com\/tienda\/Images\/boilers\/raypak\/footer-raypak-raytherm.jpg\" alt=\"\" border=\"0\" \/><\/p>\n<p style=\"text-align: center;\"><img loading=\"lazy\" decoding=\"async\" class=\"aligncenter\" src=\"https:\/\/h2otek.com\/tienda\/img\/cms\/MVB\/iso_9001.png\" alt=\"\" width=\"141\" height=\"74\" \/><\/p>\n<p>\u00a0<\/p>\n<p>\u00a0<\/p>\n<p><strong>DESCARGAR MANUALES<\/strong><\/p>\n<ul>\n<li><strong><a href=\"http:\/\/www.h2otek.com\/tienda\/pdf\/aguacaliente\/FOLLETO_3400.11L_MVB_Versa_IC.pdf\" target=\"_blank\" rel=\"noopener\">FOLLETO<\/a><\/strong><\/li>\n<li><strong><a href=\"http:\/\/www.h2otek.com\/tienda\/pdf\/aguacaliente\/HOJA_ESPECIFICACIONES_MVB_503_2003_2000.932C.pdf\" target=\"_blank\" rel=\"noopener\">ESPECIFICACIONES<\/a><\/strong><\/li>\n<li><strong><a href=\"http:\/\/www.h2otek.com\/tienda\/pdf\/aguacaliente\/LISTA_DE_PARTES_ILUSTRADAS_9300.744_04-15-16_(MVB_503A-2003A).pdf\" target=\"_blank\" rel=\"noopener\">LISTA DE PARTES<\/a><\/strong><\/li>\n<li><strong><a href=\"http:\/\/www.h2otek.com\/tienda\/pdf\/aguacaliente\/LISTA_ILUSTRADA_ESPECIFICACIONES_COMO_USAR_TU_RAYPACK_9001.10.pdf\" target=\"_blank\" rel=\"noopener\">USO DE LISTA DE PARTES<\/a><\/strong><\/li>\n<li><strong><a href=\"http:\/\/www.h2otek.com\/tienda\/pdf\/aguacaliente\/LISTA_PARTES_ILUSTRADAS_MODEL%20SERIES_00_1600_1900_9300_100.pdf\" target=\"_blank\" rel=\"noopener\">PARTES DE REEMPLAZO<\/a><\/strong><\/li>\n<li><strong><a href=\"http:\/\/www.h2otek.com\/tienda\/pdf\/aguacaliente\/FOLLETO_CONTROLADORES_ELECTRONICOS_5100.22K.pdf\" target=\"_blank\" rel=\"noopener\">CONTROL TEMPERATURA ELECTRONICO<\/a><\/strong><\/li>\n<li><strong><a href=\"http:\/\/www.h2otek.com\/tienda\/pdf\/aguacaliente\/FOLLETO_CALENTADORES_INDIRECTOS_PISCINA_6100.29A.pdf\" target=\"_blank\" rel=\"noopener\">CALENTADOR INDIRECTO DE PISCINA<\/a><\/strong><\/li>\n<li><strong><a href=\"http:\/\/www.h2otek.com\/tienda\/pdf\/aguacaliente\/MANUAL_INSTALACION_OPERACION_3400.531A_MVB_Cat_IV_A_Model_(241511_Rev_2)_10_03_13.pdf\">MANUAL DE INSTALACI\u00d3N Y OPERACI\u00d3N<\/a><\/strong><\/li>\n<li><strong><a href=\"http:\/\/www.h2otek.com\/tienda\/pdf\/aguacaliente\/MANUAL_PROTONODO_LER_Y_RER_5000.73B__B85-B86_Modules.compressed.pdf\">MANUAL DE PROTONODO LER Y RER<\/a><\/strong><\/li>\n<li><strong><a href=\"http:\/\/www.h2otek.com\/tienda\/pdf\/aguacaliente\/CABALLOS_FUERZA_AREA_TRANSFERENCIA_CALOR_8900.90N.pdf\" target=\"_blank\" rel=\"noopener\">TRASFERENCIA DE CALOR<\/a><\/strong><\/li>\n<li><strong><a href=\"http:\/\/www.h2otek.com\/tienda\/pdf\/aguacaliente\/MANUAL_BACNET_BACnetInterfaceModuleManual_5000.71.pdf\">MANUAL BACNET<\/a><\/strong><\/li>\n<\/ul>\n<p>\u00a0<\/p>\n<p>\u00a0<\/p>\n<div><strong>PRECIO INCLUYE GASTOS DE ENVIO (GRATIS) E IMPUESTO 16 % DE IVA<\/strong><\/div>\n","protected":false},"excerpt":{"rendered":"<p><strong><span style=\"color: #ff0000;\">PARA PRECIO DE ESTE PRODUCTO FAVOR DE COMUNICARSE EN ATENCION A CLIENTES: info@h2otek.com O AL TEL: 01 800 94 26 835<\/span><\/p>\n<p>CALENTADOR DE AGUA A GAS NATURAL O LP\u00a0<\/strong><\/p>\n<p><strong>RECOMENDADO PARA USO COMERCIAL-INDUSTRIAL<\/strong><\/p>\n<p><em><strong>IDEALES PARA CUALQUIER NECESIDAD DE AGUA CALIENTE, COMO PUEDE SER EN:<\/strong><\/em><\/p>\n<ul>\n<li><em><strong>CASAS<\/strong><\/em><\/li>\n<li><em><strong>RESIDENCIAS<\/strong><\/em><\/li>\n<li><em><strong>DEPARTAMENTOS<\/strong><\/em><\/li>\n<li><em><strong>CONDOMINIOS<\/strong><\/em><\/li>\n<li><em><strong>RESTAURANTES<\/strong><\/em><\/li>\n<li><em><strong>HOTELES\/MOTELES<\/strong><\/em><\/li>\n<li><em><strong>LAVANDER\u00cdAS COMERCIALES<\/strong><\/em><\/li>\n<li><em><strong>CL\u00cdNICAS DE REPOSO, ETC.<\/strong><\/em><\/li>\n<\/ul>\n","protected":false},"featured_media":7558,"comment_status":"closed","ping_status":"closed","template":"","meta":[],"pwb-brand":[],"product_brand":[],"product_cat":[1055,836,364],"product_tag":[],"class_list":{"0":"post-17450","1":"product","2":"type-product","3":"status-publish","4":"has-post-thumbnail","6":"product_cat-calderas-hidronicas-verticales-mvb-2503-4003","7":"product_cat-linea-mvb-raypak","8":"product_cat-raypak-calentadores-de-agua-boilers-calderas","10":"first","11":"outofstock","12":"purchasable","13":"product-type-simple"},"brands":[],"_links":{"self":[{"href":"https:\/\/h2otek.com\/tienda\/wp-json\/wp\/v2\/product\/17450","targetHints":{"allow":["GET"]}}],"collection":[{"href":"https:\/\/h2otek.com\/tienda\/wp-json\/wp\/v2\/product"}],"about":[{"href":"https:\/\/h2otek.com\/tienda\/wp-json\/wp\/v2\/types\/product"}],"replies":[{"embeddable":true,"href":"https:\/\/h2otek.com\/tienda\/wp-json\/wp\/v2\/comments?post=17450"}],"wp:featuredmedia":[{"embeddable":true,"href":"https:\/\/h2otek.com\/tienda\/wp-json\/wp\/v2\/media\/7558"}],"wp:attachment":[{"href":"https:\/\/h2otek.com\/tienda\/wp-json\/wp\/v2\/media?parent=17450"}],"wp:term":[{"taxonomy":"pwb-brand","embeddable":true,"href":"https:\/\/h2otek.com\/tienda\/wp-json\/wp\/v2\/pwb-brand?post=17450"},{"taxonomy":"product_brand","embeddable":true,"href":"https:\/\/h2otek.com\/tienda\/wp-json\/wp\/v2\/product_brand?post=17450"},{"taxonomy":"product_cat","embeddable":true,"href":"https:\/\/h2otek.com\/tienda\/wp-json\/wp\/v2\/product_cat?post=17450"},{"taxonomy":"product_tag","embeddable":true,"href":"https:\/\/h2otek.com\/tienda\/wp-json\/wp\/v2\/product_tag?post=17450"}],"curies":[{"name":"wp","href":"https:\/\/api.w.org\/{rel}","templated":true}]}}