{"id":17438,"date":"2021-07-06T21:13:21","date_gmt":"2021-07-06T21:13:21","guid":{"rendered":"https:\/\/h2otek.com\/tienda\/producto\/deshumidificador-ind-acero-inox-refrigeracion-cap-690-pintas-380-lts-220v-portatil-mod-rdi-380l-d-3600-marca-h2otek\/"},"modified":"2026-02-27T17:38:36","modified_gmt":"2026-02-27T17:38:36","slug":"deshumidificador-ind-acero-inox-refrigeracion-cap-690-pintas-380-lts-220v-portatil-mod-rdi-380l-d-3600-marca-h2otek","status":"publish","type":"product","link":"https:\/\/h2otek.com\/tienda\/producto\/deshumidificador-ind-acero-inox-refrigeracion-cap-690-pintas-380-lts-220v-portatil-mod-rdi-380l-d-3600-marca-h2otek\/","title":{"rendered":"DESHUMIDIFICADOR IND ACERO INOX REFRIGERACI\u00d3N CAP. 690 PINTAS (380 LTS.) 220V PORT\u00c1TIL MOD. RDI-380L\/D-3600 MARCA H2OTEK"},"content":{"rendered":"<p align=\"center\"><img fetchpriority=\"high\" decoding=\"async\" src=\"https:\/\/www.h2otek.com\/tienda\/img\/cms\/controlhumedad\/h2otek\/deshumidificadores\/aceroinox\/header-deshumidificador-h2otek-RDI-380L.jpg\" alt=\"\" width=\"530\" height=\"200\" \/><\/p>\n<p style=\"text-align: justify;\"><strong>CARACTER\u00cdSTICAS:<\/strong><\/p>\n<ul>\n<li>Recomendado para un \u00e1rea de cobertura de 350-550 m2 (medidas en promedio. El \u00e1rea de cobertura puede variar dependiendo las condiciones de la instalaci\u00f3n y las caracter\u00edsticas del \u00e1rea a cubrir)<\/li>\n<li>Unidades de aplicaci\u00f3n comercial o industrial<\/li>\n<li>Unidades ecol\u00f3gicas (con refrigerante R410)<\/li>\n<li>Aire seco y puro (filtro de aire integrado)<\/li>\n<li>Filtro f\u00e1cilmente lavable<\/li>\n<li>Unidades totalmente desarmables<\/li>\n<li>Control de humedad digital LCD graduables de 10 a 99% HR<\/li>\n<li>Control de tiempo integrado<\/li>\n<li>Construcci\u00f3n en acero con aplicaci\u00f3n de pintura electrost\u00e1tica<\/li>\n<li>Drenaje autom\u00e1tico por medio de manguera de desag\u00fce (ver fotos)<\/li>\n<li>Bomba de drenado no incluida (opcional)<\/li>\n<li>Armaz\u00f3n acero inoxidable<\/li>\n<li>Compresor rotativo de alta eficiencia<\/li>\n<li>Totalmente port\u00e1til (Incluye 4 ruedas universales)<\/li>\n<li>Funci\u00f3n de descongelaci\u00f3n autom\u00e1tica (esta caracter\u00edstica puede proteger eficazmente el compresor para garantizar su funcionamiento normal)<\/li>\n<li>Con opci\u00f3n de incluir bomba de condensados (opcional)<\/li>\n<li>1 A\u00d1O DE GARANT\u00cdA SOBRE CUALQUIER DEFECTO DE FABRICACI\u00d3N.<\/li>\n<\/ul>\n<p style=\"text-align: center;\"><strong>APLICACIONES EN LA INDUSTRIA<\/strong><\/p>\n<p align=\"center\"><img decoding=\"async\" src=\"https:\/\/www.h2otek.com\/tienda\/Images\/h2otek\/deshumidificadores\/aplicaciones-deshumidificador-h2otek-portatiles.jpg\" alt=\"\" border=\"0\" \/><\/p>\n<p>&nbsp;<\/p>\n<p>&nbsp;<\/p>\n<p style=\"text-align: center;\"><strong>TABLA DE ESPECIFICACIONES:<\/strong><\/p>\n<p align=\"center\"><img decoding=\"async\" class=\"alignnone wp-image-33845 size-full\" src=\"https:\/\/h2otek.com\/tienda\/wp-content\/uploads\/2021\/07\/especificaciones-deshumidificador-h2otek-RDI-380L-1.gif\" alt=\"\" width=\"493\" height=\"761\" \/><\/p>\n<p align=\"center\">Watts y amperaje son totales, incluyendo los dos compresores.<\/p>\n<ul>\n<li><span style=\"font-size: small; color: #ff0000;\"><strong>DEBIDO AL PROCESO DE DESHUMIDIFICACION, EL EQUIPO INYECTA AIRE, ADEMAS DE SECARLO, CON UN AUMENTO EN LA TEMPERATURA DE 5 A 10 GRADOS CENTRIGRADOS ARRIBA, DE LA TEMPERATURA DE AIRE RETORNADA, ESTO ES IMPORTANTE TOMARLO EN CUENTA, EN LOS ESTUDIOS DE CARGAS TERMICAS.\u00a0 <\/strong><\/span><\/li>\n<li><span style=\"font-size: small; color: #ff0000;\"><strong>NO ES RECOMENDABLE UTILIZAR DESHUMIDIFICADORES POR SISTEMA DE REFRIGERACION, CUANDO EL PORCENTAJE DE HUMEDAD, DENTRO DEL CUARTO, SE REQUIERE MUY BAJO (35-40% O MENOS). PARA ESTOS CASOS SE REQUIERE DESHUMIDIFICADORES DESECANTES: <strong><a href=\"https:\/\/h2otek.com\/tienda\/188-sistema-desecante\" target=\"_blank\" rel=\"noopener\">https:\/\/h2otek.com\/tienda\/188-sistema-desecante<\/a><\/strong><\/strong><\/span><\/li>\n<\/ul>\n<p align=\"center\"><strong>DIMENSIONES:<\/strong><\/p>\n<p align=\"center\"><img decoding=\"async\" class=\"alignnone size-full wp-image-32911\" src=\"https:\/\/h2otek.com\/tienda\/wp-content\/uploads\/2021\/07\/dimensiones-deshumidificador-h2otek-RDI-380L.gif\" alt=\"\" width=\"800\" height=\"590\" \/><\/p>\n<p align=\"center\"><strong>PANEL DE CONTROL H2OTEK<\/strong><\/p>\n<p align=\"center\"><img loading=\"lazy\" decoding=\"async\" style=\"margin-left: auto; margin-right: auto;\" src=\"http:\/\/www.h2otek.com\/tienda2015\/img\/cms\/panel-control-rd380-rd480.jpg\" alt=\"\" width=\"550\" height=\"376\" \/><\/p>\n<p style=\"text-align: center;\">Pantalla LCD que muestra la humedad ambiental, temperatura, nivel de humedad y velocidad del viento.<\/p>\n<p align=\"center\"><strong>PARTES DEL DESHUMIDIFICADOR:<\/strong><\/p>\n<p align=\"center\"><img loading=\"lazy\" decoding=\"async\" src=\"https:\/\/www.h2otek.com\/tienda\/Images\/h2otek\/deshumidificadores\/partes-rd240-h2otek.jpg\" alt=\"\" width=\"291\" height=\"350\" border=\"0\" \/><\/p>\n<p align=\"center\"><span style=\"font-weight: bold;\">FOTOS:<\/span><\/p>\n<p align=\"center\"><img loading=\"lazy\" decoding=\"async\" src=\"https:\/\/www.h2otek.com\/tienda2015\/img\/cms\/fotos-deshumidificador-h2otek-RD-380-RD480.jpg\" alt=\"\" width=\"550\" height=\"905\" \/><\/p>\n<p align=\"center\"><strong>VIDEOS:<\/strong><\/p>\n<p align=\"center\"><iframe src=\"https:\/\/www.youtube.com\/embed\/AveYQ3Zy-Lw\" width=\"425\" height=\"350\" frameborder=\"0\"><\/iframe><\/p>\n<p align=\"center\"><iframe src=\"https:\/\/www.youtube.com\/embed\/nXl7_LOPTdE\" width=\"425\" height=\"350\" frameborder=\"0\"><\/iframe><\/p>\n<p align=\"center\"><iframe src=\"https:\/\/www.youtube.com\/embed\/P1UYn_ebk_0\" width=\"425\" height=\"350\" frameborder=\"0\"><\/iframe><\/p>\n<p style=\"text-align: center;\"><img loading=\"lazy\" decoding=\"async\" src=\"https:\/\/h2otek.com\/tienda\/img\/cms\/garantia-insignias\/garantia-h2otek-2years.jpg\" alt=\"\" width=\"350\" height=\"350\" \/><\/p>\n<p>\u00a0 <span style=\"color: #4a4a4a;\"><strong>DESCARGAR MANUALES:<\/strong><\/span><\/p>\n<ul>\n<li><strong><span style=\"color: #0000ff;\"><a href=\"http:\/\/www.h2otek.com\/\/tienda\/pdf\/controlhumedad\/DESHUMIDIFICADORES%20INDUSTRIALES%20DE%20REFRIGERACION%20PORTATILES%20H2OTEK%20RDI-192-240-380-480.pdf\" target=\"_blank\" rel=\"noopener\"><span style=\"color: #0000ff;\">MANUAL DEL USUARIO<\/span><\/a><\/span><\/strong><\/li>\n<\/ul>\n<div><\/div>\n","protected":false},"excerpt":{"rendered":"<p><span style=\"color: #ff0000;\"><strong>PRECIO\u00a0EN\u00a0D\u00d3LARES US.<br \/>\nPRECIO INCLUYE 16 % DE I.V.A.<br \/>\nPRECIO INCLUYE ENVIO (ZONA CENTRO).<\/strong><\/span><\/p>\n<p style=\"text-align: left;\"><span style=\"font-size: small; font-weight: bold; color: #000080;\">EFICIENTE DESHUMIDIFICADOR INDUSTRIAL HASTA 380 LITROS POR D\u00cdA<\/span><\/p>\n<p style=\"text-align: left;\"><strong><span style=\"font-size: small; color: #ff0000;\">GARANT\u00cdA M\u00c1S AMPLIA DEL MERCADO: COMPRESOR 2 A\u00d1OS, PARTES 1 A\u00d1O.<\/span><\/strong><\/p>\n<p style=\"text-align: left;\"><span style=\"font-size: small; color: #000000;\"><strong><em><strong><em>APLICACIONES COMUNES: <\/em><\/strong><\/em><\/strong><\/span><\/p>\n<ul>\n<li><span style=\"font-style: italic; font-weight: bold; font-size: small;\">ALMACENES<\/span><\/li>\n<li><span style=\"font-style: italic; font-weight: bold; font-size: small;\">\u00c1REAS DE PROCESO<\/span><\/li>\n<li><span style=\"font-style: italic; font-weight: bold; font-size: small;\">LABORATORIOS<\/span><\/li>\n<li><span style=\"font-style: italic; font-weight: bold; font-size: small;\">CUARTOS DE PRUEBA<\/span><\/li>\n<li><span style=\"font-style: italic; font-weight: bold; font-size: small;\">PROCESOS INDUSTRIALES<\/span><\/li>\n<li><span style=\"font-style: italic; font-weight: bold; font-size: small;\">CUARTOS DE PINTURA<\/span><\/li>\n<li><span style=\"font-style: italic; font-weight: bold; font-size: small;\">S\u00d3TANOS<\/span><\/li>\n<li><span style=\"font-style: italic; font-weight: bold; font-size: small;\">MUSEOS<\/span><\/li>\n<li><span style=\"font-style: italic; font-weight: bold; font-size: small;\">\u00c1REAS DE TRABAJO<\/span><\/li>\n<li><span style=\"font-style: italic; font-weight: bold; font-size: small;\">ALBERCAS TECHADAS,<\/span><span style=\"font-size: small; font-style: italic; font-weight: bold;\">\u00a0ETC.<\/span><\/li>\n<\/ul>\n","protected":false},"featured_media":6906,"comment_status":"closed","ping_status":"closed","template":"","meta":[],"pwb-brand":[],"product_brand":[],"product_cat":[877,878,875],"product_tag":[],"class_list":{"0":"post-17438","1":"product","2":"type-product","3":"status-publish","4":"has-post-thumbnail","6":"product_cat-estacionarios-220-volts-1-fase-deshumidificadores-por-condensacion-refrigeracion-pintura-electrostatica-fabricacion-deshumidificadores","7":"product_cat-para-albercas-techadas-hidromasajes-220-volts-1-fase-deshumidificadores-por-condensacion-refrigeracion-pintura-electrostatica-fabricacion-deshumidificadores","8":"product_cat-portatiles-220-volts-1-fase-deshumidificadores-por-condensacion-refrigeracion-pintura-electrostatica-fabricacion-deshumidificadores","10":"first","11":"onbackorder","12":"purchasable","13":"product-type-simple"},"brands":[],"_links":{"self":[{"href":"https:\/\/h2otek.com\/tienda\/wp-json\/wp\/v2\/product\/17438","targetHints":{"allow":["GET"]}}],"collection":[{"href":"https:\/\/h2otek.com\/tienda\/wp-json\/wp\/v2\/product"}],"about":[{"href":"https:\/\/h2otek.com\/tienda\/wp-json\/wp\/v2\/types\/product"}],"replies":[{"embeddable":true,"href":"https:\/\/h2otek.com\/tienda\/wp-json\/wp\/v2\/comments?post=17438"}],"wp:featuredmedia":[{"embeddable":true,"href":"https:\/\/h2otek.com\/tienda\/wp-json\/wp\/v2\/media\/6906"}],"wp:attachment":[{"href":"https:\/\/h2otek.com\/tienda\/wp-json\/wp\/v2\/media?parent=17438"}],"wp:term":[{"taxonomy":"pwb-brand","embeddable":true,"href":"https:\/\/h2otek.com\/tienda\/wp-json\/wp\/v2\/pwb-brand?post=17438"},{"taxonomy":"product_brand","embeddable":true,"href":"https:\/\/h2otek.com\/tienda\/wp-json\/wp\/v2\/product_brand?post=17438"},{"taxonomy":"product_cat","embeddable":true,"href":"https:\/\/h2otek.com\/tienda\/wp-json\/wp\/v2\/product_cat?post=17438"},{"taxonomy":"product_tag","embeddable":true,"href":"https:\/\/h2otek.com\/tienda\/wp-json\/wp\/v2\/product_tag?post=17438"}],"curies":[{"name":"wp","href":"https:\/\/api.w.org\/{rel}","templated":true}]}}