{"id":17429,"date":"2021-07-06T21:13:16","date_gmt":"2021-07-06T21:13:16","guid":{"rendered":"https:\/\/h2otek.com\/tienda\/producto\/deshumidificador-acero-inox-refrigeracion-cap-1301-pintas-720-lts-220v-3-fases-para-ducto-mod-rddi-720l-d-7050-3-h2otek\/"},"modified":"2025-02-21T02:08:08","modified_gmt":"2025-02-21T02:08:08","slug":"deshumidificador-acero-inox-refrigeracion-cap-1301-pintas-720-lts-220v-3-fases-para-ducto-mod-rddi-720l-d-7050-3-h2otek","status":"publish","type":"product","link":"https:\/\/h2otek.com\/tienda\/producto\/deshumidificador-acero-inox-refrigeracion-cap-1301-pintas-720-lts-220v-3-fases-para-ducto-mod-rddi-720l-d-7050-3-h2otek\/","title":{"rendered":"DESHUMIDIFICADOR ACERO INOX REFRIGERACI\u00d3N CAP. 1301 PINTAS (720 LTS.) 220V 3 FASES PARA DUCTO MOD. RDDI-720L\/D-7050-3 H2OTEK"},"content":{"rendered":"<p align=\"center\"><img fetchpriority=\"high\" decoding=\"async\" src=\"https:\/\/www.h2otek.com\/tienda\/img\/cms\/controlhumedad\/h2otek\/deshumidificadores\/aceroinox\/header-deshumidificador-h2otek-RDDI-720L-3.jpg\" alt=\"\" width=\"530\" height=\"200\" \/><\/p>\n<p style=\"text-align: justify;\"><strong>DESCRIPCI\u00d3N:<\/strong><\/p>\n<ul>\n<li>Para trabajar con ductos \u00f3 descarga libre (colgante)<\/li>\n<li>Cubierta de acero inoxidable<\/li>\n<li>Recomendado para un \u00e1rea de cobertura de 800-960 m2 (medidas en promedio. El \u00e1rea de cobertura puede variar dependiendo las condiciones de la instalaci\u00f3n y las caracter\u00edsticas del \u00e1rea a cubrir)<\/li>\n<li>Unidades de aplicaci\u00f3n comercial o industrial<\/li>\n<li>Unidades ecol\u00f3gicas (con refrigerante R410a)<\/li>\n<li>Aire seco y puro (filtro de aire integrado)<\/li>\n<li>Filtro f\u00e1cilmente lavable<\/li>\n<li>Control de humedad digital LCD graduables de 10 a 99% HR<\/li>\n<li>Control de tiempo integrado<\/li>\n<li>Construcci\u00f3n en acero inoxidable<\/li>\n<li>Drenaje autom\u00e1tico por medio de manguera de desag\u00fce (ver fotos)<\/li>\n<li>Bomba de drenado no incluida (opcional)<\/li>\n<li>Compresor de alta calidad<\/li>\n<li>Unidades totalmente desarmables<\/li>\n<li>Con opci\u00f3n de m\u00f3dulo de calefacci\u00f3n el\u00e9ctrica (se vende aparte).<\/li>\n<li>Colocaci\u00f3n tipo ducto, estacionario o colgante<\/li>\n<li>Con opci\u00f3n a incluir bomba de condensados (opcional)<\/li>\n<li>1 A\u00d1O DE GARANT\u00cdA SOBRE CUALQUIER DEFECTO DE FABRICACI\u00d3N.<\/li>\n<\/ul>\n<p><strong>CARACTER\u00cdSTICAS:<\/strong><\/p>\n<ul>\n<li>Adopta el compresor de famosa marca importada.<\/li>\n<li>Adoptar acanalado de cobre y tubo interior de calidad y eficaz pel\u00edcula de aluminio hidrof\u00edlico de altura, para un mejor efecto de deshumidificaci\u00f3n.<\/li>\n<li>Pantalla de humedad en tiempo real, configuraci\u00f3n y control libre.<\/li>\n<li>Ajuste de la hora, alarma de fallo y autoprotecci\u00f3n.<\/li>\n<li>La m\u00e1quina se puede conectar con la manguera de aire o una nueva manguera de aire, de aire acondicionado central de forma directa, con deshumidificador eficaz y uniforme.<\/li>\n<\/ul>\n<div style=\"text-align: center;\"><strong>ESTRUCTURA DEL DESHUMIDIFICADOR<\/strong><\/div>\n<p align=\"center\"><img decoding=\"async\" src=\"https:\/\/www.h2otek.com\/tienda\/Images\/h2otek\/deshumidificadores\/estructura-deshumidificador-h2otek-305pintas-ducto.jpg\" alt=\"\" border=\"0\" \/><\/p>\n<p align=\"center\"><strong>TABLERO DE CONTROL E INSTRUCCIONES<\/strong><\/p>\n<p align=\"center\"><img decoding=\"async\" src=\"https:\/\/www.h2otek.com\/tienda\/Images\/h2otek\/deshumidificadores\/panel-control-h2otek.jpg\" alt=\"\" border=\"0\" \/><\/p>\n<p style=\"text-align: center;\"><strong>APLICACIONES EN LA INDUSTRIA<\/strong><\/p>\n<p align=\"center\"><img decoding=\"async\" src=\"https:\/\/www.h2otek.com\/tienda\/Images\/h2otek\/deshumidificadores\/aplicaciones-deshumidificador-h2otek-portatiles.jpg\" alt=\"\" border=\"0\" \/><\/p>\n<p style=\"text-align: center;\"><strong>INSTALACI\u00d3N T\u00cdPICA EN DUCTO DE VENTILACI\u00d3N O AIRE ACONDICIONADO:<\/strong><\/p>\n<p align=\"center\"><img decoding=\"async\" src=\"https:\/\/www.h2otek.com\/tienda\/Images\/h2otek\/deshumidificadores\/instalaciontipica-deshumidificador-h2otek-ducto.jpg\" alt=\"\" width=\"450\" height=\"463\" border=\"0\" \/><\/p>\n<p style=\"text-align: center;\"><strong>TABLA DE ESPECIFICACIONES:<\/strong><\/p>\n<p align=\"center\"><img decoding=\"async\" src=\"https:\/\/www.h2otek.com\/tienda\/img\/cms\/controlhumedad\/h2otek\/deshumidificadores\/aceroinox\/especificaciones-deshumidificador-RDDI-720L-3.gif\" alt=\"especificaciones-deshumidificador-RDDI-7\" width=\"580\" height=\"891\" \/><\/p>\n<p align=\"center\">Watts y amperaje son totales, incluyendo los dos compresores.<\/p>\n<ul>\n<li><span style=\"color: #f7040f;\"><strong>DEBIDO AL PROCESO DE DESHUMIDIFICACION, EL EQUIPO INYECTA AIRE, ADEMAS DE SECARLO, CON UN AUMENTO EN LA TEMPERATURA DE 5 A 10 GRADOS CENTRIGRADOS ARRIBA, DE LA TEMPERATURA DE AIRE RETORNADA, ESTO ES IMPORTANTE TOMARLO EN CUENTA, EN LOS ESTUDIOS DE CARGAS TERMICAS.\u00a0 <\/strong><\/span><\/li>\n<li><span style=\"color: #f7040f;\"><strong>NO ES RECOMENDABLE UTILIZAR DESHUMIDIFICADORES POR SISTEMA DE REFRIGERACION, CUANDO EL PORCENTAJE DE HUMEDAD, DENTRO DEL CUARTO, SE REQUIERE MUY BAJO (35-40% O MENOS). PARA ESTOS CASOS SE REQUIERE <\/strong><\/span><\/li>\n<li><span style=\"color: #f7040f;\"><strong>DESHUMIDIFICADORES DESECANTES:\u00a0<\/strong><strong><br \/>\n<span style=\"color: #2445a2;\"><strong><a href=\"https:\/\/h2otek.com\/tienda\/188-sistema-desecante\"><span style=\"color: #2445a2;\">https:\/\/h2otek.com\/tienda\/188-sistema-desecante<\/span><\/a><\/strong><\/span><\/strong><\/span><\/li>\n<li><span style=\"color: #f7040f;\"><strong>LOS EQUIPOS DISE\u00d1ADOS PARA TRABAJO EN DUCTO, PUEDEN VENCER UNA PRESION ESTATICA HASTA 0.8\u201dC.A. (PARA EL CALCULDO DE DUCTERIA). NO ES RECOMENDABLE DUCTOS MAS LARGOS DE 5 METROS O EN SU DEFECTO, PONER VENTILADORES DE RESPALDO, EN DONDE LA CAPACIDAD EN PCM (CFM) DEBE SER SIMILAR A LA ORIGINAL<\/strong><\/span><\/li>\n<\/ul>\n<p align=\"center\"><strong>DIMENSIONES:<\/strong><\/p>\n<p align=\"center\">\u00a0<img loading=\"lazy\" decoding=\"async\" src=\"https:\/\/www.h2otek.com\/tienda\/img\/cms\/controlhumedad\/h2otek\/deshumidificadores\/aceroinox\/dimensiones-deshumidificador-h2otek-RDDI-720L.jpg\" alt=\"\" width=\"600\" height=\"500\" \/><\/p>\n<p align=\"center\"><strong>SOBRE PEDIDO SE PUEDEN FABRICAR EQUIPOS DE DIFERENTES CARACTER\u00cdSTICAS:<\/strong><\/p>\n<p align=\"center\"><img decoding=\"async\" src=\"https:\/\/www.h2otek.com\/tienda\/Images\/h2otek\/deshumidificadores\/fotos-deshumidificador-h2otek-RDD-sobrepedido.jpg\" alt=\"\" border=\"0\" \/><\/p>\n<p align=\"center\"><em>\u00a0Fotos representativas con aplicaci\u00f3n de pintura electrost\u00e1tica, se fabrican igual en acero inoxidable<\/em>.<\/p>\n<p>&nbsp;<\/p>\n<p align=\"center\"><strong>VIDEOS REPRESENTATIVOS<\/strong><br \/>\n<em>Modelos mostrados son con aplicaci\u00f3n de pintura electrost\u00e1tica, los modelos en acero inoxidable son iguales.<\/em><\/p>\n<p align=\"center\"><iframe src=\"https:\/\/www.youtube.com\/embed\/miHyKSQfQsc\" width=\"560\" height=\"315\" frameborder=\"0\"><\/iframe><\/p>\n<p align=\"center\"><img loading=\"lazy\" decoding=\"async\" style=\"text-align: start;\" src=\"https:\/\/h2otek.com\/tienda\/img\/cms\/garantia-insignias\/garantia-h2otek-2years.jpg\" alt=\"\" width=\"350\" height=\"350\" \/><\/p>\n<p><strong>DESCARGAR MANUALES:<\/strong><\/p>\n<ul>\n<li><strong><span style=\"color: #0000ff;\"><a href=\"https:\/\/h2otek.com\/tienda\/pdf\/controlhumedad\/DESHUMIDIFICADOR%20INDUSTRIAL%20DE%20REFRIGERACION%20PARA%20DUCTO%20H2OTEK.pdf\" target=\"_blank\" rel=\"noopener\"><span style=\"color: #0000ff;\">MANUAL DEL USUARIO<\/span><\/a><\/span><\/strong><\/li>\n<\/ul>\n<div><\/div>\n","protected":false},"excerpt":{"rendered":"<p><span style=\"font-size: 12pt; color: #ff0000;\"><strong>PRECIO EN D\u00d3LARES US.<br \/>\n<\/strong><strong>PRECIO INCLUYE 16 % DE I.V.A.<br \/>\n<\/strong><strong>PRECIO INCLUYE ENVIO (ZONA CENTRO).<\/strong><\/span><\/p>\n<p style=\"text-align: left;\"><span style=\"font-size: small; font-weight: bold; color: #000080;\">EFICIENTE DESHUMIDIFICADOR PARA DUCTOS O DESCARGA LIBRE, HASTA 720 LITROS POR D\u00cdA<\/span><\/p>\n<p style=\"text-align: left;\"><strong><span style=\"font-size: small; color: #ff0000;\">GARANT\u00cdA M\u00c1S AMPLIA DEL MERCADO: COMPRESOR 2 A\u00d1OS, PARTES 1 A\u00d1O.<\/span><\/strong><\/p>\n<p style=\"text-align: left;\"><span style=\"font-size: small; color: #000000;\"><strong><em><strong><em>APLICACIONES COMUNES: <\/em><\/strong><\/em><\/strong><\/span><\/p>\n<ul>\n<li><span style=\"font-style: italic; font-weight: bold; font-size: small;\">EN DUCTOS PARA AIRE ACONDICIONADO<\/span><\/li>\n<li><span style=\"font-style: italic; font-weight: bold; font-size: small;\">ALMACENES<\/span><\/li>\n<li><span style=\"font-style: italic; font-weight: bold; font-size: small;\">\u00c1REAS DE PROCESO<\/span><\/li>\n<li><span style=\"font-style: italic; font-weight: bold; font-size: small;\">LABORATORIOS<\/span><\/li>\n<li><span style=\"font-style: italic; font-weight: bold; font-size: small;\">CUARTOS DE PRUEBA<\/span><\/li>\n<li><span style=\"font-style: italic; font-weight: bold; font-size: small;\">PROCESOS INDUSTRIALES<\/span><\/li>\n<li><span style=\"font-style: italic; font-weight: bold; font-size: small;\">ALBERCAS<br \/>\n<\/span><\/li>\n<li><span style=\"font-style: italic; font-weight: bold; font-size: small;\">\u00c1REAS DE TRABAJO<\/span><\/li>\n<li><span style=\"font-style: italic; font-weight: bold; font-size: small;\">GIMNASIOS<\/span><span style=\"font-style: italic; font-weight: bold; font-size: small;\">,<\/span><span style=\"font-size: small; font-style: italic; font-weight: bold;\">\u00a0ETC.<\/span><\/li>\n<\/ul>\n","protected":false},"featured_media":38,"comment_status":"closed","ping_status":"closed","template":"","meta":[],"pwb-brand":[],"product_brand":[],"product_cat":[871],"product_tag":[],"class_list":{"0":"post-17429","1":"product","2":"type-product","3":"status-publish","4":"has-post-thumbnail","6":"product_cat-para-ducto-hvac-220-volts-3-fases-1-neutro-deshumidificadores-por-condensacion-refrigeracion-pintura-electrostatica-fabricacion-deshumidificadores","8":"first","9":"onbackorder","10":"purchasable","11":"product-type-simple"},"brands":[],"_links":{"self":[{"href":"https:\/\/h2otek.com\/tienda\/wp-json\/wp\/v2\/product\/17429","targetHints":{"allow":["GET"]}}],"collection":[{"href":"https:\/\/h2otek.com\/tienda\/wp-json\/wp\/v2\/product"}],"about":[{"href":"https:\/\/h2otek.com\/tienda\/wp-json\/wp\/v2\/types\/product"}],"replies":[{"embeddable":true,"href":"https:\/\/h2otek.com\/tienda\/wp-json\/wp\/v2\/comments?post=17429"}],"wp:featuredmedia":[{"embeddable":true,"href":"https:\/\/h2otek.com\/tienda\/wp-json\/wp\/v2\/media\/38"}],"wp:attachment":[{"href":"https:\/\/h2otek.com\/tienda\/wp-json\/wp\/v2\/media?parent=17429"}],"wp:term":[{"taxonomy":"pwb-brand","embeddable":true,"href":"https:\/\/h2otek.com\/tienda\/wp-json\/wp\/v2\/pwb-brand?post=17429"},{"taxonomy":"product_brand","embeddable":true,"href":"https:\/\/h2otek.com\/tienda\/wp-json\/wp\/v2\/product_brand?post=17429"},{"taxonomy":"product_cat","embeddable":true,"href":"https:\/\/h2otek.com\/tienda\/wp-json\/wp\/v2\/product_cat?post=17429"},{"taxonomy":"product_tag","embeddable":true,"href":"https:\/\/h2otek.com\/tienda\/wp-json\/wp\/v2\/product_tag?post=17429"}],"curies":[{"name":"wp","href":"https:\/\/api.w.org\/{rel}","templated":true}]}}