{"id":17428,"date":"2021-07-06T21:13:16","date_gmt":"2021-07-06T21:13:16","guid":{"rendered":"https:\/\/h2otek.com\/tienda\/producto\/accesorios-solenoide-de-agua-df-220v-50-hz-marca-jaybird-mod-sv-df-50hz\/"},"modified":"2021-08-11T16:16:02","modified_gmt":"2021-08-11T16:16:02","slug":"accesorios-solenoide-de-agua-df-220v-50-hz-marca-jaybird-mod-sv-df-50hz","status":"publish","type":"product","link":"https:\/\/h2otek.com\/tienda\/producto\/accesorios-solenoide-de-agua-df-220v-50-hz-marca-jaybird-mod-sv-df-50hz\/","title":{"rendered":"ACCESORIOS &#8211; SOLENOIDE DE AGUA &#8211; DF 220V 50 HZ MARCA JAYBIRD MOD. SV-DF-50HZ"},"content":{"rendered":"<p style=\"text-align:center;\" align=\"center\"><img fetchpriority=\"high\" decoding=\"async\" src=\"https:\/\/h2otek.com\/tienda\/img\/cms\/controlhumedad\/jaybird\/accesorios\/header-accesorios-GT500-SV-DF-50HZ.jpg\" alt=\"header-accesorios-GT-500\" width=\"700\" height=\"300\" \/><\/p>\n<h3 style=\"text-align:justify;\">Controle el flujo de agua, el\u00e9ctricamente<br \/><\/h3>\n<ol style=\"list-style-type:lower-alpha;\">\n<li>Usar con sistemas de control preexistentes.<br \/>Con\u00e9ctese directamente a la misma fuente de alimentaci\u00f3n para automatizar el flujo de agua (encendido\/apagado) junto con el ventilador.<\/li>\n<li>Protecci\u00f3n contra cortes de energ\u00eda.<br \/>Si se operan unidades de nebulizaci\u00f3n manualmente (sin sistema de control), un solenoide de agua instalado en la l\u00ednea de suministro de agua de la unidad cortar\u00e1 el flujo de agua en caso de un corte de energ\u00eda.<\/li>\n<li>Cable de alimentaci\u00f3n de 10&#8242; con enchufe, 115V<\/li>\n<li>NEMA 4 componentes herm\u00e9ticos<\/li>\n<li>\u00bc&#8221; conexiones de tuber\u00eda OD<\/li>\n<\/ol>\n<div style=\"text-align:center;\">\n<p style=\"text-align:center;\"><\/p>\n<\/div>\n<p><strong><span style=\"color:#000000;\"><strong><strong><strong><strong><\/p>\n<p>PRECIO INCLUYE GASTOS DE ENVIO (GRATIS) E IMPUESTO\u00a0<\/strong>16% DE IVA<\/strong><\/strong><\/strong><\/span><\/strong><\/p>\n","protected":false},"excerpt":{"rendered":"<h1 style=\"text-align:left;\"><span style=\"font-size:small;color:#ff0000;\"><strong><span style=\"font-size:16pt;color:#d0121a;\">PRECIO EN D\u00d3LARES US.<\/span><\/p>\n<p>ACCESORIO &#8211;\u00a0SOLENOIDE DE AGUA<\/strong><\/span><\/h1>\n<p style=\"text-align:left;\">\u00a0<\/p>\n<p style=\"text-align:left;\"><strong><span style=\"font-size:small;\">APLICACIONES M\u00c1S COMUNES:<\/span><\/strong><\/p>\n<ul>\n<li><span style=\"font-weight:bold;color:#ff0000;font-size:small;\">INVERNADEROS<\/span><\/li>\n<li><span style=\"font-weight:bold;color:#ff0000;font-size:small;\">PROCESOS INDUSTRIALES<\/span><\/li>\n<li><span style=\"font-weight:bold;color:#ff0000;font-size:small;\">ALMACENES<\/span><\/li>\n<li><span style=\"font-weight:bold;color:#ff0000;font-size:small;\">CAPTACION DE POLVO<\/span><\/li>\n<li><span style=\"font-weight:bold;color:#ff0000;font-size:small;\">CUARTOS DE PRUEBA<\/span><\/li>\n<li><span style=\"font-weight:bold;color:#ff0000;font-size:small;\">CUARTOS DE MADURACION<\/span><\/li>\n<li><span style=\"font-weight:bold;color:#ff0000;font-size:small;\">CAMARAS<\/span><\/li>\n<li><span style=\"font-weight:bold;color:#ff0000;font-size:small;\">CAMARAS FRIGORIFICAS<\/span><\/li>\n<li><span style=\"color:#ff0000;font-size:x-small;\"><strong><span style=\"font-size:small;\">USO EN EXTERIORES<\/span><\/strong><\/span><\/li>\n<li><span style=\"color:#ff0000;font-size:x-small;\"><strong><span style=\"font-size:small;\">USO PARA REFRESCAR EL AMBIENTE<\/span><\/strong><\/span><\/li>\n<li><span style=\"color:#ff0000;font-size:x-small;\"><strong><span style=\"font-size:small;\">CUARTO LIMPIOS<\/span><\/strong><\/span><\/li>\n<li><span style=\"color:#ff0000;font-size:x-small;\"><strong><span style=\"font-size:small;\">LABORATORIOS<\/span><\/strong><\/span><\/li>\n<li><span style=\"color:#ff0000;font-size:x-small;\"><strong><span style=\"font-size:small;\">ETC.<\/span><\/strong><\/span><\/li>\n<\/ul>\n<p>\u00a0<\/p>\n","protected":false},"featured_media":2818,"comment_status":"closed","ping_status":"closed","template":"","meta":[],"pwb-brand":[],"product_brand":[],"product_cat":[467,968],"product_tag":[],"class_list":{"0":"post-17428","1":"product","2":"type-product","3":"status-publish","4":"has-post-thumbnail","6":"product_cat-accesorios-miscelaneos-humidificadores-nebulizadores","7":"product_cat-accesorios-miscelaneos-humidificadores-nebulizadores-accesorios-hydro-ss-humidificadores-nebulizadores-linea-hydro-ss","9":"first","10":"onbackorder","11":"purchasable","12":"product-type-simple"},"brands":[],"_links":{"self":[{"href":"https:\/\/h2otek.com\/tienda\/wp-json\/wp\/v2\/product\/17428","targetHints":{"allow":["GET"]}}],"collection":[{"href":"https:\/\/h2otek.com\/tienda\/wp-json\/wp\/v2\/product"}],"about":[{"href":"https:\/\/h2otek.com\/tienda\/wp-json\/wp\/v2\/types\/product"}],"replies":[{"embeddable":true,"href":"https:\/\/h2otek.com\/tienda\/wp-json\/wp\/v2\/comments?post=17428"}],"wp:featuredmedia":[{"embeddable":true,"href":"https:\/\/h2otek.com\/tienda\/wp-json\/wp\/v2\/media\/2818"}],"wp:attachment":[{"href":"https:\/\/h2otek.com\/tienda\/wp-json\/wp\/v2\/media?parent=17428"}],"wp:term":[{"taxonomy":"pwb-brand","embeddable":true,"href":"https:\/\/h2otek.com\/tienda\/wp-json\/wp\/v2\/pwb-brand?post=17428"},{"taxonomy":"product_brand","embeddable":true,"href":"https:\/\/h2otek.com\/tienda\/wp-json\/wp\/v2\/product_brand?post=17428"},{"taxonomy":"product_cat","embeddable":true,"href":"https:\/\/h2otek.com\/tienda\/wp-json\/wp\/v2\/product_cat?post=17428"},{"taxonomy":"product_tag","embeddable":true,"href":"https:\/\/h2otek.com\/tienda\/wp-json\/wp\/v2\/product_tag?post=17428"}],"curies":[{"name":"wp","href":"https:\/\/api.w.org\/{rel}","templated":true}]}}