{"id":17386,"date":"2021-07-06T21:13:06","date_gmt":"2021-07-06T21:13:06","guid":{"rendered":"https:\/\/h2otek.com\/tienda\/producto\/deshumidificador-desecante-aire-acondicionado-con-serpentin-en-la-inyeccion-y-en-el-retorno-capacidad-120-litros-hora-230v-3-fases-60-hz-estacionario-marca-h2otek-mod-ddacir120l-h-510-e-3\/"},"modified":"2024-01-13T02:27:00","modified_gmt":"2024-01-13T02:27:00","slug":"deshumidificador-desecante-aire-acondicionado-con-serpentin-en-la-inyeccion-y-en-el-retorno-capacidad-120-litros-hora-230v-3-fases-60-hz-estacionario-marca-h2otek-mod-ddacir120l-h-510-e-3","status":"publish","type":"product","link":"https:\/\/h2otek.com\/tienda\/producto\/deshumidificador-desecante-aire-acondicionado-con-serpentin-en-la-inyeccion-y-en-el-retorno-capacidad-120-litros-hora-230v-3-fases-60-hz-estacionario-marca-h2otek-mod-ddacir120l-h-510-e-3\/","title":{"rendered":"DESHUMIDIFICADOR DESECANTE INDUSTRIAL &#8211; AIRE ACONDICIONADO, CON SERPENTIN EN LA INYECCION Y EN EL RETORNO, CAPACIDAD 120 LITROS\/HORA 230V, 3 FASES, 60 HZ ESTACIONARIO MARCA H2OTEK MOD. DDACIR120L\/H-510-E-3"},"content":{"rendered":"<p align=\"center\"><img fetchpriority=\"high\" decoding=\"async\" src=\"https:\/\/h2otek.com\/tienda\/img\/cms\/controlhumedad\/h2otek\/deshumidificadores\/desecantes\/ac\/inyeccion-retorno\/header-deshumidificador-desecante-ac-inyeccion-retorno-h2otek-DDACIR120L-230V.jpg\" alt=\"header-deshumidificador-desecante-ac-iny\" width=\"650\" height=\"300\" \/><\/p>\n<p style=\"text-align: justify;\">Los equipos deshumidificadores desecantes con aire acondicionado con serpent\u00edn en la inyecci\u00f3n y en el retorno de la l\u00ednea DDACIR de H2OTEK est\u00e1n fabricados en base a los m\u00e1s altos est\u00e1ndares de calidad. Estos proporcionan un equilibrio de flujo de aire preciso para deshumidificaci\u00f3n y de reactivaci\u00f3n al tiempo que permite la colocaci\u00f3n del ventilador alternativo y seccionamiento del rotor.<\/p>\n<p>Cuenta con un serpent\u00edn para agua fr\u00eda para un enfriamiento anterior al secado (preenfriamiento) para que por medio de la condensaci\u00f3n remover la humedad y posteriormente pasar el aire por la rueda silica para obtener una humedad a\u00fan m\u00e1s baja. De esta manera se aumenta la eficiencia de la deshumidificacion.<\/p>\n<p>Al enfriar el aire, las mol\u00e9culas del aire se contraen, disminuyendo su volumen, de manera que la cantidad de aire que pasa por la rueda silica es mayor cuando existe un preenfriamiento, esto se traduce en una mayor eficiencia en el secado del aire.<\/p>\n<p>Cuenta tambi\u00e9n con un serpent\u00edn para agua fr\u00eda para un enfriamiento posterior al secado (post-enfriamiento) de manera que se pueda controlar la temperatura de inyecci\u00f3n y lograr un ambiente de confort o necesario para el proceso.<\/p>\n<p>Est\u00e1 dise\u00f1ado para el secado efectivo de \u00e1reas determinadas donde se requiera de humedades bajas y mantener una temperatura constante.<\/p>\n<p><span style=\"text-decoration: underline;\">El equipo no incluye el CHILLER<\/span><\/p>\n<p><strong>DESCRIPCI\u00d3N DEL PRODUCTO:<\/strong><\/p>\n<p>Deshumidificador desecante que trabaja con una rueda silica a bajas revoluciones para la absorci\u00f3n de humedad, este dise\u00f1o aprovecha el calentamiento del aire para extraer la humedad de la rueda silica y posteriormente se desecha el aire. No requiere ning\u00fan tipo de desag\u00fce para agua, ya que no presenta condensaci\u00f3n. La tecnolog\u00eda del desecante permite operar con bajas y altas temperaturas y puede reducir la humedad a bajos niveles si las condiciones son adecuadas.<\/p>\n<p>&nbsp;<\/p>\n<div style=\"text-align: justify;\">\n<p><strong><br \/>\nCARACTER\u00cdSTICAS:<\/strong><\/p>\n<ul>\n<li>120 litros por hora de extracci\u00f3n de agua<\/li>\n<li>Dimensiones (cm) 630 x 193 x 300 (largo x ancho x alto)<\/li>\n<li>Nivel de ruido de 85 dB<\/li>\n<li>Ideal para aplicaciones donde el secado es necesario continuamente<\/li>\n<li>Se puede utilizar para secar incluso a -20\u00b0 C a + 60\u00b0 C<\/li>\n<li>Potencia Operativa 158550 W<\/li>\n<li>Volumen de ventilaci\u00f3n 15000 m\u00b3\/h<\/li>\n<li>Enfriamiento de 510800 btu\/hr<\/li>\n<li>Con control digital<\/li>\n<\/ul>\n<p><strong>Deshumidificador desecante con aire acondicionado con serpent\u00edn en la inyecci\u00f3n y en el retorno <span lang=\"es\" xml:lang=\"es\">DDACIR120L\/H-510-E-3<\/span><span lang=\"es\" xml:lang=\"es\">\u00a0<\/span>de H2OTEK:<\/strong><br \/>\nDise\u00f1ado y construido incluso para su uso comercial profesional. El aire del proceso de entrada se filtra, pasa por el serpent\u00edn de agua fr\u00eda donde se enfr\u00eda, remueve la humedad y posteriormente pasa por la rueda silica y se seca y por \u00faltimo pasa por el serpent\u00edn de agua fr\u00eda donde se enfr\u00eda para brindar una temperatura de confort. El aire de entrada se puede conducir con un conducto. El aire de escape h\u00famedo puede ser conducido a trav\u00e9s de un conducto (di\u00e1metro est\u00e1ndar del tubo de desecho).<\/p>\n<p><strong>CARACTER\u00cdSTICAS DETALLADAS:<\/strong><\/p>\n<ul>\n<li>Ventilador con bajo nivel de ruido<\/li>\n<li>Dise\u00f1o compacto<\/li>\n<li>Sensor remoto al\u00e1mbrico<\/li>\n<li>Filtro de polvo &#8211; El deshumidificador desecante se beneficia de un filtro de polvo reticulado simple en un marco met\u00e1lico que se puede sacudir o reemplazar f\u00e1cilmente para evitar que part\u00edculas de polvo entren en la unidad e impidan el rendimiento.<\/li>\n<li>Con humidistato.<\/li>\n<li>Fuente de alimentaci\u00f3n &#8211; 230V\/3F suministro de 60Hz<\/li>\n<li>Equipo con estructura de acero con pintura electrost\u00e1tica<\/li>\n<li>Con serpent\u00edn para agua helada en la inyecci\u00f3n y en el retorno de aire (no incluye CHILLER)<\/li>\n<li>Se puede fabricar en acero inoxidable sobre pedido<\/li>\n<\/ul>\n<p><strong>APLICACIONES MAS COMUNES:<br \/>\n<\/strong><br \/>\n<strong>1. Procesos industriales<\/strong><\/p>\n<ul>\n<li>Productos electr\u00f3nicos<\/li>\n<li>Industria de alimentos<\/li>\n<li>Industria farmac\u00e9utica<\/li>\n<li>S\u00edntesis de vidrio<\/li>\n<li>Procesamiento de arenado<\/li>\n<li>Fabricaci\u00f3n de caucho<\/li>\n<li>Almacenamiento, etc.<\/li>\n<\/ul>\n<p><strong>2. Almacenamiento<\/strong><\/p>\n<ul>\n<li>Corrosividad de metal<\/li>\n<li>Productos electr\u00f3nicos<\/li>\n<li>Secado de carnes<\/li>\n<li>Equipo militar<\/li>\n<li>Instrumento preciso<\/li>\n<li>Semillas<\/li>\n<li>Az\u00facar<\/li>\n<\/ul>\n<p><strong>3. Embalaje<\/strong><\/p>\n<ul>\n<li>Productos qu\u00edmicos<\/li>\n<li>Fertilizantes, etc.<\/li>\n<\/ul>\n<p><strong>Uso del deshumidificador desecante con aire acondicionado en la inyecci\u00f3n y en el retorno H2OTEK 120 litros\/hora<\/strong><br \/>\nEn aplicaciones de secado el conducto de escape puede ser extendido sin p\u00e9rdida de rendimiento hasta 1.3 metro. A 1.8 metros el rendimiento se reducir\u00e1 por lo general un 30% y a 2.1 metros se reducir\u00e1 en un 70%. No se causar\u00e1 ning\u00fan da\u00f1o cuando la manguera est\u00e9 extendida. El deshumidificador es auto-regulable.<\/p>\n<p><strong>FUNCIONAMIENTO<\/strong><br \/>\nEn un sistema desecante seco t\u00edpico, el desecante est\u00e1 montado en una rueda giratoria. A medida que la rueda gira, el desecante pasa alternativamente a trav\u00e9s del aire de proceso entrante, donde se adsorbe la humedad y a trav\u00e9s de una zona de &#8220;regenerador&#8221; en el que el desecante se seca y la humedad expulsada. La rueda contin\u00faa girando y el proceso adsorbente se repite.<br \/>\nT\u00edpicamente, alrededor de las tres cuartas partes de la rueda desecante est\u00e1 expuesto al aire entrante durante todo el proceso. Durante la regeneraci\u00f3n, el desecante se calienta mediante un quemador de gas de combusti\u00f3n directa o agua o vapor bobina-calentamiento indirecto.<\/p>\n<p><span lang=\"es\" xml:lang=\"es\">\u00a0<\/span><\/p>\n<p align=\"center\"><img decoding=\"async\" src=\"https:\/\/h2otek.com\/tienda\/img\/cms\/controlhumedad\/h2otek\/deshumidificadores\/desecantes\/funcionamiento-deshumidificador-desecante-h2otek-DD.jpg\" alt=\"\" width=\"550\" height=\"364\" \/><\/p>\n<p>&nbsp;<\/p>\n<ul>\n<li>Proceso de entrada de aire &#8211; a secar. Puede ser aire exterior, el aire dentro o, m\u00e1s com\u00fanmente, una mezcla de aire con alto contenido de humedad.<\/li>\n<li>Proceso de salida de aire &#8211; se seca por la rueda desecante. Se puede enfriar, se filtra o se maneja de otra manera. La humedad relativa es sustancialmente m\u00e1s baja y la temperatura ligeramente elevada.<\/li>\n<li>Reactivaci\u00f3n flujo de entrada &#8211; en el aire, el aire por lo general fuera, que las unidades de la humedad fuera de la rueda. Reactivaci\u00f3n del aire es calentado por el quemador de gas de combusti\u00f3n directa o bater\u00edas de agua o vapor indirecto despedido.<\/li>\n<li>Reactivaci\u00f3n de salida &#8211; caliente, el aire h\u00famedo de la rueda que se agota en el exterior o al pasar a trav\u00e9s de un intercambiador de calor aire-a-aire. El uso de un intercambiador de calor para precalentar el aire de proceso de entrada ofrece un ahorro sustancial en los climas del norte.<\/li>\n<\/ul>\n<p><strong><br \/>\nERP (Productos relacionados con la energ\u00eda):<\/strong><\/p>\n<ol>\n<li>Rotor desecante de alto rendimiento con alta tasa de absorci\u00f3n de humedad para confiable rendimiento y operaci\u00f3n continua sin problemas. La vida \u00fatil de la rueda del rotor es de 5-8 a\u00f1os bajo condiciones normales (ambiente no corrosivo y regeneraci\u00f3n la temperatura est\u00e1 por debajo de 140\u2103).<\/li>\n<li>Filtro predeterminado G4 (EU4) y tambi\u00e9n puede equipar el filtro F7 (EU7) seg\u00fan sea necesario.<\/li>\n<li>Nuestro dise\u00f1o cumple con la norma internacional EN60204.<\/li>\n<li>Bajo el mismo entorno, nuestra capacidad de deshumidificaci\u00f3n es m\u00e1s grande y la eficiencia es m\u00e1s alta.<\/li>\n<li>Bajo costo de operaci\u00f3n y energ\u00eda eficiente. Nuestro deshumidificador desecante us\u00f3 PTC y SCR construye tecnolog\u00eda de calentamiento con calor de regeneraci\u00f3n controlado por procesador avanzado, que puede ahorrar un 20% &#8211; 30% de consumo de energ\u00eda<\/li>\n<li>La m\u00e1quina est\u00e1 equipada con una interfaz de brida redonda est\u00e1ndar internacional, y la conexi\u00f3n de la tuber\u00eda del conducto cumple con los est\u00e1ndares ISO7807.<\/li>\n<li>La m\u00e1quina cumple con CE GS y RoHS est\u00e1ndar<\/li>\n<\/ol>\n<p><img decoding=\"async\" src=\"https:\/\/h2otek.com\/tienda\/img\/cms\/controlhumedad\/h2otek\/deshumidificadores\/desecantes\/fotos-deshumidificador-desecante-h2otek-DD.jpg\" alt=\"fotos-deshumidificador-desecante-h2otek-\" width=\"500\" height=\"338\" \/><\/p>\n<p>&nbsp;<\/p>\n<p>TABLA DE ESPECIFICACIONES<\/p>\n<p><img loading=\"lazy\" decoding=\"async\" src=\"https:\/\/h2otek.com\/tienda\/img\/cms\/controlhumedad\/h2otek\/deshumidificadores\/desecantes\/ac\/inyeccion-retorno\/especificaciones-deshumidificador-desecante-inyeccion-retorno-DDACIR120L-230V.gif\" alt=\"especificaciones-deshumidificador-deseca\" width=\"636\" height=\"466\" \/><\/p>\n<p><strong>Considerando el uso del CHILLER de agua helada para tener un preenfriamiento, se tiene los siguientes valores en el aire de inyecci\u00f3n:<\/strong><\/p>\n<p><img loading=\"lazy\" decoding=\"async\" src=\"https:\/\/h2otek.com\/tienda\/img\/cms\/controlhumedad\/h2otek\/deshumidificadores\/desecantes\/ac\/retorno\/parametros-deshumidificador-desecante-retorno-DDACR.gif\" alt=\"\" width=\"469\" height=\"67\" \/><\/p>\n<p>&nbsp;<\/p>\n<p><span style=\"text-decoration: underline;\"><strong>Se puede manejar de manera opcional la regeneraci\u00f3n del aire por medio de vapor de agua.<\/strong><\/span><\/p>\n<p><strong><br \/>\nNO INCLUTE CHILLER DE AGUA HELADA<\/strong><\/p>\n<p><span style=\"color: #d0121a;\">NOTAS: <\/span><br \/>\n<span style=\"color: #d0121a;\">Se recomienda mantener limpio el filtro, no se debe operar el equipo sin el filtro.<\/span><br \/>\n<span style=\"color: #d0121a;\">No se debe bloquear ning\u00fan ducto de descargar o de retorno.<\/span><br \/>\n<span style=\"color: #d0121a;\">La capacidad de deshumidificacion est\u00e1 probado a una temperatura de 20\u00baC y 60% de humedad relativa, puede cambiar con diferentes valores de temperatura y humedad<\/span><\/p>\n<p>&nbsp;<\/p>\n<p>&nbsp;<\/p>\n<p align=\"center\"><img loading=\"lazy\" decoding=\"async\" src=\"https:\/\/h2otek.com\/tienda\/img\/cms\/controlhumedad\/h2otek\/deshumidificadores\/desecantes\/ruedas-desecantes.jpg\" alt=\"ruedas-desecantes.jpg\" width=\"680\" height=\"1658\" \/><\/p>\n<p>&nbsp;<\/p>\n<p>&nbsp;<\/p>\n<p style=\"text-align: center;\"><img loading=\"lazy\" decoding=\"async\" class=\"alignnone wp-image-30152\" src=\"https:\/\/h2otek.com\/tienda\/wp-content\/uploads\/2021\/07\/garantia-h2otek-2years-1.jpg\" alt=\"\" width=\"400\" height=\"400\" srcset=\"https:\/\/h2otek.com\/tienda\/wp-content\/uploads\/2021\/07\/garantia-h2otek-2years-1.jpg 500w, https:\/\/h2otek.com\/tienda\/wp-content\/uploads\/2021\/07\/garantia-h2otek-2years-1-300x300.jpg 300w, https:\/\/h2otek.com\/tienda\/wp-content\/uploads\/2021\/07\/garantia-h2otek-2years-1-150x150.jpg 150w, https:\/\/h2otek.com\/tienda\/wp-content\/uploads\/2021\/07\/garantia-h2otek-2years-1-100x100.jpg 100w\" sizes=\"(max-width: 400px) 100vw, 400px\" \/><\/p>\n<p>&nbsp;<\/p>\n<\/div>\n<p>&nbsp;<\/p>\n<p align=\"center\">\n","protected":false},"excerpt":{"rendered":"<p><span style=\"color: #ff0000;\"><strong>PRECIO EN D\u00d3LARES US.<br \/>\nPRECIO INCLUYE 16 % DE I.V.A.<br \/>\nPRECIO INCLUYE ENVIO (ZONA CENTRO).<\/strong><\/span><\/p>\n<p style=\"text-align: left;\"><span style=\"font-weight: bold; font-size: small;\">CAPACIDAD 120 LITROS\/HORA EQUIPO A 230 VOLTS 3 FASES<\/span><\/p>\n<p><span style=\"font-style: italic; font-weight: bold; font-size: small;\"> APLICACIONES COMUNES<\/span><span style=\"font-size: small; font-style: italic; font-weight: bold;\"> PARA:<\/span><\/p>\n<ul>\n<li><span style=\"font-style: italic; font-weight: bold; font-size: small;\">LABORATORIOS<\/span><\/li>\n<li><span style=\"font-style: italic; font-weight: bold; font-size: small;\">PROCESOS INDUSTRIALES<\/span><\/li>\n<li><span style=\"font-style: italic; font-weight: bold; font-size: small;\">CUARTOS DE PRUEBA<\/span><\/li>\n<li><span style=\"font-style: italic; font-weight: bold; font-size: small;\">ESTANCIA DE MATERIALES<\/span><\/li>\n<li><span style=\"font-style: italic; font-weight: bold; font-size: small;\">C\u00c1MARAS<\/span><\/li>\n<li><span style=\"font-style: italic; font-weight: bold; font-size: small;\">CUARTOS DE SECADO<\/span><\/li>\n<li><span style=\"font-style: italic; font-weight: bold; font-size: small;\">CUARTOS FR\u00cdOS, ETC.<\/span><\/li>\n<\/ul>\n<p><span style=\"font-size: 10pt;\"><strong>CON SENSOR DIGITAL<\/strong><\/span> <span style=\"text-decoration: underline;\"><span style=\"font-size: 10pt;\"><strong>NO INCLUYE CHILLER<\/strong><\/span><\/span><\/p>\n","protected":false},"featured_media":5282,"comment_status":"closed","ping_status":"closed","template":"","meta":[],"pwb-brand":[],"product_brand":[],"product_cat":[400,785,712,795],"product_tag":[],"class_list":{"0":"post-17386","1":"product","2":"type-product","3":"status-publish","4":"has-post-thumbnail","6":"product_cat-230-volts-3-fases-60-hz","7":"product_cat-aire-acondicionado-deshumidificador-rotatorio-desecante-equipos-unidades-de-control-de-temperatura-y-control-de-humedad-todo-en-uno-aire-acondicionado","8":"product_cat-aire-acondicionado-deshumidificador-rotatorio-desecante","9":"product_cat-inyeccion-y-retorno-deshumidificadores-desecantes-con-serpentin-de-agua-ubicados-en-el-retorno-inyeccion-del-equipo","11":"first","12":"outofstock","13":"purchasable","14":"product-type-simple"},"brands":[],"_links":{"self":[{"href":"https:\/\/h2otek.com\/tienda\/wp-json\/wp\/v2\/product\/17386","targetHints":{"allow":["GET"]}}],"collection":[{"href":"https:\/\/h2otek.com\/tienda\/wp-json\/wp\/v2\/product"}],"about":[{"href":"https:\/\/h2otek.com\/tienda\/wp-json\/wp\/v2\/types\/product"}],"replies":[{"embeddable":true,"href":"https:\/\/h2otek.com\/tienda\/wp-json\/wp\/v2\/comments?post=17386"}],"wp:featuredmedia":[{"embeddable":true,"href":"https:\/\/h2otek.com\/tienda\/wp-json\/wp\/v2\/media\/5282"}],"wp:attachment":[{"href":"https:\/\/h2otek.com\/tienda\/wp-json\/wp\/v2\/media?parent=17386"}],"wp:term":[{"taxonomy":"pwb-brand","embeddable":true,"href":"https:\/\/h2otek.com\/tienda\/wp-json\/wp\/v2\/pwb-brand?post=17386"},{"taxonomy":"product_brand","embeddable":true,"href":"https:\/\/h2otek.com\/tienda\/wp-json\/wp\/v2\/product_brand?post=17386"},{"taxonomy":"product_cat","embeddable":true,"href":"https:\/\/h2otek.com\/tienda\/wp-json\/wp\/v2\/product_cat?post=17386"},{"taxonomy":"product_tag","embeddable":true,"href":"https:\/\/h2otek.com\/tienda\/wp-json\/wp\/v2\/product_tag?post=17386"}],"curies":[{"name":"wp","href":"https:\/\/api.w.org\/{rel}","templated":true}]}}