{"id":17354,"date":"2021-07-06T21:13:01","date_gmt":"2021-07-06T21:13:01","guid":{"rendered":"https:\/\/h2otek.com\/tienda\/producto\/termotanque-con-aislamiento-termico-de-poliuretano-cap-80-gal-300-lts-mod-st80-marca-rheem\/"},"modified":"2025-09-29T16:35:52","modified_gmt":"2025-09-29T16:35:52","slug":"termotanque-con-aislamiento-termico-de-poliuretano-cap-80-gal-300-lts-mod-st80-marca-rheem","status":"publish","type":"product","link":"https:\/\/h2otek.com\/tienda\/producto\/termotanque-con-aislamiento-termico-de-poliuretano-cap-80-gal-300-lts-mod-st80-marca-rheem\/","title":{"rendered":"TERMOTANQUE CON AISLAMIENTO TERMICO DE POLIURETANO CAP. 80 GAL. (300 LTS.) MOD. ST80 MARCA RHEEM"},"content":{"rendered":"<p align=\"center\"><img fetchpriority=\"high\" decoding=\"async\" src=\"https:\/\/h2otek.com\/tienda\/img\/cms\/aguacaliente\/rheem\/termotanques\/header-termotanque-st80.jpg\" alt=\"\" width=\"650\" height=\"300\" \/><\/p>\n<p>&nbsp;<\/p>\n<p style=\"text-align: justify;\">Los tanques de almacenamiento comerciales Rheem son tanques verticales dise\u00f1ados para aplicaciones que requieren grandes cantidades de agua caliente potable en per\u00edodos cortos de tiempo.<\/p>\n<p style=\"text-align: justify;\">Cuando se utiliza en conjunto con un equipo comercial de calentamiento de agua Rheem, los tanques de almacenamiento proporcionan la flexibilidad necesaria para muchas aplicaciones comerciales, estos tanques de almacenamiento pueden proporcionar el 80% de su capacidad sin una apreciable disminuci\u00f3n de la temperatura en aplicaciones individuales.<\/p>\n<p style=\"text-align: justify;\"><strong>CARACTER\u00cdSTICAS DE CONSTRUCCI\u00d3N:<\/strong><\/p>\n<p>&nbsp;<\/p>\n<ul>\n<li style=\"text-align: justify;\"><strong> Larga vida de dise\u00f1o del tanque &#8211;<\/strong> Formulaci\u00f3n \u00fanica del acero con esmalte de porcelana de alta temperatura para maximizar la resistencia a la corrosi\u00f3n dando como resultado un dise\u00f1o de tanque superior. Dos barras de magnesio (\u00c1nodos) de alta resistencia que garantizan la vida del tanque por m\u00e1s tiempo.<\/li>\n<li style=\"text-align: justify;\"><strong>Dise\u00f1o de ahorro de espacio<\/strong> &#8211; a diferencia de los tanques de almacenamiento, el ST80 y ST120 puede pasar a trav\u00e9s de una de 30&#8243; de apertura y el modelo ST175 s\u00f3lo requiere de 33&#8243; apertura &#8211; ideal para puertas de calderas.<\/li>\n<li style=\"text-align: justify;\"><strong>Dise\u00f1o eficiente<\/strong> &#8211; 2&#8243; de aislamiento de espuma r\u00edgida de poliuretano la cual proporciona una excelente calidad de aislamiento que da como resultado menores costos de operaci\u00f3n.<\/li>\n<li style=\"text-align: justify;\"><strong>Conexiones<\/strong> &#8211; Las conexiones de entrada de agua fr\u00eda son de 3&#8243; NPT (2-1\/2&#8243; en 200 galones) y salida de agua caliente es de 2&#8243;<\/li>\n<li style=\"text-align: justify;\"><em>3 A\u00d1OS DE GARANT\u00cdA ILIMITADA EN EL TANQUE<\/em><\/li>\n<\/ul>\n<p>&nbsp;<\/p>\n<div style=\"text-align: center;\">\n<p><strong>TABLA DE ESPECIFICACIONES<br \/>\n<\/strong>(Clic en imagen para agrandar)<\/p>\n<\/div>\n<div style=\"text-align: center;\"><a href=\"https:\/\/www.h2otek.com\/tienda\/Images\/termotanques\/especificaciones-termotanques-st80-gde.jpg\" target=\"_blank\" rel=\"noopener\"><img decoding=\"async\" class=\"alignnone\" src=\"https:\/\/www.h2otek.com\/tienda\/Images\/termotanques\/especificaciones-termotanques-st80-gde.jpg\" alt=\"especificaciones-termotanques-st80-gde.j\" width=\"650\" height=\"103\" border=\"0\" \/><\/a><\/div>\n<div style=\"text-align: center;\"><\/div>\n<div style=\"text-align: center;\">(A)Indica que el modelo tambi\u00e9n est\u00e1 disponible con certificaci\u00f3n ASME<\/div>\n<div><\/div>\n<div><\/div>\n<div><\/div>\n<p align=\"center\"><strong>DIMENSIONES:<\/strong><\/p>\n<p align=\"center\"><img decoding=\"async\" src=\"https:\/\/www.h2otek.com\/tienda\/Images\/termotanques\/dimensiones-termotanques.jpg\" alt=\"\" border=\"0\" \/><\/p>\n<p>&nbsp;<\/p>\n<p align=\"center\"><strong>H2AC<sup>TM<\/sup>\u00a0SISTEMA H\u00cdBRIDO &#8211; AGUA EN ARMON\u00cdA<\/strong><\/p>\n<p><img decoding=\"async\" src=\"https:\/\/h2otek.com\/tienda\/img\/cms\/aguacaliente\/rheem\/termotanques\/sistema-hibrido-termotanque-rheem.jpg\" alt=\"\" width=\"650\" height=\"571\" \/><\/p>\n<p><strong>Calentamiento de agua y aire acondicionado integrados: H2AC<\/strong><\/p>\n<p>El H2AC\u2122 es una combinaci\u00f3n \u00fanica de tecnolog\u00eda en aire acondicionado y calentamiento de agua, que reduce dr\u00e1sticamente los costos de energ\u00eda de su negocio. La unidad para techo del H2ACTM es la convencional de aire acondicionado; lo que la hace diferente es su equipamiento con la tecnolog\u00eda de integraci\u00f3n\u00a0eSync\u2122, exclusiva de Rheem, que le permite actuar como calentador de agua cuando se necesita enfriar el ambiente. Satisface el 100% de los requisitos de aire acondicionado del negocio, y simult\u00e1neamente precalienta el agua hasta 125\u00b0F (52\u00b0C).<\/p>\n<p style=\"text-align: justify;\"><strong>CERTIFICACIONES Y CLASIFICACIONES: <\/strong><\/p>\n<ul>\n<li style=\"text-align: justify;\"><strong>Eficiencia<\/strong> &#8211; estos modelos cumplen o superan los requisitos de eficiencia t\u00e9rmica y en espera de perder los actuales est\u00e1ndares de ASHRAE. (Parte del mandato federal Ley de Pol\u00edtica Energ\u00e9tica (EPACT)).<\/li>\n<li style=\"text-align: justify;\"><strong>Construcci\u00f3n Opcional<\/strong> &#8211; construcci\u00f3n ASME est\u00e1 disponible en todos los modelos de tanques de almacenamiento. Los n\u00fameros de modelo son ST80A, ST120A y ST175A<\/li>\n<li style=\"text-align: justify;\"><strong>V\u00e1lvula T&amp;P<\/strong> &#8211; debe pedirse por separado sobre la base de calentador de agua de entrada de BTU.<\/li>\n<\/ul>\n<p align=\"justify\">INDUSTRIAL RHEEM, S.A. DE C.V. CUENTA CON TALLERES DE SERVICIO EN TODA LA REPUBLICA MEXICANA<\/p>\n<p align=\"justify\">ES IMPORTANTE LEER CLARAMENTE EL INSTRUCTIVO DE INSTALACION Y OPERACION ANTES DE INSTALAR Y PONER A FUNCIONAR EL CALENTADOR<\/p>\n<p align=\"justify\"><strong>DESCARGAR MANUALES:<\/strong><\/p>\n<ul>\n<li><strong><a href=\"http:\/\/www.h2otek.com\/tienda\/pdf\/aguacaliente\/Tanques_de_Almacenamiento_Comerciales_y_de_Alto_Volumen.pdf\" target=\"_blank\" rel=\"noopener\">ESPECIFICACIONES T\u00c9CNICAS<\/a><\/strong><\/li>\n<\/ul>\n","protected":false},"excerpt":{"rendered":"<p><span style=\"color: #ff0000;\"><strong>PRECIO EN PESOS MEXICANOS.<br \/>\nPRECIO INCLUYE 16 % DE I.V.A.<br \/>\nPRECIO INCLUYE ENVIO (ZONA CENTRO).<\/strong><\/span><\/p>\n<p><em><strong>APLICACIONES M\u00c1S\u00a0 COMUNES:<\/strong><\/em><\/p>\n<ul>\n<li><strong><em>CASAS EN SERIE<\/em><\/strong><\/li>\n<li><strong><em>RESIDENCIAS<\/em><\/strong><\/li>\n<li><strong><em>GIMNASIOS<\/em><\/strong><\/li>\n<li><strong><em>OFICINAS<\/em><\/strong><\/li>\n<li><strong><em>DEPARTAMENTOS<\/em><\/strong><\/li>\n<li><strong><em>CONDOMINIOS, ETC.<\/em><\/strong><\/li>\n<\/ul>\n","protected":false},"featured_media":1398,"comment_status":"closed","ping_status":"closed","template":"","meta":[],"pwb-brand":[],"product_brand":[],"product_cat":[809,437],"product_tag":[],"class_list":{"0":"post-17354","1":"product","2":"type-product","3":"status-publish","4":"has-post-thumbnail","6":"product_cat-linea-estandar-rheem","7":"product_cat-rheem","9":"first","10":"outofstock","11":"purchasable","12":"product-type-simple"},"brands":[],"_links":{"self":[{"href":"https:\/\/h2otek.com\/tienda\/wp-json\/wp\/v2\/product\/17354","targetHints":{"allow":["GET"]}}],"collection":[{"href":"https:\/\/h2otek.com\/tienda\/wp-json\/wp\/v2\/product"}],"about":[{"href":"https:\/\/h2otek.com\/tienda\/wp-json\/wp\/v2\/types\/product"}],"replies":[{"embeddable":true,"href":"https:\/\/h2otek.com\/tienda\/wp-json\/wp\/v2\/comments?post=17354"}],"wp:featuredmedia":[{"embeddable":true,"href":"https:\/\/h2otek.com\/tienda\/wp-json\/wp\/v2\/media\/1398"}],"wp:attachment":[{"href":"https:\/\/h2otek.com\/tienda\/wp-json\/wp\/v2\/media?parent=17354"}],"wp:term":[{"taxonomy":"pwb-brand","embeddable":true,"href":"https:\/\/h2otek.com\/tienda\/wp-json\/wp\/v2\/pwb-brand?post=17354"},{"taxonomy":"product_brand","embeddable":true,"href":"https:\/\/h2otek.com\/tienda\/wp-json\/wp\/v2\/product_brand?post=17354"},{"taxonomy":"product_cat","embeddable":true,"href":"https:\/\/h2otek.com\/tienda\/wp-json\/wp\/v2\/product_cat?post=17354"},{"taxonomy":"product_tag","embeddable":true,"href":"https:\/\/h2otek.com\/tienda\/wp-json\/wp\/v2\/product_tag?post=17354"}],"curies":[{"name":"wp","href":"https:\/\/api.w.org\/{rel}","templated":true}]}}